{"id":392352,"date":"2026-04-05T14:25:42","date_gmt":"2026-04-05T12:25:42","guid":{"rendered":"https:\/\/bogensportdiscount.ch\/produkt\/avalon-fletching-jigs-straight-clamp-only-for-hexagon-fletch\/"},"modified":"2026-04-16T12:19:05","modified_gmt":"2026-04-16T10:19:05","slug":"avalon-befiederungsklemme-gerade-hexagon-fletch","status":"publish","type":"product","link":"https:\/\/bogensportdiscount.ch\/fr\/produit\/avalon-befiederungsklemme-gerade-hexagon-fletch\/","title":{"rendered":"AVALON FLETCHING JIGS STRAIGHT CLAMP ONLY FOR HEXAGON FLETCH"},"content":{"rendered":"<p>Diese gerade Klemme von AVALON ist als Ersatz- oder Erg\u00e4nzungsteil f\u00fcr Befiederungsger\u00e4te konzipiert, die mit dem Hexagon Fletch-System arbeiten. Sie erm\u00f6glicht das pr\u00e4zise Aufkleben von Federn in gerader Ausrichtung auf den Pfeilschaft.<\/p>\n<p>Die Klemme wird separat geliefert und ist kompatibel mit dem entsprechenden AVALON Hexagon Fletch-Befiederungsger\u00e4t. F\u00fcr Bogensch\u00fctzen, die ihre Ausr\u00fcstung erweitern oder eine defekte Klemme ersetzen m\u00f6chten.<\/p>\n<ul>\n<li>Gerade Ausrichtung (Straight)<\/li>\n<li>Kompatibel mit AVALON Hexagon Fletch-System<\/li>\n<li>Einzelklemme als Ersatz- oder Zusatzteil<\/li>\n<li>F\u00fcr pr\u00e4zises, gleichm\u00e4ssiges Befiedern<\/li>\n<\/ul>","protected":false},"excerpt":{"rendered":"<p><strong>Marque :<\/strong> Avalon<br \/><strong>Typ:<\/strong> Clamp<br \/><strong>GTIN:<\/strong> 6426003723786<\/p>","protected":false},"featured_media":452673,"comment_status":"open","ping_status":"closed","template":"","meta":[],"product_brand":[449],"product_cat":[4141],"product_tag":[3546],"class_list":{"0":"post-392352","1":"product","2":"type-product","3":"status-publish","4":"has-post-thumbnail","6":"product_brand-avalon","7":"product_cat-fletching-jigs-parts","8":"product_tag-neuheit","10":"first","11":"instock","12":"shipping-taxable","13":"purchasable","14":"product-type-simple"},"_links":{"self":[{"href":"https:\/\/bogensportdiscount.ch\/fr\/wp-json\/wp\/v2\/product\/392352","targetHints":{"allow":["GET"]}}],"collection":[{"href":"https:\/\/bogensportdiscount.ch\/fr\/wp-json\/wp\/v2\/product"}],"about":[{"href":"https:\/\/bogensportdiscount.ch\/fr\/wp-json\/wp\/v2\/types\/product"}],"replies":[{"embeddable":true,"href":"https:\/\/bogensportdiscount.ch\/fr\/wp-json\/wp\/v2\/comments?post=392352"}],"wp:featuredmedia":[{"embeddable":true,"href":"https:\/\/bogensportdiscount.ch\/fr\/wp-json\/wp\/v2\/media\/452673"}],"wp:attachment":[{"href":"https:\/\/bogensportdiscount.ch\/fr\/wp-json\/wp\/v2\/media?parent=392352"}],"wp:term":[{"taxonomy":"product_brand","embeddable":true,"href":"https:\/\/bogensportdiscount.ch\/fr\/wp-json\/wp\/v2\/product_brand?post=392352"},{"taxonomy":"product_cat","embeddable":true,"href":"https:\/\/bogensportdiscount.ch\/fr\/wp-json\/wp\/v2\/product_cat?post=392352"},{"taxonomy":"product_tag","embeddable":true,"href":"https:\/\/bogensportdiscount.ch\/fr\/wp-json\/wp\/v2\/product_tag?post=392352"}],"curies":[{"name":"wp","href":"https:\/\/api.w.org\/{rel}","templated":true}]}}