{"id":392324,"date":"2026-04-05T14:25:37","date_gmt":"2026-04-05T12:25:37","guid":{"rendered":"https:\/\/bogensportdiscount.ch\/produkt\/excalibur-utility-pack-x-slick-ex-wax-ex-oil\/"},"modified":"2026-04-19T11:42:17","modified_gmt":"2026-04-19T09:42:17","slug":"excalibur-utility-pack-x-slick-ex-wax-ex-oil","status":"publish","type":"product","link":"https:\/\/bogensportdiscount.ch\/fr\/produit\/excalibur-utility-pack-x-slick-ex-wax-ex-oil\/","title":{"rendered":"EXCALIBUR UTILITY PACK - X-SLICK \/ EX-WAX \/ EX-OIL"},"content":{"rendered":"<p>L'Excalibur Utility Pack est un kit d'entretien pour arbal\u00e8tes contenant les trois produits d'entretien Excalibur X-Slick, Ex-Wax et Ex-Oil. Ce kit regroupe les principaux produits de maintenance pour arbal\u00e8tes, toujours \u00e0 port\u00e9e de main.<\/p>\n<p>X-Slick est un lubrifiant pour rails et pi\u00e8ces mobiles, Ex-Wax sert \u00e0 l'entretien et \u00e0 la protection de la corde d'arbal\u00e8te, et Ex-Oil est une huile pour la m\u00e9canique et les pi\u00e8ces m\u00e9talliques. Ce bundle convient \u00e0 tous ceux qui souhaitent entretenir r\u00e9guli\u00e8rement leur arbal\u00e8te et la maintenir en bon \u00e9tat.<\/p>\n<ul>\n<li>Trois produits d'entretien en set<\/li>\n<li>X-Slick pour le rail et les propri\u00e9t\u00e9s de glissement<\/li>\n<li>Ex-Wax pour l'entretien de la corde<\/li>\n<li>Ex-Oil pour la m\u00e9canique et les pi\u00e8ces m\u00e9talliques<\/li>\n<\/ul>","protected":false},"excerpt":{"rendered":"<p><strong>Marque :<\/strong> Excalibur<br \/><strong>GTIN:<\/strong> 626192741349<\/p>","protected":false},"featured_media":447587,"comment_status":"open","ping_status":"closed","template":"","meta":[],"product_brand":[804],"product_cat":[4137],"product_tag":[3546],"class_list":{"0":"post-392324","1":"product","2":"type-product","3":"status-publish","4":"has-post-thumbnail","6":"product_brand-excalibur","7":"product_cat-weitere","8":"product_tag-neuheit","10":"first","11":"instock","12":"shipping-taxable","13":"purchasable","14":"product-type-simple"},"yoast_head":"<!-- This site is optimized with the Yoast SEO plugin v27.4 - https:\/\/yoast.com\/product\/yoast-seo-wordpress\/ -->\n<title>EXCALIBUR UTILITY PACK - X-SLICK \/ EX-WAX \/ EX-OIL - Bogensportdiscount \u2013 B\u00f6gen, Pfeile, Targets &amp; Zubeh\u00f6r<\/title>\n<meta name=\"robots\" content=\"noindex, follow, max-snippet:-1, max-image-preview:large, max-video-preview:-1\" \/>\n<meta property=\"og:locale\" content=\"fr_FR\" \/>\n<meta property=\"og:type\" content=\"article\" \/>\n<meta property=\"og:title\" content=\"EXCALIBUR UTILITY PACK - X-SLICK \/ EX-WAX \/ EX-OIL - Bogensportdiscount \u2013 B\u00f6gen, Pfeile, Targets &amp; Zubeh\u00f6r\" \/>\n<meta property=\"og:description\" content=\"Marke: ExcaliburGTIN: 626192741349\" \/>\n<meta property=\"og:url\" content=\"https:\/\/bogensportdiscount.ch\/fr\/produit\/excalibur-utility-pack-x-slick-ex-wax-ex-oil\/\" \/>\n<meta property=\"og:site_name\" content=\"Bogensportdiscount \u2013 B\u00f6gen, Pfeile, Targets &amp; Zubeh\u00f6r\" \/>\n<meta property=\"article:modified_time\" content=\"2026-04-19T09:42:17+00:00\" \/>\n<meta property=\"og:image\" content=\"https:\/\/bogensportdiscount.ch\/wp-content\/uploads\/bsm-images\/A044712_1.png\" \/>\n\t<meta property=\"og:image:width\" content=\"945\" \/>\n\t<meta property=\"og:image:height\" content=\"525\" \/>\n\t<meta property=\"og:image:type\" content=\"image\/png\" \/>\n<meta name=\"twitter:card\" content=\"summary_large_image\" \/>\n<meta name=\"twitter:label1\" content=\"Est. reading time\" \/>\n\t<meta name=\"twitter:data1\" content=\"1 minute\" \/>\n<script type=\"application\/ld+json\" class=\"yoast-schema-graph\">{\"@context\":\"https:\\\/\\\/schema.org\",\"@graph\":[{\"@type\":\"WebPage\",\"@id\":\"https:\\\/\\\/bogensportdiscount.ch\\\/fr\\\/produit\\\/excalibur-utility-pack-x-slick-ex-wax-ex-oil\\\/\",\"url\":\"https:\\\/\\\/bogensportdiscount.ch\\\/fr\\\/produit\\\/excalibur-utility-pack-x-slick-ex-wax-ex-oil\\\/\",\"name\":\"EXCALIBUR UTILITY PACK - X-SLICK \\\/ EX-WAX \\\/ EX-OIL - Bogensportdiscount \u2013 B\u00f6gen, Pfeile, Targets &amp; Zubeh\u00f6r\",\"isPartOf\":{\"@id\":\"https:\\\/\\\/bogensportdiscount.ch\\\/#website\"},\"primaryImageOfPage\":{\"@id\":\"https:\\\/\\\/bogensportdiscount.ch\\\/fr\\\/produit\\\/excalibur-utility-pack-x-slick-ex-wax-ex-oil\\\/#primaryimage\"},\"image\":{\"@id\":\"https:\\\/\\\/bogensportdiscount.ch\\\/fr\\\/produit\\\/excalibur-utility-pack-x-slick-ex-wax-ex-oil\\\/#primaryimage\"},\"thumbnailUrl\":\"https:\\\/\\\/bogensportdiscount.ch\\\/wp-content\\\/uploads\\\/bsm-images\\\/A044712_1.png\",\"datePublished\":\"2026-04-05T12:25:37+00:00\",\"dateModified\":\"2026-04-19T09:42:17+00:00\",\"breadcrumb\":{\"@id\":\"https:\\\/\\\/bogensportdiscount.ch\\\/fr\\\/produit\\\/excalibur-utility-pack-x-slick-ex-wax-ex-oil\\\/#breadcrumb\"},\"inLanguage\":\"fr-FR\",\"potentialAction\":[{\"@type\":\"ReadAction\",\"target\":[\"https:\\\/\\\/bogensportdiscount.ch\\\/fr\\\/produit\\\/excalibur-utility-pack-x-slick-ex-wax-ex-oil\\\/\"]}]},{\"@type\":\"ImageObject\",\"inLanguage\":\"fr-FR\",\"@id\":\"https:\\\/\\\/bogensportdiscount.ch\\\/fr\\\/produit\\\/excalibur-utility-pack-x-slick-ex-wax-ex-oil\\\/#primaryimage\",\"url\":\"https:\\\/\\\/bogensportdiscount.ch\\\/wp-content\\\/uploads\\\/bsm-images\\\/A044712_1.png\",\"contentUrl\":\"https:\\\/\\\/bogensportdiscount.ch\\\/wp-content\\\/uploads\\\/bsm-images\\\/A044712_1.png\",\"width\":945,\"height\":525},{\"@type\":\"BreadcrumbList\",\"@id\":\"https:\\\/\\\/bogensportdiscount.ch\\\/fr\\\/produit\\\/excalibur-utility-pack-x-slick-ex-wax-ex-oil\\\/#breadcrumb\",\"itemListElement\":[{\"@type\":\"ListItem\",\"position\":1,\"name\":\"Home\",\"item\":\"https:\\\/\\\/bogensportdiscount.ch\\\/\"},{\"@type\":\"ListItem\",\"position\":2,\"name\":\"Shop\",\"item\":\"https:\\\/\\\/bogensportdiscount.ch\\\/shop\\\/\"},{\"@type\":\"ListItem\",\"position\":3,\"name\":\"EXCALIBUR UTILITY PACK &#8211; X-SLICK \\\/ EX-WAX \\\/ EX-OIL\"}]},{\"@type\":\"WebSite\",\"@id\":\"https:\\\/\\\/bogensportdiscount.ch\\\/#website\",\"url\":\"https:\\\/\\\/bogensportdiscount.ch\\\/\",\"name\":\"Bogensportdiscount\",\"description\":\"\",\"potentialAction\":[{\"@type\":\"SearchAction\",\"target\":{\"@type\":\"EntryPoint\",\"urlTemplate\":\"https:\\\/\\\/bogensportdiscount.ch\\\/?s={search_term_string}\"},\"query-input\":{\"@type\":\"PropertyValueSpecification\",\"valueRequired\":true,\"valueName\":\"search_term_string\"}}],\"inLanguage\":\"fr-FR\"}]}<\/script>\n<!-- \/ Yoast SEO plugin. -->","yoast_head_json":{"title":"EXCALIBUR UTILITY PACK - X-SLICK \/ EX-WAX \/ EX-OIL - Bogensportdiscount \u2013 B\u00f6gen, Pfeile, Targets &amp; Zubeh\u00f6r","robots":{"index":"noindex","follow":"follow","max-snippet":"max-snippet:-1","max-image-preview":"max-image-preview:large","max-video-preview":"max-video-preview:-1"},"og_locale":"fr_FR","og_type":"article","og_title":"EXCALIBUR UTILITY PACK - X-SLICK \/ EX-WAX \/ EX-OIL - Bogensportdiscount \u2013 B\u00f6gen, Pfeile, Targets &amp; Zubeh\u00f6r","og_description":"Marke: ExcaliburGTIN: 626192741349","og_url":"https:\/\/bogensportdiscount.ch\/fr\/produit\/excalibur-utility-pack-x-slick-ex-wax-ex-oil\/","og_site_name":"Bogensportdiscount \u2013 B\u00f6gen, Pfeile, Targets &amp; Zubeh\u00f6r","article_modified_time":"2026-04-19T09:42:17+00:00","og_image":[{"width":945,"height":525,"url":"https:\/\/bogensportdiscount.ch\/wp-content\/uploads\/bsm-images\/A044712_1.png","type":"image\/png"}],"twitter_card":"summary_large_image","twitter_misc":{"Est. reading time":"1 minute"},"schema":{"@context":"https:\/\/schema.org","@graph":[{"@type":"WebPage","@id":"https:\/\/bogensportdiscount.ch\/fr\/produit\/excalibur-utility-pack-x-slick-ex-wax-ex-oil\/","url":"https:\/\/bogensportdiscount.ch\/fr\/produit\/excalibur-utility-pack-x-slick-ex-wax-ex-oil\/","name":"EXCALIBUR UTILITY PACK - X-SLICK \/ EX-WAX \/ EX-OIL - Bogensportdiscount \u2013 B\u00f6gen, Pfeile, Targets &amp; Zubeh\u00f6r","isPartOf":{"@id":"https:\/\/bogensportdiscount.ch\/#website"},"primaryImageOfPage":{"@id":"https:\/\/bogensportdiscount.ch\/fr\/produit\/excalibur-utility-pack-x-slick-ex-wax-ex-oil\/#primaryimage"},"image":{"@id":"https:\/\/bogensportdiscount.ch\/fr\/produit\/excalibur-utility-pack-x-slick-ex-wax-ex-oil\/#primaryimage"},"thumbnailUrl":"https:\/\/bogensportdiscount.ch\/wp-content\/uploads\/bsm-images\/A044712_1.png","datePublished":"2026-04-05T12:25:37+00:00","dateModified":"2026-04-19T09:42:17+00:00","breadcrumb":{"@id":"https:\/\/bogensportdiscount.ch\/fr\/produit\/excalibur-utility-pack-x-slick-ex-wax-ex-oil\/#breadcrumb"},"inLanguage":"fr-FR","potentialAction":[{"@type":"ReadAction","target":["https:\/\/bogensportdiscount.ch\/fr\/produit\/excalibur-utility-pack-x-slick-ex-wax-ex-oil\/"]}]},{"@type":"ImageObject","inLanguage":"fr-FR","@id":"https:\/\/bogensportdiscount.ch\/fr\/produit\/excalibur-utility-pack-x-slick-ex-wax-ex-oil\/#primaryimage","url":"https:\/\/bogensportdiscount.ch\/wp-content\/uploads\/bsm-images\/A044712_1.png","contentUrl":"https:\/\/bogensportdiscount.ch\/wp-content\/uploads\/bsm-images\/A044712_1.png","width":945,"height":525},{"@type":"BreadcrumbList","@id":"https:\/\/bogensportdiscount.ch\/fr\/produit\/excalibur-utility-pack-x-slick-ex-wax-ex-oil\/#breadcrumb","itemListElement":[{"@type":"ListItem","position":1,"name":"Home","item":"https:\/\/bogensportdiscount.ch\/"},{"@type":"ListItem","position":2,"name":"Shop","item":"https:\/\/bogensportdiscount.ch\/shop\/"},{"@type":"ListItem","position":3,"name":"EXCALIBUR UTILITY PACK &#8211; X-SLICK \/ EX-WAX \/ EX-OIL"}]},{"@type":"WebSite","@id":"https:\/\/bogensportdiscount.ch\/#website","url":"https:\/\/bogensportdiscount.ch\/","name":"Bogensportdiscount","description":"","potentialAction":[{"@type":"SearchAction","target":{"@type":"EntryPoint","urlTemplate":"https:\/\/bogensportdiscount.ch\/?s={search_term_string}"},"query-input":{"@type":"PropertyValueSpecification","valueRequired":true,"valueName":"search_term_string"}}],"inLanguage":"fr-FR"}]}},"_links":{"self":[{"href":"https:\/\/bogensportdiscount.ch\/fr\/wp-json\/wp\/v2\/product\/392324","targetHints":{"allow":["GET"]}}],"collection":[{"href":"https:\/\/bogensportdiscount.ch\/fr\/wp-json\/wp\/v2\/product"}],"about":[{"href":"https:\/\/bogensportdiscount.ch\/fr\/wp-json\/wp\/v2\/types\/product"}],"replies":[{"embeddable":true,"href":"https:\/\/bogensportdiscount.ch\/fr\/wp-json\/wp\/v2\/comments?post=392324"}],"wp:featuredmedia":[{"embeddable":true,"href":"https:\/\/bogensportdiscount.ch\/fr\/wp-json\/wp\/v2\/media\/447587"}],"wp:attachment":[{"href":"https:\/\/bogensportdiscount.ch\/fr\/wp-json\/wp\/v2\/media?parent=392324"}],"wp:term":[{"taxonomy":"product_brand","embeddable":true,"href":"https:\/\/bogensportdiscount.ch\/fr\/wp-json\/wp\/v2\/product_brand?post=392324"},{"taxonomy":"product_cat","embeddable":true,"href":"https:\/\/bogensportdiscount.ch\/fr\/wp-json\/wp\/v2\/product_cat?post=392324"},{"taxonomy":"product_tag","embeddable":true,"href":"https:\/\/bogensportdiscount.ch\/fr\/wp-json\/wp\/v2\/product_tag?post=392324"}],"curies":[{"name":"wp","href":"https:\/\/api.w.org\/{rel}","templated":true}]}}