{"id":392315,"date":"2026-04-05T14:25:36","date_gmt":"2026-04-05T12:25:36","guid":{"rendered":"https:\/\/bogensportdiscount.ch\/produkt\/3d-international-3d-target-njoy\/"},"modified":"2026-04-16T11:26:38","modified_gmt":"2026-04-16T09:26:38","slug":"3d-international-3d-ziel-njoy","status":"publish","type":"product","link":"https:\/\/bogensportdiscount.ch\/fr\/produit\/3d-international-3d-ziel-njoy\/","title":{"rendered":"3D INTERNATIONAL 3D TARGET NJOY"},"content":{"rendered":"<p>Das Njoy von 3D International ist ein 3D-Ziel aus der Kategorie Fantasy- und Fun-Ziele. Solche Ziele sind besonders beliebt auf 3D-Parcours, bei denen Abwechslung und Spass im Vordergrund stehen.<\/p>\n<p>Das Ziel ist ab Lager verf\u00fcgbar und richtet sich an Bogensch\u00fctzen, die ihr Training oder ihren Wettkampf mit einem ungew\u00f6hnlicheren Ziel bereichern m\u00f6chten.<\/p>\n<ul>\n<li>3D-Ziel im Fantasy- und Fun-Stil<\/li>\n<li>Geeignet f\u00fcr 3D-Parcours<\/li>\n<li>Von 3D International, einem bekannten Hersteller von 3D-Zielen<\/li>\n<\/ul>","protected":false},"excerpt":{"rendered":"<p><strong>Type:<\/strong> 3D archery target<br \/><strong>Design:<\/strong> Njoy<br \/><strong>mat\u00e9riel :<\/strong> High-density foam<br \/><strong>Use:<\/strong> 3D archery courses and training<\/p>","protected":false},"featured_media":447598,"comment_status":"open","ping_status":"closed","template":"","meta":[],"product_brand":[411],"product_cat":[4146],"product_tag":[3546],"class_list":{"0":"post-392315","1":"product","2":"type-product","3":"status-publish","4":"has-post-thumbnail","6":"product_brand-3dinternational","7":"product_cat-fantasie-andere","8":"product_tag-neuheit","10":"first","11":"instock","12":"shipping-taxable","13":"purchasable","14":"product-type-simple"},"_links":{"self":[{"href":"https:\/\/bogensportdiscount.ch\/fr\/wp-json\/wp\/v2\/product\/392315","targetHints":{"allow":["GET"]}}],"collection":[{"href":"https:\/\/bogensportdiscount.ch\/fr\/wp-json\/wp\/v2\/product"}],"about":[{"href":"https:\/\/bogensportdiscount.ch\/fr\/wp-json\/wp\/v2\/types\/product"}],"replies":[{"embeddable":true,"href":"https:\/\/bogensportdiscount.ch\/fr\/wp-json\/wp\/v2\/comments?post=392315"}],"wp:featuredmedia":[{"embeddable":true,"href":"https:\/\/bogensportdiscount.ch\/fr\/wp-json\/wp\/v2\/media\/447598"}],"wp:attachment":[{"href":"https:\/\/bogensportdiscount.ch\/fr\/wp-json\/wp\/v2\/media?parent=392315"}],"wp:term":[{"taxonomy":"product_brand","embeddable":true,"href":"https:\/\/bogensportdiscount.ch\/fr\/wp-json\/wp\/v2\/product_brand?post=392315"},{"taxonomy":"product_cat","embeddable":true,"href":"https:\/\/bogensportdiscount.ch\/fr\/wp-json\/wp\/v2\/product_cat?post=392315"},{"taxonomy":"product_tag","embeddable":true,"href":"https:\/\/bogensportdiscount.ch\/fr\/wp-json\/wp\/v2\/product_tag?post=392315"}],"curies":[{"name":"wp","href":"https:\/\/api.w.org\/{rel}","templated":true}]}}