{"id":392312,"date":"2026-04-05T14:25:35","date_gmt":"2026-04-05T12:25:35","guid":{"rendered":"https:\/\/bogensportdiscount.ch\/produkt\/skylon-glue-in-points-x-size-id5-2-size-300-500-break-off-weight-80-90-100gr-12-pk\/"},"modified":"2026-05-14T07:13:38","modified_gmt":"2026-05-14T05:13:38","slug":"skylon-einklebespitzen-x-size-id52-groesse-300-500-80-90-100gr-12er-pack","status":"publish","type":"product","link":"https:\/\/bogensportdiscount.ch\/fr\/produit\/skylon-einklebespitzen-x-size-id52-groesse-300-500-80-90-100gr-12er-pack\/","title":{"rendered":"SKYLON EINKLEBE SPITZEN X-GR\u00d6SSE \/ ID5.2 Gr\u00f6sse 300-500 \/ Abbruch-Gewicht 80-90-100gr 12\/pk"},"content":{"rendered":"<p>Les pointes \u00e0 coller SKYLON X-Size sont con\u00e7ues pour les fl\u00e8ches en carbone avec un diam\u00e8tre int\u00e9rieur (ID) de 5.2 mm et couvrent les tailles de tube 300 \u00e0 500. Les pointes sont ins\u00e9r\u00e9es dans le tube \u00e0 l'aide de colle thermofusible et offrent une connexion s\u00fbre et pr\u00e9cise.<\/p>\n<p>Avec trois poids de rupture au choix \u2013 80, 90 et 100 Grain \u2013 il est possible d'adapter pr\u00e9cis\u00e9ment le poids de la fl\u00e8che aux besoins individuels d'accordage. Le pack de 12 convient aussi bien pour un premier \u00e9quipement que pour un r\u00e9approvisionnement.<\/p>\n<ul>\n<li>Diam\u00e8tre int\u00e9rieur : 5.2 mm (X-Size)<\/li>\n<li>Tailles de tube compatibles : 300\u2013500<\/li>\n<li>Poids de rupture : 80 \/ 90 \/ 100 Grain<\/li>\n<li>Contenu de la livraison : 12 pi\u00e8ces par paquet<\/li>\n<\/ul>","protected":false},"excerpt":{"rendered":"<table>\n<tr>\n<th>Propri\u00e9t\u00e9<\/th>\n<th>Valeur<\/th>\n<\/tr>\n<tr>\n<td>Marque<\/td>\n<td>Skylon<\/td>\n<\/tr>\n<tr>\n<td>Type<\/td>\n<td>Break-off<\/td>\n<\/tr>\n<tr>\n<td>Diam\u00e8tre int\u00e9rieur<\/td>\n<td>5,2<\/td>\n<\/tr>\n<tr>\n<td>Poids<\/td>\n<td>80-90-100<\/td>\n<\/tr>\n<tr>\n<td>Pays d'origine<\/td>\n<td>Chine<\/td>\n<\/tr>\n<tr>\n<td>GTIN<\/td>\n<td>6426009560590<\/td>\n<\/tr>\n<\/table>","protected":false},"featured_media":447616,"comment_status":"open","ping_status":"closed","template":"","meta":[],"product_brand":[457],"product_cat":[4158,4511,4543],"product_tag":[3546],"class_list":{"0":"post-392312","1":"product","2":"type-product","3":"status-publish","4":"has-post-thumbnail","6":"product_brand-skylon","7":"product_cat-pfeile-schaefte","8":"product_cat-pfeil-komponenten","9":"product_cat-einklebe-spitzen","10":"product_tag-neuheit","11":"product_shipping_class-bsd-standard","13":"first","14":"instock","15":"shipping-taxable","16":"purchasable","17":"product-type-simple"},"yoast_head":"<!-- This site is optimized with the Yoast SEO plugin v27.6 - https:\/\/yoast.com\/product\/yoast-seo-wordpress\/ -->\n<title>SKYLON EINKLEBE SPITZEN X-GR\u00d6SSE \/ ID5.2 Gr\u00f6sse 300-500 \/ Abbruch-Gewicht 80-90-100gr 12\/pk - Bogensportdiscount \u2013 B\u00f6gen, Pfeile, Targets &amp; Zubeh\u00f6r<\/title>\n<meta name=\"description\" content=\"SKYLON EINKLEBE SPITZEN X-GR\u00d6SSE \/ ID5.2 Gr\u00f6sse 300-500 \/ Abbruch-Gewicht 80-90-100gr 12\/pk g\u00fcnstig kaufen bei Bogensportdiscount \u2013 Top-Marken, schneller Versand aus der Schweiz.\" \/>\n<meta name=\"robots\" content=\"index, follow, max-snippet:-1, max-image-preview:large, max-video-preview:-1\" \/>\n<link rel=\"canonical\" href=\"https:\/\/bogensportdiscount.ch\/fr\/produit\/skylon-einklebespitzen-x-size-id52-groesse-300-500-80-90-100gr-12er-pack\/\" \/>\n<meta property=\"og:locale\" content=\"fr_FR\" \/>\n<meta property=\"og:type\" content=\"article\" \/>\n<meta property=\"og:title\" content=\"SKYLON EINKLEBE SPITZEN X-GR\u00d6SSE \/ ID5.2 Gr\u00f6sse 300-500 \/ Abbruch-Gewicht 80-90-100gr 12\/pk - Bogensportdiscount \u2013 B\u00f6gen, Pfeile, Targets &amp; Zubeh\u00f6r\" \/>\n<meta property=\"og:description\" content=\"SKYLON EINKLEBE SPITZEN X-GR\u00d6SSE \/ ID5.2 Gr\u00f6sse 300-500 \/ Abbruch-Gewicht 80-90-100gr 12\/pk g\u00fcnstig kaufen bei Bogensportdiscount \u2013 Top-Marken, schneller Versand aus der Schweiz.\" \/>\n<meta property=\"og:url\" content=\"https:\/\/bogensportdiscount.ch\/fr\/produit\/skylon-einklebespitzen-x-size-id52-groesse-300-500-80-90-100gr-12er-pack\/\" \/>\n<meta property=\"og:site_name\" content=\"Bogensportdiscount \u2013 B\u00f6gen, Pfeile, Targets &amp; Zubeh\u00f6r\" \/>\n<meta property=\"article:modified_time\" content=\"2026-05-14T05:13:38+00:00\" \/>\n<meta property=\"og:image\" content=\"https:\/\/bogensportdiscount.ch\/wp-content\/uploads\/bsm-images\/A041765_1.png\" \/>\n\t<meta property=\"og:image:width\" content=\"1400\" \/>\n\t<meta property=\"og:image:height\" content=\"1000\" \/>\n\t<meta property=\"og:image:type\" content=\"image\/png\" \/>\n<meta name=\"twitter:card\" content=\"summary_large_image\" \/>\n<script type=\"application\/ld+json\" class=\"yoast-schema-graph\">{\"@context\":\"https:\\\/\\\/schema.org\",\"@graph\":[{\"@type\":\"WebPage\",\"@id\":\"https:\\\/\\\/bogensportdiscount.ch\\\/produkt\\\/skylon-einklebespitzen-x-size-id52-groesse-300-500-80-90-100gr-12er-pack\\\/\",\"url\":\"https:\\\/\\\/bogensportdiscount.ch\\\/produkt\\\/skylon-einklebespitzen-x-size-id52-groesse-300-500-80-90-100gr-12er-pack\\\/\",\"name\":\"SKYLON EINKLEBE SPITZEN X-GR\u00d6SSE \\\/ ID5.2 Gr\u00f6sse 300-500 \\\/ Abbruch-Gewicht 80-90-100gr 12\\\/pk - Bogensportdiscount \u2013 B\u00f6gen, Pfeile, Targets &amp; Zubeh\u00f6r\",\"isPartOf\":{\"@id\":\"https:\\\/\\\/bogensportdiscount.ch\\\/#website\"},\"primaryImageOfPage\":{\"@id\":\"https:\\\/\\\/bogensportdiscount.ch\\\/produkt\\\/skylon-einklebespitzen-x-size-id52-groesse-300-500-80-90-100gr-12er-pack\\\/#primaryimage\"},\"image\":{\"@id\":\"https:\\\/\\\/bogensportdiscount.ch\\\/produkt\\\/skylon-einklebespitzen-x-size-id52-groesse-300-500-80-90-100gr-12er-pack\\\/#primaryimage\"},\"thumbnailUrl\":\"https:\\\/\\\/bogensportdiscount.ch\\\/wp-content\\\/uploads\\\/bsm-images\\\/A041765_1.png\",\"datePublished\":\"2026-04-05T12:25:35+00:00\",\"dateModified\":\"2026-05-14T05:13:38+00:00\",\"description\":\"SKYLON EINKLEBE SPITZEN X-GR\u00d6SSE \\\/ ID5.2 Gr\u00f6sse 300-500 \\\/ Abbruch-Gewicht 80-90-100gr 12\\\/pk g\u00fcnstig kaufen bei Bogensportdiscount \u2013 Top-Marken, schneller Versand aus der Schweiz.\",\"breadcrumb\":{\"@id\":\"https:\\\/\\\/bogensportdiscount.ch\\\/produkt\\\/skylon-einklebespitzen-x-size-id52-groesse-300-500-80-90-100gr-12er-pack\\\/#breadcrumb\"},\"inLanguage\":\"fr-FR\",\"potentialAction\":[{\"@type\":\"ReadAction\",\"target\":[\"https:\\\/\\\/bogensportdiscount.ch\\\/produkt\\\/skylon-einklebespitzen-x-size-id52-groesse-300-500-80-90-100gr-12er-pack\\\/\"]}]},{\"@type\":\"ImageObject\",\"inLanguage\":\"fr-FR\",\"@id\":\"https:\\\/\\\/bogensportdiscount.ch\\\/produkt\\\/skylon-einklebespitzen-x-size-id52-groesse-300-500-80-90-100gr-12er-pack\\\/#primaryimage\",\"url\":\"https:\\\/\\\/bogensportdiscount.ch\\\/wp-content\\\/uploads\\\/bsm-images\\\/A041765_1.png\",\"contentUrl\":\"https:\\\/\\\/bogensportdiscount.ch\\\/wp-content\\\/uploads\\\/bsm-images\\\/A041765_1.png\",\"width\":1400,\"height\":1000},{\"@type\":\"BreadcrumbList\",\"@id\":\"https:\\\/\\\/bogensportdiscount.ch\\\/produkt\\\/skylon-einklebespitzen-x-size-id52-groesse-300-500-80-90-100gr-12er-pack\\\/#breadcrumb\",\"itemListElement\":[{\"@type\":\"ListItem\",\"position\":1,\"name\":\"Home\",\"item\":\"https:\\\/\\\/bogensportdiscount.ch\\\/\"},{\"@type\":\"ListItem\",\"position\":2,\"name\":\"Shop\",\"item\":\"https:\\\/\\\/bogensportdiscount.ch\\\/shop\\\/\"},{\"@type\":\"ListItem\",\"position\":3,\"name\":\"SKYLON GLUE-IN POINTS X-SIZE \\\/ ID5.2 size 300-500 \\\/ break-off weight 80-90-100gr 12\\\/pk\"}]},{\"@type\":\"WebSite\",\"@id\":\"https:\\\/\\\/bogensportdiscount.ch\\\/#website\",\"url\":\"https:\\\/\\\/bogensportdiscount.ch\\\/\",\"name\":\"Bogensportdiscount\",\"description\":\"\",\"potentialAction\":[{\"@type\":\"SearchAction\",\"target\":{\"@type\":\"EntryPoint\",\"urlTemplate\":\"https:\\\/\\\/bogensportdiscount.ch\\\/?s={search_term_string}\"},\"query-input\":{\"@type\":\"PropertyValueSpecification\",\"valueRequired\":true,\"valueName\":\"search_term_string\"}}],\"inLanguage\":\"fr-FR\"}]}<\/script>\n<!-- \/ Yoast SEO plugin. -->","yoast_head_json":{"title":"SKYLON EINKLEBE SPITZEN X-GR\u00d6SSE \/ ID5.2 Gr\u00f6sse 300-500 \/ Abbruch-Gewicht 80-90-100gr 12\/pk - Bogensportdiscount \u2013 B\u00f6gen, Pfeile, Targets &amp; Zubeh\u00f6r","description":"SKYLON EINKLEBE SPITZEN X-GR\u00d6SSE \/ ID5.2 Gr\u00f6sse 300-500 \/ Abbruch-Gewicht 80-90-100gr 12\/pk g\u00fcnstig kaufen bei Bogensportdiscount \u2013 Top-Marken, schneller Versand aus der Schweiz.","robots":{"index":"index","follow":"follow","max-snippet":"max-snippet:-1","max-image-preview":"max-image-preview:large","max-video-preview":"max-video-preview:-1"},"canonical":"https:\/\/bogensportdiscount.ch\/fr\/produit\/skylon-einklebespitzen-x-size-id52-groesse-300-500-80-90-100gr-12er-pack\/","og_locale":"fr_FR","og_type":"article","og_title":"SKYLON EINKLEBE SPITZEN X-GR\u00d6SSE \/ ID5.2 Gr\u00f6sse 300-500 \/ Abbruch-Gewicht 80-90-100gr 12\/pk - Bogensportdiscount \u2013 B\u00f6gen, Pfeile, Targets &amp; Zubeh\u00f6r","og_description":"SKYLON EINKLEBE SPITZEN X-GR\u00d6SSE \/ ID5.2 Gr\u00f6sse 300-500 \/ Abbruch-Gewicht 80-90-100gr 12\/pk g\u00fcnstig kaufen bei Bogensportdiscount \u2013 Top-Marken, schneller Versand aus der Schweiz.","og_url":"https:\/\/bogensportdiscount.ch\/fr\/produit\/skylon-einklebespitzen-x-size-id52-groesse-300-500-80-90-100gr-12er-pack\/","og_site_name":"Bogensportdiscount \u2013 B\u00f6gen, Pfeile, Targets &amp; Zubeh\u00f6r","article_modified_time":"2026-05-14T05:13:38+00:00","og_image":[{"width":1400,"height":1000,"url":"https:\/\/bogensportdiscount.ch\/wp-content\/uploads\/bsm-images\/A041765_1.png","type":"image\/png"}],"twitter_card":"summary_large_image","schema":{"@context":"https:\/\/schema.org","@graph":[{"@type":"WebPage","@id":"https:\/\/bogensportdiscount.ch\/produkt\/skylon-einklebespitzen-x-size-id52-groesse-300-500-80-90-100gr-12er-pack\/","url":"https:\/\/bogensportdiscount.ch\/produkt\/skylon-einklebespitzen-x-size-id52-groesse-300-500-80-90-100gr-12er-pack\/","name":"SKYLON EINKLEBE SPITZEN X-GR\u00d6SSE \/ ID5.2 Gr\u00f6sse 300-500 \/ Abbruch-Gewicht 80-90-100gr 12\/pk - Bogensportdiscount \u2013 B\u00f6gen, Pfeile, Targets &amp; Zubeh\u00f6r","isPartOf":{"@id":"https:\/\/bogensportdiscount.ch\/#website"},"primaryImageOfPage":{"@id":"https:\/\/bogensportdiscount.ch\/produkt\/skylon-einklebespitzen-x-size-id52-groesse-300-500-80-90-100gr-12er-pack\/#primaryimage"},"image":{"@id":"https:\/\/bogensportdiscount.ch\/produkt\/skylon-einklebespitzen-x-size-id52-groesse-300-500-80-90-100gr-12er-pack\/#primaryimage"},"thumbnailUrl":"https:\/\/bogensportdiscount.ch\/wp-content\/uploads\/bsm-images\/A041765_1.png","datePublished":"2026-04-05T12:25:35+00:00","dateModified":"2026-05-14T05:13:38+00:00","description":"SKYLON EINKLEBE SPITZEN X-GR\u00d6SSE \/ ID5.2 Gr\u00f6sse 300-500 \/ Abbruch-Gewicht 80-90-100gr 12\/pk g\u00fcnstig kaufen bei Bogensportdiscount \u2013 Top-Marken, schneller Versand aus der Schweiz.","breadcrumb":{"@id":"https:\/\/bogensportdiscount.ch\/produkt\/skylon-einklebespitzen-x-size-id52-groesse-300-500-80-90-100gr-12er-pack\/#breadcrumb"},"inLanguage":"fr-FR","potentialAction":[{"@type":"ReadAction","target":["https:\/\/bogensportdiscount.ch\/produkt\/skylon-einklebespitzen-x-size-id52-groesse-300-500-80-90-100gr-12er-pack\/"]}]},{"@type":"ImageObject","inLanguage":"fr-FR","@id":"https:\/\/bogensportdiscount.ch\/produkt\/skylon-einklebespitzen-x-size-id52-groesse-300-500-80-90-100gr-12er-pack\/#primaryimage","url":"https:\/\/bogensportdiscount.ch\/wp-content\/uploads\/bsm-images\/A041765_1.png","contentUrl":"https:\/\/bogensportdiscount.ch\/wp-content\/uploads\/bsm-images\/A041765_1.png","width":1400,"height":1000},{"@type":"BreadcrumbList","@id":"https:\/\/bogensportdiscount.ch\/produkt\/skylon-einklebespitzen-x-size-id52-groesse-300-500-80-90-100gr-12er-pack\/#breadcrumb","itemListElement":[{"@type":"ListItem","position":1,"name":"Home","item":"https:\/\/bogensportdiscount.ch\/"},{"@type":"ListItem","position":2,"name":"Shop","item":"https:\/\/bogensportdiscount.ch\/shop\/"},{"@type":"ListItem","position":3,"name":"SKYLON GLUE-IN POINTS X-SIZE \/ ID5.2 size 300-500 \/ break-off weight 80-90-100gr 12\/pk"}]},{"@type":"WebSite","@id":"https:\/\/bogensportdiscount.ch\/#website","url":"https:\/\/bogensportdiscount.ch\/","name":"Bogensportdiscount","description":"","potentialAction":[{"@type":"SearchAction","target":{"@type":"EntryPoint","urlTemplate":"https:\/\/bogensportdiscount.ch\/?s={search_term_string}"},"query-input":{"@type":"PropertyValueSpecification","valueRequired":true,"valueName":"search_term_string"}}],"inLanguage":"fr-FR"}]}},"_links":{"self":[{"href":"https:\/\/bogensportdiscount.ch\/fr\/wp-json\/wp\/v2\/product\/392312","targetHints":{"allow":["GET"]}}],"collection":[{"href":"https:\/\/bogensportdiscount.ch\/fr\/wp-json\/wp\/v2\/product"}],"about":[{"href":"https:\/\/bogensportdiscount.ch\/fr\/wp-json\/wp\/v2\/types\/product"}],"replies":[{"embeddable":true,"href":"https:\/\/bogensportdiscount.ch\/fr\/wp-json\/wp\/v2\/comments?post=392312"}],"wp:featuredmedia":[{"embeddable":true,"href":"https:\/\/bogensportdiscount.ch\/fr\/wp-json\/wp\/v2\/media\/447616"}],"wp:attachment":[{"href":"https:\/\/bogensportdiscount.ch\/fr\/wp-json\/wp\/v2\/media?parent=392312"}],"wp:term":[{"taxonomy":"product_brand","embeddable":true,"href":"https:\/\/bogensportdiscount.ch\/fr\/wp-json\/wp\/v2\/product_brand?post=392312"},{"taxonomy":"product_cat","embeddable":true,"href":"https:\/\/bogensportdiscount.ch\/fr\/wp-json\/wp\/v2\/product_cat?post=392312"},{"taxonomy":"product_tag","embeddable":true,"href":"https:\/\/bogensportdiscount.ch\/fr\/wp-json\/wp\/v2\/product_tag?post=392312"}],"curies":[{"name":"wp","href":"https:\/\/api.w.org\/{rel}","templated":true}]}}