{"id":392310,"date":"2026-04-05T14:25:35","date_gmt":"2026-04-05T12:25:35","guid":{"rendered":"https:\/\/bogensportdiscount.ch\/produkt\/bowtech-binary-cams-draw-stop-for-convergence-amplify\/"},"modified":"2026-05-14T07:13:38","modified_gmt":"2026-05-14T05:13:38","slug":"bowtech-binary-cams-zugbegrenzer-convergence-amplify","status":"publish","type":"product","link":"https:\/\/bogensportdiscount.ch\/fr\/produit\/bowtech-binary-cams-zugbegrenzer-convergence-amplify\/","title":{"rendered":"BOWTECH BINARY CAMS-DRAW STOP pour CONVERGENCE\/AMPLIFY"},"content":{"rendered":"<p>Le Bowtech Binary Cams Draw Stop est une pi\u00e8ce de rechange d'origine sp\u00e9cialement d\u00e9velopp\u00e9e pour les mod\u00e8les d'arcs \u00e0 poulies Convergence et Amplify. Il est mont\u00e9 sur les Binary Cams et d\u00e9finit le point d'arr\u00eat arri\u00e8re de l'allonge.<\/p>\n<p>Un draw stop correctement r\u00e9gl\u00e9 assure une limitation reproductible de l'allonge, ce qui influence directement la pr\u00e9cision et la r\u00e9gularit\u00e9 des tirs. Cette pi\u00e8ce est un remplacement direct du draw stop d'origine de ces mod\u00e8les Bowtech.<\/p>\n<ul>\n<li>Pi\u00e8ce de rechange BOWTECH d'origine<\/li>\n<li>Compatible avec Convergence et Amplify<\/li>\n<li>Con\u00e7u pour les syst\u00e8mes Binary Cam<\/li>\n<li>Assure une limitation uniforme de l'allonge<\/li>\n<\/ul>","protected":false},"excerpt":{"rendered":"<table>\n<tr>\n<th>Propri\u00e9t\u00e9<\/th>\n<th>Valeur<\/th>\n<\/tr>\n<tr>\n<td>Marque<\/td>\n<td>Bowtech<\/td>\n<\/tr>\n<tr>\n<td>Type<\/td>\n<td>Stop<\/td>\n<\/tr>\n<tr>\n<td>Pays d'origine<\/td>\n<td>USA<\/td>\n<\/tr>\n<\/table>","protected":false},"featured_media":522971,"comment_status":"open","ping_status":"closed","template":"","meta":[],"product_brand":[451],"product_cat":[3302,4510,4526],"product_tag":[3546],"class_list":{"0":"post-392310","1":"product","2":"type-product","3":"status-publish","4":"has-post-thumbnail","6":"product_brand-bowtech","7":"product_cat-boegen","8":"product_cat-compound-boegen","9":"product_cat-einzelteile-fuer-compound-boegen","10":"product_tag-neuheit","11":"product_shipping_class-bsd-standard","13":"first","14":"instock","15":"shipping-taxable","16":"purchasable","17":"product-type-simple"},"yoast_head":"<!-- This site is optimized with the Yoast SEO plugin v27.6 - https:\/\/yoast.com\/product\/yoast-seo-wordpress\/ -->\n<title>BOWTECH BINARY CAMS-DRAW STOP f\u00fcr CONVERGENCE\/AMPLIFY - Bogensportdiscount \u2013 B\u00f6gen, Pfeile, Targets &amp; Zubeh\u00f6r<\/title>\n<meta name=\"description\" content=\"BOWTECH BINARY CAMS-DRAW STOP f\u00fcr CONVERGENCE\/AMPLIFY g\u00fcnstig kaufen bei Bogensportdiscount \u2013 Top-Marken, schneller Versand aus der Schweiz.\" \/>\n<meta name=\"robots\" content=\"index, follow, max-snippet:-1, max-image-preview:large, max-video-preview:-1\" \/>\n<link rel=\"canonical\" href=\"https:\/\/bogensportdiscount.ch\/fr\/produit\/bowtech-binary-cams-zugbegrenzer-convergence-amplify\/\" \/>\n<meta property=\"og:locale\" content=\"fr_FR\" \/>\n<meta property=\"og:type\" content=\"article\" \/>\n<meta property=\"og:title\" content=\"BOWTECH BINARY CAMS-DRAW STOP f\u00fcr CONVERGENCE\/AMPLIFY - Bogensportdiscount \u2013 B\u00f6gen, Pfeile, Targets &amp; Zubeh\u00f6r\" \/>\n<meta property=\"og:description\" content=\"BOWTECH BINARY CAMS-DRAW STOP f\u00fcr CONVERGENCE\/AMPLIFY g\u00fcnstig kaufen bei Bogensportdiscount \u2013 Top-Marken, schneller Versand aus der Schweiz.\" \/>\n<meta property=\"og:url\" content=\"https:\/\/bogensportdiscount.ch\/fr\/produit\/bowtech-binary-cams-zugbegrenzer-convergence-amplify\/\" \/>\n<meta property=\"og:site_name\" content=\"Bogensportdiscount \u2013 B\u00f6gen, Pfeile, Targets &amp; Zubeh\u00f6r\" \/>\n<meta property=\"article:modified_time\" content=\"2026-05-14T05:13:38+00:00\" \/>\n<meta property=\"og:image\" content=\"https:\/\/bogensportdiscount.ch\/wp-content\/uploads\/bsm-images\/a041748_1.jpg\" \/>\n\t<meta property=\"og:image:width\" content=\"400\" \/>\n\t<meta property=\"og:image:height\" content=\"266\" \/>\n\t<meta property=\"og:image:type\" content=\"image\/jpeg\" \/>\n<meta name=\"twitter:card\" content=\"summary_large_image\" \/>\n<script type=\"application\/ld+json\" class=\"yoast-schema-graph\">{\"@context\":\"https:\\\/\\\/schema.org\",\"@graph\":[{\"@type\":\"WebPage\",\"@id\":\"https:\\\/\\\/bogensportdiscount.ch\\\/produkt\\\/bowtech-binary-cams-zugbegrenzer-convergence-amplify\\\/\",\"url\":\"https:\\\/\\\/bogensportdiscount.ch\\\/produkt\\\/bowtech-binary-cams-zugbegrenzer-convergence-amplify\\\/\",\"name\":\"BOWTECH BINARY CAMS-DRAW STOP f\u00fcr CONVERGENCE\\\/AMPLIFY - Bogensportdiscount \u2013 B\u00f6gen, Pfeile, Targets &amp; Zubeh\u00f6r\",\"isPartOf\":{\"@id\":\"https:\\\/\\\/bogensportdiscount.ch\\\/#website\"},\"primaryImageOfPage\":{\"@id\":\"https:\\\/\\\/bogensportdiscount.ch\\\/produkt\\\/bowtech-binary-cams-zugbegrenzer-convergence-amplify\\\/#primaryimage\"},\"image\":{\"@id\":\"https:\\\/\\\/bogensportdiscount.ch\\\/produkt\\\/bowtech-binary-cams-zugbegrenzer-convergence-amplify\\\/#primaryimage\"},\"thumbnailUrl\":\"https:\\\/\\\/bogensportdiscount.ch\\\/wp-content\\\/uploads\\\/bsm-images\\\/A041748_1.jpg\",\"datePublished\":\"2026-04-05T12:25:35+00:00\",\"dateModified\":\"2026-05-14T05:13:38+00:00\",\"description\":\"BOWTECH BINARY CAMS-DRAW STOP f\u00fcr CONVERGENCE\\\/AMPLIFY g\u00fcnstig kaufen bei Bogensportdiscount \u2013 Top-Marken, schneller Versand aus der Schweiz.\",\"breadcrumb\":{\"@id\":\"https:\\\/\\\/bogensportdiscount.ch\\\/produkt\\\/bowtech-binary-cams-zugbegrenzer-convergence-amplify\\\/#breadcrumb\"},\"inLanguage\":\"fr-FR\",\"potentialAction\":[{\"@type\":\"ReadAction\",\"target\":[\"https:\\\/\\\/bogensportdiscount.ch\\\/produkt\\\/bowtech-binary-cams-zugbegrenzer-convergence-amplify\\\/\"]}]},{\"@type\":\"ImageObject\",\"inLanguage\":\"fr-FR\",\"@id\":\"https:\\\/\\\/bogensportdiscount.ch\\\/produkt\\\/bowtech-binary-cams-zugbegrenzer-convergence-amplify\\\/#primaryimage\",\"url\":\"https:\\\/\\\/bogensportdiscount.ch\\\/wp-content\\\/uploads\\\/bsm-images\\\/A041748_1.jpg\",\"contentUrl\":\"https:\\\/\\\/bogensportdiscount.ch\\\/wp-content\\\/uploads\\\/bsm-images\\\/A041748_1.jpg\",\"width\":1023,\"height\":682},{\"@type\":\"BreadcrumbList\",\"@id\":\"https:\\\/\\\/bogensportdiscount.ch\\\/produkt\\\/bowtech-binary-cams-zugbegrenzer-convergence-amplify\\\/#breadcrumb\",\"itemListElement\":[{\"@type\":\"ListItem\",\"position\":1,\"name\":\"Home\",\"item\":\"https:\\\/\\\/bogensportdiscount.ch\\\/\"},{\"@type\":\"ListItem\",\"position\":2,\"name\":\"Shop\",\"item\":\"https:\\\/\\\/bogensportdiscount.ch\\\/shop\\\/\"},{\"@type\":\"ListItem\",\"position\":3,\"name\":\"BOWTECH BINARY CAMS-DRAW STOP for CONVERGENCE\\\/AMPLIFY\"}]},{\"@type\":\"WebSite\",\"@id\":\"https:\\\/\\\/bogensportdiscount.ch\\\/#website\",\"url\":\"https:\\\/\\\/bogensportdiscount.ch\\\/\",\"name\":\"Bogensportdiscount\",\"description\":\"\",\"potentialAction\":[{\"@type\":\"SearchAction\",\"target\":{\"@type\":\"EntryPoint\",\"urlTemplate\":\"https:\\\/\\\/bogensportdiscount.ch\\\/?s={search_term_string}\"},\"query-input\":{\"@type\":\"PropertyValueSpecification\",\"valueRequired\":true,\"valueName\":\"search_term_string\"}}],\"inLanguage\":\"fr-FR\"}]}<\/script>\n<!-- \/ Yoast SEO plugin. -->","yoast_head_json":{"title":"BOWTECH BINARY CAMS-DRAW STOP f\u00fcr CONVERGENCE\/AMPLIFY - Bogensportdiscount \u2013 B\u00f6gen, Pfeile, Targets &amp; Zubeh\u00f6r","description":"BOWTECH BINARY CAMS-DRAW STOP f\u00fcr CONVERGENCE\/AMPLIFY g\u00fcnstig kaufen bei Bogensportdiscount \u2013 Top-Marken, schneller Versand aus der Schweiz.","robots":{"index":"index","follow":"follow","max-snippet":"max-snippet:-1","max-image-preview":"max-image-preview:large","max-video-preview":"max-video-preview:-1"},"canonical":"https:\/\/bogensportdiscount.ch\/fr\/produit\/bowtech-binary-cams-zugbegrenzer-convergence-amplify\/","og_locale":"fr_FR","og_type":"article","og_title":"BOWTECH BINARY CAMS-DRAW STOP f\u00fcr CONVERGENCE\/AMPLIFY - Bogensportdiscount \u2013 B\u00f6gen, Pfeile, Targets &amp; Zubeh\u00f6r","og_description":"BOWTECH BINARY CAMS-DRAW STOP f\u00fcr CONVERGENCE\/AMPLIFY g\u00fcnstig kaufen bei Bogensportdiscount \u2013 Top-Marken, schneller Versand aus der Schweiz.","og_url":"https:\/\/bogensportdiscount.ch\/fr\/produit\/bowtech-binary-cams-zugbegrenzer-convergence-amplify\/","og_site_name":"Bogensportdiscount \u2013 B\u00f6gen, Pfeile, Targets &amp; Zubeh\u00f6r","article_modified_time":"2026-05-14T05:13:38+00:00","og_image":[{"width":400,"height":266,"url":"https:\/\/bogensportdiscount.ch\/wp-content\/uploads\/bsm-images\/a041748_1.jpg","type":"image\/jpeg"}],"twitter_card":"summary_large_image","schema":{"@context":"https:\/\/schema.org","@graph":[{"@type":"WebPage","@id":"https:\/\/bogensportdiscount.ch\/produkt\/bowtech-binary-cams-zugbegrenzer-convergence-amplify\/","url":"https:\/\/bogensportdiscount.ch\/produkt\/bowtech-binary-cams-zugbegrenzer-convergence-amplify\/","name":"BOWTECH BINARY CAMS-DRAW STOP f\u00fcr CONVERGENCE\/AMPLIFY - Bogensportdiscount \u2013 B\u00f6gen, Pfeile, Targets &amp; Zubeh\u00f6r","isPartOf":{"@id":"https:\/\/bogensportdiscount.ch\/#website"},"primaryImageOfPage":{"@id":"https:\/\/bogensportdiscount.ch\/produkt\/bowtech-binary-cams-zugbegrenzer-convergence-amplify\/#primaryimage"},"image":{"@id":"https:\/\/bogensportdiscount.ch\/produkt\/bowtech-binary-cams-zugbegrenzer-convergence-amplify\/#primaryimage"},"thumbnailUrl":"https:\/\/bogensportdiscount.ch\/wp-content\/uploads\/bsm-images\/A041748_1.jpg","datePublished":"2026-04-05T12:25:35+00:00","dateModified":"2026-05-14T05:13:38+00:00","description":"BOWTECH BINARY CAMS-DRAW STOP f\u00fcr CONVERGENCE\/AMPLIFY g\u00fcnstig kaufen bei Bogensportdiscount \u2013 Top-Marken, schneller Versand aus der Schweiz.","breadcrumb":{"@id":"https:\/\/bogensportdiscount.ch\/produkt\/bowtech-binary-cams-zugbegrenzer-convergence-amplify\/#breadcrumb"},"inLanguage":"fr-FR","potentialAction":[{"@type":"ReadAction","target":["https:\/\/bogensportdiscount.ch\/produkt\/bowtech-binary-cams-zugbegrenzer-convergence-amplify\/"]}]},{"@type":"ImageObject","inLanguage":"fr-FR","@id":"https:\/\/bogensportdiscount.ch\/produkt\/bowtech-binary-cams-zugbegrenzer-convergence-amplify\/#primaryimage","url":"https:\/\/bogensportdiscount.ch\/wp-content\/uploads\/bsm-images\/A041748_1.jpg","contentUrl":"https:\/\/bogensportdiscount.ch\/wp-content\/uploads\/bsm-images\/A041748_1.jpg","width":1023,"height":682},{"@type":"BreadcrumbList","@id":"https:\/\/bogensportdiscount.ch\/produkt\/bowtech-binary-cams-zugbegrenzer-convergence-amplify\/#breadcrumb","itemListElement":[{"@type":"ListItem","position":1,"name":"Home","item":"https:\/\/bogensportdiscount.ch\/"},{"@type":"ListItem","position":2,"name":"Shop","item":"https:\/\/bogensportdiscount.ch\/shop\/"},{"@type":"ListItem","position":3,"name":"BOWTECH BINARY CAMS-DRAW STOP for CONVERGENCE\/AMPLIFY"}]},{"@type":"WebSite","@id":"https:\/\/bogensportdiscount.ch\/#website","url":"https:\/\/bogensportdiscount.ch\/","name":"Bogensportdiscount","description":"","potentialAction":[{"@type":"SearchAction","target":{"@type":"EntryPoint","urlTemplate":"https:\/\/bogensportdiscount.ch\/?s={search_term_string}"},"query-input":{"@type":"PropertyValueSpecification","valueRequired":true,"valueName":"search_term_string"}}],"inLanguage":"fr-FR"}]}},"_links":{"self":[{"href":"https:\/\/bogensportdiscount.ch\/fr\/wp-json\/wp\/v2\/product\/392310","targetHints":{"allow":["GET"]}}],"collection":[{"href":"https:\/\/bogensportdiscount.ch\/fr\/wp-json\/wp\/v2\/product"}],"about":[{"href":"https:\/\/bogensportdiscount.ch\/fr\/wp-json\/wp\/v2\/types\/product"}],"replies":[{"embeddable":true,"href":"https:\/\/bogensportdiscount.ch\/fr\/wp-json\/wp\/v2\/comments?post=392310"}],"wp:featuredmedia":[{"embeddable":true,"href":"https:\/\/bogensportdiscount.ch\/fr\/wp-json\/wp\/v2\/media\/522971"}],"wp:attachment":[{"href":"https:\/\/bogensportdiscount.ch\/fr\/wp-json\/wp\/v2\/media?parent=392310"}],"wp:term":[{"taxonomy":"product_brand","embeddable":true,"href":"https:\/\/bogensportdiscount.ch\/fr\/wp-json\/wp\/v2\/product_brand?post=392310"},{"taxonomy":"product_cat","embeddable":true,"href":"https:\/\/bogensportdiscount.ch\/fr\/wp-json\/wp\/v2\/product_cat?post=392310"},{"taxonomy":"product_tag","embeddable":true,"href":"https:\/\/bogensportdiscount.ch\/fr\/wp-json\/wp\/v2\/product_tag?post=392310"}],"curies":[{"name":"wp","href":"https:\/\/api.w.org\/{rel}","templated":true}]}}