{"id":392304,"date":"2026-04-05T14:25:34","date_gmt":"2026-04-05T12:25:34","guid":{"rendered":"https:\/\/bogensportdiscount.ch\/produkt\/buck-trail-traditional-soft-case-longbow-183cm-x-15cm-black-green-with-arrowtube-straps\/"},"modified":"2026-05-14T07:13:38","modified_gmt":"2026-05-14T05:13:38","slug":"bucktrail-traditionelle-softcase-longbow-tasche-183cm-schwarz-gruen-pfeilroehren-gurten","status":"publish","type":"product","link":"https:\/\/bogensportdiscount.ch\/fr\/produit\/bucktrail-traditionelle-softcase-longbow-tasche-183cm-schwarz-gruen-pfeilroehren-gurten\/","title":{"rendered":"BUCK TRAIL TRADITIONNEL SOFTCASE ARC LONG 183cm x 15cm NOIR\/VERT avec SANGLE TUBE \u00c0 FL\u00c8CHES"},"content":{"rendered":"<p>La housse souple BUCKTRAIL Longbow Softcase est une solution de transport simple et pratique pour les arcs longs traditionnels jusqu'\u00e0 183 cm de longueur. Le rev\u00eatement souple prot\u00e8ge l'arc contre les rayures et les l\u00e9gers chocs lors du transport et du stockage.<\/p>\n<p>Le mod\u00e8le en noir\/vert est \u00e9quip\u00e9 de sangles sp\u00e9ciales permettant de fixer un tube \u00e0 fl\u00e8ches s\u00e9par\u00e9 \u2014 il est ainsi possible de transporter l'ensemble de l'\u00e9quipement de tir de mani\u00e8re compacte et regroup\u00e9e.<\/p>\n<ul>\n<li>Dimensions : 183 cm x 15 cm \u2013 adapt\u00e9 \u00e0 la plupart des arcs longs standard<\/li>\n<li>Sangles int\u00e9gr\u00e9es pour tube \u00e0 fl\u00e8ches<\/li>\n<li>Mat\u00e9riau souple pour la protection contre les rayures<\/li>\n<li>Combinaison de couleurs noir\/vert<\/li>\n<\/ul>","protected":false},"excerpt":{"rendered":"<table>\n<tr>\n<th>Propri\u00e9t\u00e9<\/th>\n<th>Valeur<\/th>\n<\/tr>\n<tr>\n<td>Marque<\/td>\n<td>Buck Trail<\/td>\n<\/tr>\n<tr>\n<td>Couleur<\/td>\n<td>Black-Green<\/td>\n<\/tr>\n<tr>\n<td>Pays d'origine<\/td>\n<td>Chine<\/td>\n<\/tr>\n<tr>\n<td>GTIN<\/td>\n<td>6426000639660<\/td>\n<\/tr>\n<\/table>","protected":false},"featured_media":447621,"comment_status":"open","ping_status":"closed","template":"","meta":[],"product_brand":[432],"product_cat":[4124,4125,4127],"product_tag":[3546],"class_list":{"0":"post-392304","1":"product","2":"type-product","3":"status-publish","4":"has-post-thumbnail","6":"product_brand-bucktrail","7":"product_cat-bogenschuetzer-ausruestung","8":"product_cat-taschen-koffer","9":"product_cat-traditioneller-bogentaschen","10":"product_tag-neuheit","11":"product_shipping_class-bsd-standard","13":"first","14":"instock","15":"shipping-taxable","16":"purchasable","17":"product-type-simple"},"yoast_head":"<!-- This site is optimized with the Yoast SEO plugin v27.6 - https:\/\/yoast.com\/product\/yoast-seo-wordpress\/ -->\n<title>BUCK TRAIL TRADITIONELL SOFTCASE LANGBOGEN 183cm x 15cm SCHWARZ\/GR\u00dcN mit PFEILTUBE-RIEMEN - Bogensportdiscount \u2013 B\u00f6gen, Pfeile, Targets &amp; Zubeh\u00f6r<\/title>\n<meta name=\"description\" content=\"BUCK TRAIL TRADITIONELL SOFTCASE LANGBOGEN 183cm x 15cm SCHWARZ\/GR\u00dcN mit PFEILTUBE-RIEMEN g\u00fcnstig kaufen bei Bogensportdiscount \u2013 Top-Marken, schneller Versand aus der Schweiz.\" \/>\n<meta name=\"robots\" content=\"index, follow, max-snippet:-1, max-image-preview:large, max-video-preview:-1\" \/>\n<link rel=\"canonical\" href=\"https:\/\/bogensportdiscount.ch\/fr\/produit\/bucktrail-traditionelle-softcase-longbow-tasche-183cm-schwarz-gruen-pfeilroehren-gurten\/\" \/>\n<meta property=\"og:locale\" content=\"fr_FR\" \/>\n<meta property=\"og:type\" content=\"article\" \/>\n<meta property=\"og:title\" content=\"BUCK TRAIL TRADITIONELL SOFTCASE LANGBOGEN 183cm x 15cm SCHWARZ\/GR\u00dcN mit PFEILTUBE-RIEMEN - Bogensportdiscount \u2013 B\u00f6gen, Pfeile, Targets &amp; Zubeh\u00f6r\" \/>\n<meta property=\"og:description\" content=\"BUCK TRAIL TRADITIONELL SOFTCASE LANGBOGEN 183cm x 15cm SCHWARZ\/GR\u00dcN mit PFEILTUBE-RIEMEN g\u00fcnstig kaufen bei Bogensportdiscount \u2013 Top-Marken, schneller Versand aus der Schweiz.\" \/>\n<meta property=\"og:url\" content=\"https:\/\/bogensportdiscount.ch\/fr\/produit\/bucktrail-traditionelle-softcase-longbow-tasche-183cm-schwarz-gruen-pfeilroehren-gurten\/\" \/>\n<meta property=\"og:site_name\" content=\"Bogensportdiscount \u2013 B\u00f6gen, Pfeile, Targets &amp; Zubeh\u00f6r\" \/>\n<meta property=\"article:modified_time\" content=\"2026-05-14T05:13:38+00:00\" \/>\n<meta property=\"og:image\" content=\"https:\/\/bogensportdiscount.ch\/wp-content\/uploads\/bsm-images\/A041704_1.png\" \/>\n\t<meta property=\"og:image:width\" content=\"6784\" \/>\n\t<meta property=\"og:image:height\" content=\"1426\" \/>\n\t<meta property=\"og:image:type\" content=\"image\/png\" \/>\n<meta name=\"twitter:card\" content=\"summary_large_image\" \/>\n<script type=\"application\/ld+json\" class=\"yoast-schema-graph\">{\"@context\":\"https:\\\/\\\/schema.org\",\"@graph\":[{\"@type\":\"WebPage\",\"@id\":\"https:\\\/\\\/bogensportdiscount.ch\\\/produkt\\\/bucktrail-traditionelle-softcase-longbow-tasche-183cm-schwarz-gruen-pfeilroehren-gurten\\\/\",\"url\":\"https:\\\/\\\/bogensportdiscount.ch\\\/produkt\\\/bucktrail-traditionelle-softcase-longbow-tasche-183cm-schwarz-gruen-pfeilroehren-gurten\\\/\",\"name\":\"BUCK TRAIL TRADITIONELL SOFTCASE LANGBOGEN 183cm x 15cm SCHWARZ\\\/GR\u00dcN mit PFEILTUBE-RIEMEN - Bogensportdiscount \u2013 B\u00f6gen, Pfeile, Targets &amp; Zubeh\u00f6r\",\"isPartOf\":{\"@id\":\"https:\\\/\\\/bogensportdiscount.ch\\\/#website\"},\"primaryImageOfPage\":{\"@id\":\"https:\\\/\\\/bogensportdiscount.ch\\\/produkt\\\/bucktrail-traditionelle-softcase-longbow-tasche-183cm-schwarz-gruen-pfeilroehren-gurten\\\/#primaryimage\"},\"image\":{\"@id\":\"https:\\\/\\\/bogensportdiscount.ch\\\/produkt\\\/bucktrail-traditionelle-softcase-longbow-tasche-183cm-schwarz-gruen-pfeilroehren-gurten\\\/#primaryimage\"},\"thumbnailUrl\":\"https:\\\/\\\/bogensportdiscount.ch\\\/wp-content\\\/uploads\\\/bsm-images\\\/A041704_1.png\",\"datePublished\":\"2026-04-05T12:25:34+00:00\",\"dateModified\":\"2026-05-14T05:13:38+00:00\",\"description\":\"BUCK TRAIL TRADITIONELL SOFTCASE LANGBOGEN 183cm x 15cm SCHWARZ\\\/GR\u00dcN mit PFEILTUBE-RIEMEN g\u00fcnstig kaufen bei Bogensportdiscount \u2013 Top-Marken, schneller Versand aus der Schweiz.\",\"breadcrumb\":{\"@id\":\"https:\\\/\\\/bogensportdiscount.ch\\\/produkt\\\/bucktrail-traditionelle-softcase-longbow-tasche-183cm-schwarz-gruen-pfeilroehren-gurten\\\/#breadcrumb\"},\"inLanguage\":\"fr-FR\",\"potentialAction\":[{\"@type\":\"ReadAction\",\"target\":[\"https:\\\/\\\/bogensportdiscount.ch\\\/produkt\\\/bucktrail-traditionelle-softcase-longbow-tasche-183cm-schwarz-gruen-pfeilroehren-gurten\\\/\"]}]},{\"@type\":\"ImageObject\",\"inLanguage\":\"fr-FR\",\"@id\":\"https:\\\/\\\/bogensportdiscount.ch\\\/produkt\\\/bucktrail-traditionelle-softcase-longbow-tasche-183cm-schwarz-gruen-pfeilroehren-gurten\\\/#primaryimage\",\"url\":\"https:\\\/\\\/bogensportdiscount.ch\\\/wp-content\\\/uploads\\\/bsm-images\\\/A041704_1.png\",\"contentUrl\":\"https:\\\/\\\/bogensportdiscount.ch\\\/wp-content\\\/uploads\\\/bsm-images\\\/A041704_1.png\",\"width\":6784,\"height\":1426},{\"@type\":\"BreadcrumbList\",\"@id\":\"https:\\\/\\\/bogensportdiscount.ch\\\/produkt\\\/bucktrail-traditionelle-softcase-longbow-tasche-183cm-schwarz-gruen-pfeilroehren-gurten\\\/#breadcrumb\",\"itemListElement\":[{\"@type\":\"ListItem\",\"position\":1,\"name\":\"Home\",\"item\":\"https:\\\/\\\/bogensportdiscount.ch\\\/\"},{\"@type\":\"ListItem\",\"position\":2,\"name\":\"Shop\",\"item\":\"https:\\\/\\\/bogensportdiscount.ch\\\/shop\\\/\"},{\"@type\":\"ListItem\",\"position\":3,\"name\":\"BUCK TRAIL TRADITIONAL SOFT CASE LONGBOW 183cm x 15cm BLACK\\\/GREEN with ARROWTUBE STRAPS\"}]},{\"@type\":\"WebSite\",\"@id\":\"https:\\\/\\\/bogensportdiscount.ch\\\/#website\",\"url\":\"https:\\\/\\\/bogensportdiscount.ch\\\/\",\"name\":\"Bogensportdiscount\",\"description\":\"\",\"potentialAction\":[{\"@type\":\"SearchAction\",\"target\":{\"@type\":\"EntryPoint\",\"urlTemplate\":\"https:\\\/\\\/bogensportdiscount.ch\\\/?s={search_term_string}\"},\"query-input\":{\"@type\":\"PropertyValueSpecification\",\"valueRequired\":true,\"valueName\":\"search_term_string\"}}],\"inLanguage\":\"fr-FR\"}]}<\/script>\n<!-- \/ Yoast SEO plugin. -->","yoast_head_json":{"title":"BUCK TRAIL TRADITIONELL SOFTCASE LANGBOGEN 183cm x 15cm SCHWARZ\/GR\u00dcN mit PFEILTUBE-RIEMEN - Bogensportdiscount \u2013 B\u00f6gen, Pfeile, Targets &amp; Zubeh\u00f6r","description":"BUCK TRAIL TRADITIONELL SOFTCASE LANGBOGEN 183cm x 15cm SCHWARZ\/GR\u00dcN mit PFEILTUBE-RIEMEN g\u00fcnstig kaufen bei Bogensportdiscount \u2013 Top-Marken, schneller Versand aus der Schweiz.","robots":{"index":"index","follow":"follow","max-snippet":"max-snippet:-1","max-image-preview":"max-image-preview:large","max-video-preview":"max-video-preview:-1"},"canonical":"https:\/\/bogensportdiscount.ch\/fr\/produit\/bucktrail-traditionelle-softcase-longbow-tasche-183cm-schwarz-gruen-pfeilroehren-gurten\/","og_locale":"fr_FR","og_type":"article","og_title":"BUCK TRAIL TRADITIONELL SOFTCASE LANGBOGEN 183cm x 15cm SCHWARZ\/GR\u00dcN mit PFEILTUBE-RIEMEN - Bogensportdiscount \u2013 B\u00f6gen, Pfeile, Targets &amp; Zubeh\u00f6r","og_description":"BUCK TRAIL TRADITIONELL SOFTCASE LANGBOGEN 183cm x 15cm SCHWARZ\/GR\u00dcN mit PFEILTUBE-RIEMEN g\u00fcnstig kaufen bei Bogensportdiscount \u2013 Top-Marken, schneller Versand aus der Schweiz.","og_url":"https:\/\/bogensportdiscount.ch\/fr\/produit\/bucktrail-traditionelle-softcase-longbow-tasche-183cm-schwarz-gruen-pfeilroehren-gurten\/","og_site_name":"Bogensportdiscount \u2013 B\u00f6gen, Pfeile, Targets &amp; Zubeh\u00f6r","article_modified_time":"2026-05-14T05:13:38+00:00","og_image":[{"url":"https:\/\/bogensportdiscount.ch\/wp-content\/uploads\/bsm-images\/A041704_1.png","width":6784,"height":1426,"type":"image\/png"}],"twitter_card":"summary_large_image","schema":{"@context":"https:\/\/schema.org","@graph":[{"@type":"WebPage","@id":"https:\/\/bogensportdiscount.ch\/produkt\/bucktrail-traditionelle-softcase-longbow-tasche-183cm-schwarz-gruen-pfeilroehren-gurten\/","url":"https:\/\/bogensportdiscount.ch\/produkt\/bucktrail-traditionelle-softcase-longbow-tasche-183cm-schwarz-gruen-pfeilroehren-gurten\/","name":"BUCK TRAIL TRADITIONELL SOFTCASE LANGBOGEN 183cm x 15cm SCHWARZ\/GR\u00dcN mit PFEILTUBE-RIEMEN - Bogensportdiscount \u2013 B\u00f6gen, Pfeile, Targets &amp; Zubeh\u00f6r","isPartOf":{"@id":"https:\/\/bogensportdiscount.ch\/#website"},"primaryImageOfPage":{"@id":"https:\/\/bogensportdiscount.ch\/produkt\/bucktrail-traditionelle-softcase-longbow-tasche-183cm-schwarz-gruen-pfeilroehren-gurten\/#primaryimage"},"image":{"@id":"https:\/\/bogensportdiscount.ch\/produkt\/bucktrail-traditionelle-softcase-longbow-tasche-183cm-schwarz-gruen-pfeilroehren-gurten\/#primaryimage"},"thumbnailUrl":"https:\/\/bogensportdiscount.ch\/wp-content\/uploads\/bsm-images\/A041704_1.png","datePublished":"2026-04-05T12:25:34+00:00","dateModified":"2026-05-14T05:13:38+00:00","description":"BUCK TRAIL TRADITIONELL SOFTCASE LANGBOGEN 183cm x 15cm SCHWARZ\/GR\u00dcN mit PFEILTUBE-RIEMEN g\u00fcnstig kaufen bei Bogensportdiscount \u2013 Top-Marken, schneller Versand aus der Schweiz.","breadcrumb":{"@id":"https:\/\/bogensportdiscount.ch\/produkt\/bucktrail-traditionelle-softcase-longbow-tasche-183cm-schwarz-gruen-pfeilroehren-gurten\/#breadcrumb"},"inLanguage":"fr-FR","potentialAction":[{"@type":"ReadAction","target":["https:\/\/bogensportdiscount.ch\/produkt\/bucktrail-traditionelle-softcase-longbow-tasche-183cm-schwarz-gruen-pfeilroehren-gurten\/"]}]},{"@type":"ImageObject","inLanguage":"fr-FR","@id":"https:\/\/bogensportdiscount.ch\/produkt\/bucktrail-traditionelle-softcase-longbow-tasche-183cm-schwarz-gruen-pfeilroehren-gurten\/#primaryimage","url":"https:\/\/bogensportdiscount.ch\/wp-content\/uploads\/bsm-images\/A041704_1.png","contentUrl":"https:\/\/bogensportdiscount.ch\/wp-content\/uploads\/bsm-images\/A041704_1.png","width":6784,"height":1426},{"@type":"BreadcrumbList","@id":"https:\/\/bogensportdiscount.ch\/produkt\/bucktrail-traditionelle-softcase-longbow-tasche-183cm-schwarz-gruen-pfeilroehren-gurten\/#breadcrumb","itemListElement":[{"@type":"ListItem","position":1,"name":"Home","item":"https:\/\/bogensportdiscount.ch\/"},{"@type":"ListItem","position":2,"name":"Shop","item":"https:\/\/bogensportdiscount.ch\/shop\/"},{"@type":"ListItem","position":3,"name":"BUCK TRAIL TRADITIONAL SOFT CASE LONGBOW 183cm x 15cm BLACK\/GREEN with ARROWTUBE STRAPS"}]},{"@type":"WebSite","@id":"https:\/\/bogensportdiscount.ch\/#website","url":"https:\/\/bogensportdiscount.ch\/","name":"Bogensportdiscount","description":"","potentialAction":[{"@type":"SearchAction","target":{"@type":"EntryPoint","urlTemplate":"https:\/\/bogensportdiscount.ch\/?s={search_term_string}"},"query-input":{"@type":"PropertyValueSpecification","valueRequired":true,"valueName":"search_term_string"}}],"inLanguage":"fr-FR"}]}},"_links":{"self":[{"href":"https:\/\/bogensportdiscount.ch\/fr\/wp-json\/wp\/v2\/product\/392304","targetHints":{"allow":["GET"]}}],"collection":[{"href":"https:\/\/bogensportdiscount.ch\/fr\/wp-json\/wp\/v2\/product"}],"about":[{"href":"https:\/\/bogensportdiscount.ch\/fr\/wp-json\/wp\/v2\/types\/product"}],"replies":[{"embeddable":true,"href":"https:\/\/bogensportdiscount.ch\/fr\/wp-json\/wp\/v2\/comments?post=392304"}],"wp:featuredmedia":[{"embeddable":true,"href":"https:\/\/bogensportdiscount.ch\/fr\/wp-json\/wp\/v2\/media\/447621"}],"wp:attachment":[{"href":"https:\/\/bogensportdiscount.ch\/fr\/wp-json\/wp\/v2\/media?parent=392304"}],"wp:term":[{"taxonomy":"product_brand","embeddable":true,"href":"https:\/\/bogensportdiscount.ch\/fr\/wp-json\/wp\/v2\/product_brand?post=392304"},{"taxonomy":"product_cat","embeddable":true,"href":"https:\/\/bogensportdiscount.ch\/fr\/wp-json\/wp\/v2\/product_cat?post=392304"},{"taxonomy":"product_tag","embeddable":true,"href":"https:\/\/bogensportdiscount.ch\/fr\/wp-json\/wp\/v2\/product_tag?post=392304"}],"curies":[{"name":"wp","href":"https:\/\/api.w.org\/{rel}","templated":true}]}}