{"id":392303,"date":"2026-04-05T14:25:34","date_gmt":"2026-04-05T12:25:34","guid":{"rendered":"https:\/\/bogensportdiscount.ch\/produkt\/buck-trail-traditional-soft-case-one-piece-recurve-160cm-x-23cm-black-green-with-arrowtube-straps\/"},"modified":"2026-05-14T07:13:38","modified_gmt":"2026-05-14T05:13:38","slug":"bucktrail-traditionelle-softcase-recurve-tasche-160cm-schwarz-gruen-pfeilrohr-gurten","status":"publish","type":"product","link":"https:\/\/bogensportdiscount.ch\/fr\/produit\/bucktrail-traditionelle-softcase-recurve-tasche-160cm-schwarz-gruen-pfeilrohr-gurten\/","title":{"rendered":"BUCK TRAIL TRADITIONNEL SOFTCASE MONOBLOC ARC CLASSIQUE 160cm x 23cm NOIR\/VERT avec SANGLE TUBE \u00c0 FL\u00c8CHES"},"content":{"rendered":"<p>La housse souple BUCKTRAIL est une housse de protection sp\u00e9cialement con\u00e7ue pour les arcs classiques monoblocs. Avec des dimensions de 160 cm x 23 cm, elle offre suffisamment d'espace pour les arcs monoblocs courants dans le tir \u00e0 l'arc traditionnel.<\/p>\n<p>La housse est disponible dans une combinaison noir\/vert et peut, gr\u00e2ce aux sangles pour tube \u00e0 fl\u00e8ches int\u00e9gr\u00e9es, \u00eatre combin\u00e9e avec un carquois ou un tube \u00e0 fl\u00e8ches, permettant ainsi de transporter l'arc et les fl\u00e8ches ensemble.<\/p>\n<ul>\n<li>Adapt\u00e9e aux arcs classiques monoblocs<\/li>\n<li>Dimensions : 160 cm x 23 cm<\/li>\n<li>Sangles int\u00e9gr\u00e9es pour tube de fl\u00e8che<\/li>\n<li>Couleur : Noir\/Vert<\/li>\n<\/ul>","protected":false},"excerpt":{"rendered":"<table>\n<tr>\n<th>Propri\u00e9t\u00e9<\/th>\n<th>Valeur<\/th>\n<\/tr>\n<tr>\n<td>Marque<\/td>\n<td>Buck Trail<\/td>\n<\/tr>\n<tr>\n<td>Couleur<\/td>\n<td>Black-Green<\/td>\n<\/tr>\n<tr>\n<td>Pays d'origine<\/td>\n<td>Chine<\/td>\n<\/tr>\n<tr>\n<td>GTIN<\/td>\n<td>6426011341330<\/td>\n<\/tr>\n<\/table>","protected":false},"featured_media":447619,"comment_status":"open","ping_status":"closed","template":"","meta":[],"product_brand":[432],"product_cat":[4124,4125,4127],"product_tag":[3546],"class_list":{"0":"post-392303","1":"product","2":"type-product","3":"status-publish","4":"has-post-thumbnail","6":"product_brand-bucktrail","7":"product_cat-bogenschuetzer-ausruestung","8":"product_cat-taschen-koffer","9":"product_cat-traditioneller-bogentaschen","10":"product_tag-neuheit","11":"product_shipping_class-bsd-standard","13":"first","14":"instock","15":"shipping-taxable","16":"purchasable","17":"product-type-simple"},"yoast_head":"<!-- This site is optimized with the Yoast SEO plugin v27.6 - https:\/\/yoast.com\/product\/yoast-seo-wordpress\/ -->\n<title>BUCK TRAIL TRADITIONELL SOFTCASE EINTEILIG RECURVEBOGEN 160cm x 23cm SCHWARZ\/GR\u00dcN mit PFEILTUBE-RIEMEN - Bogensportdiscount \u2013 B\u00f6gen, Pfeile, Targets &amp; Zubeh\u00f6r<\/title>\n<meta name=\"description\" content=\"BUCK TRAIL TRADITIONELL SOFTCASE EINTEILIG RECURVEBOGEN 160cm x 23cm SCHWARZ\/GR\u00dcN mit PFEILTUBE-RIEMEN g\u00fcnstig kaufen bei Bogensportdiscount \u2013 Top-Marken, schneller Versand aus der Schweiz.\" \/>\n<meta name=\"robots\" content=\"index, follow, max-snippet:-1, max-image-preview:large, max-video-preview:-1\" \/>\n<link rel=\"canonical\" href=\"https:\/\/bogensportdiscount.ch\/fr\/produit\/bucktrail-traditionelle-softcase-recurve-tasche-160cm-schwarz-gruen-pfeilrohr-gurten\/\" \/>\n<meta property=\"og:locale\" content=\"fr_FR\" \/>\n<meta property=\"og:type\" content=\"article\" \/>\n<meta property=\"og:title\" content=\"BUCK TRAIL TRADITIONELL SOFTCASE EINTEILIG RECURVEBOGEN 160cm x 23cm SCHWARZ\/GR\u00dcN mit PFEILTUBE-RIEMEN - Bogensportdiscount \u2013 B\u00f6gen, Pfeile, Targets &amp; Zubeh\u00f6r\" \/>\n<meta property=\"og:description\" content=\"BUCK TRAIL TRADITIONELL SOFTCASE EINTEILIG RECURVEBOGEN 160cm x 23cm SCHWARZ\/GR\u00dcN mit PFEILTUBE-RIEMEN g\u00fcnstig kaufen bei Bogensportdiscount \u2013 Top-Marken, schneller Versand aus der Schweiz.\" \/>\n<meta property=\"og:url\" content=\"https:\/\/bogensportdiscount.ch\/fr\/produit\/bucktrail-traditionelle-softcase-recurve-tasche-160cm-schwarz-gruen-pfeilrohr-gurten\/\" \/>\n<meta property=\"og:site_name\" content=\"Bogensportdiscount \u2013 B\u00f6gen, Pfeile, Targets &amp; Zubeh\u00f6r\" \/>\n<meta property=\"article:modified_time\" content=\"2026-05-14T05:13:38+00:00\" \/>\n<meta property=\"og:image\" content=\"https:\/\/bogensportdiscount.ch\/wp-content\/uploads\/bsm-images\/A041703_1.png\" \/>\n\t<meta property=\"og:image:width\" content=\"7051\" \/>\n\t<meta property=\"og:image:height\" content=\"2050\" \/>\n\t<meta property=\"og:image:type\" content=\"image\/png\" \/>\n<meta name=\"twitter:card\" content=\"summary_large_image\" \/>\n<script type=\"application\/ld+json\" class=\"yoast-schema-graph\">{\"@context\":\"https:\\\/\\\/schema.org\",\"@graph\":[{\"@type\":\"WebPage\",\"@id\":\"https:\\\/\\\/bogensportdiscount.ch\\\/produkt\\\/bucktrail-traditionelle-softcase-recurve-tasche-160cm-schwarz-gruen-pfeilrohr-gurten\\\/\",\"url\":\"https:\\\/\\\/bogensportdiscount.ch\\\/produkt\\\/bucktrail-traditionelle-softcase-recurve-tasche-160cm-schwarz-gruen-pfeilrohr-gurten\\\/\",\"name\":\"BUCK TRAIL TRADITIONELL SOFTCASE EINTEILIG RECURVEBOGEN 160cm x 23cm SCHWARZ\\\/GR\u00dcN mit PFEILTUBE-RIEMEN - Bogensportdiscount \u2013 B\u00f6gen, Pfeile, Targets &amp; Zubeh\u00f6r\",\"isPartOf\":{\"@id\":\"https:\\\/\\\/bogensportdiscount.ch\\\/#website\"},\"primaryImageOfPage\":{\"@id\":\"https:\\\/\\\/bogensportdiscount.ch\\\/produkt\\\/bucktrail-traditionelle-softcase-recurve-tasche-160cm-schwarz-gruen-pfeilrohr-gurten\\\/#primaryimage\"},\"image\":{\"@id\":\"https:\\\/\\\/bogensportdiscount.ch\\\/produkt\\\/bucktrail-traditionelle-softcase-recurve-tasche-160cm-schwarz-gruen-pfeilrohr-gurten\\\/#primaryimage\"},\"thumbnailUrl\":\"https:\\\/\\\/bogensportdiscount.ch\\\/wp-content\\\/uploads\\\/bsm-images\\\/A041703_1.png\",\"datePublished\":\"2026-04-05T12:25:34+00:00\",\"dateModified\":\"2026-05-14T05:13:38+00:00\",\"description\":\"BUCK TRAIL TRADITIONELL SOFTCASE EINTEILIG RECURVEBOGEN 160cm x 23cm SCHWARZ\\\/GR\u00dcN mit PFEILTUBE-RIEMEN g\u00fcnstig kaufen bei Bogensportdiscount \u2013 Top-Marken, schneller Versand aus der Schweiz.\",\"breadcrumb\":{\"@id\":\"https:\\\/\\\/bogensportdiscount.ch\\\/produkt\\\/bucktrail-traditionelle-softcase-recurve-tasche-160cm-schwarz-gruen-pfeilrohr-gurten\\\/#breadcrumb\"},\"inLanguage\":\"fr-FR\",\"potentialAction\":[{\"@type\":\"ReadAction\",\"target\":[\"https:\\\/\\\/bogensportdiscount.ch\\\/produkt\\\/bucktrail-traditionelle-softcase-recurve-tasche-160cm-schwarz-gruen-pfeilrohr-gurten\\\/\"]}]},{\"@type\":\"ImageObject\",\"inLanguage\":\"fr-FR\",\"@id\":\"https:\\\/\\\/bogensportdiscount.ch\\\/produkt\\\/bucktrail-traditionelle-softcase-recurve-tasche-160cm-schwarz-gruen-pfeilrohr-gurten\\\/#primaryimage\",\"url\":\"https:\\\/\\\/bogensportdiscount.ch\\\/wp-content\\\/uploads\\\/bsm-images\\\/A041703_1.png\",\"contentUrl\":\"https:\\\/\\\/bogensportdiscount.ch\\\/wp-content\\\/uploads\\\/bsm-images\\\/A041703_1.png\",\"width\":7051,\"height\":2050},{\"@type\":\"BreadcrumbList\",\"@id\":\"https:\\\/\\\/bogensportdiscount.ch\\\/produkt\\\/bucktrail-traditionelle-softcase-recurve-tasche-160cm-schwarz-gruen-pfeilrohr-gurten\\\/#breadcrumb\",\"itemListElement\":[{\"@type\":\"ListItem\",\"position\":1,\"name\":\"Home\",\"item\":\"https:\\\/\\\/bogensportdiscount.ch\\\/\"},{\"@type\":\"ListItem\",\"position\":2,\"name\":\"Shop\",\"item\":\"https:\\\/\\\/bogensportdiscount.ch\\\/shop\\\/\"},{\"@type\":\"ListItem\",\"position\":3,\"name\":\"BUCK TRAIL TRADITIONAL SOFT CASE ONE PIECE RECURVE 160cm x 23cm BLACK\\\/GREEN with ARROWTUBE STRAPS\"}]},{\"@type\":\"WebSite\",\"@id\":\"https:\\\/\\\/bogensportdiscount.ch\\\/#website\",\"url\":\"https:\\\/\\\/bogensportdiscount.ch\\\/\",\"name\":\"Bogensportdiscount\",\"description\":\"\",\"potentialAction\":[{\"@type\":\"SearchAction\",\"target\":{\"@type\":\"EntryPoint\",\"urlTemplate\":\"https:\\\/\\\/bogensportdiscount.ch\\\/?s={search_term_string}\"},\"query-input\":{\"@type\":\"PropertyValueSpecification\",\"valueRequired\":true,\"valueName\":\"search_term_string\"}}],\"inLanguage\":\"fr-FR\"}]}<\/script>\n<!-- \/ Yoast SEO plugin. -->","yoast_head_json":{"title":"BUCK TRAIL TRADITIONELL SOFTCASE EINTEILIG RECURVEBOGEN 160cm x 23cm SCHWARZ\/GR\u00dcN mit PFEILTUBE-RIEMEN - Bogensportdiscount \u2013 B\u00f6gen, Pfeile, Targets &amp; Zubeh\u00f6r","description":"BUCK TRAIL TRADITIONELL SOFTCASE EINTEILIG RECURVEBOGEN 160cm x 23cm SCHWARZ\/GR\u00dcN mit PFEILTUBE-RIEMEN g\u00fcnstig kaufen bei Bogensportdiscount \u2013 Top-Marken, schneller Versand aus der Schweiz.","robots":{"index":"index","follow":"follow","max-snippet":"max-snippet:-1","max-image-preview":"max-image-preview:large","max-video-preview":"max-video-preview:-1"},"canonical":"https:\/\/bogensportdiscount.ch\/fr\/produit\/bucktrail-traditionelle-softcase-recurve-tasche-160cm-schwarz-gruen-pfeilrohr-gurten\/","og_locale":"fr_FR","og_type":"article","og_title":"BUCK TRAIL TRADITIONELL SOFTCASE EINTEILIG RECURVEBOGEN 160cm x 23cm SCHWARZ\/GR\u00dcN mit PFEILTUBE-RIEMEN - Bogensportdiscount \u2013 B\u00f6gen, Pfeile, Targets &amp; Zubeh\u00f6r","og_description":"BUCK TRAIL TRADITIONELL SOFTCASE EINTEILIG RECURVEBOGEN 160cm x 23cm SCHWARZ\/GR\u00dcN mit PFEILTUBE-RIEMEN g\u00fcnstig kaufen bei Bogensportdiscount \u2013 Top-Marken, schneller Versand aus der Schweiz.","og_url":"https:\/\/bogensportdiscount.ch\/fr\/produit\/bucktrail-traditionelle-softcase-recurve-tasche-160cm-schwarz-gruen-pfeilrohr-gurten\/","og_site_name":"Bogensportdiscount \u2013 B\u00f6gen, Pfeile, Targets &amp; Zubeh\u00f6r","article_modified_time":"2026-05-14T05:13:38+00:00","og_image":[{"url":"https:\/\/bogensportdiscount.ch\/wp-content\/uploads\/bsm-images\/A041703_1.png","width":7051,"height":2050,"type":"image\/png"}],"twitter_card":"summary_large_image","schema":{"@context":"https:\/\/schema.org","@graph":[{"@type":"WebPage","@id":"https:\/\/bogensportdiscount.ch\/produkt\/bucktrail-traditionelle-softcase-recurve-tasche-160cm-schwarz-gruen-pfeilrohr-gurten\/","url":"https:\/\/bogensportdiscount.ch\/produkt\/bucktrail-traditionelle-softcase-recurve-tasche-160cm-schwarz-gruen-pfeilrohr-gurten\/","name":"BUCK TRAIL TRADITIONELL SOFTCASE EINTEILIG RECURVEBOGEN 160cm x 23cm SCHWARZ\/GR\u00dcN mit PFEILTUBE-RIEMEN - Bogensportdiscount \u2013 B\u00f6gen, Pfeile, Targets &amp; Zubeh\u00f6r","isPartOf":{"@id":"https:\/\/bogensportdiscount.ch\/#website"},"primaryImageOfPage":{"@id":"https:\/\/bogensportdiscount.ch\/produkt\/bucktrail-traditionelle-softcase-recurve-tasche-160cm-schwarz-gruen-pfeilrohr-gurten\/#primaryimage"},"image":{"@id":"https:\/\/bogensportdiscount.ch\/produkt\/bucktrail-traditionelle-softcase-recurve-tasche-160cm-schwarz-gruen-pfeilrohr-gurten\/#primaryimage"},"thumbnailUrl":"https:\/\/bogensportdiscount.ch\/wp-content\/uploads\/bsm-images\/A041703_1.png","datePublished":"2026-04-05T12:25:34+00:00","dateModified":"2026-05-14T05:13:38+00:00","description":"BUCK TRAIL TRADITIONELL SOFTCASE EINTEILIG RECURVEBOGEN 160cm x 23cm SCHWARZ\/GR\u00dcN mit PFEILTUBE-RIEMEN g\u00fcnstig kaufen bei Bogensportdiscount \u2013 Top-Marken, schneller Versand aus der Schweiz.","breadcrumb":{"@id":"https:\/\/bogensportdiscount.ch\/produkt\/bucktrail-traditionelle-softcase-recurve-tasche-160cm-schwarz-gruen-pfeilrohr-gurten\/#breadcrumb"},"inLanguage":"fr-FR","potentialAction":[{"@type":"ReadAction","target":["https:\/\/bogensportdiscount.ch\/produkt\/bucktrail-traditionelle-softcase-recurve-tasche-160cm-schwarz-gruen-pfeilrohr-gurten\/"]}]},{"@type":"ImageObject","inLanguage":"fr-FR","@id":"https:\/\/bogensportdiscount.ch\/produkt\/bucktrail-traditionelle-softcase-recurve-tasche-160cm-schwarz-gruen-pfeilrohr-gurten\/#primaryimage","url":"https:\/\/bogensportdiscount.ch\/wp-content\/uploads\/bsm-images\/A041703_1.png","contentUrl":"https:\/\/bogensportdiscount.ch\/wp-content\/uploads\/bsm-images\/A041703_1.png","width":7051,"height":2050},{"@type":"BreadcrumbList","@id":"https:\/\/bogensportdiscount.ch\/produkt\/bucktrail-traditionelle-softcase-recurve-tasche-160cm-schwarz-gruen-pfeilrohr-gurten\/#breadcrumb","itemListElement":[{"@type":"ListItem","position":1,"name":"Home","item":"https:\/\/bogensportdiscount.ch\/"},{"@type":"ListItem","position":2,"name":"Shop","item":"https:\/\/bogensportdiscount.ch\/shop\/"},{"@type":"ListItem","position":3,"name":"BUCK TRAIL TRADITIONAL SOFT CASE ONE PIECE RECURVE 160cm x 23cm BLACK\/GREEN with ARROWTUBE STRAPS"}]},{"@type":"WebSite","@id":"https:\/\/bogensportdiscount.ch\/#website","url":"https:\/\/bogensportdiscount.ch\/","name":"Bogensportdiscount","description":"","potentialAction":[{"@type":"SearchAction","target":{"@type":"EntryPoint","urlTemplate":"https:\/\/bogensportdiscount.ch\/?s={search_term_string}"},"query-input":{"@type":"PropertyValueSpecification","valueRequired":true,"valueName":"search_term_string"}}],"inLanguage":"fr-FR"}]}},"_links":{"self":[{"href":"https:\/\/bogensportdiscount.ch\/fr\/wp-json\/wp\/v2\/product\/392303","targetHints":{"allow":["GET"]}}],"collection":[{"href":"https:\/\/bogensportdiscount.ch\/fr\/wp-json\/wp\/v2\/product"}],"about":[{"href":"https:\/\/bogensportdiscount.ch\/fr\/wp-json\/wp\/v2\/types\/product"}],"replies":[{"embeddable":true,"href":"https:\/\/bogensportdiscount.ch\/fr\/wp-json\/wp\/v2\/comments?post=392303"}],"wp:featuredmedia":[{"embeddable":true,"href":"https:\/\/bogensportdiscount.ch\/fr\/wp-json\/wp\/v2\/media\/447619"}],"wp:attachment":[{"href":"https:\/\/bogensportdiscount.ch\/fr\/wp-json\/wp\/v2\/media?parent=392303"}],"wp:term":[{"taxonomy":"product_brand","embeddable":true,"href":"https:\/\/bogensportdiscount.ch\/fr\/wp-json\/wp\/v2\/product_brand?post=392303"},{"taxonomy":"product_cat","embeddable":true,"href":"https:\/\/bogensportdiscount.ch\/fr\/wp-json\/wp\/v2\/product_cat?post=392303"},{"taxonomy":"product_tag","embeddable":true,"href":"https:\/\/bogensportdiscount.ch\/fr\/wp-json\/wp\/v2\/product_tag?post=392303"}],"curies":[{"name":"wp","href":"https:\/\/api.w.org\/{rel}","templated":true}]}}