{"id":392283,"date":"2026-04-05T14:25:31","date_gmt":"2026-04-05T12:25:31","guid":{"rendered":"https:\/\/bogensportdiscount.ch\/produkt\/er-plastic-blunts-nylon-horiz-popnjay-speedy-super-carbon-flight-c-5-by-lathe-50pk\/"},"modified":"2026-04-15T12:13:55","modified_gmt":"2026-04-15T10:13:55","slug":"erplastic-kunststoff-blunts-nylon-horizontal-popinjay-speedy-super-carbon-flight-c5-50er-pack","status":"publish","type":"product","link":"https:\/\/bogensportdiscount.ch\/fr\/produit\/erplastic-kunststoff-blunts-nylon-horizontal-popinjay-speedy-super-carbon-flight-c5-50er-pack\/","title":{"rendered":"ER PLASTIC BLUNTS NYLON HORIZ. POPNJAY SPEEDY SUPER CARBON FLIGHT C-5 par lathe -50PK"},"content":{"rendered":"<p>Die ERPLASTIC Kunststoff-Blunts in Nylon-Ausf\u00fchrung sind speziell f\u00fcr den Popinjay-Bogensport (Papageienschiessen) konzipiert. Die horizontale Bauform entspricht den Anforderungen dieser traditionellen Bogensportdisziplin, bei der Holzv\u00f6gel von einer Stange geschossen werden.<\/p>\n<p>Die Blunts sind auf die Speedy Super Carbon Flight C-5 Sch\u00e4fte abgestimmt und werden im pr\u00e4zisen Drechselverfahren gefertigt. Das 50er-Pack eignet sich f\u00fcr Vereine und aktive Sch\u00fctzen, die regelm\u00e4ssig am Popinjay-Wettbewerb teilnehmen.<\/p>\n<ul>\n<li>Material: Nylon-Kunststoff<\/li>\n<li>Ausf\u00fchrung: horizontal<\/li>\n<li>Passend f\u00fcr Speedy Super Carbon Flight C-5 Sch\u00e4fte<\/li>\n<li>Lieferumfang: 50 St\u00fcck<\/li>\n<\/ul>","protected":false},"excerpt":{"rendered":"<p><strong>Marque :<\/strong> ER Plastic<br \/><strong>Gr\u00f6\u00dfen:<\/strong> C5<br \/><strong>GTIN:<\/strong> 6426002888820<\/p>","protected":false},"featured_media":442582,"comment_status":"open","ping_status":"closed","template":"","meta":[],"product_brand":[790],"product_cat":[4185],"product_tag":[3546],"class_list":{"0":"post-392283","1":"product","2":"type-product","3":"status-publish","4":"has-post-thumbnail","6":"product_brand-erplastic","7":"product_cat-komponenten","8":"product_tag-neuheit","10":"first","11":"instock","12":"shipping-taxable","13":"purchasable","14":"product-type-simple"},"_links":{"self":[{"href":"https:\/\/bogensportdiscount.ch\/fr\/wp-json\/wp\/v2\/product\/392283","targetHints":{"allow":["GET"]}}],"collection":[{"href":"https:\/\/bogensportdiscount.ch\/fr\/wp-json\/wp\/v2\/product"}],"about":[{"href":"https:\/\/bogensportdiscount.ch\/fr\/wp-json\/wp\/v2\/types\/product"}],"replies":[{"embeddable":true,"href":"https:\/\/bogensportdiscount.ch\/fr\/wp-json\/wp\/v2\/comments?post=392283"}],"wp:featuredmedia":[{"embeddable":true,"href":"https:\/\/bogensportdiscount.ch\/fr\/wp-json\/wp\/v2\/media\/442582"}],"wp:attachment":[{"href":"https:\/\/bogensportdiscount.ch\/fr\/wp-json\/wp\/v2\/media?parent=392283"}],"wp:term":[{"taxonomy":"product_brand","embeddable":true,"href":"https:\/\/bogensportdiscount.ch\/fr\/wp-json\/wp\/v2\/product_brand?post=392283"},{"taxonomy":"product_cat","embeddable":true,"href":"https:\/\/bogensportdiscount.ch\/fr\/wp-json\/wp\/v2\/product_cat?post=392283"},{"taxonomy":"product_tag","embeddable":true,"href":"https:\/\/bogensportdiscount.ch\/fr\/wp-json\/wp\/v2\/product_tag?post=392283"}],"curies":[{"name":"wp","href":"https:\/\/api.w.org\/{rel}","templated":true}]}}