{"id":392275,"date":"2026-04-05T14:25:29","date_gmt":"2026-04-05T12:25:29","guid":{"rendered":"https:\/\/bogensportdiscount.ch\/produkt\/beier-3d-target-duck-l30-x-w14-x-h27cm-group-4\/"},"modified":"2026-04-16T13:26:02","modified_gmt":"2026-04-16T11:26:02","slug":"beier-3d-ziel-ente-l30-b14-h27-cm-gruppe-4","status":"publish","type":"product","link":"https:\/\/bogensportdiscount.ch\/fr\/produit\/beier-3d-ziel-ente-l30-b14-h27-cm-gruppe-4\/","title":{"rendered":"BEIER 3D TARGET DUCK : L30 x W14 x H27cm GROUPE 4"},"content":{"rendered":"<p>Das BEIER 3D-Ziel Ente ist ein naturgetreu gestaltetes 3D-Bogensportziel in Form einer Ente. Mit den Abmessungen 30 cm L\u00e4nge, 14 cm Breite und 27 cm H\u00f6he bietet es ein realistisches Zielobjekt f\u00fcr den Trainings- und Turnierbetrieb im 3D-Bogensport.<\/p>\n<p>Das Ziel ist der Gruppe 4 zugeordnet, was der g\u00e4ngigen Klassifizierung im 3D-Bogensport f\u00fcr V\u00f6gel bzw. kleineres Federwild entspricht. Es besteht aus selbstheilendem Schaumstoff und ist f\u00fcr den Einsatz im Freien konzipiert.<\/p>\n<ul>\n<li>Realistische Entenform f\u00fcr praxisnahes Training<\/li>\n<li>Masse: L30 x B14 x H27 cm<\/li>\n<li>Gruppe 4 gem\u00e4ss 3D-Bogensport-Klassifizierung<\/li>\n<li>Geeignet f\u00fcr verschiedene Pfeilspitzentypen<\/li>\n<\/ul>","protected":false},"excerpt":{"rendered":"<p><strong>Dimensions:<\/strong> 29 \u00d7 27 \u00d7 18 cm<br \/><strong>IFAA Target Group:<\/strong> Group 4<br \/><strong>mat\u00e9riel :<\/strong> IBB Special Foam (self-healing)<br \/><strong>Manufacturing Origin:<\/strong> Germany (Beier Germany)<\/p>","protected":false},"featured_media":442607,"comment_status":"open","ping_status":"closed","template":"","meta":[],"product_brand":[831],"product_cat":[4148],"product_tag":[3546],"class_list":{"0":"post-392275","1":"product","2":"type-product","3":"status-publish","4":"has-post-thumbnail","6":"product_brand-beier","7":"product_cat-voegel-3d-ziele-ziele-auflagen","8":"product_tag-neuheit","10":"first","11":"instock","12":"shipping-taxable","13":"purchasable","14":"product-type-simple"},"_links":{"self":[{"href":"https:\/\/bogensportdiscount.ch\/fr\/wp-json\/wp\/v2\/product\/392275","targetHints":{"allow":["GET"]}}],"collection":[{"href":"https:\/\/bogensportdiscount.ch\/fr\/wp-json\/wp\/v2\/product"}],"about":[{"href":"https:\/\/bogensportdiscount.ch\/fr\/wp-json\/wp\/v2\/types\/product"}],"replies":[{"embeddable":true,"href":"https:\/\/bogensportdiscount.ch\/fr\/wp-json\/wp\/v2\/comments?post=392275"}],"wp:featuredmedia":[{"embeddable":true,"href":"https:\/\/bogensportdiscount.ch\/fr\/wp-json\/wp\/v2\/media\/442607"}],"wp:attachment":[{"href":"https:\/\/bogensportdiscount.ch\/fr\/wp-json\/wp\/v2\/media?parent=392275"}],"wp:term":[{"taxonomy":"product_brand","embeddable":true,"href":"https:\/\/bogensportdiscount.ch\/fr\/wp-json\/wp\/v2\/product_brand?post=392275"},{"taxonomy":"product_cat","embeddable":true,"href":"https:\/\/bogensportdiscount.ch\/fr\/wp-json\/wp\/v2\/product_cat?post=392275"},{"taxonomy":"product_tag","embeddable":true,"href":"https:\/\/bogensportdiscount.ch\/fr\/wp-json\/wp\/v2\/product_tag?post=392275"}],"curies":[{"name":"wp","href":"https:\/\/api.w.org\/{rel}","templated":true}]}}