{"id":392270,"date":"2026-04-05T14:25:28","date_gmt":"2026-04-05T12:25:28","guid":{"rendered":"https:\/\/bogensportdiscount.ch\/produkt\/beier-3d-target-carrion-crow-l22-x-w11-x-h40cm-group-4\/"},"modified":"2026-04-16T13:26:02","modified_gmt":"2026-04-16T11:26:02","slug":"beier-3d-ziel-rabenkraehe-gruppe-4","status":"publish","type":"product","link":"https:\/\/bogensportdiscount.ch\/fr\/produit\/beier-3d-ziel-rabenkraehe-gruppe-4\/","title":{"rendered":"BEIER 3D TARGET CARRION CROW : L22 x W11 x H40cm GROUPE 4"},"content":{"rendered":"<p>Das BEIER 3D-Ziel in Form einer Rabenkr\u00e4he ist ein detailgetreues Schiessziel f\u00fcr den 3D-Bogensport. Mit einer H\u00f6he von 40 cm, einer L\u00e4nge von 22 cm und einer Breite von 11 cm entspricht es den realen Proportionen des Vogels und erm\u00f6glicht praxisnahes Training auf Vogelziele.<\/p>\n<p>Das Ziel ist der Gruppe 4 zugeteilt, was bei 3D-Turnieren die Grundlage f\u00fcr die Wertung bildet. Es eignet sich sowohl f\u00fcr den Trainingseinsatz als auch f\u00fcr offizielle 3D-Parcours.<\/p>\n<ul>\n<li>Lebensechte Darstellung einer Rabenkr\u00e4he<\/li>\n<li>Masse: L22 x B11 x H40 cm<\/li>\n<li>Gruppe 4 gem\u00e4ss 3D-Bogensport-Regelwerk<\/li>\n<li>Geeignet f\u00fcr Training und Wettkampf<\/li>\n<\/ul>","protected":false},"excerpt":{"rendered":"<p><strong>Marque :<\/strong> Beier<br \/><strong>Typ:<\/strong> Group 4<\/p>","protected":false},"featured_media":442620,"comment_status":"open","ping_status":"closed","template":"","meta":[],"product_brand":[831],"product_cat":[4148],"product_tag":[3546],"class_list":{"0":"post-392270","1":"product","2":"type-product","3":"status-publish","4":"has-post-thumbnail","6":"product_brand-beier","7":"product_cat-voegel-3d-ziele-ziele-auflagen","8":"product_tag-neuheit","10":"first","11":"instock","12":"shipping-taxable","13":"purchasable","14":"product-type-simple"},"_links":{"self":[{"href":"https:\/\/bogensportdiscount.ch\/fr\/wp-json\/wp\/v2\/product\/392270","targetHints":{"allow":["GET"]}}],"collection":[{"href":"https:\/\/bogensportdiscount.ch\/fr\/wp-json\/wp\/v2\/product"}],"about":[{"href":"https:\/\/bogensportdiscount.ch\/fr\/wp-json\/wp\/v2\/types\/product"}],"replies":[{"embeddable":true,"href":"https:\/\/bogensportdiscount.ch\/fr\/wp-json\/wp\/v2\/comments?post=392270"}],"wp:featuredmedia":[{"embeddable":true,"href":"https:\/\/bogensportdiscount.ch\/fr\/wp-json\/wp\/v2\/media\/442620"}],"wp:attachment":[{"href":"https:\/\/bogensportdiscount.ch\/fr\/wp-json\/wp\/v2\/media?parent=392270"}],"wp:term":[{"taxonomy":"product_brand","embeddable":true,"href":"https:\/\/bogensportdiscount.ch\/fr\/wp-json\/wp\/v2\/product_brand?post=392270"},{"taxonomy":"product_cat","embeddable":true,"href":"https:\/\/bogensportdiscount.ch\/fr\/wp-json\/wp\/v2\/product_cat?post=392270"},{"taxonomy":"product_tag","embeddable":true,"href":"https:\/\/bogensportdiscount.ch\/fr\/wp-json\/wp\/v2\/product_tag?post=392270"}],"curies":[{"name":"wp","href":"https:\/\/api.w.org\/{rel}","templated":true}]}}