{"id":392266,"date":"2026-04-05T14:25:28","date_gmt":"2026-04-05T12:25:28","guid":{"rendered":"https:\/\/bogensportdiscount.ch\/produkt\/beier-3d-target-duck-male-l30-x-w14-x-h27cm-group-4\/"},"modified":"2026-04-16T13:26:03","modified_gmt":"2026-04-16T11:26:03","slug":"beier-3d-ziel-ente-maennlich-l30-b14-h27cm-gruppe-4","status":"publish","type":"product","link":"https:\/\/bogensportdiscount.ch\/fr\/produit\/beier-3d-ziel-ente-maennlich-l30-b14-h27cm-gruppe-4\/","title":{"rendered":"BEIER 3D TARGET DUCK - MALE : L30 x W14 x H27cm GROUPE 4"},"content":{"rendered":"<p>Dieses 3D Ziel von BEIER stellt eine m\u00e4nnliche Ente in nat\u00fcrlicher Pose dar und wird f\u00fcr das 3D-Bogenschiessen verwendet. Mit den Abmessungen 30 cm (L\u00e4nge) \u00d7 14 cm (Breite) \u00d7 27 cm (H\u00f6he) entspricht es der Turnierkategorie Gruppe 4.<\/p>\n<p>BEIER 3D Ziele sind aus witterungsbest\u00e4ndigem Selbstheilungsschaum gefertigt, der Pfeile schonend aufnimmt und eine lange Lebensdauer gew\u00e4hrleistet. Das Ziel eignet sich sowohl f\u00fcr das Training im Freien als auch f\u00fcr den Einsatz auf 3D-Parcours.<\/p>\n<ul>\n<li>Naturgetreue Darstellung einer m\u00e4nnlichen Ente<\/li>\n<li>Abmessungen: L30 x B14 x H27 cm<\/li>\n<li>Turnierkategorie Gruppe 4<\/li>\n<li>Geeignet f\u00fcr Trainings- und Wettkampfeinsatz<\/li>\n<\/ul>","protected":false},"excerpt":{"rendered":"<p><strong>Dimensions:<\/strong> 29 \u00d7 27 \u00d7 18 cm<br \/><strong>IFAA Target Group:<\/strong> Group 4<br \/><strong>mat\u00e9riel :<\/strong> IBB Special Foam<br \/><strong>Construction:<\/strong> One-piece foam target<br \/><strong>Manufacturing Origin:<\/strong> Germany (Beier Germany)<\/p>","protected":false},"featured_media":442614,"comment_status":"open","ping_status":"closed","template":"","meta":[],"product_brand":[831],"product_cat":[4148],"product_tag":[3546],"class_list":{"0":"post-392266","1":"product","2":"type-product","3":"status-publish","4":"has-post-thumbnail","6":"product_brand-beier","7":"product_cat-voegel-3d-ziele-ziele-auflagen","8":"product_tag-neuheit","10":"first","11":"instock","12":"shipping-taxable","13":"purchasable","14":"product-type-simple"},"_links":{"self":[{"href":"https:\/\/bogensportdiscount.ch\/fr\/wp-json\/wp\/v2\/product\/392266","targetHints":{"allow":["GET"]}}],"collection":[{"href":"https:\/\/bogensportdiscount.ch\/fr\/wp-json\/wp\/v2\/product"}],"about":[{"href":"https:\/\/bogensportdiscount.ch\/fr\/wp-json\/wp\/v2\/types\/product"}],"replies":[{"embeddable":true,"href":"https:\/\/bogensportdiscount.ch\/fr\/wp-json\/wp\/v2\/comments?post=392266"}],"wp:featuredmedia":[{"embeddable":true,"href":"https:\/\/bogensportdiscount.ch\/fr\/wp-json\/wp\/v2\/media\/442614"}],"wp:attachment":[{"href":"https:\/\/bogensportdiscount.ch\/fr\/wp-json\/wp\/v2\/media?parent=392266"}],"wp:term":[{"taxonomy":"product_brand","embeddable":true,"href":"https:\/\/bogensportdiscount.ch\/fr\/wp-json\/wp\/v2\/product_brand?post=392266"},{"taxonomy":"product_cat","embeddable":true,"href":"https:\/\/bogensportdiscount.ch\/fr\/wp-json\/wp\/v2\/product_cat?post=392266"},{"taxonomy":"product_tag","embeddable":true,"href":"https:\/\/bogensportdiscount.ch\/fr\/wp-json\/wp\/v2\/product_tag?post=392266"}],"curies":[{"name":"wp","href":"https:\/\/api.w.org\/{rel}","templated":true}]}}