{"id":392259,"date":"2026-04-05T14:25:27","date_gmt":"2026-04-05T12:25:27","guid":{"rendered":"https:\/\/bogensportdiscount.ch\/produkt\/natur-foam-3d-target-crocodile\/"},"modified":"2026-04-15T12:13:54","modified_gmt":"2026-04-15T10:13:54","slug":"naturfoam-3d-ziel-crocodile","status":"publish","type":"product","link":"https:\/\/bogensportdiscount.ch\/fr\/produit\/naturfoam-3d-ziel-crocodile\/","title":{"rendered":"NATUR FOAM 3D TARGET CROCODILE"},"content":{"rendered":"<p>Das NATURFOAM 3D-Ziel Crocodile ist eine detailgetreue Nachbildung eines Krokodils aus hochwertigem Schaumstoff. Solche 3D-Ziele werden im Bogensport eingesetzt, um das Schiessen auf realistische, dreidimensionale Tiernachbildungen zu \u00fcben \u2013 sowohl im Freien als auch auf organisierten 3D-Parcours.<\/p>\n<p>Dank der Schaumstoffkonstruktion lassen sich Pfeile r\u00fcckstandsfrei entnehmen und das Ziel bleibt \u00fcber viele Sch\u00fcsse hinweg formstabil. Das Krokodil eignet sich f\u00fcr Recurve- und Compoundbogensch\u00fctzen gleichermassen.<\/p>\n<ul>\n<li>Lebensechte Krokodil-Nachbildung aus Schaumstoff<\/li>\n<li>Geeignet f\u00fcr Training und 3D-Parcours<\/li>\n<li>Pfeilfreundliches Material f\u00fcr einfache Entnahme<\/li>\n<li>F\u00fcr Recurve und Compound geeignet<\/li>\n<\/ul>","protected":false},"excerpt":{"rendered":"<p><strong>Marque :<\/strong> Natur Foam<br \/><strong>Typ:<\/strong> Group 1\/2\/3\/4<\/p>","protected":false},"featured_media":442632,"comment_status":"open","ping_status":"closed","template":"","meta":[],"product_brand":[412],"product_cat":[4318],"product_tag":[3546],"class_list":{"0":"post-392259","1":"product","2":"type-product","3":"status-publish","4":"has-post-thumbnail","6":"product_brand-naturfoam","7":"product_cat-amphibien-reptilien","8":"product_tag-neuheit","10":"first","11":"onbackorder","12":"shipping-taxable","13":"purchasable","14":"product-type-simple"},"_links":{"self":[{"href":"https:\/\/bogensportdiscount.ch\/fr\/wp-json\/wp\/v2\/product\/392259","targetHints":{"allow":["GET"]}}],"collection":[{"href":"https:\/\/bogensportdiscount.ch\/fr\/wp-json\/wp\/v2\/product"}],"about":[{"href":"https:\/\/bogensportdiscount.ch\/fr\/wp-json\/wp\/v2\/types\/product"}],"replies":[{"embeddable":true,"href":"https:\/\/bogensportdiscount.ch\/fr\/wp-json\/wp\/v2\/comments?post=392259"}],"wp:featuredmedia":[{"embeddable":true,"href":"https:\/\/bogensportdiscount.ch\/fr\/wp-json\/wp\/v2\/media\/442632"}],"wp:attachment":[{"href":"https:\/\/bogensportdiscount.ch\/fr\/wp-json\/wp\/v2\/media?parent=392259"}],"wp:term":[{"taxonomy":"product_brand","embeddable":true,"href":"https:\/\/bogensportdiscount.ch\/fr\/wp-json\/wp\/v2\/product_brand?post=392259"},{"taxonomy":"product_cat","embeddable":true,"href":"https:\/\/bogensportdiscount.ch\/fr\/wp-json\/wp\/v2\/product_cat?post=392259"},{"taxonomy":"product_tag","embeddable":true,"href":"https:\/\/bogensportdiscount.ch\/fr\/wp-json\/wp\/v2\/product_tag?post=392259"}],"curies":[{"name":"wp","href":"https:\/\/api.w.org\/{rel}","templated":true}]}}