{"id":392247,"date":"2026-04-05T14:25:25","date_gmt":"2026-04-05T12:25:25","guid":{"rendered":"https:\/\/bogensportdiscount.ch\/produkt\/core-glue-on-points-recreation-dia7mm-25-pk\/"},"modified":"2026-04-17T13:16:48","modified_gmt":"2026-04-17T11:16:48","slug":"core-aufkleb-spitzen-recreation-7mm-25er-pack","status":"publish","type":"product","link":"https:\/\/bogensportdiscount.ch\/fr\/produkt\/core-aufkleb-spitzen-recreation-7mm-25er-pack\/","title":{"rendered":"CORE GLUE-ON POINTS RECREATION dia7mm 25\/PK"},"content":{"rendered":"<p>Die CORE Glue-On Points Recreation sind Aufsteck-Schraubspitzen zum Aufkleben auf Holzpfeile mit einem Schaftdurchmesser von 7 mm. Sie eignen sich f\u00fcr den Freizeit- und Hobbybereich und werden mit handels\u00fcblichem Pfeilkleber montiert.<\/p>\n<p>Im praktischen 25er-Pack bieten sie ein gutes Preis-Leistungs-Verh\u00e4ltnis f\u00fcr Bogensportler, die regelm\u00e4ssig Spitzen ersetzen oder Pfeile neu befedern und aufbauen.<\/p>\n<ul>\n<li>Durchmesser: 7 mm<\/li>\n<li>Montage per Kleber (Glue-On)<\/li>\n<li>F\u00fcr Holzpfeile geeignet<\/li>\n<li>Inhalt: 25 St\u00fcck<\/li>\n<\/ul>","protected":false},"excerpt":{"rendered":"<p><strong>Marque :<\/strong> Core<br \/><strong>Form:<\/strong> Kugel<br \/><strong>GTIN:<\/strong> 6426008953959<\/p>","protected":false},"featured_media":442646,"comment_status":"open","ping_status":"closed","template":"","meta":[],"product_brand":[423],"product_cat":[4549],"product_tag":[3546],"class_list":{"0":"post-392247","1":"product","2":"type-product","3":"status-publish","4":"has-post-thumbnail","6":"product_brand-core","7":"product_cat-spitzen-holz-schaefte-pfeil-komponenten","8":"product_tag-neuheit","10":"first","11":"instock","12":"shipping-taxable","13":"purchasable","14":"product-type-simple"},"_links":{"self":[{"href":"https:\/\/bogensportdiscount.ch\/fr\/wp-json\/wp\/v2\/product\/392247","targetHints":{"allow":["GET"]}}],"collection":[{"href":"https:\/\/bogensportdiscount.ch\/fr\/wp-json\/wp\/v2\/product"}],"about":[{"href":"https:\/\/bogensportdiscount.ch\/fr\/wp-json\/wp\/v2\/types\/product"}],"replies":[{"embeddable":true,"href":"https:\/\/bogensportdiscount.ch\/fr\/wp-json\/wp\/v2\/comments?post=392247"}],"wp:featuredmedia":[{"embeddable":true,"href":"https:\/\/bogensportdiscount.ch\/fr\/wp-json\/wp\/v2\/media\/442646"}],"wp:attachment":[{"href":"https:\/\/bogensportdiscount.ch\/fr\/wp-json\/wp\/v2\/media?parent=392247"}],"wp:term":[{"taxonomy":"product_brand","embeddable":true,"href":"https:\/\/bogensportdiscount.ch\/fr\/wp-json\/wp\/v2\/product_brand?post=392247"},{"taxonomy":"product_cat","embeddable":true,"href":"https:\/\/bogensportdiscount.ch\/fr\/wp-json\/wp\/v2\/product_cat?post=392247"},{"taxonomy":"product_tag","embeddable":true,"href":"https:\/\/bogensportdiscount.ch\/fr\/wp-json\/wp\/v2\/product_tag?post=392247"}],"curies":[{"name":"wp","href":"https:\/\/api.w.org\/{rel}","templated":true}]}}