{"id":392243,"date":"2026-04-05T14:25:24","date_gmt":"2026-04-05T12:25:24","guid":{"rendered":"https:\/\/bogensportdiscount.ch\/produkt\/hha-sight-cover\/"},"modified":"2026-04-15T12:13:53","modified_gmt":"2026-04-15T10:13:53","slug":"hha-visier-schutzabdeckung-sight-cover","status":"publish","type":"product","link":"https:\/\/bogensportdiscount.ch\/fr\/produit\/hha-visier-schutzabdeckung-sight-cover\/","title":{"rendered":"HHA SIGHT COVER"},"content":{"rendered":"<p>Die HHA Sight Cover ist eine Schutzabdeckung, die speziell f\u00fcr Compound-Visiere von HHA entwickelt wurde. Sie bewahrt empfindliche Visierkomponenten vor \u00e4usseren Einfl\u00fcssen wie Staub, Schmutz und Feuchtigkeit.<\/p>\n<p>Passend f\u00fcr HHA Compound-Scopes eignet sich die Abdeckung sowohl f\u00fcr den Einsatz beim Transport als auch zur sicheren Aufbewahrung. Ein einfaches Zubeh\u00f6rteil, das die Lebensdauer und Funktionsf\u00e4higkeit des Visiers langfristig sch\u00fctzt.<\/p>","protected":false},"excerpt":{"rendered":"<p><strong>Marque :<\/strong> HHA<br \/><strong>GTIN:<\/strong> 716415648002<\/p>","protected":false},"featured_media":442658,"comment_status":"open","ping_status":"closed","template":"","meta":[],"product_brand":[528],"product_cat":[4249],"product_tag":[3546],"class_list":{"0":"post-392243","1":"product","2":"type-product","3":"status-publish","4":"has-post-thumbnail","6":"product_brand-hha","7":"product_cat-zubehoer-compound-scope","8":"product_tag-neuheit","10":"first","11":"instock","12":"shipping-taxable","13":"purchasable","14":"product-type-simple"},"_links":{"self":[{"href":"https:\/\/bogensportdiscount.ch\/fr\/wp-json\/wp\/v2\/product\/392243","targetHints":{"allow":["GET"]}}],"collection":[{"href":"https:\/\/bogensportdiscount.ch\/fr\/wp-json\/wp\/v2\/product"}],"about":[{"href":"https:\/\/bogensportdiscount.ch\/fr\/wp-json\/wp\/v2\/types\/product"}],"replies":[{"embeddable":true,"href":"https:\/\/bogensportdiscount.ch\/fr\/wp-json\/wp\/v2\/comments?post=392243"}],"wp:featuredmedia":[{"embeddable":true,"href":"https:\/\/bogensportdiscount.ch\/fr\/wp-json\/wp\/v2\/media\/442658"}],"wp:attachment":[{"href":"https:\/\/bogensportdiscount.ch\/fr\/wp-json\/wp\/v2\/media?parent=392243"}],"wp:term":[{"taxonomy":"product_brand","embeddable":true,"href":"https:\/\/bogensportdiscount.ch\/fr\/wp-json\/wp\/v2\/product_brand?post=392243"},{"taxonomy":"product_cat","embeddable":true,"href":"https:\/\/bogensportdiscount.ch\/fr\/wp-json\/wp\/v2\/product_cat?post=392243"},{"taxonomy":"product_tag","embeddable":true,"href":"https:\/\/bogensportdiscount.ch\/fr\/wp-json\/wp\/v2\/product_tag?post=392243"}],"curies":[{"name":"wp","href":"https:\/\/api.w.org\/{rel}","templated":true}]}}