{"id":392224,"date":"2026-04-05T14:25:21","date_gmt":"2026-04-05T12:25:21","guid":{"rendered":"https:\/\/bogensportdiscount.ch\/produkt\/rage-hypodermic-nc-2-100gr-2-blade-3-pk-12515-expandable-broadhead\/"},"modified":"2026-04-20T12:47:34","modified_gmt":"2026-04-20T10:47:34","slug":"rage-mechanischer-broadhead-hypodermic-nc-2-zoll-100gr-2-klinge-3er-pack","status":"publish","type":"product","link":"https:\/\/bogensportdiscount.ch\/fr\/produit\/rage-mechanischer-broadhead-hypodermic-nc-2-zoll-100gr-2-klinge-3er-pack\/","title":{"rendered":"RAGE HYPODERMIC NC 2\u2033 100 g, 2 lames, lot de 3 - 12515, pointe de chasse expansible"},"content":{"rendered":"<p>Der RAGE Hypodermic NC 2&#8243; 100gr ist ein mechanischer Expandable Broadhead f\u00fcr den Jagdeinsatz. Mit seiner 2-Klingen-Konstruktion und einem Schneidedurchmesser von 2 Zoll sorgt er f\u00fcr zuverl\u00e4ssige Eindringtiefe und breite Wundkan\u00e4le.<\/p>\n<p>Das Gewicht von 100 Grain macht diesen Broadhead kompatibel mit einer Vielzahl von Compound-B\u00f6gen und Standard-Pfeilen. Die Hypodermic-NC-Technologie von RAGE steht f\u00fcr pr\u00e4zises Flugverhalten und kontrolliertes Aufklappen beim Aufprall.<\/p>\n<ul>\n<li>Schneidedurchmesser: 2 Zoll<\/li>\n<li>Poids : 100 grains<\/li>\n<li>2-Klingen-Design (mechanisch\/expandierend)<\/li>\n<li>Packungsinhalt: 3 Broadheads<\/li>\n<\/ul>","protected":false},"excerpt":{"rendered":"<p><strong>Marque :<\/strong> Rage<br \/><strong>Lames :<\/strong> 2<br \/><strong>Poids :<\/strong> 100<br \/><strong>GTIN:<\/strong> 818322012515<\/p>","protected":false},"featured_media":446727,"comment_status":"open","ping_status":"closed","template":"","meta":[],"product_brand":[586],"product_cat":[4212],"product_tag":[3546],"class_list":{"0":"post-392224","1":"product","2":"type-product","3":"status-publish","4":"has-post-thumbnail","6":"product_brand-rage","7":"product_cat-mechanische-jagdspitzen","8":"product_tag-neuheit","10":"first","11":"instock","12":"shipping-taxable","13":"purchasable","14":"product-type-simple"},"yoast_head":"<!-- This site is optimized with the Yoast SEO plugin v27.4 - https:\/\/yoast.com\/product\/yoast-seo-wordpress\/ -->\n<title>RAGE HYPODERMIC NC 2&quot; 100GR 2-BLADE 3\/PK -12515 EXPANDABLE JAGDSPITZE - Bogensportdiscount \u2013 B\u00f6gen, Pfeile, Targets &amp; Zubeh\u00f6r<\/title>\n<meta name=\"robots\" content=\"noindex, follow, max-snippet:-1, max-image-preview:large, max-video-preview:-1\" \/>\n<meta property=\"og:locale\" content=\"fr_FR\" \/>\n<meta property=\"og:type\" content=\"article\" \/>\n<meta property=\"og:title\" content=\"RAGE HYPODERMIC NC 2&quot; 100GR 2-BLADE 3\/PK -12515 EXPANDABLE JAGDSPITZE - Bogensportdiscount \u2013 B\u00f6gen, Pfeile, Targets &amp; Zubeh\u00f6r\" \/>\n<meta property=\"og:description\" content=\"Marke: RageKlingen: 2Gewicht: 100GTIN: 818322012515\" \/>\n<meta property=\"og:url\" content=\"https:\/\/bogensportdiscount.ch\/fr\/produit\/rage-mechanischer-broadhead-hypodermic-nc-2-zoll-100gr-2-klinge-3er-pack\/\" \/>\n<meta property=\"og:site_name\" content=\"Bogensportdiscount \u2013 B\u00f6gen, Pfeile, Targets &amp; Zubeh\u00f6r\" \/>\n<meta property=\"article:modified_time\" content=\"2026-04-20T10:47:34+00:00\" \/>\n<meta property=\"og:image\" content=\"https:\/\/bogensportdiscount.ch\/wp-content\/uploads\/bsm-images\/A038456_1.jpg\" \/>\n\t<meta property=\"og:image:width\" content=\"1772\" \/>\n\t<meta property=\"og:image:height\" content=\"1181\" \/>\n\t<meta property=\"og:image:type\" content=\"image\/jpeg\" \/>\n<meta name=\"twitter:card\" content=\"summary_large_image\" \/>\n<script type=\"application\/ld+json\" class=\"yoast-schema-graph\">{\"@context\":\"https:\\\/\\\/schema.org\",\"@graph\":[{\"@type\":\"WebPage\",\"@id\":\"https:\\\/\\\/bogensportdiscount.ch\\\/fr\\\/produit\\\/rage-mechanischer-broadhead-hypodermic-nc-2-zoll-100gr-2-klinge-3er-pack\\\/\",\"url\":\"https:\\\/\\\/bogensportdiscount.ch\\\/fr\\\/produit\\\/rage-mechanischer-broadhead-hypodermic-nc-2-zoll-100gr-2-klinge-3er-pack\\\/\",\"name\":\"RAGE HYPODERMIC NC 2\\\" 100GR 2-BLADE 3\\\/PK -12515 EXPANDABLE JAGDSPITZE - Bogensportdiscount \u2013 B\u00f6gen, Pfeile, Targets &amp; Zubeh\u00f6r\",\"isPartOf\":{\"@id\":\"https:\\\/\\\/bogensportdiscount.ch\\\/#website\"},\"primaryImageOfPage\":{\"@id\":\"https:\\\/\\\/bogensportdiscount.ch\\\/fr\\\/produit\\\/rage-mechanischer-broadhead-hypodermic-nc-2-zoll-100gr-2-klinge-3er-pack\\\/#primaryimage\"},\"image\":{\"@id\":\"https:\\\/\\\/bogensportdiscount.ch\\\/fr\\\/produit\\\/rage-mechanischer-broadhead-hypodermic-nc-2-zoll-100gr-2-klinge-3er-pack\\\/#primaryimage\"},\"thumbnailUrl\":\"https:\\\/\\\/bogensportdiscount.ch\\\/wp-content\\\/uploads\\\/bsm-images\\\/A038456_1.jpg\",\"datePublished\":\"2026-04-05T12:25:21+00:00\",\"dateModified\":\"2026-04-20T10:47:34+00:00\",\"breadcrumb\":{\"@id\":\"https:\\\/\\\/bogensportdiscount.ch\\\/fr\\\/produit\\\/rage-mechanischer-broadhead-hypodermic-nc-2-zoll-100gr-2-klinge-3er-pack\\\/#breadcrumb\"},\"inLanguage\":\"fr-FR\",\"potentialAction\":[{\"@type\":\"ReadAction\",\"target\":[\"https:\\\/\\\/bogensportdiscount.ch\\\/fr\\\/produit\\\/rage-mechanischer-broadhead-hypodermic-nc-2-zoll-100gr-2-klinge-3er-pack\\\/\"]}]},{\"@type\":\"ImageObject\",\"inLanguage\":\"fr-FR\",\"@id\":\"https:\\\/\\\/bogensportdiscount.ch\\\/fr\\\/produit\\\/rage-mechanischer-broadhead-hypodermic-nc-2-zoll-100gr-2-klinge-3er-pack\\\/#primaryimage\",\"url\":\"https:\\\/\\\/bogensportdiscount.ch\\\/wp-content\\\/uploads\\\/bsm-images\\\/A038456_1.jpg\",\"contentUrl\":\"https:\\\/\\\/bogensportdiscount.ch\\\/wp-content\\\/uploads\\\/bsm-images\\\/A038456_1.jpg\",\"width\":1772,\"height\":1181},{\"@type\":\"BreadcrumbList\",\"@id\":\"https:\\\/\\\/bogensportdiscount.ch\\\/fr\\\/produit\\\/rage-mechanischer-broadhead-hypodermic-nc-2-zoll-100gr-2-klinge-3er-pack\\\/#breadcrumb\",\"itemListElement\":[{\"@type\":\"ListItem\",\"position\":1,\"name\":\"Home\",\"item\":\"https:\\\/\\\/bogensportdiscount.ch\\\/\"},{\"@type\":\"ListItem\",\"position\":2,\"name\":\"Shop\",\"item\":\"https:\\\/\\\/bogensportdiscount.ch\\\/shop\\\/\"},{\"@type\":\"ListItem\",\"position\":3,\"name\":\"RAGE HYPODERMIC NC 2&#8243; 100GR 2-BLADE 3\\\/PK -12515 EXPANDABLE JAGDSPITZE\"}]},{\"@type\":\"WebSite\",\"@id\":\"https:\\\/\\\/bogensportdiscount.ch\\\/#website\",\"url\":\"https:\\\/\\\/bogensportdiscount.ch\\\/\",\"name\":\"Bogensportdiscount\",\"description\":\"\",\"potentialAction\":[{\"@type\":\"SearchAction\",\"target\":{\"@type\":\"EntryPoint\",\"urlTemplate\":\"https:\\\/\\\/bogensportdiscount.ch\\\/?s={search_term_string}\"},\"query-input\":{\"@type\":\"PropertyValueSpecification\",\"valueRequired\":true,\"valueName\":\"search_term_string\"}}],\"inLanguage\":\"fr-FR\"}]}<\/script>\n<!-- \/ Yoast SEO plugin. -->","yoast_head_json":{"title":"RAGE HYPODERMIC NC 2\" 100GR 2-BLADE 3\/PK -12515 EXPANDABLE JAGDSPITZE - Bogensportdiscount \u2013 B\u00f6gen, Pfeile, Targets &amp; Zubeh\u00f6r","robots":{"index":"noindex","follow":"follow","max-snippet":"max-snippet:-1","max-image-preview":"max-image-preview:large","max-video-preview":"max-video-preview:-1"},"og_locale":"fr_FR","og_type":"article","og_title":"RAGE HYPODERMIC NC 2\" 100GR 2-BLADE 3\/PK -12515 EXPANDABLE JAGDSPITZE - Bogensportdiscount \u2013 B\u00f6gen, Pfeile, Targets &amp; Zubeh\u00f6r","og_description":"Marke: RageKlingen: 2Gewicht: 100GTIN: 818322012515","og_url":"https:\/\/bogensportdiscount.ch\/fr\/produit\/rage-mechanischer-broadhead-hypodermic-nc-2-zoll-100gr-2-klinge-3er-pack\/","og_site_name":"Bogensportdiscount \u2013 B\u00f6gen, Pfeile, Targets &amp; Zubeh\u00f6r","article_modified_time":"2026-04-20T10:47:34+00:00","og_image":[{"width":1772,"height":1181,"url":"https:\/\/bogensportdiscount.ch\/wp-content\/uploads\/bsm-images\/A038456_1.jpg","type":"image\/jpeg"}],"twitter_card":"summary_large_image","schema":{"@context":"https:\/\/schema.org","@graph":[{"@type":"WebPage","@id":"https:\/\/bogensportdiscount.ch\/fr\/produit\/rage-mechanischer-broadhead-hypodermic-nc-2-zoll-100gr-2-klinge-3er-pack\/","url":"https:\/\/bogensportdiscount.ch\/fr\/produit\/rage-mechanischer-broadhead-hypodermic-nc-2-zoll-100gr-2-klinge-3er-pack\/","name":"RAGE HYPODERMIC NC 2\" 100GR 2-BLADE 3\/PK -12515 EXPANDABLE JAGDSPITZE - Bogensportdiscount \u2013 B\u00f6gen, Pfeile, Targets &amp; Zubeh\u00f6r","isPartOf":{"@id":"https:\/\/bogensportdiscount.ch\/#website"},"primaryImageOfPage":{"@id":"https:\/\/bogensportdiscount.ch\/fr\/produit\/rage-mechanischer-broadhead-hypodermic-nc-2-zoll-100gr-2-klinge-3er-pack\/#primaryimage"},"image":{"@id":"https:\/\/bogensportdiscount.ch\/fr\/produit\/rage-mechanischer-broadhead-hypodermic-nc-2-zoll-100gr-2-klinge-3er-pack\/#primaryimage"},"thumbnailUrl":"https:\/\/bogensportdiscount.ch\/wp-content\/uploads\/bsm-images\/A038456_1.jpg","datePublished":"2026-04-05T12:25:21+00:00","dateModified":"2026-04-20T10:47:34+00:00","breadcrumb":{"@id":"https:\/\/bogensportdiscount.ch\/fr\/produit\/rage-mechanischer-broadhead-hypodermic-nc-2-zoll-100gr-2-klinge-3er-pack\/#breadcrumb"},"inLanguage":"fr-FR","potentialAction":[{"@type":"ReadAction","target":["https:\/\/bogensportdiscount.ch\/fr\/produit\/rage-mechanischer-broadhead-hypodermic-nc-2-zoll-100gr-2-klinge-3er-pack\/"]}]},{"@type":"ImageObject","inLanguage":"fr-FR","@id":"https:\/\/bogensportdiscount.ch\/fr\/produit\/rage-mechanischer-broadhead-hypodermic-nc-2-zoll-100gr-2-klinge-3er-pack\/#primaryimage","url":"https:\/\/bogensportdiscount.ch\/wp-content\/uploads\/bsm-images\/A038456_1.jpg","contentUrl":"https:\/\/bogensportdiscount.ch\/wp-content\/uploads\/bsm-images\/A038456_1.jpg","width":1772,"height":1181},{"@type":"BreadcrumbList","@id":"https:\/\/bogensportdiscount.ch\/fr\/produit\/rage-mechanischer-broadhead-hypodermic-nc-2-zoll-100gr-2-klinge-3er-pack\/#breadcrumb","itemListElement":[{"@type":"ListItem","position":1,"name":"Home","item":"https:\/\/bogensportdiscount.ch\/"},{"@type":"ListItem","position":2,"name":"Shop","item":"https:\/\/bogensportdiscount.ch\/shop\/"},{"@type":"ListItem","position":3,"name":"RAGE HYPODERMIC NC 2&#8243; 100GR 2-BLADE 3\/PK -12515 EXPANDABLE JAGDSPITZE"}]},{"@type":"WebSite","@id":"https:\/\/bogensportdiscount.ch\/#website","url":"https:\/\/bogensportdiscount.ch\/","name":"Bogensportdiscount","description":"","potentialAction":[{"@type":"SearchAction","target":{"@type":"EntryPoint","urlTemplate":"https:\/\/bogensportdiscount.ch\/?s={search_term_string}"},"query-input":{"@type":"PropertyValueSpecification","valueRequired":true,"valueName":"search_term_string"}}],"inLanguage":"fr-FR"}]}},"_links":{"self":[{"href":"https:\/\/bogensportdiscount.ch\/fr\/wp-json\/wp\/v2\/product\/392224","targetHints":{"allow":["GET"]}}],"collection":[{"href":"https:\/\/bogensportdiscount.ch\/fr\/wp-json\/wp\/v2\/product"}],"about":[{"href":"https:\/\/bogensportdiscount.ch\/fr\/wp-json\/wp\/v2\/types\/product"}],"replies":[{"embeddable":true,"href":"https:\/\/bogensportdiscount.ch\/fr\/wp-json\/wp\/v2\/comments?post=392224"}],"wp:featuredmedia":[{"embeddable":true,"href":"https:\/\/bogensportdiscount.ch\/fr\/wp-json\/wp\/v2\/media\/446727"}],"wp:attachment":[{"href":"https:\/\/bogensportdiscount.ch\/fr\/wp-json\/wp\/v2\/media?parent=392224"}],"wp:term":[{"taxonomy":"product_brand","embeddable":true,"href":"https:\/\/bogensportdiscount.ch\/fr\/wp-json\/wp\/v2\/product_brand?post=392224"},{"taxonomy":"product_cat","embeddable":true,"href":"https:\/\/bogensportdiscount.ch\/fr\/wp-json\/wp\/v2\/product_cat?post=392224"},{"taxonomy":"product_tag","embeddable":true,"href":"https:\/\/bogensportdiscount.ch\/fr\/wp-json\/wp\/v2\/product_tag?post=392224"}],"curies":[{"name":"wp","href":"https:\/\/api.w.org\/{rel}","templated":true}]}}