{"id":392208,"date":"2026-04-05T14:25:19","date_gmt":"2026-04-05T12:25:19","guid":{"rendered":"https:\/\/bogensportdiscount.ch\/produkt\/specialtyarcheryprod-specialty-archery-podium-peep-aperture-kit-contains-all-6-apertures\/"},"modified":"2026-04-15T12:13:52","modified_gmt":"2026-04-15T10:13:52","slug":"specialtyarcheryprod-specialty-archery-podium-peep-aperture-kit-alle-6-aperturen","status":"publish","type":"product","link":"https:\/\/bogensportdiscount.ch\/fr\/produit\/specialtyarcheryprod-specialty-archery-podium-peep-aperture-kit-alle-6-aperturen\/","title":{"rendered":"SPECIALTYARCHERYPROD SPECIALTY ARCHERY PODIUM PEEP APERTURE KIT contient toutes les 6 ouvertures"},"content":{"rendered":"<p>Das Specialty Archery Podium Peep Aperture Kit ist ein vollst\u00e4ndiges Set mit allen 6 Aperturen, die f\u00fcr das Podium Peep-Sight-System erh\u00e4ltlich sind. Peep-Sight-Aperturen beeinflussen das Sichtfeld sowie die Sch\u00e4rfe des Zielbilds und erm\u00f6glichen eine individuelle Anpassung an die jeweiligen Bedingungen.<\/p>\n<p>Durch den Kauf des Komplettsets stehen alle verf\u00fcgbaren \u00d6ffnungsgr\u00f6ssen sofort zur Verf\u00fcgung, sodass der Sch\u00fctze gezielt zwischen den Varianten w\u00e4hlen und die optimale Apertur f\u00fcr seine Anforderungen ermitteln kann.<\/p>\n<ul>\n<li>Enth\u00e4lt alle 6 Aperturen des Podium Systems<\/li>\n<li>Kompatibel mit Specialty Archery Podium Peep-Sights<\/li>\n<li>Verschiedene \u00d6ffnungsgr\u00f6ssen f\u00fcr unterschiedliche Licht- und Schiessbedingungen<\/li>\n<li>Praktische Komplettl\u00f6sung f\u00fcr den direkten Vergleich<\/li>\n<\/ul>","protected":false},"excerpt":{"rendered":"<p><strong>Marque :<\/strong> Specialty Archery Products<br \/><strong>GTIN:<\/strong> 095784880108<\/p>","protected":false},"featured_media":446748,"comment_status":"open","ping_status":"closed","template":"","meta":[],"product_brand":[815],"product_cat":[4224],"product_tag":[3546],"class_list":{"0":"post-392208","1":"product","2":"type-product","3":"status-publish","4":"has-post-thumbnail","6":"product_brand-specialtyarcheryprod","7":"product_cat-peep-einsaetze","8":"product_tag-neuheit","10":"first","11":"instock","12":"shipping-taxable","13":"purchasable","14":"product-type-simple"},"_links":{"self":[{"href":"https:\/\/bogensportdiscount.ch\/fr\/wp-json\/wp\/v2\/product\/392208","targetHints":{"allow":["GET"]}}],"collection":[{"href":"https:\/\/bogensportdiscount.ch\/fr\/wp-json\/wp\/v2\/product"}],"about":[{"href":"https:\/\/bogensportdiscount.ch\/fr\/wp-json\/wp\/v2\/types\/product"}],"replies":[{"embeddable":true,"href":"https:\/\/bogensportdiscount.ch\/fr\/wp-json\/wp\/v2\/comments?post=392208"}],"wp:featuredmedia":[{"embeddable":true,"href":"https:\/\/bogensportdiscount.ch\/fr\/wp-json\/wp\/v2\/media\/446748"}],"wp:attachment":[{"href":"https:\/\/bogensportdiscount.ch\/fr\/wp-json\/wp\/v2\/media?parent=392208"}],"wp:term":[{"taxonomy":"product_brand","embeddable":true,"href":"https:\/\/bogensportdiscount.ch\/fr\/wp-json\/wp\/v2\/product_brand?post=392208"},{"taxonomy":"product_cat","embeddable":true,"href":"https:\/\/bogensportdiscount.ch\/fr\/wp-json\/wp\/v2\/product_cat?post=392208"},{"taxonomy":"product_tag","embeddable":true,"href":"https:\/\/bogensportdiscount.ch\/fr\/wp-json\/wp\/v2\/product_tag?post=392208"}],"curies":[{"name":"wp","href":"https:\/\/api.w.org\/{rel}","templated":true}]}}