{"id":392192,"date":"2026-04-05T14:25:16","date_gmt":"2026-04-05T12:25:16","guid":{"rendered":"https:\/\/bogensportdiscount.ch\/produkt\/ek-poelang-compound-crossbow-set-accelerator-370-black-390fps-185lbs-scope-acces\/"},"modified":"2026-04-20T12:47:29","modified_gmt":"2026-04-20T10:47:29","slug":"ekpoelang-accelerator-370-plus-compound-armbrust-set-schwarz-390fps-185lbs","status":"publish","type":"product","link":"https:\/\/bogensportdiscount.ch\/fr\/produit\/ekpoelang-accelerator-370-plus-compound-armbrust-set-schwarz-390fps-185lbs\/","title":{"rendered":"EK POELANG COMPOUND ARMBRUST SET ACCELERATOR 370+ BLACK 390fps 185LBS ZIELFERNROHR &#038; ZUBEHOER"},"content":{"rendered":"<p>Die EK Archery Accelerator 370+ Compound-Armbrust ist auf maximale Leistung ausgelegt. Mit einem Zuggewicht von 185 lbs erreicht sie Pfeilgeschwindigkeiten von bis zu 390 fps, was sie zu einer leistungsstarken Wahl f\u00fcr Jagd und Zielschuss macht.<\/p>\n<p>Das Set kommt komplett ausgestattet und beinhaltet ein montiertes Zielfernrohr sowie passendes Zubeh\u00f6r, sodass ein schneller Einstieg ohne zus\u00e4tzliche Anschaffungen m\u00f6glich ist. Die schwarze Ausf\u00fchrung verleiht der Armbrust ein schlichtes, robustes Erscheinungsbild.<\/p>\n<ul>\n<li>Pfeilgeschwindigkeit: bis zu 390 fps<\/li>\n<li>Poids de traction : 185 lbs<\/li>\n<li>Inklusive Zielfernrohr und Zubeh\u00f6r<\/li>\n<li>Compound-Bauweise f\u00fcr hohe Energie\u00fcbertragung<\/li>\n<\/ul>","protected":false},"excerpt":{"rendered":"<p><strong>Marque :<\/strong> EK &#8211; Poelang<br \/><strong>Poids de tir (Lbs):<\/strong> 185<br \/><strong>Couleur:<\/strong> Noir<br \/><strong>FPS:<\/strong> 390<\/p>","protected":false},"featured_media":453631,"comment_status":"open","ping_status":"closed","template":"","meta":[],"product_brand":[471],"product_cat":[4162],"product_tag":[3546],"class_list":{"0":"post-392192","1":"product","2":"type-product","3":"status-publish","4":"has-post-thumbnail","6":"product_brand-ekpoelang","7":"product_cat-compound-armbrueste-armbueste","8":"product_tag-neuheit","10":"first","11":"instock","12":"shipping-taxable","13":"purchasable","14":"product-type-simple"},"yoast_head":"<!-- This site is optimized with the Yoast SEO plugin v27.4 - https:\/\/yoast.com\/product\/yoast-seo-wordpress\/ -->\n<title>ENSEMBLE D&#x27;ARBAL\u00c8TE EK POELANG COMPOUND ACCELERATOR 370+ NOIR 390 fps 185 lbs LUNETTE DE VIS\u00c9E ET ACCESSOIRES - Bogensportdiscount \u2013 Arcs, fl\u00e8ches, cibles et accessoires<\/title>\n<meta name=\"description\" content=\"Achetez l&#x27;ensemble d&#x27;arbal\u00e8te EK POELANG COMPOUND ACCELERATOR 370+ BLACK 390 fps 185 lbs avec lunette de vis\u00e9e et accessoires \u00e0 un prix avantageux chez Bogensportdiscount \u2013 Grandes marques, livraison rapide depuis la Suisse.\" \/>\n<meta name=\"robots\" content=\"noindex, follow, max-snippet:-1, max-image-preview:large, max-video-preview:-1\" \/>\n<meta property=\"og:locale\" content=\"fr_FR\" \/>\n<meta property=\"og:type\" content=\"article\" \/>\n<meta property=\"og:title\" content=\"ENSEMBLE D&#x27;ARBAL\u00c8TE EK POELANG COMPOUND ACCELERATOR 370+ NOIR 390 fps 185 lbs LUNETTE DE VIS\u00c9E ET ACCESSOIRES - Bogensportdiscount \u2013 Arcs, fl\u00e8ches, cibles et accessoires\" \/>\n<meta property=\"og:description\" content=\"Achetez l&#x27;ensemble d&#x27;arbal\u00e8te EK POELANG COMPOUND ACCELERATOR 370+ BLACK 390 fps 185 lbs avec lunette de vis\u00e9e et accessoires \u00e0 un prix avantageux chez Bogensportdiscount \u2013 Grandes marques, livraison rapide depuis la Suisse.\" \/>\n<meta property=\"og:url\" content=\"https:\/\/bogensportdiscount.ch\/fr\/prodotto\/ekpoelang-accelerator-370-plus-compound-armbrust-set-schwarz-390fps-185lbs\/\" \/>\n<meta property=\"og:site_name\" content=\"Bogensportdiscount \u2013 B\u00f6gen, Pfeile, Targets &amp; Zubeh\u00f6r\" \/>\n<meta property=\"article:modified_time\" content=\"2026-04-20T10:47:29+00:00\" \/>\n<meta property=\"og:image\" content=\"https:\/\/bogensportdiscount.ch\/wp-content\/uploads\/bsm-images\/A035376_1.png\" \/>\n\t<meta property=\"og:image:width\" content=\"1164\" \/>\n\t<meta property=\"og:image:height\" content=\"780\" \/>\n\t<meta property=\"og:image:type\" content=\"image\/png\" \/>\n<meta name=\"twitter:card\" content=\"summary_large_image\" \/>\n<script type=\"application\/ld+json\" class=\"yoast-schema-graph\">{\"@context\":\"https:\\\/\\\/schema.org\",\"@graph\":[{\"@type\":\"WebPage\",\"@id\":\"https:\\\/\\\/bogensportdiscount.ch\\\/it\\\/prodotto\\\/ekpoelang-accelerator-370-plus-compound-armbrust-set-schwarz-390fps-185lbs\\\/\",\"url\":\"https:\\\/\\\/bogensportdiscount.ch\\\/it\\\/prodotto\\\/ekpoelang-accelerator-370-plus-compound-armbrust-set-schwarz-390fps-185lbs\\\/\",\"name\":\"EK POELANG COMPOUND ARMBRUST SET ACCELERATOR 370+ BLACK 390fps 185LBS ZIELFERNROHR & ZUBEHOER - Bogensportdiscount \u2013 B\u00f6gen, Pfeile, Targets &amp; Zubeh\u00f6r\",\"isPartOf\":{\"@id\":\"https:\\\/\\\/bogensportdiscount.ch\\\/#website\"},\"primaryImageOfPage\":{\"@id\":\"https:\\\/\\\/bogensportdiscount.ch\\\/it\\\/prodotto\\\/ekpoelang-accelerator-370-plus-compound-armbrust-set-schwarz-390fps-185lbs\\\/#primaryimage\"},\"image\":{\"@id\":\"https:\\\/\\\/bogensportdiscount.ch\\\/it\\\/prodotto\\\/ekpoelang-accelerator-370-plus-compound-armbrust-set-schwarz-390fps-185lbs\\\/#primaryimage\"},\"thumbnailUrl\":\"https:\\\/\\\/bogensportdiscount.ch\\\/wp-content\\\/uploads\\\/2026\\\/04\\\/bogensportdiscount.ch-pfeile-boegen-zubehoer-fuer-anfaenger-und-profis-zum-besten-preis-Symbolbild-kein-foto-zu-diesem-artikel_01.jpg\",\"datePublished\":\"2026-04-05T12:25:16+00:00\",\"dateModified\":\"2026-04-20T10:47:29+00:00\",\"description\":\"EK POELANG COMPOUND ARMBRUST SET ACCELERATOR 370+ BLACK 390fps 185LBS ZIELFERNROHR & ZUBEHOER g\u00fcnstig kaufen bei Bogensportdiscount \u2013 Top-Marken, schneller Versand aus der Schweiz.\",\"breadcrumb\":{\"@id\":\"https:\\\/\\\/bogensportdiscount.ch\\\/it\\\/prodotto\\\/ekpoelang-accelerator-370-plus-compound-armbrust-set-schwarz-390fps-185lbs\\\/#breadcrumb\"},\"inLanguage\":\"fr-FR\",\"potentialAction\":[{\"@type\":\"ReadAction\",\"target\":[\"https:\\\/\\\/bogensportdiscount.ch\\\/it\\\/prodotto\\\/ekpoelang-accelerator-370-plus-compound-armbrust-set-schwarz-390fps-185lbs\\\/\"]}]},{\"@type\":\"ImageObject\",\"inLanguage\":\"fr-FR\",\"@id\":\"https:\\\/\\\/bogensportdiscount.ch\\\/it\\\/prodotto\\\/ekpoelang-accelerator-370-plus-compound-armbrust-set-schwarz-390fps-185lbs\\\/#primaryimage\",\"url\":\"https:\\\/\\\/bogensportdiscount.ch\\\/wp-content\\\/uploads\\\/2026\\\/04\\\/bogensportdiscount.ch-pfeile-boegen-zubehoer-fuer-anfaenger-und-profis-zum-besten-preis-Symbolbild-kein-foto-zu-diesem-artikel_01.jpg\",\"contentUrl\":\"https:\\\/\\\/bogensportdiscount.ch\\\/wp-content\\\/uploads\\\/2026\\\/04\\\/bogensportdiscount.ch-pfeile-boegen-zubehoer-fuer-anfaenger-und-profis-zum-besten-preis-Symbolbild-kein-foto-zu-diesem-artikel_01.jpg\",\"width\":1080,\"height\":1080},{\"@type\":\"BreadcrumbList\",\"@id\":\"https:\\\/\\\/bogensportdiscount.ch\\\/it\\\/prodotto\\\/ekpoelang-accelerator-370-plus-compound-armbrust-set-schwarz-390fps-185lbs\\\/#breadcrumb\",\"itemListElement\":[{\"@type\":\"ListItem\",\"position\":1,\"name\":\"Home\",\"item\":\"https:\\\/\\\/bogensportdiscount.ch\\\/\"},{\"@type\":\"ListItem\",\"position\":2,\"name\":\"Shop\",\"item\":\"https:\\\/\\\/bogensportdiscount.ch\\\/shop\\\/\"},{\"@type\":\"ListItem\",\"position\":3,\"name\":\"EK POELANG COMPOUND ARMBRUST SET ACCELERATOR 370+ BLACK 390fps 185LBS ZIELFERNROHR &#038; ZUBEHOER\"}]},{\"@type\":\"WebSite\",\"@id\":\"https:\\\/\\\/bogensportdiscount.ch\\\/#website\",\"url\":\"https:\\\/\\\/bogensportdiscount.ch\\\/\",\"name\":\"Bogensportdiscount\",\"description\":\"\",\"potentialAction\":[{\"@type\":\"SearchAction\",\"target\":{\"@type\":\"EntryPoint\",\"urlTemplate\":\"https:\\\/\\\/bogensportdiscount.ch\\\/?s={search_term_string}\"},\"query-input\":{\"@type\":\"PropertyValueSpecification\",\"valueRequired\":true,\"valueName\":\"search_term_string\"}}],\"inLanguage\":\"fr-FR\"}]}<\/script>\n<!-- \/ Yoast SEO plugin. -->","yoast_head_json":{"title":"ENSEMBLE D&#x27;ARBAL\u00c8TE EK POELANG COMPOUND ACCELERATOR 370+ NOIR 390 fps 185 lbs LUNETTE DE VIS\u00c9E ET ACCESSOIRES - Bogensportdiscount \u2013 Arcs, fl\u00e8ches, cibles et accessoires","description":"Achetez l&#x27;ensemble d&#x27;arbal\u00e8te EK POELANG COMPOUND ACCELERATOR 370+ BLACK 390 fps 185 lbs avec lunette de vis\u00e9e et accessoires \u00e0 un prix avantageux chez Bogensportdiscount \u2013 Grandes marques, livraison rapide depuis la Suisse.","robots":{"index":"noindex","follow":"follow","max-snippet":"max-snippet:-1","max-image-preview":"max-image-preview:large","max-video-preview":"max-video-preview:-1"},"og_locale":"fr_FR","og_type":"article","og_title":"ENSEMBLE D&#x27;ARBAL\u00c8TE EK POELANG COMPOUND ACCELERATOR 370+ NOIR 390 fps 185 lbs LUNETTE DE VIS\u00c9E ET ACCESSOIRES - Bogensportdiscount \u2013 Arcs, fl\u00e8ches, cibles et accessoires","og_description":"Achetez l&#x27;ensemble d&#x27;arbal\u00e8te EK POELANG COMPOUND ACCELERATOR 370+ BLACK 390 fps 185 lbs avec lunette de vis\u00e9e et accessoires \u00e0 un prix avantageux chez Bogensportdiscount \u2013 Grandes marques, livraison rapide depuis la Suisse.","og_url":"https:\/\/bogensportdiscount.ch\/fr\/prodotto\/ekpoelang-accelerator-370-plus-compound-armbrust-set-schwarz-390fps-185lbs\/","og_site_name":"Bogensportdiscount \u2013 B\u00f6gen, Pfeile, Targets &amp; Zubeh\u00f6r","article_modified_time":"2026-04-20T10:47:29+00:00","og_image":[{"width":1164,"height":780,"url":"https:\/\/bogensportdiscount.ch\/wp-content\/uploads\/bsm-images\/A035376_1.png","type":"image\/png"}],"twitter_card":"summary_large_image","schema":{"@context":"https:\/\/schema.org","@graph":[{"@type":"WebPage","@id":"https:\/\/bogensportdiscount.ch\/it\/prodotto\/ekpoelang-accelerator-370-plus-compound-armbrust-set-schwarz-390fps-185lbs\/","url":"https:\/\/bogensportdiscount.ch\/it\/prodotto\/ekpoelang-accelerator-370-plus-compound-armbrust-set-schwarz-390fps-185lbs\/","name":"ENSEMBLE D&#x27;ARBAL\u00c8TE EK POELANG COMPOUND ACCELERATOR 370+ NOIR 390 fps 185 lbs LUNETTE DE VIS\u00c9E ET ACCESSOIRES - Bogensportdiscount \u2013 Arcs, fl\u00e8ches, cibles et accessoires","isPartOf":{"@id":"https:\/\/bogensportdiscount.ch\/#website"},"primaryImageOfPage":{"@id":"https:\/\/bogensportdiscount.ch\/it\/prodotto\/ekpoelang-accelerator-370-plus-compound-armbrust-set-schwarz-390fps-185lbs\/#primaryimage"},"image":{"@id":"https:\/\/bogensportdiscount.ch\/it\/prodotto\/ekpoelang-accelerator-370-plus-compound-armbrust-set-schwarz-390fps-185lbs\/#primaryimage"},"thumbnailUrl":"https:\/\/bogensportdiscount.ch\/wp-content\/uploads\/2026\/04\/bogensportdiscount.ch-pfeile-boegen-zubehoer-fuer-anfaenger-und-profis-zum-besten-preis-Symbolbild-kein-foto-zu-diesem-artikel_01.jpg","datePublished":"2026-04-05T12:25:16+00:00","dateModified":"2026-04-20T10:47:29+00:00","description":"Achetez l&#x27;ensemble d&#x27;arbal\u00e8te EK POELANG COMPOUND ACCELERATOR 370+ BLACK 390 fps 185 lbs avec lunette de vis\u00e9e et accessoires \u00e0 un prix avantageux chez Bogensportdiscount \u2013 Grandes marques, livraison rapide depuis la Suisse.","breadcrumb":{"@id":"https:\/\/bogensportdiscount.ch\/it\/prodotto\/ekpoelang-accelerator-370-plus-compound-armbrust-set-schwarz-390fps-185lbs\/#breadcrumb"},"inLanguage":"fr-FR","potentialAction":[{"@type":"ReadAction","target":["https:\/\/bogensportdiscount.ch\/it\/prodotto\/ekpoelang-accelerator-370-plus-compound-armbrust-set-schwarz-390fps-185lbs\/"]}]},{"@type":"ImageObject","inLanguage":"fr-FR","@id":"https:\/\/bogensportdiscount.ch\/it\/prodotto\/ekpoelang-accelerator-370-plus-compound-armbrust-set-schwarz-390fps-185lbs\/#primaryimage","url":"https:\/\/bogensportdiscount.ch\/wp-content\/uploads\/2026\/04\/bogensportdiscount.ch-pfeile-boegen-zubehoer-fuer-anfaenger-und-profis-zum-besten-preis-Symbolbild-kein-foto-zu-diesem-artikel_01.jpg","contentUrl":"https:\/\/bogensportdiscount.ch\/wp-content\/uploads\/2026\/04\/bogensportdiscount.ch-pfeile-boegen-zubehoer-fuer-anfaenger-und-profis-zum-besten-preis-Symbolbild-kein-foto-zu-diesem-artikel_01.jpg","width":1080,"height":1080},{"@type":"BreadcrumbList","@id":"https:\/\/bogensportdiscount.ch\/it\/prodotto\/ekpoelang-accelerator-370-plus-compound-armbrust-set-schwarz-390fps-185lbs\/#breadcrumb","itemListElement":[{"@type":"ListItem","position":1,"name":"Home","item":"https:\/\/bogensportdiscount.ch\/"},{"@type":"ListItem","position":2,"name":"Shop","item":"https:\/\/bogensportdiscount.ch\/shop\/"},{"@type":"ListItem","position":3,"name":"EK POELANG COMPOUND ARMBRUST SET ACCELERATOR 370+ BLACK 390fps 185LBS ZIELFERNROHR &#038; ZUBEHOER"}]},{"@type":"WebSite","@id":"https:\/\/bogensportdiscount.ch\/#website","url":"https:\/\/bogensportdiscount.ch\/","name":"Bogensportdiscount","description":"","potentialAction":[{"@type":"SearchAction","target":{"@type":"EntryPoint","urlTemplate":"https:\/\/bogensportdiscount.ch\/?s={search_term_string}"},"query-input":{"@type":"PropertyValueSpecification","valueRequired":true,"valueName":"search_term_string"}}],"inLanguage":"fr-FR"}]}},"_links":{"self":[{"href":"https:\/\/bogensportdiscount.ch\/fr\/wp-json\/wp\/v2\/product\/392192","targetHints":{"allow":["GET"]}}],"collection":[{"href":"https:\/\/bogensportdiscount.ch\/fr\/wp-json\/wp\/v2\/product"}],"about":[{"href":"https:\/\/bogensportdiscount.ch\/fr\/wp-json\/wp\/v2\/types\/product"}],"replies":[{"embeddable":true,"href":"https:\/\/bogensportdiscount.ch\/fr\/wp-json\/wp\/v2\/comments?post=392192"}],"wp:featuredmedia":[{"embeddable":true,"href":"https:\/\/bogensportdiscount.ch\/fr\/wp-json\/wp\/v2\/media\/453631"}],"wp:attachment":[{"href":"https:\/\/bogensportdiscount.ch\/fr\/wp-json\/wp\/v2\/media?parent=392192"}],"wp:term":[{"taxonomy":"product_brand","embeddable":true,"href":"https:\/\/bogensportdiscount.ch\/fr\/wp-json\/wp\/v2\/product_brand?post=392192"},{"taxonomy":"product_cat","embeddable":true,"href":"https:\/\/bogensportdiscount.ch\/fr\/wp-json\/wp\/v2\/product_cat?post=392192"},{"taxonomy":"product_tag","embeddable":true,"href":"https:\/\/bogensportdiscount.ch\/fr\/wp-json\/wp\/v2\/product_tag?post=392192"}],"curies":[{"name":"wp","href":"https:\/\/api.w.org\/{rel}","templated":true}]}}