{"id":392191,"date":"2026-04-05T14:25:16","date_gmt":"2026-04-05T12:25:16","guid":{"rendered":"https:\/\/bogensportdiscount.ch\/produkt\/ekpoelang-recurve-crossbow-sets-jag-ii-pro-260fps-camo-175lbs-red-dot-accesories\/"},"modified":"2026-04-22T12:14:52","modified_gmt":"2026-04-22T10:14:52","slug":"ekpoelang-recurve-armbrust-set-jag-ii-pro-260fps-camo-175lbs-red-dot-zubehoer","status":"publish","type":"product","link":"https:\/\/bogensportdiscount.ch\/fr\/produit\/ekpoelang-recurve-armbrust-set-jag-ii-pro-260fps-camo-175lbs-red-dot-zubehoer\/","title":{"rendered":"EKPOELANG RECURVE CROSSBOW SETS JAG II PRO 260fps CAMO 175lbs RED DOT &amp; ACCESORIES"},"content":{"rendered":"<p>Die EKPOELANG Jag II Pro ist eine Recurve-Armbrust mit einem Zuggewicht von 175 lbs und einer Pfeilgeschwindigkeit von bis zu 260 fps. Das Set wird im Camo-Design geliefert und richtet sich an Sch\u00fctzen, die ein vollst\u00e4ndiges Einsteiger- oder Freizeitpaket suchen.<\/p>\n<p>Im Lieferumfang sind ein Red-Dot-Visier sowie weiteres Zubeh\u00f6r enthalten, sodass die Armbrust direkt einsatzbereit ist. Das Recurve-System zeichnet sich durch eine einfache Wartung und eine robuste Bauweise aus.<\/p>\n<ul>\n<li>Zuggewicht: 175 lbs<\/li>\n<li>Pfeilgeschwindigkeit: bis zu 260 fps<\/li>\n<li>Camo-Farbgebung<\/li>\n<li>Inkl. Red-Dot-Visier und Zubeh\u00f6r<\/li>\n<\/ul>","protected":false},"excerpt":{"rendered":"<table>\n<tr>\n<th>Propri\u00e9t\u00e9<\/th>\n<th>Valeur<\/th>\n<\/tr>\n<tr>\n<td>Marque<\/td>\n<td>EK Poelang<\/td>\n<\/tr>\n<tr>\n<td>Poids de traction<\/td>\n<td>175 lbs<\/td>\n<\/tr>\n<tr>\n<td>Couleur<\/td>\n<td>Camo<\/td>\n<\/tr>\n<tr>\n<td>Vitesse<\/td>\n<td>260 fps<\/td>\n<\/tr>\n<\/table>","protected":false},"featured_media":446776,"comment_status":"open","ping_status":"closed","template":"","meta":[],"product_brand":[471],"product_cat":[4203],"product_tag":[3546],"class_list":{"0":"post-392191","1":"product","2":"type-product","3":"status-publish","4":"has-post-thumbnail","6":"product_brand-ekpoelang","7":"product_cat-recurve-armbrueste-armbueste","8":"product_tag-neuheit","9":"product_shipping_class-bsd-standard","11":"first","12":"instock","13":"shipping-taxable","14":"purchasable","15":"product-type-simple"},"yoast_head":"<!-- This site is optimized with the Yoast SEO plugin v27.4 - https:\/\/yoast.com\/product\/yoast-seo-wordpress\/ -->\n<title>ENSEMBLES D&#x27;ARCS \u00c0 POILS RECURV\u00c9S EKPOELANG JAG II PRO 260 fps CAMOUFLAGE 175 lbs POINT ROUGE ET ACCESSOIRES - Bogensportdiscount \u2013 Arcs, fl\u00e8ches, cibles et accessoires<\/title>\n<meta name=\"description\" content=\"Achetez les kits d&#x27;arbal\u00e8te recurve EKPOELANG JAG II PRO 260 fps CAMO 175 lbs avec viseur \u00e0 point rouge et accessoires \u00e0 prix avantageux chez Bogensportdiscount \u2013 Grandes marques, livraison rapide depuis la Suisse.\" \/>\n<meta name=\"robots\" content=\"index, follow, max-snippet:-1, max-image-preview:large, max-video-preview:-1\" \/>\n<link rel=\"canonical\" href=\"https:\/\/bogensportdiscount.ch\/fr\/prodotto\/ekpoelang-recurve-armbrust-set-jag-ii-pro-260fps-camo-175lbs-red-dot-zubehoer\/\" \/>\n<meta property=\"og:locale\" content=\"fr_FR\" \/>\n<meta property=\"og:type\" content=\"article\" \/>\n<meta property=\"og:title\" content=\"ENSEMBLES D&#x27;ARBRES \u00c0 POILS RECURV\u00c9S EKPOELANG JAG II PRO 260 fps CAMOUFLAGE 175 lbs POINT ROUGE ET ACCESSOIRES - Bogensportdiscount \u2013 Arcs, fl\u00e8ches, cibles et accessoires\" \/>\n<meta property=\"og:description\" content=\"Achetez les kits d&#x27;arbal\u00e8te recurve EKPOELANG JAG II PRO 260 fps CAMO 175 lbs avec viseur \u00e0 point rouge et accessoires \u00e0 prix avantageux chez Bogensportdiscount \u2013 Grandes marques, livraison rapide depuis la Suisse.\" \/>\n<meta property=\"og:url\" content=\"https:\/\/bogensportdiscount.ch\/fr\/prodotto\/ekpoelang-recurve-armbrust-set-jag-ii-pro-260fps-camo-175lbs-red-dot-zubehoer\/\" \/>\n<meta property=\"og:site_name\" content=\"Bogensportdiscount \u2013 B\u00f6gen, Pfeile, Targets &amp; Zubeh\u00f6r\" \/>\n<meta property=\"article:modified_time\" content=\"2026-04-22T10:14:52+00:00\" \/>\n<meta property=\"og:image\" content=\"https:\/\/bogensportdiscount.ch\/wp-content\/uploads\/bsm-images\/A035375_1.png\" \/>\n\t<meta property=\"og:image:width\" content=\"1487\" \/>\n\t<meta property=\"og:image:height\" content=\"982\" \/>\n\t<meta property=\"og:image:type\" content=\"image\/png\" \/>\n<meta name=\"twitter:card\" content=\"summary_large_image\" \/>\n<script type=\"application\/ld+json\" class=\"yoast-schema-graph\">{\"@context\":\"https:\\\/\\\/schema.org\",\"@graph\":[{\"@type\":\"WebPage\",\"@id\":\"https:\\\/\\\/bogensportdiscount.ch\\\/it\\\/prodotto\\\/ekpoelang-recurve-armbrust-set-jag-ii-pro-260fps-camo-175lbs-red-dot-zubehoer\\\/\",\"url\":\"https:\\\/\\\/bogensportdiscount.ch\\\/it\\\/prodotto\\\/ekpoelang-recurve-armbrust-set-jag-ii-pro-260fps-camo-175lbs-red-dot-zubehoer\\\/\",\"name\":\"EKPOELANG RECURVE CROSSBOW SETS JAG II PRO 260fps CAMO 175lbs RED DOT & ACCESORIES - Bogensportdiscount \u2013 B\u00f6gen, Pfeile, Targets &amp; Zubeh\u00f6r\",\"isPartOf\":{\"@id\":\"https:\\\/\\\/bogensportdiscount.ch\\\/#website\"},\"primaryImageOfPage\":{\"@id\":\"https:\\\/\\\/bogensportdiscount.ch\\\/it\\\/prodotto\\\/ekpoelang-recurve-armbrust-set-jag-ii-pro-260fps-camo-175lbs-red-dot-zubehoer\\\/#primaryimage\"},\"image\":{\"@id\":\"https:\\\/\\\/bogensportdiscount.ch\\\/it\\\/prodotto\\\/ekpoelang-recurve-armbrust-set-jag-ii-pro-260fps-camo-175lbs-red-dot-zubehoer\\\/#primaryimage\"},\"thumbnailUrl\":\"https:\\\/\\\/bogensportdiscount.ch\\\/wp-content\\\/uploads\\\/bsm-images\\\/A035375_1.png\",\"datePublished\":\"2026-04-05T12:25:16+00:00\",\"dateModified\":\"2026-04-22T10:14:52+00:00\",\"description\":\"EKPOELANG RECURVE CROSSBOW SETS JAG II PRO 260fps CAMO 175lbs RED DOT & ACCESORIES g\u00fcnstig kaufen bei Bogensportdiscount \u2013 Top-Marken, schneller Versand aus der Schweiz.\",\"breadcrumb\":{\"@id\":\"https:\\\/\\\/bogensportdiscount.ch\\\/it\\\/prodotto\\\/ekpoelang-recurve-armbrust-set-jag-ii-pro-260fps-camo-175lbs-red-dot-zubehoer\\\/#breadcrumb\"},\"inLanguage\":\"fr-FR\",\"potentialAction\":[{\"@type\":\"ReadAction\",\"target\":[\"https:\\\/\\\/bogensportdiscount.ch\\\/it\\\/prodotto\\\/ekpoelang-recurve-armbrust-set-jag-ii-pro-260fps-camo-175lbs-red-dot-zubehoer\\\/\"]}]},{\"@type\":\"ImageObject\",\"inLanguage\":\"fr-FR\",\"@id\":\"https:\\\/\\\/bogensportdiscount.ch\\\/it\\\/prodotto\\\/ekpoelang-recurve-armbrust-set-jag-ii-pro-260fps-camo-175lbs-red-dot-zubehoer\\\/#primaryimage\",\"url\":\"https:\\\/\\\/bogensportdiscount.ch\\\/wp-content\\\/uploads\\\/bsm-images\\\/A035375_1.png\",\"contentUrl\":\"https:\\\/\\\/bogensportdiscount.ch\\\/wp-content\\\/uploads\\\/bsm-images\\\/A035375_1.png\",\"width\":1487,\"height\":982},{\"@type\":\"BreadcrumbList\",\"@id\":\"https:\\\/\\\/bogensportdiscount.ch\\\/it\\\/prodotto\\\/ekpoelang-recurve-armbrust-set-jag-ii-pro-260fps-camo-175lbs-red-dot-zubehoer\\\/#breadcrumb\",\"itemListElement\":[{\"@type\":\"ListItem\",\"position\":1,\"name\":\"Home\",\"item\":\"https:\\\/\\\/bogensportdiscount.ch\\\/\"},{\"@type\":\"ListItem\",\"position\":2,\"name\":\"Shop\",\"item\":\"https:\\\/\\\/bogensportdiscount.ch\\\/shop\\\/\"},{\"@type\":\"ListItem\",\"position\":3,\"name\":\"EKPOELANG RECURVE CROSSBOW SETS JAG II PRO 260fps CAMO 175lbs RED DOT &#038; ACCESORIES\"}]},{\"@type\":\"WebSite\",\"@id\":\"https:\\\/\\\/bogensportdiscount.ch\\\/#website\",\"url\":\"https:\\\/\\\/bogensportdiscount.ch\\\/\",\"name\":\"Bogensportdiscount\",\"description\":\"\",\"potentialAction\":[{\"@type\":\"SearchAction\",\"target\":{\"@type\":\"EntryPoint\",\"urlTemplate\":\"https:\\\/\\\/bogensportdiscount.ch\\\/?s={search_term_string}\"},\"query-input\":{\"@type\":\"PropertyValueSpecification\",\"valueRequired\":true,\"valueName\":\"search_term_string\"}}],\"inLanguage\":\"fr-FR\"}]}<\/script>\n<!-- \/ Yoast SEO plugin. -->","yoast_head_json":{"title":"ENSEMBLES D&#x27;ARCS \u00c0 POILS RECURV\u00c9S EKPOELANG JAG II PRO 260 fps CAMOUFLAGE 175 lbs POINT ROUGE ET ACCESSOIRES - Bogensportdiscount \u2013 Arcs, fl\u00e8ches, cibles et accessoires","description":"Achetez les kits d&#x27;arbal\u00e8te recurve EKPOELANG JAG II PRO 260 fps CAMO 175 lbs avec viseur \u00e0 point rouge et accessoires \u00e0 prix avantageux chez Bogensportdiscount \u2013 Grandes marques, livraison rapide depuis la Suisse.","robots":{"index":"index","follow":"follow","max-snippet":"max-snippet:-1","max-image-preview":"max-image-preview:large","max-video-preview":"max-video-preview:-1"},"canonical":"https:\/\/bogensportdiscount.ch\/fr\/prodotto\/ekpoelang-recurve-armbrust-set-jag-ii-pro-260fps-camo-175lbs-red-dot-zubehoer\/","og_locale":"fr_FR","og_type":"article","og_title":"ENSEMBLES D&#x27;ARBRES \u00c0 POILS RECURV\u00c9S EKPOELANG JAG II PRO 260 fps CAMOUFLAGE 175 lbs POINT ROUGE ET ACCESSOIRES - Bogensportdiscount \u2013 Arcs, fl\u00e8ches, cibles et accessoires","og_description":"Achetez les kits d&#x27;arbal\u00e8te recurve EKPOELANG JAG II PRO 260 fps CAMO 175 lbs avec viseur \u00e0 point rouge et accessoires \u00e0 prix avantageux chez Bogensportdiscount \u2013 Grandes marques, livraison rapide depuis la Suisse.","og_url":"https:\/\/bogensportdiscount.ch\/fr\/prodotto\/ekpoelang-recurve-armbrust-set-jag-ii-pro-260fps-camo-175lbs-red-dot-zubehoer\/","og_site_name":"Bogensportdiscount \u2013 B\u00f6gen, Pfeile, Targets &amp; Zubeh\u00f6r","article_modified_time":"2026-04-22T10:14:52+00:00","og_image":[{"width":1487,"height":982,"url":"https:\/\/bogensportdiscount.ch\/wp-content\/uploads\/bsm-images\/A035375_1.png","type":"image\/png"}],"twitter_card":"summary_large_image","schema":{"@context":"https:\/\/schema.org","@graph":[{"@type":"WebPage","@id":"https:\/\/bogensportdiscount.ch\/it\/prodotto\/ekpoelang-recurve-armbrust-set-jag-ii-pro-260fps-camo-175lbs-red-dot-zubehoer\/","url":"https:\/\/bogensportdiscount.ch\/it\/prodotto\/ekpoelang-recurve-armbrust-set-jag-ii-pro-260fps-camo-175lbs-red-dot-zubehoer\/","name":"ENSEMBLES D&#x27;ARBRES \u00c0 POILS RECURV\u00c9S EKPOELANG JAG II PRO 260 fps CAMOUFLAGE 175 lbs POINT ROUGE ET ACCESSOIRES - Bogensportdiscount \u2013 Arcs, fl\u00e8ches, cibles et accessoires","isPartOf":{"@id":"https:\/\/bogensportdiscount.ch\/#website"},"primaryImageOfPage":{"@id":"https:\/\/bogensportdiscount.ch\/it\/prodotto\/ekpoelang-recurve-armbrust-set-jag-ii-pro-260fps-camo-175lbs-red-dot-zubehoer\/#primaryimage"},"image":{"@id":"https:\/\/bogensportdiscount.ch\/it\/prodotto\/ekpoelang-recurve-armbrust-set-jag-ii-pro-260fps-camo-175lbs-red-dot-zubehoer\/#primaryimage"},"thumbnailUrl":"https:\/\/bogensportdiscount.ch\/wp-content\/uploads\/bsm-images\/A035375_1.png","datePublished":"2026-04-05T12:25:16+00:00","dateModified":"2026-04-22T10:14:52+00:00","description":"Achetez les kits d&#x27;arbal\u00e8te recurve EKPOELANG JAG II PRO 260 fps CAMO 175 lbs avec viseur \u00e0 point rouge et accessoires \u00e0 prix avantageux chez Bogensportdiscount \u2013 Grandes marques, livraison rapide depuis la Suisse.","breadcrumb":{"@id":"https:\/\/bogensportdiscount.ch\/it\/prodotto\/ekpoelang-recurve-armbrust-set-jag-ii-pro-260fps-camo-175lbs-red-dot-zubehoer\/#breadcrumb"},"inLanguage":"fr-FR","potentialAction":[{"@type":"ReadAction","target":["https:\/\/bogensportdiscount.ch\/it\/prodotto\/ekpoelang-recurve-armbrust-set-jag-ii-pro-260fps-camo-175lbs-red-dot-zubehoer\/"]}]},{"@type":"ImageObject","inLanguage":"fr-FR","@id":"https:\/\/bogensportdiscount.ch\/it\/prodotto\/ekpoelang-recurve-armbrust-set-jag-ii-pro-260fps-camo-175lbs-red-dot-zubehoer\/#primaryimage","url":"https:\/\/bogensportdiscount.ch\/wp-content\/uploads\/bsm-images\/A035375_1.png","contentUrl":"https:\/\/bogensportdiscount.ch\/wp-content\/uploads\/bsm-images\/A035375_1.png","width":1487,"height":982},{"@type":"BreadcrumbList","@id":"https:\/\/bogensportdiscount.ch\/it\/prodotto\/ekpoelang-recurve-armbrust-set-jag-ii-pro-260fps-camo-175lbs-red-dot-zubehoer\/#breadcrumb","itemListElement":[{"@type":"ListItem","position":1,"name":"Home","item":"https:\/\/bogensportdiscount.ch\/"},{"@type":"ListItem","position":2,"name":"Shop","item":"https:\/\/bogensportdiscount.ch\/shop\/"},{"@type":"ListItem","position":3,"name":"EKPOELANG RECURVE CROSSBOW SETS JAG II PRO 260fps CAMO 175lbs RED DOT &#038; ACCESORIES"}]},{"@type":"WebSite","@id":"https:\/\/bogensportdiscount.ch\/#website","url":"https:\/\/bogensportdiscount.ch\/","name":"Bogensportdiscount","description":"","potentialAction":[{"@type":"SearchAction","target":{"@type":"EntryPoint","urlTemplate":"https:\/\/bogensportdiscount.ch\/?s={search_term_string}"},"query-input":{"@type":"PropertyValueSpecification","valueRequired":true,"valueName":"search_term_string"}}],"inLanguage":"fr-FR"}]}},"_links":{"self":[{"href":"https:\/\/bogensportdiscount.ch\/fr\/wp-json\/wp\/v2\/product\/392191","targetHints":{"allow":["GET"]}}],"collection":[{"href":"https:\/\/bogensportdiscount.ch\/fr\/wp-json\/wp\/v2\/product"}],"about":[{"href":"https:\/\/bogensportdiscount.ch\/fr\/wp-json\/wp\/v2\/types\/product"}],"replies":[{"embeddable":true,"href":"https:\/\/bogensportdiscount.ch\/fr\/wp-json\/wp\/v2\/comments?post=392191"}],"wp:featuredmedia":[{"embeddable":true,"href":"https:\/\/bogensportdiscount.ch\/fr\/wp-json\/wp\/v2\/media\/446776"}],"wp:attachment":[{"href":"https:\/\/bogensportdiscount.ch\/fr\/wp-json\/wp\/v2\/media?parent=392191"}],"wp:term":[{"taxonomy":"product_brand","embeddable":true,"href":"https:\/\/bogensportdiscount.ch\/fr\/wp-json\/wp\/v2\/product_brand?post=392191"},{"taxonomy":"product_cat","embeddable":true,"href":"https:\/\/bogensportdiscount.ch\/fr\/wp-json\/wp\/v2\/product_cat?post=392191"},{"taxonomy":"product_tag","embeddable":true,"href":"https:\/\/bogensportdiscount.ch\/fr\/wp-json\/wp\/v2\/product_tag?post=392191"}],"curies":[{"name":"wp","href":"https:\/\/api.w.org\/{rel}","templated":true}]}}