{"id":392165,"date":"2026-04-05T14:25:10","date_gmt":"2026-04-05T12:25:10","guid":{"rendered":"https:\/\/bogensportdiscount.ch\/produkt\/omp-alignment-levelling-tools-freehand-bow-level-kit\/"},"modified":"2026-04-15T12:13:50","modified_gmt":"2026-04-15T10:13:50","slug":"omp-ausricht-nivellierungswerkzeug-freehand-bow-level-kit","status":"publish","type":"product","link":"https:\/\/bogensportdiscount.ch\/fr\/produit\/omp-ausricht-nivellierungswerkzeug-freehand-bow-level-kit\/","title":{"rendered":"KIT D'ALIGNEMENT ET DE NIVELLEMENT OMP FREEHAND BOW &amp; LEVEL"},"content":{"rendered":"<p>Das OMP Freehand Bow &amp; Level Kit ist ein Werkzeugset f\u00fcr die Ausrichtung und Nivellierung von B\u00f6gen. Es richtet sich an Bogensch\u00fctzen, die ihren Bogen selbst einstellen und justieren m\u00f6chten.<\/p>\n<p>Das Set geh\u00f6rt zur Kategorie der Messwerkzeuge und unterst\u00fctzt beim korrekten Ausrichten von Bogenkomponenten. Mit den enthaltenen Hilfsmitteln lassen sich B\u00f6gen genau nivellieren und auf den Sch\u00fctzen abstimmen.<\/p>\n<ul>\n<li>Ausricht- und Nivellierungswerkzeuge im Set<\/li>\n<li>Geeignet f\u00fcr Freehand-B\u00f6gen<\/li>\n<li>Unterst\u00fctzt die pr\u00e4zise Bogeneinstellung<\/li>\n<li>Kompaktes Kit f\u00fcr den praktischen Einsatz<\/li>\n<\/ul>","protected":false},"excerpt":{"rendered":"<p><strong>Marque :<\/strong> OMP<br \/><strong>GTIN:<\/strong> 811314025616<\/p>","protected":false},"featured_media":442682,"comment_status":"open","ping_status":"closed","template":"","meta":[],"product_brand":[795],"product_cat":[4561],"product_tag":[3546],"class_list":{"0":"post-392165","1":"product","2":"type-product","3":"status-publish","4":"has-post-thumbnail","6":"product_brand-omp","7":"product_cat-alignment-levelling-tools","8":"product_tag-neuheit","10":"first","11":"instock","12":"shipping-taxable","13":"purchasable","14":"product-type-simple"},"_links":{"self":[{"href":"https:\/\/bogensportdiscount.ch\/fr\/wp-json\/wp\/v2\/product\/392165","targetHints":{"allow":["GET"]}}],"collection":[{"href":"https:\/\/bogensportdiscount.ch\/fr\/wp-json\/wp\/v2\/product"}],"about":[{"href":"https:\/\/bogensportdiscount.ch\/fr\/wp-json\/wp\/v2\/types\/product"}],"replies":[{"embeddable":true,"href":"https:\/\/bogensportdiscount.ch\/fr\/wp-json\/wp\/v2\/comments?post=392165"}],"wp:featuredmedia":[{"embeddable":true,"href":"https:\/\/bogensportdiscount.ch\/fr\/wp-json\/wp\/v2\/media\/442682"}],"wp:attachment":[{"href":"https:\/\/bogensportdiscount.ch\/fr\/wp-json\/wp\/v2\/media?parent=392165"}],"wp:term":[{"taxonomy":"product_brand","embeddable":true,"href":"https:\/\/bogensportdiscount.ch\/fr\/wp-json\/wp\/v2\/product_brand?post=392165"},{"taxonomy":"product_cat","embeddable":true,"href":"https:\/\/bogensportdiscount.ch\/fr\/wp-json\/wp\/v2\/product_cat?post=392165"},{"taxonomy":"product_tag","embeddable":true,"href":"https:\/\/bogensportdiscount.ch\/fr\/wp-json\/wp\/v2\/product_tag?post=392165"}],"curies":[{"name":"wp","href":"https:\/\/api.w.org\/{rel}","templated":true}]}}