{"id":392125,"date":"2026-04-05T14:25:01","date_gmt":"2026-04-05T12:25:01","guid":{"rendered":"https:\/\/bogensportdiscount.ch\/produkt\/easton-one-piece-scout-ii-17-64-steel-sleeve-points-100-pk\/"},"modified":"2026-04-17T18:40:48","modified_gmt":"2026-04-17T16:40:48","slug":"easton-einteilige-stahlhuelsen-spitzen-scout-ii-17-64-100er-pack","status":"publish","type":"product","link":"https:\/\/bogensportdiscount.ch\/fr\/produit\/easton-einteilige-stahlhuelsen-spitzen-scout-ii-17-64-100er-pack\/","title":{"rendered":"EASTON ONE-PIECE SCOUT II 17\/64 STEEL SLEEVE POINTS 100\/pk"},"content":{"rendered":"<p>Die Easton Scout II Stahlh\u00fclsen-Spitzen sind einteilige Pfeilspitzen im Kaliber 17\/64 Zoll, ausgelegt f\u00fcr den Einsatz mit Holzpfeilen. Die Stahlh\u00fclsenkonstruktion sorgt f\u00fcr eine zuverl\u00e4ssige Verbindung zwischen Spitze und Pfeilschaft.<\/p>\n<p>Mit einem Gewicht von 100 Grain eignen sich diese Spitzen f\u00fcr den traditionellen Bogensport sowie f\u00fcr das 3D- und Feldschie ssen. Das 100er-Pack macht sie besonders wirtschaftlich f\u00fcr regelm\u00e4ssige Sch\u00fctzen und Vereine.<\/p>\n<ul>\n<li>Einteilige Stahlh\u00fclsenkonstruktion<\/li>\n<li>Kaliber 17\/64 Zoll f\u00fcr Holzpfeile<\/li>\n<li>Poids de 100 grains<\/li>\n<li>100 St\u00fcck im Pack<\/li>\n<\/ul>","protected":false},"excerpt":{"rendered":"<p><strong>Marque :<\/strong> Easton<br \/><strong>Forme :<\/strong> Pointe ronde<br \/><strong>GTIN:<\/strong> 723560831050<\/p>","protected":false},"featured_media":453631,"comment_status":"open","ping_status":"closed","template":"","meta":[],"product_brand":[417],"product_cat":[4549],"product_tag":[3546],"class_list":{"0":"post-392125","1":"product","2":"type-product","3":"status-publish","4":"has-post-thumbnail","6":"product_brand-easton","7":"product_cat-spitzen-holz-schaefte-pfeil-komponenten","8":"product_tag-neuheit","10":"first","11":"instock","12":"shipping-taxable","13":"purchasable","14":"product-type-simple"},"_links":{"self":[{"href":"https:\/\/bogensportdiscount.ch\/fr\/wp-json\/wp\/v2\/product\/392125","targetHints":{"allow":["GET"]}}],"collection":[{"href":"https:\/\/bogensportdiscount.ch\/fr\/wp-json\/wp\/v2\/product"}],"about":[{"href":"https:\/\/bogensportdiscount.ch\/fr\/wp-json\/wp\/v2\/types\/product"}],"replies":[{"embeddable":true,"href":"https:\/\/bogensportdiscount.ch\/fr\/wp-json\/wp\/v2\/comments?post=392125"}],"wp:featuredmedia":[{"embeddable":true,"href":"https:\/\/bogensportdiscount.ch\/fr\/wp-json\/wp\/v2\/media\/453631"}],"wp:attachment":[{"href":"https:\/\/bogensportdiscount.ch\/fr\/wp-json\/wp\/v2\/media?parent=392125"}],"wp:term":[{"taxonomy":"product_brand","embeddable":true,"href":"https:\/\/bogensportdiscount.ch\/fr\/wp-json\/wp\/v2\/product_brand?post=392125"},{"taxonomy":"product_cat","embeddable":true,"href":"https:\/\/bogensportdiscount.ch\/fr\/wp-json\/wp\/v2\/product_cat?post=392125"},{"taxonomy":"product_tag","embeddable":true,"href":"https:\/\/bogensportdiscount.ch\/fr\/wp-json\/wp\/v2\/product_tag?post=392125"}],"curies":[{"name":"wp","href":"https:\/\/api.w.org\/{rel}","templated":true}]}}