{"id":392072,"date":"2026-04-05T14:24:51","date_gmt":"2026-04-05T12:24:51","guid":{"rendered":"https:\/\/bogensportdiscount.ch\/produkt\/maximal-first-light-5-pin-029-rh-lh-incl-sight-light-black\/"},"modified":"2026-04-15T12:13:44","modified_gmt":"2026-04-15T10:13:44","slug":"maximal-compound-visier-first-light-5-pin-029-rh-lh-mit-visierbeleuchtung-schwarz","status":"publish","type":"product","link":"https:\/\/bogensportdiscount.ch\/fr\/produit\/maximal-compound-visier-first-light-5-pin-029-rh-lh-mit-visierbeleuchtung-schwarz\/","title":{"rendered":"MAXIMUM FIRST LIGHT 5 PIN .029\u2033 RH\/LH INCL. SIGHT LIGHT BLACK"},"content":{"rendered":"<p>Das MAXIMAL First Light ist ein vielseitiges Compound-Visier f\u00fcr den Jagd- und 3D-Einsatz. Mit f\u00fcnf Pins in der St\u00e4rke .029&#8243; bietet es eine klare Zielmarkierung f\u00fcr verschiedene Distanzen. Das Visier ist sowohl f\u00fcr Rechts- als auch f\u00fcr Linkssch\u00fctzen ausgelegt.<\/p>\n<p>Im Lieferumfang ist eine Visierbeleuchtung enthalten, die den Einsatz bei schlechten Lichtverh\u00e4ltnissen unterst\u00fctzt \u2014 ein Vorteil besonders bei der Jagd in der D\u00e4mmerung.<\/p>\n<ul>\n<li>5 Pins mit .029&#8243; St\u00e4rke<\/li>\n<li>Geeignet f\u00fcr Rechts- und Linkssch\u00fctzen (RH\/LH)<\/li>\n<li>Inklusive Visierbeleuchtung<\/li>\n<li>Farbe: Schwarz<\/li>\n<\/ul>","protected":false},"excerpt":{"rendered":"<p><strong>Marque :<\/strong> Maximal<br \/><strong>LH\/RH:<\/strong> Beidh\u00e4ndig<br \/><strong>Farbe:<\/strong> Schwarz<br \/><strong>Typ:<\/strong> Direct mount<br \/><strong>Pin count:<\/strong> 5<br \/><strong>Pin size:<\/strong> 029<br \/><strong>GTIN:<\/strong> 6426001647657<\/p>","protected":false},"featured_media":442735,"comment_status":"open","ping_status":"closed","template":"","meta":[],"product_brand":[780],"product_cat":[4263],"product_tag":[3546],"class_list":{"0":"post-392072","1":"product","2":"type-product","3":"status-publish","4":"has-post-thumbnail","6":"product_brand-maximal","7":"product_cat-jagd-und-3d-visiere","8":"product_tag-neuheit","10":"first","11":"instock","12":"shipping-taxable","13":"purchasable","14":"product-type-simple"},"_links":{"self":[{"href":"https:\/\/bogensportdiscount.ch\/fr\/wp-json\/wp\/v2\/product\/392072","targetHints":{"allow":["GET"]}}],"collection":[{"href":"https:\/\/bogensportdiscount.ch\/fr\/wp-json\/wp\/v2\/product"}],"about":[{"href":"https:\/\/bogensportdiscount.ch\/fr\/wp-json\/wp\/v2\/types\/product"}],"replies":[{"embeddable":true,"href":"https:\/\/bogensportdiscount.ch\/fr\/wp-json\/wp\/v2\/comments?post=392072"}],"wp:featuredmedia":[{"embeddable":true,"href":"https:\/\/bogensportdiscount.ch\/fr\/wp-json\/wp\/v2\/media\/442735"}],"wp:attachment":[{"href":"https:\/\/bogensportdiscount.ch\/fr\/wp-json\/wp\/v2\/media?parent=392072"}],"wp:term":[{"taxonomy":"product_brand","embeddable":true,"href":"https:\/\/bogensportdiscount.ch\/fr\/wp-json\/wp\/v2\/product_brand?post=392072"},{"taxonomy":"product_cat","embeddable":true,"href":"https:\/\/bogensportdiscount.ch\/fr\/wp-json\/wp\/v2\/product_cat?post=392072"},{"taxonomy":"product_tag","embeddable":true,"href":"https:\/\/bogensportdiscount.ch\/fr\/wp-json\/wp\/v2\/product_tag?post=392072"}],"curies":[{"name":"wp","href":"https:\/\/api.w.org\/{rel}","templated":true}]}}