{"id":392069,"date":"2026-04-05T14:24:50","date_gmt":"2026-04-05T12:24:50","guid":{"rendered":"https:\/\/bogensportdiscount.ch\/produkt\/decut-basha-acp-10-32-without-pin-rh-lh-black-compound-sights\/"},"modified":"2026-04-17T13:26:15","modified_gmt":"2026-04-17T11:26:15","slug":"decut-compound-visier-basha-acp-10-32-ohne-pin-rh-lh-schwarz","status":"publish","type":"product","link":"https:\/\/bogensportdiscount.ch\/fr\/produit\/decut-compound-visier-basha-acp-10-32-ohne-pin-rh-lh-schwarz\/","title":{"rendered":"DECUT BASHA-ACP 10\/32 WITHOUT PIN RH\/LH BLACK COMPOUND SIGHTS"},"content":{"rendered":"<p>Das DECUT Basha-ACP 10\/32 ist ein Compound-Visier f\u00fcr Recurve- und Compound-Sch\u00fctzen, die ein zuverl\u00e4ssiges und kompaktes Visiersystem suchen. Die 10\/32-Gewindegr\u00f6sse erlaubt die Verwendung handels\u00fcblicher Visier-Pins. Das Visier ist f\u00fcr Rechts- und Linkshandsch\u00fctzen geeignet.<\/p>\n<p>Das Visier wird ohne Pin geliefert, was die individuelle Wahl des Pins entsprechend den eigenen Anforderungen erm\u00f6glicht. Das schlichte schwarze Design sorgt f\u00fcr eine unauff\u00e4llige Optik am Bogen.<\/p>\n<ul>\n<li>Gewindegr\u00f6sse: 10\/32<\/li>\n<li>Geeignet f\u00fcr Rechts- und Linkshandsch\u00fctzen (RH\/LH)<\/li>\n<li>Ohne Pin geliefert<\/li>\n<li>Farbe: Schwarz<\/li>\n<\/ul>","protected":false},"excerpt":{"rendered":"<p><strong>Marque :<\/strong> Decut<br \/><strong>LH\/RH:<\/strong> Beidh\u00e4ndig<br \/><strong>Farbe:<\/strong> Schwarz<\/p>","protected":false},"featured_media":442748,"comment_status":"open","ping_status":"closed","template":"","meta":[],"product_brand":[817],"product_cat":[4261],"product_tag":[3546],"class_list":{"0":"post-392069","1":"product","2":"type-product","3":"status-publish","4":"has-post-thumbnail","6":"product_brand-decut","7":"product_cat-compound-visiere","8":"product_tag-neuheit","10":"first","11":"instock","12":"shipping-taxable","13":"purchasable","14":"product-type-simple"},"_links":{"self":[{"href":"https:\/\/bogensportdiscount.ch\/fr\/wp-json\/wp\/v2\/product\/392069","targetHints":{"allow":["GET"]}}],"collection":[{"href":"https:\/\/bogensportdiscount.ch\/fr\/wp-json\/wp\/v2\/product"}],"about":[{"href":"https:\/\/bogensportdiscount.ch\/fr\/wp-json\/wp\/v2\/types\/product"}],"replies":[{"embeddable":true,"href":"https:\/\/bogensportdiscount.ch\/fr\/wp-json\/wp\/v2\/comments?post=392069"}],"wp:featuredmedia":[{"embeddable":true,"href":"https:\/\/bogensportdiscount.ch\/fr\/wp-json\/wp\/v2\/media\/442748"}],"wp:attachment":[{"href":"https:\/\/bogensportdiscount.ch\/fr\/wp-json\/wp\/v2\/media?parent=392069"}],"wp:term":[{"taxonomy":"product_brand","embeddable":true,"href":"https:\/\/bogensportdiscount.ch\/fr\/wp-json\/wp\/v2\/product_brand?post=392069"},{"taxonomy":"product_cat","embeddable":true,"href":"https:\/\/bogensportdiscount.ch\/fr\/wp-json\/wp\/v2\/product_cat?post=392069"},{"taxonomy":"product_tag","embeddable":true,"href":"https:\/\/bogensportdiscount.ch\/fr\/wp-json\/wp\/v2\/product_tag?post=392069"}],"curies":[{"name":"wp","href":"https:\/\/api.w.org\/{rel}","templated":true}]}}