{"id":392065,"date":"2026-04-05T14:24:49","date_gmt":"2026-04-05T12:24:49","guid":{"rendered":"https:\/\/bogensportdiscount.ch\/produkt\/iqsights-iq-sight-light\/"},"modified":"2026-04-15T12:13:43","modified_gmt":"2026-04-15T10:13:43","slug":"iqsights-visier-beleuchtung-iq-sight-light","status":"publish","type":"product","link":"https:\/\/bogensportdiscount.ch\/fr\/produit\/iqsights-visier-beleuchtung-iq-sight-light\/","title":{"rendered":"IQSIGHTS IQ SIGHT LIGHT"},"content":{"rendered":"<p>Die IQSIGHTS IQ Sight Light ist ein Beleuchtungszubeh\u00f6r, das speziell f\u00fcr den Einsatz an IQ-Visieren entwickelt wurde. Sie erm\u00f6glicht den Einsatz des Visiers auch bei D\u00e4mmerung oder in schlecht beleuchteten Umgebungen \u2013 ein praktischer Vorteil f\u00fcr Jagdb\u00f6gen.<\/p>\n<p>Das Produkt geh\u00f6rt zur Kategorie der Jagdvisier-Teile und erg\u00e4nzt bestehende IQ-Visiereinheiten. Die Montage erfolgt direkt am Visier, ohne dass umfangreiche Anpassungen notwendig sind.<\/p>\n<ul>\n<li>Beleuchtungseinheit f\u00fcr IQ-Visiere<\/li>\n<li>Verbesserte Sichtbarkeit bei schlechten Lichtverh\u00e4ltnissen<\/li>\n<li>Geeignet f\u00fcr Jagdb\u00f6gen<\/li>\n<li>Erg\u00e4nzungszubeh\u00f6r f\u00fcr kompatible IQSIGHTS-Visiere<\/li>\n<\/ul>","protected":false},"excerpt":{"rendered":"<p><strong>Marque :<\/strong> IQ Sights<br \/><strong>Typ:<\/strong> Light<br \/><strong>GTIN:<\/strong> 702649150008<\/p>","protected":false},"featured_media":442753,"comment_status":"open","ping_status":"closed","template":"","meta":[],"product_brand":[827],"product_cat":[4134],"product_tag":[3546],"class_list":{"0":"post-392065","1":"product","2":"type-product","3":"status-publish","4":"has-post-thumbnail","6":"product_brand-iqsights","7":"product_cat-einzelteile-fur-jagd-und-3d","8":"product_tag-neuheit","10":"first","11":"instock","12":"shipping-taxable","13":"purchasable","14":"product-type-simple"},"_links":{"self":[{"href":"https:\/\/bogensportdiscount.ch\/fr\/wp-json\/wp\/v2\/product\/392065","targetHints":{"allow":["GET"]}}],"collection":[{"href":"https:\/\/bogensportdiscount.ch\/fr\/wp-json\/wp\/v2\/product"}],"about":[{"href":"https:\/\/bogensportdiscount.ch\/fr\/wp-json\/wp\/v2\/types\/product"}],"replies":[{"embeddable":true,"href":"https:\/\/bogensportdiscount.ch\/fr\/wp-json\/wp\/v2\/comments?post=392065"}],"wp:featuredmedia":[{"embeddable":true,"href":"https:\/\/bogensportdiscount.ch\/fr\/wp-json\/wp\/v2\/media\/442753"}],"wp:attachment":[{"href":"https:\/\/bogensportdiscount.ch\/fr\/wp-json\/wp\/v2\/media?parent=392065"}],"wp:term":[{"taxonomy":"product_brand","embeddable":true,"href":"https:\/\/bogensportdiscount.ch\/fr\/wp-json\/wp\/v2\/product_brand?post=392065"},{"taxonomy":"product_cat","embeddable":true,"href":"https:\/\/bogensportdiscount.ch\/fr\/wp-json\/wp\/v2\/product_cat?post=392065"},{"taxonomy":"product_tag","embeddable":true,"href":"https:\/\/bogensportdiscount.ch\/fr\/wp-json\/wp\/v2\/product_tag?post=392065"}],"curies":[{"name":"wp","href":"https:\/\/api.w.org\/{rel}","templated":true}]}}