{"id":392035,"date":"2026-04-05T14:24:43","date_gmt":"2026-04-05T12:24:43","guid":{"rendered":"https:\/\/bogensportdiscount.ch\/produkt\/pedago-warm-up-tools-grip-trainer-with-3-elastic-strengths-soft-med-hard\/"},"modified":"2026-05-14T07:13:35","modified_gmt":"2026-05-14T05:13:35","slug":"pedago-warm-up-tools-grifftrainer-3-elastische-staerken-soft-med-hard","status":"publish","type":"product","link":"https:\/\/bogensportdiscount.ch\/fr\/produit\/pedago-warm-up-tools-grifftrainer-3-elastische-staerken-soft-med-hard\/","title":{"rendered":"PEDAGO OUTILS D'\u00c9CHAUFFEMENT GRIP TRAINER AVEC 3 R\u00c9SISTANCES \u00c9LASTIQUES \/ SOFT-MED-HARD"},"content":{"rendered":"<p>Le PEDAGO entra\u00eeneur de prise en main de la s\u00e9rie Warm Up Tools aide les archers \u00e0 s'\u00e9chauffer de mani\u00e8re cibl\u00e9e les muscles de la main et des doigts. L'appareil est livr\u00e9 avec trois niveaux d'\u00e9lasticit\u00e9 diff\u00e9rents : Soft, Medium et Hard \u2013 la r\u00e9sistance peut ainsi \u00eatre adapt\u00e9e individuellement au niveau d'entra\u00eenement et \u00e0 la phase d'\u00e9chauffement respective.<\/p>\n<p>Un entra\u00eenement r\u00e9gulier avec l'entra\u00eeneur de prise en main aide \u00e0 pr\u00e9parer et \u00e0 renforcer de mani\u00e8re cibl\u00e9e les muscles des doigts, du poignet et de l'avant-bras, qui sont essentiels pour le tir \u00e0 l'arc. Le format compact permet une utilisation \u00e0 la maison, \u00e0 l'entra\u00eenement ou en d\u00e9placement.<\/p>\n<ul>\n<li>3 niveaux de r\u00e9sistance \u00e9lastique : Soft, Medium, Hard<\/li>\n<li>Adapt\u00e9 \u00e0 l'\u00e9chauffement et au renforcement de la musculature de la main<\/li>\n<li>Compact et facile \u00e0 utiliser<\/li>\n<li>Sp\u00e9cialement con\u00e7u pour les besoins des archers<\/li>\n<\/ul>","protected":false},"excerpt":{"rendered":"<table>\n<tr>\n<th>Propri\u00e9t\u00e9<\/th>\n<th>Valeur<\/th>\n<\/tr>\n<tr>\n<td>Marque<\/td>\n<td>Pedago Archery<\/td>\n<\/tr>\n<tr>\n<td>Pays d'origine<\/td>\n<td>France<\/td>\n<\/tr>\n<\/table>","protected":false},"featured_media":446809,"comment_status":"open","ping_status":"closed","template":"","meta":[],"product_brand":[824],"product_cat":[4121,4375,4376],"product_tag":[3546],"class_list":{"0":"post-392035","1":"product","2":"type-product","3":"status-publish","4":"has-post-thumbnail","6":"product_brand-pedago","7":"product_cat-werkzeuge-training","8":"product_cat-bogensport-fitness","9":"product_cat-aufwaerm-werkzeuge","10":"product_tag-neuheit","11":"product_shipping_class-bsd-standard","13":"first","14":"instock","15":"shipping-taxable","16":"purchasable","17":"product-type-simple"},"yoast_head":"<!-- This site is optimized with the Yoast SEO plugin v27.6 - https:\/\/yoast.com\/product\/yoast-seo-wordpress\/ -->\n<title>PEDAGO AUFW\u00c4RM WERKZEUGE GRIP TRAINER MIT 3 ELASTISCHEN ST\u00c4RKEN \/ SOFT-MED-HARD - Bogensportdiscount \u2013 B\u00f6gen, Pfeile, Targets &amp; Zubeh\u00f6r<\/title>\n<meta name=\"description\" content=\"PEDAGO AUFW\u00c4RM WERKZEUGE GRIP TRAINER MIT 3 ELASTISCHEN ST\u00c4RKEN \/ SOFT-MED-HARD g\u00fcnstig kaufen bei Bogensportdiscount \u2013 Top-Marken, schneller Versand aus der Schweiz.\" \/>\n<meta name=\"robots\" content=\"index, follow, max-snippet:-1, max-image-preview:large, max-video-preview:-1\" \/>\n<link rel=\"canonical\" href=\"https:\/\/bogensportdiscount.ch\/fr\/produit\/pedago-warm-up-tools-grifftrainer-3-elastische-staerken-soft-med-hard\/\" \/>\n<meta property=\"og:locale\" content=\"fr_FR\" \/>\n<meta property=\"og:type\" content=\"article\" \/>\n<meta property=\"og:title\" content=\"PEDAGO AUFW\u00c4RM WERKZEUGE GRIP TRAINER MIT 3 ELASTISCHEN ST\u00c4RKEN \/ SOFT-MED-HARD - Bogensportdiscount \u2013 B\u00f6gen, Pfeile, Targets &amp; Zubeh\u00f6r\" \/>\n<meta property=\"og:description\" content=\"PEDAGO AUFW\u00c4RM WERKZEUGE GRIP TRAINER MIT 3 ELASTISCHEN ST\u00c4RKEN \/ SOFT-MED-HARD g\u00fcnstig kaufen bei Bogensportdiscount \u2013 Top-Marken, schneller Versand aus der Schweiz.\" \/>\n<meta property=\"og:url\" content=\"https:\/\/bogensportdiscount.ch\/fr\/produit\/pedago-warm-up-tools-grifftrainer-3-elastische-staerken-soft-med-hard\/\" \/>\n<meta property=\"og:site_name\" content=\"Bogensportdiscount \u2013 B\u00f6gen, Pfeile, Targets &amp; Zubeh\u00f6r\" \/>\n<meta property=\"article:modified_time\" content=\"2026-05-14T05:13:35+00:00\" \/>\n<meta property=\"og:image\" content=\"https:\/\/bogensportdiscount.ch\/wp-content\/uploads\/bsm-images\/A024730_1.png\" \/>\n\t<meta property=\"og:image:width\" content=\"656\" \/>\n\t<meta property=\"og:image:height\" content=\"479\" \/>\n\t<meta property=\"og:image:type\" content=\"image\/png\" \/>\n<meta name=\"twitter:card\" content=\"summary_large_image\" \/>\n<meta name=\"twitter:label1\" content=\"Dur\u00e9e de lecture estim\u00e9e\" \/>\n\t<meta name=\"twitter:data1\" content=\"1 minute\" \/>\n<script type=\"application\/ld+json\" class=\"yoast-schema-graph\">{\"@context\":\"https:\\\/\\\/schema.org\",\"@graph\":[{\"@type\":\"WebPage\",\"@id\":\"https:\\\/\\\/bogensportdiscount.ch\\\/produkt\\\/pedago-warm-up-tools-grifftrainer-3-elastische-staerken-soft-med-hard\\\/\",\"url\":\"https:\\\/\\\/bogensportdiscount.ch\\\/produkt\\\/pedago-warm-up-tools-grifftrainer-3-elastische-staerken-soft-med-hard\\\/\",\"name\":\"PEDAGO AUFW\u00c4RM WERKZEUGE GRIP TRAINER MIT 3 ELASTISCHEN ST\u00c4RKEN \\\/ SOFT-MED-HARD - Bogensportdiscount \u2013 B\u00f6gen, Pfeile, Targets &amp; Zubeh\u00f6r\",\"isPartOf\":{\"@id\":\"https:\\\/\\\/bogensportdiscount.ch\\\/#website\"},\"primaryImageOfPage\":{\"@id\":\"https:\\\/\\\/bogensportdiscount.ch\\\/produkt\\\/pedago-warm-up-tools-grifftrainer-3-elastische-staerken-soft-med-hard\\\/#primaryimage\"},\"image\":{\"@id\":\"https:\\\/\\\/bogensportdiscount.ch\\\/produkt\\\/pedago-warm-up-tools-grifftrainer-3-elastische-staerken-soft-med-hard\\\/#primaryimage\"},\"thumbnailUrl\":\"https:\\\/\\\/bogensportdiscount.ch\\\/wp-content\\\/uploads\\\/bsm-images\\\/A024730_1.png\",\"datePublished\":\"2026-04-05T12:24:43+00:00\",\"dateModified\":\"2026-05-14T05:13:35+00:00\",\"description\":\"PEDAGO AUFW\u00c4RM WERKZEUGE GRIP TRAINER MIT 3 ELASTISCHEN ST\u00c4RKEN \\\/ SOFT-MED-HARD g\u00fcnstig kaufen bei Bogensportdiscount \u2013 Top-Marken, schneller Versand aus der Schweiz.\",\"breadcrumb\":{\"@id\":\"https:\\\/\\\/bogensportdiscount.ch\\\/produkt\\\/pedago-warm-up-tools-grifftrainer-3-elastische-staerken-soft-med-hard\\\/#breadcrumb\"},\"inLanguage\":\"fr-FR\",\"potentialAction\":[{\"@type\":\"ReadAction\",\"target\":[\"https:\\\/\\\/bogensportdiscount.ch\\\/produkt\\\/pedago-warm-up-tools-grifftrainer-3-elastische-staerken-soft-med-hard\\\/\"]}]},{\"@type\":\"ImageObject\",\"inLanguage\":\"fr-FR\",\"@id\":\"https:\\\/\\\/bogensportdiscount.ch\\\/produkt\\\/pedago-warm-up-tools-grifftrainer-3-elastische-staerken-soft-med-hard\\\/#primaryimage\",\"url\":\"https:\\\/\\\/bogensportdiscount.ch\\\/wp-content\\\/uploads\\\/bsm-images\\\/A024730_1.png\",\"contentUrl\":\"https:\\\/\\\/bogensportdiscount.ch\\\/wp-content\\\/uploads\\\/bsm-images\\\/A024730_1.png\",\"width\":656,\"height\":479},{\"@type\":\"BreadcrumbList\",\"@id\":\"https:\\\/\\\/bogensportdiscount.ch\\\/produkt\\\/pedago-warm-up-tools-grifftrainer-3-elastische-staerken-soft-med-hard\\\/#breadcrumb\",\"itemListElement\":[{\"@type\":\"ListItem\",\"position\":1,\"name\":\"Home\",\"item\":\"https:\\\/\\\/bogensportdiscount.ch\\\/\"},{\"@type\":\"ListItem\",\"position\":2,\"name\":\"Shop\",\"item\":\"https:\\\/\\\/bogensportdiscount.ch\\\/shop\\\/\"},{\"@type\":\"ListItem\",\"position\":3,\"name\":\"PEDAGO WARM UP TOOLS GRIP TRAINER WITH 3 ELASTIC STRENGTHS \\\/ SOFT-MED-HARD\"}]},{\"@type\":\"WebSite\",\"@id\":\"https:\\\/\\\/bogensportdiscount.ch\\\/#website\",\"url\":\"https:\\\/\\\/bogensportdiscount.ch\\\/\",\"name\":\"Bogensportdiscount\",\"description\":\"\",\"potentialAction\":[{\"@type\":\"SearchAction\",\"target\":{\"@type\":\"EntryPoint\",\"urlTemplate\":\"https:\\\/\\\/bogensportdiscount.ch\\\/?s={search_term_string}\"},\"query-input\":{\"@type\":\"PropertyValueSpecification\",\"valueRequired\":true,\"valueName\":\"search_term_string\"}}],\"inLanguage\":\"fr-FR\"}]}<\/script>\n<!-- \/ Yoast SEO plugin. -->","yoast_head_json":{"title":"PEDAGO AUFW\u00c4RM WERKZEUGE GRIP TRAINER MIT 3 ELASTISCHEN ST\u00c4RKEN \/ SOFT-MED-HARD - Bogensportdiscount \u2013 B\u00f6gen, Pfeile, Targets &amp; Zubeh\u00f6r","description":"PEDAGO AUFW\u00c4RM WERKZEUGE GRIP TRAINER MIT 3 ELASTISCHEN ST\u00c4RKEN \/ SOFT-MED-HARD g\u00fcnstig kaufen bei Bogensportdiscount \u2013 Top-Marken, schneller Versand aus der Schweiz.","robots":{"index":"index","follow":"follow","max-snippet":"max-snippet:-1","max-image-preview":"max-image-preview:large","max-video-preview":"max-video-preview:-1"},"canonical":"https:\/\/bogensportdiscount.ch\/fr\/produit\/pedago-warm-up-tools-grifftrainer-3-elastische-staerken-soft-med-hard\/","og_locale":"fr_FR","og_type":"article","og_title":"PEDAGO AUFW\u00c4RM WERKZEUGE GRIP TRAINER MIT 3 ELASTISCHEN ST\u00c4RKEN \/ SOFT-MED-HARD - Bogensportdiscount \u2013 B\u00f6gen, Pfeile, Targets &amp; Zubeh\u00f6r","og_description":"PEDAGO AUFW\u00c4RM WERKZEUGE GRIP TRAINER MIT 3 ELASTISCHEN ST\u00c4RKEN \/ SOFT-MED-HARD g\u00fcnstig kaufen bei Bogensportdiscount \u2013 Top-Marken, schneller Versand aus der Schweiz.","og_url":"https:\/\/bogensportdiscount.ch\/fr\/produit\/pedago-warm-up-tools-grifftrainer-3-elastische-staerken-soft-med-hard\/","og_site_name":"Bogensportdiscount \u2013 B\u00f6gen, Pfeile, Targets &amp; Zubeh\u00f6r","article_modified_time":"2026-05-14T05:13:35+00:00","og_image":[{"width":656,"height":479,"url":"https:\/\/bogensportdiscount.ch\/wp-content\/uploads\/bsm-images\/A024730_1.png","type":"image\/png"}],"twitter_card":"summary_large_image","twitter_misc":{"Dur\u00e9e de lecture estim\u00e9e":"1 minute"},"schema":{"@context":"https:\/\/schema.org","@graph":[{"@type":"WebPage","@id":"https:\/\/bogensportdiscount.ch\/produkt\/pedago-warm-up-tools-grifftrainer-3-elastische-staerken-soft-med-hard\/","url":"https:\/\/bogensportdiscount.ch\/produkt\/pedago-warm-up-tools-grifftrainer-3-elastische-staerken-soft-med-hard\/","name":"PEDAGO AUFW\u00c4RM WERKZEUGE GRIP TRAINER MIT 3 ELASTISCHEN ST\u00c4RKEN \/ SOFT-MED-HARD - Bogensportdiscount \u2013 B\u00f6gen, Pfeile, Targets &amp; Zubeh\u00f6r","isPartOf":{"@id":"https:\/\/bogensportdiscount.ch\/#website"},"primaryImageOfPage":{"@id":"https:\/\/bogensportdiscount.ch\/produkt\/pedago-warm-up-tools-grifftrainer-3-elastische-staerken-soft-med-hard\/#primaryimage"},"image":{"@id":"https:\/\/bogensportdiscount.ch\/produkt\/pedago-warm-up-tools-grifftrainer-3-elastische-staerken-soft-med-hard\/#primaryimage"},"thumbnailUrl":"https:\/\/bogensportdiscount.ch\/wp-content\/uploads\/bsm-images\/A024730_1.png","datePublished":"2026-04-05T12:24:43+00:00","dateModified":"2026-05-14T05:13:35+00:00","description":"PEDAGO AUFW\u00c4RM WERKZEUGE GRIP TRAINER MIT 3 ELASTISCHEN ST\u00c4RKEN \/ SOFT-MED-HARD g\u00fcnstig kaufen bei Bogensportdiscount \u2013 Top-Marken, schneller Versand aus der Schweiz.","breadcrumb":{"@id":"https:\/\/bogensportdiscount.ch\/produkt\/pedago-warm-up-tools-grifftrainer-3-elastische-staerken-soft-med-hard\/#breadcrumb"},"inLanguage":"fr-FR","potentialAction":[{"@type":"ReadAction","target":["https:\/\/bogensportdiscount.ch\/produkt\/pedago-warm-up-tools-grifftrainer-3-elastische-staerken-soft-med-hard\/"]}]},{"@type":"ImageObject","inLanguage":"fr-FR","@id":"https:\/\/bogensportdiscount.ch\/produkt\/pedago-warm-up-tools-grifftrainer-3-elastische-staerken-soft-med-hard\/#primaryimage","url":"https:\/\/bogensportdiscount.ch\/wp-content\/uploads\/bsm-images\/A024730_1.png","contentUrl":"https:\/\/bogensportdiscount.ch\/wp-content\/uploads\/bsm-images\/A024730_1.png","width":656,"height":479},{"@type":"BreadcrumbList","@id":"https:\/\/bogensportdiscount.ch\/produkt\/pedago-warm-up-tools-grifftrainer-3-elastische-staerken-soft-med-hard\/#breadcrumb","itemListElement":[{"@type":"ListItem","position":1,"name":"Home","item":"https:\/\/bogensportdiscount.ch\/"},{"@type":"ListItem","position":2,"name":"Shop","item":"https:\/\/bogensportdiscount.ch\/shop\/"},{"@type":"ListItem","position":3,"name":"PEDAGO WARM UP TOOLS GRIP TRAINER WITH 3 ELASTIC STRENGTHS \/ SOFT-MED-HARD"}]},{"@type":"WebSite","@id":"https:\/\/bogensportdiscount.ch\/#website","url":"https:\/\/bogensportdiscount.ch\/","name":"Bogensportdiscount","description":"","potentialAction":[{"@type":"SearchAction","target":{"@type":"EntryPoint","urlTemplate":"https:\/\/bogensportdiscount.ch\/?s={search_term_string}"},"query-input":{"@type":"PropertyValueSpecification","valueRequired":true,"valueName":"search_term_string"}}],"inLanguage":"fr-FR"}]}},"_links":{"self":[{"href":"https:\/\/bogensportdiscount.ch\/fr\/wp-json\/wp\/v2\/product\/392035","targetHints":{"allow":["GET"]}}],"collection":[{"href":"https:\/\/bogensportdiscount.ch\/fr\/wp-json\/wp\/v2\/product"}],"about":[{"href":"https:\/\/bogensportdiscount.ch\/fr\/wp-json\/wp\/v2\/types\/product"}],"replies":[{"embeddable":true,"href":"https:\/\/bogensportdiscount.ch\/fr\/wp-json\/wp\/v2\/comments?post=392035"}],"wp:featuredmedia":[{"embeddable":true,"href":"https:\/\/bogensportdiscount.ch\/fr\/wp-json\/wp\/v2\/media\/446809"}],"wp:attachment":[{"href":"https:\/\/bogensportdiscount.ch\/fr\/wp-json\/wp\/v2\/media?parent=392035"}],"wp:term":[{"taxonomy":"product_brand","embeddable":true,"href":"https:\/\/bogensportdiscount.ch\/fr\/wp-json\/wp\/v2\/product_brand?post=392035"},{"taxonomy":"product_cat","embeddable":true,"href":"https:\/\/bogensportdiscount.ch\/fr\/wp-json\/wp\/v2\/product_cat?post=392035"},{"taxonomy":"product_tag","embeddable":true,"href":"https:\/\/bogensportdiscount.ch\/fr\/wp-json\/wp\/v2\/product_tag?post=392035"}],"curies":[{"name":"wp","href":"https:\/\/api.w.org\/{rel}","templated":true}]}}