{"id":392034,"date":"2026-04-05T14:24:43","date_gmt":"2026-04-05T12:24:43","guid":{"rendered":"https:\/\/bogensportdiscount.ch\/produkt\/saunders-warm-up-tools-firing-line-release-trainer\/"},"modified":"2026-05-14T07:13:35","modified_gmt":"2026-05-14T05:13:35","slug":"saunders-aufwaerm-trainingsgeraet-firing-line-release-trainer","status":"publish","type":"product","link":"https:\/\/bogensportdiscount.ch\/fr\/produit\/saunders-aufwaerm-trainingsgeraet-firing-line-release-trainer\/","title":{"rendered":"SAUNDERS OUTILS D'\u00c9CHAUFFEMENT FIRING LINE RELEASE TRAINER"},"content":{"rendered":"<p>Le Saunders Firing Line Release Trainer est un appareil d'entra\u00eenement sp\u00e9cialement con\u00e7u dans le domaine de la remise en forme pour le tir \u00e0 l'arc. Il permet aux archers de s'entra\u00eener au geste de d\u00e9coche et d'\u00e9chauffer les muscles correspondants de mani\u00e8re cibl\u00e9e \u2014 ind\u00e9pendamment de l'arc et des fl\u00e8ches.<\/p>\n<p>L'appareil convient aussi bien \u00e0 l'\u00e9chauffement avant une comp\u00e9tition qu'\u00e0 la routine d'entra\u00eenement r\u00e9guli\u00e8re. En r\u00e9p\u00e9tant le mouvement de tir, les habitudes de d\u00e9coche peuvent \u00eatre am\u00e9lior\u00e9es et les muscles pr\u00e9par\u00e9s \u00e0 l'effort.<\/p>\n<ul>\n<li>Appareil d'entra\u00eenement sp\u00e9cialement con\u00e7u pour le geste de d\u00e9coche<\/li>\n<li>Adapt\u00e9 \u00e0 l'\u00e9chauffement avant l'entra\u00eenement et la comp\u00e9tition<\/li>\n<li>Utilisation possible sans arc ni fl\u00e8che<\/li>\n<li>Issu de la gamme de produits Saunders Warm Up Tools<\/li>\n<\/ul>","protected":false},"excerpt":{"rendered":"<table>\n<tr>\n<th>Propri\u00e9t\u00e9<\/th>\n<th>Valeur<\/th>\n<\/tr>\n<tr>\n<td>Marque<\/td>\n<td>Saunders<\/td>\n<\/tr>\n<tr>\n<td>Pays d'origine<\/td>\n<td>USA<\/td>\n<\/tr>\n<\/table>","protected":false},"featured_media":446808,"comment_status":"open","ping_status":"closed","template":"","meta":[],"product_brand":[779],"product_cat":[4121,4375,4376],"product_tag":[3546],"class_list":{"0":"post-392034","1":"product","2":"type-product","3":"status-publish","4":"has-post-thumbnail","6":"product_brand-saunders","7":"product_cat-werkzeuge-training","8":"product_cat-bogensport-fitness","9":"product_cat-aufwaerm-werkzeuge","10":"product_tag-neuheit","11":"product_shipping_class-bsd-standard","13":"first","14":"instock","15":"shipping-taxable","16":"purchasable","17":"product-type-simple"},"yoast_head":"<!-- This site is optimized with the Yoast SEO plugin v27.6 - https:\/\/yoast.com\/product\/yoast-seo-wordpress\/ -->\n<title>SAUNDERS AUFW\u00c4RM WERKZEUGE FIRING LINE RELEASE TRAINER - Bogensportdiscount \u2013 B\u00f6gen, Pfeile, Targets &amp; Zubeh\u00f6r<\/title>\n<meta name=\"description\" content=\"SAUNDERS AUFW\u00c4RM WERKZEUGE FIRING LINE RELEASE TRAINER g\u00fcnstig kaufen bei Bogensportdiscount \u2013 Top-Marken, schneller Versand aus der Schweiz.\" \/>\n<meta name=\"robots\" content=\"index, follow, max-snippet:-1, max-image-preview:large, max-video-preview:-1\" \/>\n<link rel=\"canonical\" href=\"https:\/\/bogensportdiscount.ch\/fr\/produit\/saunders-aufwaerm-trainingsgeraet-firing-line-release-trainer\/\" \/>\n<meta property=\"og:locale\" content=\"fr_FR\" \/>\n<meta property=\"og:type\" content=\"article\" \/>\n<meta property=\"og:title\" content=\"SAUNDERS AUFW\u00c4RM WERKZEUGE FIRING LINE RELEASE TRAINER - Bogensportdiscount \u2013 B\u00f6gen, Pfeile, Targets &amp; Zubeh\u00f6r\" \/>\n<meta property=\"og:description\" content=\"SAUNDERS AUFW\u00c4RM WERKZEUGE FIRING LINE RELEASE TRAINER g\u00fcnstig kaufen bei Bogensportdiscount \u2013 Top-Marken, schneller Versand aus der Schweiz.\" \/>\n<meta property=\"og:url\" content=\"https:\/\/bogensportdiscount.ch\/fr\/produit\/saunders-aufwaerm-trainingsgeraet-firing-line-release-trainer\/\" \/>\n<meta property=\"og:site_name\" content=\"Bogensportdiscount \u2013 B\u00f6gen, Pfeile, Targets &amp; Zubeh\u00f6r\" \/>\n<meta property=\"article:modified_time\" content=\"2026-05-14T05:13:35+00:00\" \/>\n<meta property=\"og:image\" content=\"https:\/\/bogensportdiscount.ch\/wp-content\/uploads\/bsm-images\/A024726_1.png\" \/>\n\t<meta property=\"og:image:width\" content=\"1181\" \/>\n\t<meta property=\"og:image:height\" content=\"949\" \/>\n\t<meta property=\"og:image:type\" content=\"image\/png\" \/>\n<meta name=\"twitter:card\" content=\"summary_large_image\" \/>\n<meta name=\"twitter:label1\" content=\"Dur\u00e9e de lecture estim\u00e9e\" \/>\n\t<meta name=\"twitter:data1\" content=\"1 minute\" \/>\n<script type=\"application\/ld+json\" class=\"yoast-schema-graph\">{\"@context\":\"https:\\\/\\\/schema.org\",\"@graph\":[{\"@type\":\"WebPage\",\"@id\":\"https:\\\/\\\/bogensportdiscount.ch\\\/produkt\\\/saunders-aufwaerm-trainingsgeraet-firing-line-release-trainer\\\/\",\"url\":\"https:\\\/\\\/bogensportdiscount.ch\\\/produkt\\\/saunders-aufwaerm-trainingsgeraet-firing-line-release-trainer\\\/\",\"name\":\"SAUNDERS AUFW\u00c4RM WERKZEUGE FIRING LINE RELEASE TRAINER - Bogensportdiscount \u2013 B\u00f6gen, Pfeile, Targets &amp; Zubeh\u00f6r\",\"isPartOf\":{\"@id\":\"https:\\\/\\\/bogensportdiscount.ch\\\/#website\"},\"primaryImageOfPage\":{\"@id\":\"https:\\\/\\\/bogensportdiscount.ch\\\/produkt\\\/saunders-aufwaerm-trainingsgeraet-firing-line-release-trainer\\\/#primaryimage\"},\"image\":{\"@id\":\"https:\\\/\\\/bogensportdiscount.ch\\\/produkt\\\/saunders-aufwaerm-trainingsgeraet-firing-line-release-trainer\\\/#primaryimage\"},\"thumbnailUrl\":\"https:\\\/\\\/bogensportdiscount.ch\\\/wp-content\\\/uploads\\\/bsm-images\\\/A024726_1.png\",\"datePublished\":\"2026-04-05T12:24:43+00:00\",\"dateModified\":\"2026-05-14T05:13:35+00:00\",\"description\":\"SAUNDERS AUFW\u00c4RM WERKZEUGE FIRING LINE RELEASE TRAINER g\u00fcnstig kaufen bei Bogensportdiscount \u2013 Top-Marken, schneller Versand aus der Schweiz.\",\"breadcrumb\":{\"@id\":\"https:\\\/\\\/bogensportdiscount.ch\\\/produkt\\\/saunders-aufwaerm-trainingsgeraet-firing-line-release-trainer\\\/#breadcrumb\"},\"inLanguage\":\"fr-FR\",\"potentialAction\":[{\"@type\":\"ReadAction\",\"target\":[\"https:\\\/\\\/bogensportdiscount.ch\\\/produkt\\\/saunders-aufwaerm-trainingsgeraet-firing-line-release-trainer\\\/\"]}]},{\"@type\":\"ImageObject\",\"inLanguage\":\"fr-FR\",\"@id\":\"https:\\\/\\\/bogensportdiscount.ch\\\/produkt\\\/saunders-aufwaerm-trainingsgeraet-firing-line-release-trainer\\\/#primaryimage\",\"url\":\"https:\\\/\\\/bogensportdiscount.ch\\\/wp-content\\\/uploads\\\/bsm-images\\\/A024726_1.png\",\"contentUrl\":\"https:\\\/\\\/bogensportdiscount.ch\\\/wp-content\\\/uploads\\\/bsm-images\\\/A024726_1.png\",\"width\":1181,\"height\":949},{\"@type\":\"BreadcrumbList\",\"@id\":\"https:\\\/\\\/bogensportdiscount.ch\\\/produkt\\\/saunders-aufwaerm-trainingsgeraet-firing-line-release-trainer\\\/#breadcrumb\",\"itemListElement\":[{\"@type\":\"ListItem\",\"position\":1,\"name\":\"Home\",\"item\":\"https:\\\/\\\/bogensportdiscount.ch\\\/\"},{\"@type\":\"ListItem\",\"position\":2,\"name\":\"Shop\",\"item\":\"https:\\\/\\\/bogensportdiscount.ch\\\/shop\\\/\"},{\"@type\":\"ListItem\",\"position\":3,\"name\":\"SAUNDERS WARM UP TOOLS FIRING LINE RELEASE TRAINER\"}]},{\"@type\":\"WebSite\",\"@id\":\"https:\\\/\\\/bogensportdiscount.ch\\\/#website\",\"url\":\"https:\\\/\\\/bogensportdiscount.ch\\\/\",\"name\":\"Bogensportdiscount\",\"description\":\"\",\"potentialAction\":[{\"@type\":\"SearchAction\",\"target\":{\"@type\":\"EntryPoint\",\"urlTemplate\":\"https:\\\/\\\/bogensportdiscount.ch\\\/?s={search_term_string}\"},\"query-input\":{\"@type\":\"PropertyValueSpecification\",\"valueRequired\":true,\"valueName\":\"search_term_string\"}}],\"inLanguage\":\"fr-FR\"}]}<\/script>\n<!-- \/ Yoast SEO plugin. -->","yoast_head_json":{"title":"SAUNDERS AUFW\u00c4RM WERKZEUGE FIRING LINE RELEASE TRAINER - Bogensportdiscount \u2013 B\u00f6gen, Pfeile, Targets &amp; Zubeh\u00f6r","description":"SAUNDERS AUFW\u00c4RM WERKZEUGE FIRING LINE RELEASE TRAINER g\u00fcnstig kaufen bei Bogensportdiscount \u2013 Top-Marken, schneller Versand aus der Schweiz.","robots":{"index":"index","follow":"follow","max-snippet":"max-snippet:-1","max-image-preview":"max-image-preview:large","max-video-preview":"max-video-preview:-1"},"canonical":"https:\/\/bogensportdiscount.ch\/fr\/produit\/saunders-aufwaerm-trainingsgeraet-firing-line-release-trainer\/","og_locale":"fr_FR","og_type":"article","og_title":"SAUNDERS AUFW\u00c4RM WERKZEUGE FIRING LINE RELEASE TRAINER - Bogensportdiscount \u2013 B\u00f6gen, Pfeile, Targets &amp; Zubeh\u00f6r","og_description":"SAUNDERS AUFW\u00c4RM WERKZEUGE FIRING LINE RELEASE TRAINER g\u00fcnstig kaufen bei Bogensportdiscount \u2013 Top-Marken, schneller Versand aus der Schweiz.","og_url":"https:\/\/bogensportdiscount.ch\/fr\/produit\/saunders-aufwaerm-trainingsgeraet-firing-line-release-trainer\/","og_site_name":"Bogensportdiscount \u2013 B\u00f6gen, Pfeile, Targets &amp; Zubeh\u00f6r","article_modified_time":"2026-05-14T05:13:35+00:00","og_image":[{"width":1181,"height":949,"url":"https:\/\/bogensportdiscount.ch\/wp-content\/uploads\/bsm-images\/A024726_1.png","type":"image\/png"}],"twitter_card":"summary_large_image","twitter_misc":{"Dur\u00e9e de lecture estim\u00e9e":"1 minute"},"schema":{"@context":"https:\/\/schema.org","@graph":[{"@type":"WebPage","@id":"https:\/\/bogensportdiscount.ch\/produkt\/saunders-aufwaerm-trainingsgeraet-firing-line-release-trainer\/","url":"https:\/\/bogensportdiscount.ch\/produkt\/saunders-aufwaerm-trainingsgeraet-firing-line-release-trainer\/","name":"SAUNDERS AUFW\u00c4RM WERKZEUGE FIRING LINE RELEASE TRAINER - Bogensportdiscount \u2013 B\u00f6gen, Pfeile, Targets &amp; Zubeh\u00f6r","isPartOf":{"@id":"https:\/\/bogensportdiscount.ch\/#website"},"primaryImageOfPage":{"@id":"https:\/\/bogensportdiscount.ch\/produkt\/saunders-aufwaerm-trainingsgeraet-firing-line-release-trainer\/#primaryimage"},"image":{"@id":"https:\/\/bogensportdiscount.ch\/produkt\/saunders-aufwaerm-trainingsgeraet-firing-line-release-trainer\/#primaryimage"},"thumbnailUrl":"https:\/\/bogensportdiscount.ch\/wp-content\/uploads\/bsm-images\/A024726_1.png","datePublished":"2026-04-05T12:24:43+00:00","dateModified":"2026-05-14T05:13:35+00:00","description":"SAUNDERS AUFW\u00c4RM WERKZEUGE FIRING LINE RELEASE TRAINER g\u00fcnstig kaufen bei Bogensportdiscount \u2013 Top-Marken, schneller Versand aus der Schweiz.","breadcrumb":{"@id":"https:\/\/bogensportdiscount.ch\/produkt\/saunders-aufwaerm-trainingsgeraet-firing-line-release-trainer\/#breadcrumb"},"inLanguage":"fr-FR","potentialAction":[{"@type":"ReadAction","target":["https:\/\/bogensportdiscount.ch\/produkt\/saunders-aufwaerm-trainingsgeraet-firing-line-release-trainer\/"]}]},{"@type":"ImageObject","inLanguage":"fr-FR","@id":"https:\/\/bogensportdiscount.ch\/produkt\/saunders-aufwaerm-trainingsgeraet-firing-line-release-trainer\/#primaryimage","url":"https:\/\/bogensportdiscount.ch\/wp-content\/uploads\/bsm-images\/A024726_1.png","contentUrl":"https:\/\/bogensportdiscount.ch\/wp-content\/uploads\/bsm-images\/A024726_1.png","width":1181,"height":949},{"@type":"BreadcrumbList","@id":"https:\/\/bogensportdiscount.ch\/produkt\/saunders-aufwaerm-trainingsgeraet-firing-line-release-trainer\/#breadcrumb","itemListElement":[{"@type":"ListItem","position":1,"name":"Home","item":"https:\/\/bogensportdiscount.ch\/"},{"@type":"ListItem","position":2,"name":"Shop","item":"https:\/\/bogensportdiscount.ch\/shop\/"},{"@type":"ListItem","position":3,"name":"SAUNDERS WARM UP TOOLS FIRING LINE RELEASE TRAINER"}]},{"@type":"WebSite","@id":"https:\/\/bogensportdiscount.ch\/#website","url":"https:\/\/bogensportdiscount.ch\/","name":"Bogensportdiscount","description":"","potentialAction":[{"@type":"SearchAction","target":{"@type":"EntryPoint","urlTemplate":"https:\/\/bogensportdiscount.ch\/?s={search_term_string}"},"query-input":{"@type":"PropertyValueSpecification","valueRequired":true,"valueName":"search_term_string"}}],"inLanguage":"fr-FR"}]}},"_links":{"self":[{"href":"https:\/\/bogensportdiscount.ch\/fr\/wp-json\/wp\/v2\/product\/392034","targetHints":{"allow":["GET"]}}],"collection":[{"href":"https:\/\/bogensportdiscount.ch\/fr\/wp-json\/wp\/v2\/product"}],"about":[{"href":"https:\/\/bogensportdiscount.ch\/fr\/wp-json\/wp\/v2\/types\/product"}],"replies":[{"embeddable":true,"href":"https:\/\/bogensportdiscount.ch\/fr\/wp-json\/wp\/v2\/comments?post=392034"}],"wp:featuredmedia":[{"embeddable":true,"href":"https:\/\/bogensportdiscount.ch\/fr\/wp-json\/wp\/v2\/media\/446808"}],"wp:attachment":[{"href":"https:\/\/bogensportdiscount.ch\/fr\/wp-json\/wp\/v2\/media?parent=392034"}],"wp:term":[{"taxonomy":"product_brand","embeddable":true,"href":"https:\/\/bogensportdiscount.ch\/fr\/wp-json\/wp\/v2\/product_brand?post=392034"},{"taxonomy":"product_cat","embeddable":true,"href":"https:\/\/bogensportdiscount.ch\/fr\/wp-json\/wp\/v2\/product_cat?post=392034"},{"taxonomy":"product_tag","embeddable":true,"href":"https:\/\/bogensportdiscount.ch\/fr\/wp-json\/wp\/v2\/product_tag?post=392034"}],"curies":[{"name":"wp","href":"https:\/\/api.w.org\/{rel}","templated":true}]}}