{"id":392025,"date":"2026-04-05T14:24:41","date_gmt":"2026-04-05T12:24:41","guid":{"rendered":"https:\/\/bogensportdiscount.ch\/produkt\/maximal-compound-soft-case-defender-camo-106x45x8cm-with-6-pockets\/"},"modified":"2026-05-14T07:13:35","modified_gmt":"2026-05-14T05:13:35","slug":"maximal-compound-softcase-defender-camo-106x45x8cm","status":"publish","type":"product","link":"https:\/\/bogensportdiscount.ch\/fr\/produit\/maximal-compound-softcase-defender-camo-106x45x8cm\/","title":{"rendered":"MAXIMAL HOUSSE SOUPLE ARC \u00c0 POULIES DEFENDER CAMO &#8211; 106X45X8CM AVEC 6 POCHES"},"content":{"rendered":"<p>La housse souple Defender Camo de MAXIMAL est une sacoche de transport sp\u00e9cialement con\u00e7ue pour les arcs \u00e0 poulies. La sacoche mesure 106 x 45 x 8 cm et est ainsi adapt\u00e9e aux tailles courantes d'arcs \u00e0 poulies. Le motif camouflage lui conf\u00e8re une apparence fonctionnelle et sportive.<\/p>\n<p>Avec un total de six poches, la Defender Camo offre suffisamment d'espace de rangement pour les accessoires n\u00e9cessaires lors du transport vers le stand de tir ou lors des tournois. La construction en housse souple la rend l\u00e9g\u00e8re et maniable par rapport aux mallettes rigides.<\/p>\n<ul>\n<li>Dimensions : 106 x 45 x 8 cm<\/li>\n<li>6 poches ext\u00e9rieures pour accessoires<\/li>\n<li>Design camouflage<\/li>\n<li>Convient pour les arcs \u00e0 poulies mont\u00e9s<\/li>\n<\/ul>","protected":false},"excerpt":{"rendered":"<table>\n<tr>\n<th>Propri\u00e9t\u00e9<\/th>\n<th>Valeur<\/th>\n<\/tr>\n<tr>\n<td>Marque<\/td>\n<td>Maximal<\/td>\n<\/tr>\n<tr>\n<td>Couleur<\/td>\n<td>Camo<\/td>\n<\/tr>\n<tr>\n<td>Pays d'origine<\/td>\n<td>Chine<\/td>\n<\/tr>\n<\/table>","protected":false},"featured_media":446852,"comment_status":"open","ping_status":"closed","template":"","meta":[],"product_brand":[780],"product_cat":[4124,4125,4253],"product_tag":[3546],"class_list":{"0":"post-392025","1":"product","2":"type-product","3":"status-publish","4":"has-post-thumbnail","6":"product_brand-maximal","7":"product_cat-bogenschuetzer-ausruestung","8":"product_cat-taschen-koffer","9":"product_cat-compound-taschen","10":"product_tag-neuheit","11":"product_shipping_class-bsd-sperrgut","13":"first","14":"instock","15":"shipping-taxable","16":"purchasable","17":"product-type-simple"},"yoast_head":"<!-- This site is optimized with the Yoast SEO plugin v27.6 - https:\/\/yoast.com\/product\/yoast-seo-wordpress\/ -->\n<title>MAXIMAL COMPOUNDBOGEN SOFT CASE DEFENDER CAMO - 106X45X8CM MIT 6 TASCHEN - Bogensportdiscount \u2013 B\u00f6gen, Pfeile, Targets &amp; Zubeh\u00f6r<\/title>\n<meta name=\"description\" content=\"MAXIMAL COMPOUNDBOGEN SOFT CASE DEFENDER CAMO - 106X45X8CM MIT 6 TASCHEN g\u00fcnstig kaufen bei Bogensportdiscount \u2013 Top-Marken, schneller Versand aus der Schweiz.\" \/>\n<meta name=\"robots\" content=\"index, follow, max-snippet:-1, max-image-preview:large, max-video-preview:-1\" \/>\n<link rel=\"canonical\" href=\"https:\/\/bogensportdiscount.ch\/fr\/produit\/maximal-compound-softcase-defender-camo-106x45x8cm\/\" \/>\n<meta property=\"og:locale\" content=\"fr_FR\" \/>\n<meta property=\"og:type\" content=\"article\" \/>\n<meta property=\"og:title\" content=\"MAXIMAL COMPOUNDBOGEN SOFT CASE DEFENDER CAMO - 106X45X8CM MIT 6 TASCHEN - Bogensportdiscount \u2013 B\u00f6gen, Pfeile, Targets &amp; Zubeh\u00f6r\" \/>\n<meta property=\"og:description\" content=\"MAXIMAL COMPOUNDBOGEN SOFT CASE DEFENDER CAMO - 106X45X8CM MIT 6 TASCHEN g\u00fcnstig kaufen bei Bogensportdiscount \u2013 Top-Marken, schneller Versand aus der Schweiz.\" \/>\n<meta property=\"og:url\" content=\"https:\/\/bogensportdiscount.ch\/fr\/produit\/maximal-compound-softcase-defender-camo-106x45x8cm\/\" \/>\n<meta property=\"og:site_name\" content=\"Bogensportdiscount \u2013 B\u00f6gen, Pfeile, Targets &amp; Zubeh\u00f6r\" \/>\n<meta property=\"article:modified_time\" content=\"2026-05-14T05:13:35+00:00\" \/>\n<meta property=\"og:image\" content=\"https:\/\/bogensportdiscount.ch\/wp-content\/uploads\/bsm-images\/A024617_1.png\" \/>\n\t<meta property=\"og:image:width\" content=\"3586\" \/>\n\t<meta property=\"og:image:height\" content=\"2086\" \/>\n\t<meta property=\"og:image:type\" content=\"image\/png\" \/>\n<meta name=\"twitter:card\" content=\"summary_large_image\" \/>\n<script type=\"application\/ld+json\" class=\"yoast-schema-graph\">{\"@context\":\"https:\\\/\\\/schema.org\",\"@graph\":[{\"@type\":\"WebPage\",\"@id\":\"https:\\\/\\\/bogensportdiscount.ch\\\/produkt\\\/maximal-compound-softcase-defender-camo-106x45x8cm\\\/\",\"url\":\"https:\\\/\\\/bogensportdiscount.ch\\\/produkt\\\/maximal-compound-softcase-defender-camo-106x45x8cm\\\/\",\"name\":\"MAXIMAL COMPOUNDBOGEN SOFT CASE DEFENDER CAMO - 106X45X8CM MIT 6 TASCHEN - Bogensportdiscount \u2013 B\u00f6gen, Pfeile, Targets &amp; Zubeh\u00f6r\",\"isPartOf\":{\"@id\":\"https:\\\/\\\/bogensportdiscount.ch\\\/#website\"},\"primaryImageOfPage\":{\"@id\":\"https:\\\/\\\/bogensportdiscount.ch\\\/produkt\\\/maximal-compound-softcase-defender-camo-106x45x8cm\\\/#primaryimage\"},\"image\":{\"@id\":\"https:\\\/\\\/bogensportdiscount.ch\\\/produkt\\\/maximal-compound-softcase-defender-camo-106x45x8cm\\\/#primaryimage\"},\"thumbnailUrl\":\"https:\\\/\\\/bogensportdiscount.ch\\\/wp-content\\\/uploads\\\/bsm-images\\\/A024617_1.png\",\"datePublished\":\"2026-04-05T12:24:41+00:00\",\"dateModified\":\"2026-05-14T05:13:35+00:00\",\"description\":\"MAXIMAL COMPOUNDBOGEN SOFT CASE DEFENDER CAMO - 106X45X8CM MIT 6 TASCHEN g\u00fcnstig kaufen bei Bogensportdiscount \u2013 Top-Marken, schneller Versand aus der Schweiz.\",\"breadcrumb\":{\"@id\":\"https:\\\/\\\/bogensportdiscount.ch\\\/produkt\\\/maximal-compound-softcase-defender-camo-106x45x8cm\\\/#breadcrumb\"},\"inLanguage\":\"fr-FR\",\"potentialAction\":[{\"@type\":\"ReadAction\",\"target\":[\"https:\\\/\\\/bogensportdiscount.ch\\\/produkt\\\/maximal-compound-softcase-defender-camo-106x45x8cm\\\/\"]}]},{\"@type\":\"ImageObject\",\"inLanguage\":\"fr-FR\",\"@id\":\"https:\\\/\\\/bogensportdiscount.ch\\\/produkt\\\/maximal-compound-softcase-defender-camo-106x45x8cm\\\/#primaryimage\",\"url\":\"https:\\\/\\\/bogensportdiscount.ch\\\/wp-content\\\/uploads\\\/bsm-images\\\/A024617_1.png\",\"contentUrl\":\"https:\\\/\\\/bogensportdiscount.ch\\\/wp-content\\\/uploads\\\/bsm-images\\\/A024617_1.png\",\"width\":3586,\"height\":2086},{\"@type\":\"BreadcrumbList\",\"@id\":\"https:\\\/\\\/bogensportdiscount.ch\\\/produkt\\\/maximal-compound-softcase-defender-camo-106x45x8cm\\\/#breadcrumb\",\"itemListElement\":[{\"@type\":\"ListItem\",\"position\":1,\"name\":\"Home\",\"item\":\"https:\\\/\\\/bogensportdiscount.ch\\\/\"},{\"@type\":\"ListItem\",\"position\":2,\"name\":\"Shop\",\"item\":\"https:\\\/\\\/bogensportdiscount.ch\\\/shop\\\/\"},{\"@type\":\"ListItem\",\"position\":3,\"name\":\"MAXIMAL COMPOUND SOFT CASE DEFENDER CAMO &#8211; 106X45X8CM WITH 6 POCKETS\"}]},{\"@type\":\"WebSite\",\"@id\":\"https:\\\/\\\/bogensportdiscount.ch\\\/#website\",\"url\":\"https:\\\/\\\/bogensportdiscount.ch\\\/\",\"name\":\"Bogensportdiscount\",\"description\":\"\",\"potentialAction\":[{\"@type\":\"SearchAction\",\"target\":{\"@type\":\"EntryPoint\",\"urlTemplate\":\"https:\\\/\\\/bogensportdiscount.ch\\\/?s={search_term_string}\"},\"query-input\":{\"@type\":\"PropertyValueSpecification\",\"valueRequired\":true,\"valueName\":\"search_term_string\"}}],\"inLanguage\":\"fr-FR\"}]}<\/script>\n<!-- \/ Yoast SEO plugin. -->","yoast_head_json":{"title":"MAXIMAL COMPOUNDBOGEN SOFT CASE DEFENDER CAMO - 106X45X8CM MIT 6 TASCHEN - Bogensportdiscount \u2013 B\u00f6gen, Pfeile, Targets &amp; Zubeh\u00f6r","description":"MAXIMAL COMPOUNDBOGEN SOFT CASE DEFENDER CAMO - 106X45X8CM MIT 6 TASCHEN g\u00fcnstig kaufen bei Bogensportdiscount \u2013 Top-Marken, schneller Versand aus der Schweiz.","robots":{"index":"index","follow":"follow","max-snippet":"max-snippet:-1","max-image-preview":"max-image-preview:large","max-video-preview":"max-video-preview:-1"},"canonical":"https:\/\/bogensportdiscount.ch\/fr\/produit\/maximal-compound-softcase-defender-camo-106x45x8cm\/","og_locale":"fr_FR","og_type":"article","og_title":"MAXIMAL COMPOUNDBOGEN SOFT CASE DEFENDER CAMO - 106X45X8CM MIT 6 TASCHEN - Bogensportdiscount \u2013 B\u00f6gen, Pfeile, Targets &amp; Zubeh\u00f6r","og_description":"MAXIMAL COMPOUNDBOGEN SOFT CASE DEFENDER CAMO - 106X45X8CM MIT 6 TASCHEN g\u00fcnstig kaufen bei Bogensportdiscount \u2013 Top-Marken, schneller Versand aus der Schweiz.","og_url":"https:\/\/bogensportdiscount.ch\/fr\/produit\/maximal-compound-softcase-defender-camo-106x45x8cm\/","og_site_name":"Bogensportdiscount \u2013 B\u00f6gen, Pfeile, Targets &amp; Zubeh\u00f6r","article_modified_time":"2026-05-14T05:13:35+00:00","og_image":[{"url":"https:\/\/bogensportdiscount.ch\/wp-content\/uploads\/bsm-images\/A024617_1.png","width":3586,"height":2086,"type":"image\/png"}],"twitter_card":"summary_large_image","schema":{"@context":"https:\/\/schema.org","@graph":[{"@type":"WebPage","@id":"https:\/\/bogensportdiscount.ch\/produkt\/maximal-compound-softcase-defender-camo-106x45x8cm\/","url":"https:\/\/bogensportdiscount.ch\/produkt\/maximal-compound-softcase-defender-camo-106x45x8cm\/","name":"MAXIMAL COMPOUNDBOGEN SOFT CASE DEFENDER CAMO - 106X45X8CM MIT 6 TASCHEN - Bogensportdiscount \u2013 B\u00f6gen, Pfeile, Targets &amp; Zubeh\u00f6r","isPartOf":{"@id":"https:\/\/bogensportdiscount.ch\/#website"},"primaryImageOfPage":{"@id":"https:\/\/bogensportdiscount.ch\/produkt\/maximal-compound-softcase-defender-camo-106x45x8cm\/#primaryimage"},"image":{"@id":"https:\/\/bogensportdiscount.ch\/produkt\/maximal-compound-softcase-defender-camo-106x45x8cm\/#primaryimage"},"thumbnailUrl":"https:\/\/bogensportdiscount.ch\/wp-content\/uploads\/bsm-images\/A024617_1.png","datePublished":"2026-04-05T12:24:41+00:00","dateModified":"2026-05-14T05:13:35+00:00","description":"MAXIMAL COMPOUNDBOGEN SOFT CASE DEFENDER CAMO - 106X45X8CM MIT 6 TASCHEN g\u00fcnstig kaufen bei Bogensportdiscount \u2013 Top-Marken, schneller Versand aus der Schweiz.","breadcrumb":{"@id":"https:\/\/bogensportdiscount.ch\/produkt\/maximal-compound-softcase-defender-camo-106x45x8cm\/#breadcrumb"},"inLanguage":"fr-FR","potentialAction":[{"@type":"ReadAction","target":["https:\/\/bogensportdiscount.ch\/produkt\/maximal-compound-softcase-defender-camo-106x45x8cm\/"]}]},{"@type":"ImageObject","inLanguage":"fr-FR","@id":"https:\/\/bogensportdiscount.ch\/produkt\/maximal-compound-softcase-defender-camo-106x45x8cm\/#primaryimage","url":"https:\/\/bogensportdiscount.ch\/wp-content\/uploads\/bsm-images\/A024617_1.png","contentUrl":"https:\/\/bogensportdiscount.ch\/wp-content\/uploads\/bsm-images\/A024617_1.png","width":3586,"height":2086},{"@type":"BreadcrumbList","@id":"https:\/\/bogensportdiscount.ch\/produkt\/maximal-compound-softcase-defender-camo-106x45x8cm\/#breadcrumb","itemListElement":[{"@type":"ListItem","position":1,"name":"Home","item":"https:\/\/bogensportdiscount.ch\/"},{"@type":"ListItem","position":2,"name":"Shop","item":"https:\/\/bogensportdiscount.ch\/shop\/"},{"@type":"ListItem","position":3,"name":"MAXIMAL COMPOUND SOFT CASE DEFENDER CAMO &#8211; 106X45X8CM WITH 6 POCKETS"}]},{"@type":"WebSite","@id":"https:\/\/bogensportdiscount.ch\/#website","url":"https:\/\/bogensportdiscount.ch\/","name":"Bogensportdiscount","description":"","potentialAction":[{"@type":"SearchAction","target":{"@type":"EntryPoint","urlTemplate":"https:\/\/bogensportdiscount.ch\/?s={search_term_string}"},"query-input":{"@type":"PropertyValueSpecification","valueRequired":true,"valueName":"search_term_string"}}],"inLanguage":"fr-FR"}]}},"_links":{"self":[{"href":"https:\/\/bogensportdiscount.ch\/fr\/wp-json\/wp\/v2\/product\/392025","targetHints":{"allow":["GET"]}}],"collection":[{"href":"https:\/\/bogensportdiscount.ch\/fr\/wp-json\/wp\/v2\/product"}],"about":[{"href":"https:\/\/bogensportdiscount.ch\/fr\/wp-json\/wp\/v2\/types\/product"}],"replies":[{"embeddable":true,"href":"https:\/\/bogensportdiscount.ch\/fr\/wp-json\/wp\/v2\/comments?post=392025"}],"wp:featuredmedia":[{"embeddable":true,"href":"https:\/\/bogensportdiscount.ch\/fr\/wp-json\/wp\/v2\/media\/446852"}],"wp:attachment":[{"href":"https:\/\/bogensportdiscount.ch\/fr\/wp-json\/wp\/v2\/media?parent=392025"}],"wp:term":[{"taxonomy":"product_brand","embeddable":true,"href":"https:\/\/bogensportdiscount.ch\/fr\/wp-json\/wp\/v2\/product_brand?post=392025"},{"taxonomy":"product_cat","embeddable":true,"href":"https:\/\/bogensportdiscount.ch\/fr\/wp-json\/wp\/v2\/product_cat?post=392025"},{"taxonomy":"product_tag","embeddable":true,"href":"https:\/\/bogensportdiscount.ch\/fr\/wp-json\/wp\/v2\/product_tag?post=392025"}],"curies":[{"name":"wp","href":"https:\/\/api.w.org\/{rel}","templated":true}]}}