{"id":392023,"date":"2026-04-05T14:24:41","date_gmt":"2026-04-05T12:24:41","guid":{"rendered":"https:\/\/bogensportdiscount.ch\/produkt\/maximal-crossbow-bags-scorpio-medium-side-pocket-inner-strap-blk-camo\/"},"modified":"2026-05-14T07:13:35","modified_gmt":"2026-05-14T05:13:35","slug":"maximal-armbrust-tasche-scorpio-medium-schwarz-camo","status":"publish","type":"product","link":"https:\/\/bogensportdiscount.ch\/fr\/produit\/maximal-armbrust-tasche-scorpio-medium-schwarz-camo\/","title":{"rendered":"MAXIMAL SACS POUR ARBAL\u00c8TE SCORPIO MOYEN -POCHE LAT\u00c9RALE-SANGLE INT\u00c9RIEURE-NOIR\/CAMO"},"content":{"rendered":"<p>La MAXIMAL Scorpio Medium est une housse de transport pour arbal\u00e8te en taille Medium, r\u00e9alis\u00e9e dans une combinaison Noir\/Camo. Elle offre de la place pour une arbal\u00e8te et dispose d'une poche lat\u00e9rale int\u00e9gr\u00e9e ainsi que d'une sangle int\u00e9rieure pour fixer l'arbal\u00e8te de mani\u00e8re s\u00e9curis\u00e9e \u00e0 l'int\u00e9rieur.<\/p>\n<p>La housse convient au transport et au rangement des arbal\u00e8tes de taille moyenne et prot\u00e8ge efficacement l'\u00e9quipement lors du transport vers le stand de tir ou \u00e0 la chasse.<\/p>\n<ul>\n<li>Poche lat\u00e9rale pour accessoires<\/li>\n<li>Sangle int\u00e9rieure pour la fixation de l'arbal\u00e8te<\/li>\n<li>Coloris : Noir\/Camo<\/li>\n<li>Taille : Medium<\/li>\n<\/ul>","protected":false},"excerpt":{"rendered":"<table>\n<tr>\n<th>Propri\u00e9t\u00e9<\/th>\n<th>Valeur<\/th>\n<\/tr>\n<tr>\n<td>Marque<\/td>\n<td>Maximal<\/td>\n<\/tr>\n<tr>\n<td>Mod\u00e8le<\/td>\n<td>Scorpio Medium<\/td>\n<\/tr>\n<tr>\n<td>Couleur<\/td>\n<td>Noir\/Camo<\/td>\n<\/tr>\n<tr>\n<td>Caract\u00e9ristiques<\/td>\n<td>Poche lat\u00e9rale, sangle int\u00e9rieure<\/td>\n<\/tr>\n<tr>\n<td>Origine<\/td>\n<td>Chine<\/td>\n<\/tr>\n<\/table>","protected":false},"featured_media":446845,"comment_status":"open","ping_status":"closed","template":"","meta":[],"product_brand":[780],"product_cat":[4135,4373,27449],"product_tag":[3546],"class_list":{"0":"post-392023","1":"product","2":"type-product","3":"status-publish","4":"has-post-thumbnail","6":"product_brand-maximal","7":"product_cat-armbrust-zubehoer","8":"product_cat-armbrueste-taschen","9":"product_cat-taschen-koffer-armbrust-zubehoer-2","10":"product_tag-neuheit","11":"product_shipping_class-bsd-standard","13":"first","14":"instock","15":"shipping-taxable","16":"purchasable","17":"product-type-simple"},"yoast_head":"<!-- This site is optimized with the Yoast SEO plugin v27.6 - https:\/\/yoast.com\/product\/yoast-seo-wordpress\/ -->\n<title>MAXIMAL ARMBRUST TASCHEN SCORPIO MITTEL -SEITENTASCHE-INNENGURT-SCHWARZ\/CAMO - Bogensportdiscount \u2013 B\u00f6gen, Pfeile, Targets &amp; Zubeh\u00f6r<\/title>\n<meta name=\"description\" content=\"MAXIMAL ARMBRUST TASCHEN SCORPIO MITTEL -SEITENTASCHE-INNENGURT-SCHWARZ\/CAMO g\u00fcnstig kaufen bei Bogensportdiscount \u2013 Top-Marken, schneller Versand aus der Schweiz.\" \/>\n<meta name=\"robots\" content=\"index, follow, max-snippet:-1, max-image-preview:large, max-video-preview:-1\" \/>\n<link rel=\"canonical\" href=\"https:\/\/bogensportdiscount.ch\/fr\/produit\/maximal-armbrust-tasche-scorpio-medium-schwarz-camo\/\" \/>\n<meta property=\"og:locale\" content=\"fr_FR\" \/>\n<meta property=\"og:type\" content=\"article\" \/>\n<meta property=\"og:title\" content=\"MAXIMAL ARMBRUST TASCHEN SCORPIO MITTEL -SEITENTASCHE-INNENGURT-SCHWARZ\/CAMO - Bogensportdiscount \u2013 B\u00f6gen, Pfeile, Targets &amp; Zubeh\u00f6r\" \/>\n<meta property=\"og:description\" content=\"MAXIMAL ARMBRUST TASCHEN SCORPIO MITTEL -SEITENTASCHE-INNENGURT-SCHWARZ\/CAMO g\u00fcnstig kaufen bei Bogensportdiscount \u2013 Top-Marken, schneller Versand aus der Schweiz.\" \/>\n<meta property=\"og:url\" content=\"https:\/\/bogensportdiscount.ch\/fr\/produit\/maximal-armbrust-tasche-scorpio-medium-schwarz-camo\/\" \/>\n<meta property=\"og:site_name\" content=\"Bogensportdiscount \u2013 B\u00f6gen, Pfeile, Targets &amp; Zubeh\u00f6r\" \/>\n<meta property=\"article:modified_time\" content=\"2026-05-14T05:13:35+00:00\" \/>\n<meta property=\"og:image\" content=\"https:\/\/bogensportdiscount.ch\/wp-content\/uploads\/bsm-images\/A024566_1.png\" \/>\n\t<meta property=\"og:image:width\" content=\"2693\" \/>\n\t<meta property=\"og:image:height\" content=\"3278\" \/>\n\t<meta property=\"og:image:type\" content=\"image\/png\" \/>\n<meta name=\"twitter:card\" content=\"summary_large_image\" \/>\n<script type=\"application\/ld+json\" class=\"yoast-schema-graph\">{\"@context\":\"https:\\\/\\\/schema.org\",\"@graph\":[{\"@type\":\"WebPage\",\"@id\":\"https:\\\/\\\/bogensportdiscount.ch\\\/produkt\\\/maximal-armbrust-tasche-scorpio-medium-schwarz-camo\\\/\",\"url\":\"https:\\\/\\\/bogensportdiscount.ch\\\/produkt\\\/maximal-armbrust-tasche-scorpio-medium-schwarz-camo\\\/\",\"name\":\"MAXIMAL ARMBRUST TASCHEN SCORPIO MITTEL -SEITENTASCHE-INNENGURT-SCHWARZ\\\/CAMO - Bogensportdiscount \u2013 B\u00f6gen, Pfeile, Targets &amp; Zubeh\u00f6r\",\"isPartOf\":{\"@id\":\"https:\\\/\\\/bogensportdiscount.ch\\\/#website\"},\"primaryImageOfPage\":{\"@id\":\"https:\\\/\\\/bogensportdiscount.ch\\\/produkt\\\/maximal-armbrust-tasche-scorpio-medium-schwarz-camo\\\/#primaryimage\"},\"image\":{\"@id\":\"https:\\\/\\\/bogensportdiscount.ch\\\/produkt\\\/maximal-armbrust-tasche-scorpio-medium-schwarz-camo\\\/#primaryimage\"},\"thumbnailUrl\":\"https:\\\/\\\/bogensportdiscount.ch\\\/wp-content\\\/uploads\\\/bsm-images\\\/A024566_1.png\",\"datePublished\":\"2026-04-05T12:24:41+00:00\",\"dateModified\":\"2026-05-14T05:13:35+00:00\",\"description\":\"MAXIMAL ARMBRUST TASCHEN SCORPIO MITTEL -SEITENTASCHE-INNENGURT-SCHWARZ\\\/CAMO g\u00fcnstig kaufen bei Bogensportdiscount \u2013 Top-Marken, schneller Versand aus der Schweiz.\",\"breadcrumb\":{\"@id\":\"https:\\\/\\\/bogensportdiscount.ch\\\/produkt\\\/maximal-armbrust-tasche-scorpio-medium-schwarz-camo\\\/#breadcrumb\"},\"inLanguage\":\"fr-FR\",\"potentialAction\":[{\"@type\":\"ReadAction\",\"target\":[\"https:\\\/\\\/bogensportdiscount.ch\\\/produkt\\\/maximal-armbrust-tasche-scorpio-medium-schwarz-camo\\\/\"]}]},{\"@type\":\"ImageObject\",\"inLanguage\":\"fr-FR\",\"@id\":\"https:\\\/\\\/bogensportdiscount.ch\\\/produkt\\\/maximal-armbrust-tasche-scorpio-medium-schwarz-camo\\\/#primaryimage\",\"url\":\"https:\\\/\\\/bogensportdiscount.ch\\\/wp-content\\\/uploads\\\/bsm-images\\\/A024566_1.png\",\"contentUrl\":\"https:\\\/\\\/bogensportdiscount.ch\\\/wp-content\\\/uploads\\\/bsm-images\\\/A024566_1.png\",\"width\":2693,\"height\":3278},{\"@type\":\"BreadcrumbList\",\"@id\":\"https:\\\/\\\/bogensportdiscount.ch\\\/produkt\\\/maximal-armbrust-tasche-scorpio-medium-schwarz-camo\\\/#breadcrumb\",\"itemListElement\":[{\"@type\":\"ListItem\",\"position\":1,\"name\":\"Home\",\"item\":\"https:\\\/\\\/bogensportdiscount.ch\\\/\"},{\"@type\":\"ListItem\",\"position\":2,\"name\":\"Shop\",\"item\":\"https:\\\/\\\/bogensportdiscount.ch\\\/shop\\\/\"},{\"@type\":\"ListItem\",\"position\":3,\"name\":\"MAXIMAL CROSSBOW BAGS SCORPIO MEDIUM -SIDE POCKET-INNER STRAP-BLK\\\/CAMO\"}]},{\"@type\":\"WebSite\",\"@id\":\"https:\\\/\\\/bogensportdiscount.ch\\\/#website\",\"url\":\"https:\\\/\\\/bogensportdiscount.ch\\\/\",\"name\":\"Bogensportdiscount\",\"description\":\"\",\"potentialAction\":[{\"@type\":\"SearchAction\",\"target\":{\"@type\":\"EntryPoint\",\"urlTemplate\":\"https:\\\/\\\/bogensportdiscount.ch\\\/?s={search_term_string}\"},\"query-input\":{\"@type\":\"PropertyValueSpecification\",\"valueRequired\":true,\"valueName\":\"search_term_string\"}}],\"inLanguage\":\"fr-FR\"}]}<\/script>\n<!-- \/ Yoast SEO plugin. -->","yoast_head_json":{"title":"MAXIMAL ARMBRUST TASCHEN SCORPIO MITTEL -SEITENTASCHE-INNENGURT-SCHWARZ\/CAMO - Bogensportdiscount \u2013 B\u00f6gen, Pfeile, Targets &amp; Zubeh\u00f6r","description":"MAXIMAL ARMBRUST TASCHEN SCORPIO MITTEL -SEITENTASCHE-INNENGURT-SCHWARZ\/CAMO g\u00fcnstig kaufen bei Bogensportdiscount \u2013 Top-Marken, schneller Versand aus der Schweiz.","robots":{"index":"index","follow":"follow","max-snippet":"max-snippet:-1","max-image-preview":"max-image-preview:large","max-video-preview":"max-video-preview:-1"},"canonical":"https:\/\/bogensportdiscount.ch\/fr\/produit\/maximal-armbrust-tasche-scorpio-medium-schwarz-camo\/","og_locale":"fr_FR","og_type":"article","og_title":"MAXIMAL ARMBRUST TASCHEN SCORPIO MITTEL -SEITENTASCHE-INNENGURT-SCHWARZ\/CAMO - Bogensportdiscount \u2013 B\u00f6gen, Pfeile, Targets &amp; Zubeh\u00f6r","og_description":"MAXIMAL ARMBRUST TASCHEN SCORPIO MITTEL -SEITENTASCHE-INNENGURT-SCHWARZ\/CAMO g\u00fcnstig kaufen bei Bogensportdiscount \u2013 Top-Marken, schneller Versand aus der Schweiz.","og_url":"https:\/\/bogensportdiscount.ch\/fr\/produit\/maximal-armbrust-tasche-scorpio-medium-schwarz-camo\/","og_site_name":"Bogensportdiscount \u2013 B\u00f6gen, Pfeile, Targets &amp; Zubeh\u00f6r","article_modified_time":"2026-05-14T05:13:35+00:00","og_image":[{"url":"https:\/\/bogensportdiscount.ch\/wp-content\/uploads\/bsm-images\/A024566_1.png","width":2693,"height":3278,"type":"image\/png"}],"twitter_card":"summary_large_image","schema":{"@context":"https:\/\/schema.org","@graph":[{"@type":"WebPage","@id":"https:\/\/bogensportdiscount.ch\/produkt\/maximal-armbrust-tasche-scorpio-medium-schwarz-camo\/","url":"https:\/\/bogensportdiscount.ch\/produkt\/maximal-armbrust-tasche-scorpio-medium-schwarz-camo\/","name":"MAXIMAL ARMBRUST TASCHEN SCORPIO MITTEL -SEITENTASCHE-INNENGURT-SCHWARZ\/CAMO - Bogensportdiscount \u2013 B\u00f6gen, Pfeile, Targets &amp; Zubeh\u00f6r","isPartOf":{"@id":"https:\/\/bogensportdiscount.ch\/#website"},"primaryImageOfPage":{"@id":"https:\/\/bogensportdiscount.ch\/produkt\/maximal-armbrust-tasche-scorpio-medium-schwarz-camo\/#primaryimage"},"image":{"@id":"https:\/\/bogensportdiscount.ch\/produkt\/maximal-armbrust-tasche-scorpio-medium-schwarz-camo\/#primaryimage"},"thumbnailUrl":"https:\/\/bogensportdiscount.ch\/wp-content\/uploads\/bsm-images\/A024566_1.png","datePublished":"2026-04-05T12:24:41+00:00","dateModified":"2026-05-14T05:13:35+00:00","description":"MAXIMAL ARMBRUST TASCHEN SCORPIO MITTEL -SEITENTASCHE-INNENGURT-SCHWARZ\/CAMO g\u00fcnstig kaufen bei Bogensportdiscount \u2013 Top-Marken, schneller Versand aus der Schweiz.","breadcrumb":{"@id":"https:\/\/bogensportdiscount.ch\/produkt\/maximal-armbrust-tasche-scorpio-medium-schwarz-camo\/#breadcrumb"},"inLanguage":"fr-FR","potentialAction":[{"@type":"ReadAction","target":["https:\/\/bogensportdiscount.ch\/produkt\/maximal-armbrust-tasche-scorpio-medium-schwarz-camo\/"]}]},{"@type":"ImageObject","inLanguage":"fr-FR","@id":"https:\/\/bogensportdiscount.ch\/produkt\/maximal-armbrust-tasche-scorpio-medium-schwarz-camo\/#primaryimage","url":"https:\/\/bogensportdiscount.ch\/wp-content\/uploads\/bsm-images\/A024566_1.png","contentUrl":"https:\/\/bogensportdiscount.ch\/wp-content\/uploads\/bsm-images\/A024566_1.png","width":2693,"height":3278},{"@type":"BreadcrumbList","@id":"https:\/\/bogensportdiscount.ch\/produkt\/maximal-armbrust-tasche-scorpio-medium-schwarz-camo\/#breadcrumb","itemListElement":[{"@type":"ListItem","position":1,"name":"Home","item":"https:\/\/bogensportdiscount.ch\/"},{"@type":"ListItem","position":2,"name":"Shop","item":"https:\/\/bogensportdiscount.ch\/shop\/"},{"@type":"ListItem","position":3,"name":"MAXIMAL CROSSBOW BAGS SCORPIO MEDIUM -SIDE POCKET-INNER STRAP-BLK\/CAMO"}]},{"@type":"WebSite","@id":"https:\/\/bogensportdiscount.ch\/#website","url":"https:\/\/bogensportdiscount.ch\/","name":"Bogensportdiscount","description":"","potentialAction":[{"@type":"SearchAction","target":{"@type":"EntryPoint","urlTemplate":"https:\/\/bogensportdiscount.ch\/?s={search_term_string}"},"query-input":{"@type":"PropertyValueSpecification","valueRequired":true,"valueName":"search_term_string"}}],"inLanguage":"fr-FR"}]}},"_links":{"self":[{"href":"https:\/\/bogensportdiscount.ch\/fr\/wp-json\/wp\/v2\/product\/392023","targetHints":{"allow":["GET"]}}],"collection":[{"href":"https:\/\/bogensportdiscount.ch\/fr\/wp-json\/wp\/v2\/product"}],"about":[{"href":"https:\/\/bogensportdiscount.ch\/fr\/wp-json\/wp\/v2\/types\/product"}],"replies":[{"embeddable":true,"href":"https:\/\/bogensportdiscount.ch\/fr\/wp-json\/wp\/v2\/comments?post=392023"}],"wp:featuredmedia":[{"embeddable":true,"href":"https:\/\/bogensportdiscount.ch\/fr\/wp-json\/wp\/v2\/media\/446845"}],"wp:attachment":[{"href":"https:\/\/bogensportdiscount.ch\/fr\/wp-json\/wp\/v2\/media?parent=392023"}],"wp:term":[{"taxonomy":"product_brand","embeddable":true,"href":"https:\/\/bogensportdiscount.ch\/fr\/wp-json\/wp\/v2\/product_brand?post=392023"},{"taxonomy":"product_cat","embeddable":true,"href":"https:\/\/bogensportdiscount.ch\/fr\/wp-json\/wp\/v2\/product_cat?post=392023"},{"taxonomy":"product_tag","embeddable":true,"href":"https:\/\/bogensportdiscount.ch\/fr\/wp-json\/wp\/v2\/product_tag?post=392023"}],"curies":[{"name":"wp","href":"https:\/\/api.w.org\/{rel}","templated":true}]}}