{"id":392022,"date":"2026-04-05T14:24:41","date_gmt":"2026-04-05T12:24:41","guid":{"rendered":"https:\/\/bogensportdiscount.ch\/produkt\/excalibur-crossbow-bags-explore-fits-all-matrix-micro-as-take-down\/"},"modified":"2026-05-14T07:13:35","modified_gmt":"2026-05-14T05:13:35","slug":"excalibur-armbrustbag-explore-matrix-micro-take-down","status":"publish","type":"product","link":"https:\/\/bogensportdiscount.ch\/fr\/produit\/excalibur-armbrustbag-explore-matrix-micro-take-down\/","title":{"rendered":"EXCALIBUR SACOCHE ARBAL\u00c8TE EXPLORE &#8211; CONVIENT TOUTES MATRIX\/MICRO AS TAKE-DOWN"},"content":{"rendered":"<p>L'Excalibur Explore est une housse de transport pour arbal\u00e8tes des s\u00e9ries Matrix et Micro d'Excalibur, transport\u00e9es en format take-down. Le design take-down permet de d\u00e9monter l'arbal\u00e8te en pi\u00e8ces plus compactes, et cette housse est pr\u00e9cis\u00e9ment adapt\u00e9e \u00e0 ces dimensions.<\/p>\n<p>La housse offre une protection fiable pour votre arbal\u00e8te lors du transport \u00e0 la chasse, \u00e0 l'entra\u00eenement ou en comp\u00e9tition. Gr\u00e2ce \u00e0 la coupe adapt\u00e9e \u00e0 tous les mod\u00e8les Matrix et Micro, l'arbal\u00e8te peut \u00eatre rang\u00e9e de mani\u00e8re s\u00e9curis\u00e9e et compacte.<\/p>\n<ul>\n<li>Compatible avec toutes les arbal\u00e8tes Excalibur Matrix et Micro (take-down)<\/li>\n<li>Prot\u00e8ge l'arbal\u00e8te lors du transport contre les chocs et les intemp\u00e9ries<\/li>\n<li>Coupe optimis\u00e9e pour les mod\u00e8les take-down<\/li>\n<li>Par Excalibur, le fabricant des arbal\u00e8tes compatibles<\/li>\n<\/ul>","protected":false},"excerpt":{"rendered":"<table>\n<tr>\n<th>Propri\u00e9t\u00e9<\/th>\n<th>Valeur<\/th>\n<\/tr>\n<tr>\n<td>Marque<\/td>\n<td>Excalibur<\/td>\n<\/tr>\n<tr>\n<td>Couleur<\/td>\n<td>Vert<\/td>\n<\/tr>\n<tr>\n<td>Pays d'origine<\/td>\n<td>Canada<\/td>\n<\/tr>\n<tr>\n<td>GTIN<\/td>\n<td>626192975119<\/td>\n<\/tr>\n<\/table>","protected":false},"featured_media":446844,"comment_status":"open","ping_status":"closed","template":"","meta":[],"product_brand":[804],"product_cat":[4135,4373,27449],"product_tag":[3546],"class_list":{"0":"post-392022","1":"product","2":"type-product","3":"status-publish","4":"has-post-thumbnail","6":"product_brand-excalibur","7":"product_cat-armbrust-zubehoer","8":"product_cat-armbrueste-taschen","9":"product_cat-taschen-koffer-armbrust-zubehoer-2","10":"product_tag-neuheit","11":"product_shipping_class-bsd-standard","13":"first","14":"instock","15":"shipping-taxable","16":"purchasable","17":"product-type-simple"},"yoast_head":"<!-- This site is optimized with the Yoast SEO plugin v27.6 - https:\/\/yoast.com\/product\/yoast-seo-wordpress\/ -->\n<title>EXCALIBUR ARMBRUST TASCHEN EXPLORE - PASST ALLE MATRIX\/MICRO AS TAKE-DOWN - Bogensportdiscount \u2013 B\u00f6gen, Pfeile, Targets &amp; Zubeh\u00f6r<\/title>\n<meta name=\"description\" content=\"EXCALIBUR ARMBRUST TASCHEN EXPLORE - PASST ALLE MATRIX\/MICRO AS TAKE-DOWN g\u00fcnstig kaufen bei Bogensportdiscount \u2013 Top-Marken, schneller Versand aus der Schweiz.\" \/>\n<meta name=\"robots\" content=\"index, follow, max-snippet:-1, max-image-preview:large, max-video-preview:-1\" \/>\n<link rel=\"canonical\" href=\"https:\/\/bogensportdiscount.ch\/fr\/produit\/excalibur-armbrustbag-explore-matrix-micro-take-down\/\" \/>\n<meta property=\"og:locale\" content=\"fr_FR\" \/>\n<meta property=\"og:type\" content=\"article\" \/>\n<meta property=\"og:title\" content=\"EXCALIBUR ARMBRUST TASCHEN EXPLORE - PASST ALLE MATRIX\/MICRO AS TAKE-DOWN - Bogensportdiscount \u2013 B\u00f6gen, Pfeile, Targets &amp; Zubeh\u00f6r\" \/>\n<meta property=\"og:description\" content=\"EXCALIBUR ARMBRUST TASCHEN EXPLORE - PASST ALLE MATRIX\/MICRO AS TAKE-DOWN g\u00fcnstig kaufen bei Bogensportdiscount \u2013 Top-Marken, schneller Versand aus der Schweiz.\" \/>\n<meta property=\"og:url\" content=\"https:\/\/bogensportdiscount.ch\/fr\/produit\/excalibur-armbrustbag-explore-matrix-micro-take-down\/\" \/>\n<meta property=\"og:site_name\" content=\"Bogensportdiscount \u2013 B\u00f6gen, Pfeile, Targets &amp; Zubeh\u00f6r\" \/>\n<meta property=\"article:modified_time\" content=\"2026-05-14T05:13:35+00:00\" \/>\n<meta property=\"og:image\" content=\"https:\/\/bogensportdiscount.ch\/wp-content\/uploads\/bsm-images\/A024562_1.png\" \/>\n\t<meta property=\"og:image:width\" content=\"690\" \/>\n\t<meta property=\"og:image:height\" content=\"1256\" \/>\n\t<meta property=\"og:image:type\" content=\"image\/png\" \/>\n<meta name=\"twitter:card\" content=\"summary_large_image\" \/>\n<meta name=\"twitter:label1\" content=\"Dur\u00e9e de lecture estim\u00e9e\" \/>\n\t<meta name=\"twitter:data1\" content=\"1 minute\" \/>\n<script type=\"application\/ld+json\" class=\"yoast-schema-graph\">{\"@context\":\"https:\\\/\\\/schema.org\",\"@graph\":[{\"@type\":\"WebPage\",\"@id\":\"https:\\\/\\\/bogensportdiscount.ch\\\/produkt\\\/excalibur-armbrustbag-explore-matrix-micro-take-down\\\/\",\"url\":\"https:\\\/\\\/bogensportdiscount.ch\\\/produkt\\\/excalibur-armbrustbag-explore-matrix-micro-take-down\\\/\",\"name\":\"EXCALIBUR ARMBRUST TASCHEN EXPLORE - PASST ALLE MATRIX\\\/MICRO AS TAKE-DOWN - Bogensportdiscount \u2013 B\u00f6gen, Pfeile, Targets &amp; Zubeh\u00f6r\",\"isPartOf\":{\"@id\":\"https:\\\/\\\/bogensportdiscount.ch\\\/#website\"},\"primaryImageOfPage\":{\"@id\":\"https:\\\/\\\/bogensportdiscount.ch\\\/produkt\\\/excalibur-armbrustbag-explore-matrix-micro-take-down\\\/#primaryimage\"},\"image\":{\"@id\":\"https:\\\/\\\/bogensportdiscount.ch\\\/produkt\\\/excalibur-armbrustbag-explore-matrix-micro-take-down\\\/#primaryimage\"},\"thumbnailUrl\":\"https:\\\/\\\/bogensportdiscount.ch\\\/wp-content\\\/uploads\\\/bsm-images\\\/A024562_1.png\",\"datePublished\":\"2026-04-05T12:24:41+00:00\",\"dateModified\":\"2026-05-14T05:13:35+00:00\",\"description\":\"EXCALIBUR ARMBRUST TASCHEN EXPLORE - PASST ALLE MATRIX\\\/MICRO AS TAKE-DOWN g\u00fcnstig kaufen bei Bogensportdiscount \u2013 Top-Marken, schneller Versand aus der Schweiz.\",\"breadcrumb\":{\"@id\":\"https:\\\/\\\/bogensportdiscount.ch\\\/produkt\\\/excalibur-armbrustbag-explore-matrix-micro-take-down\\\/#breadcrumb\"},\"inLanguage\":\"fr-FR\",\"potentialAction\":[{\"@type\":\"ReadAction\",\"target\":[\"https:\\\/\\\/bogensportdiscount.ch\\\/produkt\\\/excalibur-armbrustbag-explore-matrix-micro-take-down\\\/\"]}]},{\"@type\":\"ImageObject\",\"inLanguage\":\"fr-FR\",\"@id\":\"https:\\\/\\\/bogensportdiscount.ch\\\/produkt\\\/excalibur-armbrustbag-explore-matrix-micro-take-down\\\/#primaryimage\",\"url\":\"https:\\\/\\\/bogensportdiscount.ch\\\/wp-content\\\/uploads\\\/bsm-images\\\/A024562_1.png\",\"contentUrl\":\"https:\\\/\\\/bogensportdiscount.ch\\\/wp-content\\\/uploads\\\/bsm-images\\\/A024562_1.png\",\"width\":690,\"height\":1256},{\"@type\":\"BreadcrumbList\",\"@id\":\"https:\\\/\\\/bogensportdiscount.ch\\\/produkt\\\/excalibur-armbrustbag-explore-matrix-micro-take-down\\\/#breadcrumb\",\"itemListElement\":[{\"@type\":\"ListItem\",\"position\":1,\"name\":\"Home\",\"item\":\"https:\\\/\\\/bogensportdiscount.ch\\\/\"},{\"@type\":\"ListItem\",\"position\":2,\"name\":\"Shop\",\"item\":\"https:\\\/\\\/bogensportdiscount.ch\\\/shop\\\/\"},{\"@type\":\"ListItem\",\"position\":3,\"name\":\"EXCALIBUR CROSSBOW BAGS EXPLORE &#8211; FITS ALL MATRIX\\\/MICRO AS TAKE-DOWN\"}]},{\"@type\":\"WebSite\",\"@id\":\"https:\\\/\\\/bogensportdiscount.ch\\\/#website\",\"url\":\"https:\\\/\\\/bogensportdiscount.ch\\\/\",\"name\":\"Bogensportdiscount\",\"description\":\"\",\"potentialAction\":[{\"@type\":\"SearchAction\",\"target\":{\"@type\":\"EntryPoint\",\"urlTemplate\":\"https:\\\/\\\/bogensportdiscount.ch\\\/?s={search_term_string}\"},\"query-input\":{\"@type\":\"PropertyValueSpecification\",\"valueRequired\":true,\"valueName\":\"search_term_string\"}}],\"inLanguage\":\"fr-FR\"}]}<\/script>\n<!-- \/ Yoast SEO plugin. -->","yoast_head_json":{"title":"EXCALIBUR ARMBRUST TASCHEN EXPLORE - PASST ALLE MATRIX\/MICRO AS TAKE-DOWN - Bogensportdiscount \u2013 B\u00f6gen, Pfeile, Targets &amp; Zubeh\u00f6r","description":"EXCALIBUR ARMBRUST TASCHEN EXPLORE - PASST ALLE MATRIX\/MICRO AS TAKE-DOWN g\u00fcnstig kaufen bei Bogensportdiscount \u2013 Top-Marken, schneller Versand aus der Schweiz.","robots":{"index":"index","follow":"follow","max-snippet":"max-snippet:-1","max-image-preview":"max-image-preview:large","max-video-preview":"max-video-preview:-1"},"canonical":"https:\/\/bogensportdiscount.ch\/fr\/produit\/excalibur-armbrustbag-explore-matrix-micro-take-down\/","og_locale":"fr_FR","og_type":"article","og_title":"EXCALIBUR ARMBRUST TASCHEN EXPLORE - PASST ALLE MATRIX\/MICRO AS TAKE-DOWN - Bogensportdiscount \u2013 B\u00f6gen, Pfeile, Targets &amp; Zubeh\u00f6r","og_description":"EXCALIBUR ARMBRUST TASCHEN EXPLORE - PASST ALLE MATRIX\/MICRO AS TAKE-DOWN g\u00fcnstig kaufen bei Bogensportdiscount \u2013 Top-Marken, schneller Versand aus der Schweiz.","og_url":"https:\/\/bogensportdiscount.ch\/fr\/produit\/excalibur-armbrustbag-explore-matrix-micro-take-down\/","og_site_name":"Bogensportdiscount \u2013 B\u00f6gen, Pfeile, Targets &amp; Zubeh\u00f6r","article_modified_time":"2026-05-14T05:13:35+00:00","og_image":[{"width":690,"height":1256,"url":"https:\/\/bogensportdiscount.ch\/wp-content\/uploads\/bsm-images\/A024562_1.png","type":"image\/png"}],"twitter_card":"summary_large_image","twitter_misc":{"Dur\u00e9e de lecture estim\u00e9e":"1 minute"},"schema":{"@context":"https:\/\/schema.org","@graph":[{"@type":"WebPage","@id":"https:\/\/bogensportdiscount.ch\/produkt\/excalibur-armbrustbag-explore-matrix-micro-take-down\/","url":"https:\/\/bogensportdiscount.ch\/produkt\/excalibur-armbrustbag-explore-matrix-micro-take-down\/","name":"EXCALIBUR ARMBRUST TASCHEN EXPLORE - PASST ALLE MATRIX\/MICRO AS TAKE-DOWN - Bogensportdiscount \u2013 B\u00f6gen, Pfeile, Targets &amp; Zubeh\u00f6r","isPartOf":{"@id":"https:\/\/bogensportdiscount.ch\/#website"},"primaryImageOfPage":{"@id":"https:\/\/bogensportdiscount.ch\/produkt\/excalibur-armbrustbag-explore-matrix-micro-take-down\/#primaryimage"},"image":{"@id":"https:\/\/bogensportdiscount.ch\/produkt\/excalibur-armbrustbag-explore-matrix-micro-take-down\/#primaryimage"},"thumbnailUrl":"https:\/\/bogensportdiscount.ch\/wp-content\/uploads\/bsm-images\/A024562_1.png","datePublished":"2026-04-05T12:24:41+00:00","dateModified":"2026-05-14T05:13:35+00:00","description":"EXCALIBUR ARMBRUST TASCHEN EXPLORE - PASST ALLE MATRIX\/MICRO AS TAKE-DOWN g\u00fcnstig kaufen bei Bogensportdiscount \u2013 Top-Marken, schneller Versand aus der Schweiz.","breadcrumb":{"@id":"https:\/\/bogensportdiscount.ch\/produkt\/excalibur-armbrustbag-explore-matrix-micro-take-down\/#breadcrumb"},"inLanguage":"fr-FR","potentialAction":[{"@type":"ReadAction","target":["https:\/\/bogensportdiscount.ch\/produkt\/excalibur-armbrustbag-explore-matrix-micro-take-down\/"]}]},{"@type":"ImageObject","inLanguage":"fr-FR","@id":"https:\/\/bogensportdiscount.ch\/produkt\/excalibur-armbrustbag-explore-matrix-micro-take-down\/#primaryimage","url":"https:\/\/bogensportdiscount.ch\/wp-content\/uploads\/bsm-images\/A024562_1.png","contentUrl":"https:\/\/bogensportdiscount.ch\/wp-content\/uploads\/bsm-images\/A024562_1.png","width":690,"height":1256},{"@type":"BreadcrumbList","@id":"https:\/\/bogensportdiscount.ch\/produkt\/excalibur-armbrustbag-explore-matrix-micro-take-down\/#breadcrumb","itemListElement":[{"@type":"ListItem","position":1,"name":"Home","item":"https:\/\/bogensportdiscount.ch\/"},{"@type":"ListItem","position":2,"name":"Shop","item":"https:\/\/bogensportdiscount.ch\/shop\/"},{"@type":"ListItem","position":3,"name":"EXCALIBUR CROSSBOW BAGS EXPLORE &#8211; FITS ALL MATRIX\/MICRO AS TAKE-DOWN"}]},{"@type":"WebSite","@id":"https:\/\/bogensportdiscount.ch\/#website","url":"https:\/\/bogensportdiscount.ch\/","name":"Bogensportdiscount","description":"","potentialAction":[{"@type":"SearchAction","target":{"@type":"EntryPoint","urlTemplate":"https:\/\/bogensportdiscount.ch\/?s={search_term_string}"},"query-input":{"@type":"PropertyValueSpecification","valueRequired":true,"valueName":"search_term_string"}}],"inLanguage":"fr-FR"}]}},"_links":{"self":[{"href":"https:\/\/bogensportdiscount.ch\/fr\/wp-json\/wp\/v2\/product\/392022","targetHints":{"allow":["GET"]}}],"collection":[{"href":"https:\/\/bogensportdiscount.ch\/fr\/wp-json\/wp\/v2\/product"}],"about":[{"href":"https:\/\/bogensportdiscount.ch\/fr\/wp-json\/wp\/v2\/types\/product"}],"replies":[{"embeddable":true,"href":"https:\/\/bogensportdiscount.ch\/fr\/wp-json\/wp\/v2\/comments?post=392022"}],"wp:featuredmedia":[{"embeddable":true,"href":"https:\/\/bogensportdiscount.ch\/fr\/wp-json\/wp\/v2\/media\/446844"}],"wp:attachment":[{"href":"https:\/\/bogensportdiscount.ch\/fr\/wp-json\/wp\/v2\/media?parent=392022"}],"wp:term":[{"taxonomy":"product_brand","embeddable":true,"href":"https:\/\/bogensportdiscount.ch\/fr\/wp-json\/wp\/v2\/product_brand?post=392022"},{"taxonomy":"product_cat","embeddable":true,"href":"https:\/\/bogensportdiscount.ch\/fr\/wp-json\/wp\/v2\/product_cat?post=392022"},{"taxonomy":"product_tag","embeddable":true,"href":"https:\/\/bogensportdiscount.ch\/fr\/wp-json\/wp\/v2\/product_tag?post=392022"}],"curies":[{"name":"wp","href":"https:\/\/api.w.org\/{rel}","templated":true}]}}