{"id":392021,"date":"2026-04-05T14:24:41","date_gmt":"2026-04-05T12:24:41","guid":{"rendered":"https:\/\/bogensportdiscount.ch\/produkt\/excalibur-crossbow-bags-ex-shield-fits-all-matrix-crossbows\/"},"modified":"2026-05-14T07:13:35","modified_gmt":"2026-05-14T05:13:35","slug":"excalibur-armbrusttragetasche-ex-shield-matrix","status":"publish","type":"product","link":"https:\/\/bogensportdiscount.ch\/fr\/produit\/excalibur-armbrusttragetasche-ex-shield-matrix\/","title":{"rendered":"EXCALIBUR HOUSSES D'ARBAL\u00c8TE EX-SHIELD \u2013 CONVIENT \u00c0 TOUTES LES ARBAL\u00c8TES MATRIX"},"content":{"rendered":"<p>L'Excalibur EX-Shield est une housse de transport pour arbal\u00e8tes adapt\u00e9e \u00e0 l'ensemble de la s\u00e9rie Matrix d'Excalibur. Gr\u00e2ce \u00e0 sa forme con\u00e7ue avec pr\u00e9cision, l'arbal\u00e8te est maintenue de mani\u00e8re s\u00e9curis\u00e9e \u00e0 l'int\u00e9rieur et prot\u00e9g\u00e9e contre les chocs, les rayures et les intemp\u00e9ries.<\/p>\n<p>La housse est une solution pratique pour les archers et les chasseurs souhaitant transporter ou ranger leur arbal\u00e8te Matrix en toute s\u00e9curit\u00e9. La compatibilit\u00e9 avec tous les mod\u00e8les Matrix en fait un accessoire polyvalent pour les utilisateurs d'Excalibur.<\/p>\n<ul>\n<li>Adapt\u00e9e \u00e0 toutes les arbal\u00e8tes Excalibur Matrix<\/li>\n<li>Protection contre les chocs, les rayures et l'humidit\u00e9 lors du transport<\/li>\n<li>Solution pratique pour le rangement et le transport<\/li>\n<li>Accessoire original EXCALIBUR<\/li>\n<\/ul>","protected":false},"excerpt":{"rendered":"<table>\n<tr>\n<th>Propri\u00e9t\u00e9<\/th>\n<th>Valeur<\/th>\n<\/tr>\n<tr>\n<td>Marque<\/td>\n<td>Excalibur<\/td>\n<\/tr>\n<tr>\n<td>Couleur<\/td>\n<td>Noir<\/td>\n<\/tr>\n<tr>\n<td>Pays d'origine<\/td>\n<td>Canada<\/td>\n<\/tr>\n<tr>\n<td>GTIN<\/td>\n<td>626192958556<\/td>\n<\/tr>\n<\/table>","protected":false},"featured_media":446843,"comment_status":"open","ping_status":"closed","template":"","meta":[],"product_brand":[804],"product_cat":[4135,4373,27449],"product_tag":[3546],"class_list":{"0":"post-392021","1":"product","2":"type-product","3":"status-publish","4":"has-post-thumbnail","6":"product_brand-excalibur","7":"product_cat-armbrust-zubehoer","8":"product_cat-armbrueste-taschen","9":"product_cat-taschen-koffer-armbrust-zubehoer-2","10":"product_tag-neuheit","11":"product_shipping_class-bsd-standard","13":"first","14":"instock","15":"shipping-taxable","16":"purchasable","17":"product-type-simple"},"yoast_head":"<!-- This site is optimized with the Yoast SEO plugin v27.6 - https:\/\/yoast.com\/product\/yoast-seo-wordpress\/ -->\n<title>EXCALIBUR ARMBRUST TASCHEN EX-SHIELD - PASST ALLE MATRIX ARMBR\u00dcSTE - Bogensportdiscount \u2013 B\u00f6gen, Pfeile, Targets &amp; Zubeh\u00f6r<\/title>\n<meta name=\"description\" content=\"EXCALIBUR ARMBRUST TASCHEN EX-SHIELD - PASST ALLE MATRIX ARMBR\u00dcSTE g\u00fcnstig kaufen bei Bogensportdiscount \u2013 Top-Marken, schneller Versand aus der Schweiz.\" \/>\n<meta name=\"robots\" content=\"index, follow, max-snippet:-1, max-image-preview:large, max-video-preview:-1\" \/>\n<link rel=\"canonical\" href=\"https:\/\/bogensportdiscount.ch\/fr\/produit\/excalibur-armbrusttragetasche-ex-shield-matrix\/\" \/>\n<meta property=\"og:locale\" content=\"fr_FR\" \/>\n<meta property=\"og:type\" content=\"article\" \/>\n<meta property=\"og:title\" content=\"EXCALIBUR ARMBRUST TASCHEN EX-SHIELD - PASST ALLE MATRIX ARMBR\u00dcSTE - Bogensportdiscount \u2013 B\u00f6gen, Pfeile, Targets &amp; Zubeh\u00f6r\" \/>\n<meta property=\"og:description\" content=\"EXCALIBUR ARMBRUST TASCHEN EX-SHIELD - PASST ALLE MATRIX ARMBR\u00dcSTE g\u00fcnstig kaufen bei Bogensportdiscount \u2013 Top-Marken, schneller Versand aus der Schweiz.\" \/>\n<meta property=\"og:url\" content=\"https:\/\/bogensportdiscount.ch\/fr\/produit\/excalibur-armbrusttragetasche-ex-shield-matrix\/\" \/>\n<meta property=\"og:site_name\" content=\"Bogensportdiscount \u2013 B\u00f6gen, Pfeile, Targets &amp; Zubeh\u00f6r\" \/>\n<meta property=\"article:modified_time\" content=\"2026-05-14T05:13:35+00:00\" \/>\n<meta property=\"og:image\" content=\"https:\/\/bogensportdiscount.ch\/wp-content\/uploads\/bsm-images\/A024561_1.png\" \/>\n\t<meta property=\"og:image:width\" content=\"1200\" \/>\n\t<meta property=\"og:image:height\" content=\"800\" \/>\n\t<meta property=\"og:image:type\" content=\"image\/png\" \/>\n<meta name=\"twitter:card\" content=\"summary_large_image\" \/>\n<meta name=\"twitter:label1\" content=\"Dur\u00e9e de lecture estim\u00e9e\" \/>\n\t<meta name=\"twitter:data1\" content=\"1 minute\" \/>\n<script type=\"application\/ld+json\" class=\"yoast-schema-graph\">{\"@context\":\"https:\\\/\\\/schema.org\",\"@graph\":[{\"@type\":\"WebPage\",\"@id\":\"https:\\\/\\\/bogensportdiscount.ch\\\/produkt\\\/excalibur-armbrusttragetasche-ex-shield-matrix\\\/\",\"url\":\"https:\\\/\\\/bogensportdiscount.ch\\\/produkt\\\/excalibur-armbrusttragetasche-ex-shield-matrix\\\/\",\"name\":\"EXCALIBUR ARMBRUST TASCHEN EX-SHIELD - PASST ALLE MATRIX ARMBR\u00dcSTE - Bogensportdiscount \u2013 B\u00f6gen, Pfeile, Targets &amp; Zubeh\u00f6r\",\"isPartOf\":{\"@id\":\"https:\\\/\\\/bogensportdiscount.ch\\\/#website\"},\"primaryImageOfPage\":{\"@id\":\"https:\\\/\\\/bogensportdiscount.ch\\\/produkt\\\/excalibur-armbrusttragetasche-ex-shield-matrix\\\/#primaryimage\"},\"image\":{\"@id\":\"https:\\\/\\\/bogensportdiscount.ch\\\/produkt\\\/excalibur-armbrusttragetasche-ex-shield-matrix\\\/#primaryimage\"},\"thumbnailUrl\":\"https:\\\/\\\/bogensportdiscount.ch\\\/wp-content\\\/uploads\\\/bsm-images\\\/A024561_1.png\",\"datePublished\":\"2026-04-05T12:24:41+00:00\",\"dateModified\":\"2026-05-14T05:13:35+00:00\",\"description\":\"EXCALIBUR ARMBRUST TASCHEN EX-SHIELD - PASST ALLE MATRIX ARMBR\u00dcSTE g\u00fcnstig kaufen bei Bogensportdiscount \u2013 Top-Marken, schneller Versand aus der Schweiz.\",\"breadcrumb\":{\"@id\":\"https:\\\/\\\/bogensportdiscount.ch\\\/produkt\\\/excalibur-armbrusttragetasche-ex-shield-matrix\\\/#breadcrumb\"},\"inLanguage\":\"fr-FR\",\"potentialAction\":[{\"@type\":\"ReadAction\",\"target\":[\"https:\\\/\\\/bogensportdiscount.ch\\\/produkt\\\/excalibur-armbrusttragetasche-ex-shield-matrix\\\/\"]}]},{\"@type\":\"ImageObject\",\"inLanguage\":\"fr-FR\",\"@id\":\"https:\\\/\\\/bogensportdiscount.ch\\\/produkt\\\/excalibur-armbrusttragetasche-ex-shield-matrix\\\/#primaryimage\",\"url\":\"https:\\\/\\\/bogensportdiscount.ch\\\/wp-content\\\/uploads\\\/bsm-images\\\/A024561_1.png\",\"contentUrl\":\"https:\\\/\\\/bogensportdiscount.ch\\\/wp-content\\\/uploads\\\/bsm-images\\\/A024561_1.png\",\"width\":1200,\"height\":800},{\"@type\":\"BreadcrumbList\",\"@id\":\"https:\\\/\\\/bogensportdiscount.ch\\\/produkt\\\/excalibur-armbrusttragetasche-ex-shield-matrix\\\/#breadcrumb\",\"itemListElement\":[{\"@type\":\"ListItem\",\"position\":1,\"name\":\"Home\",\"item\":\"https:\\\/\\\/bogensportdiscount.ch\\\/\"},{\"@type\":\"ListItem\",\"position\":2,\"name\":\"Shop\",\"item\":\"https:\\\/\\\/bogensportdiscount.ch\\\/shop\\\/\"},{\"@type\":\"ListItem\",\"position\":3,\"name\":\"EXCALIBUR CROSSBOW BAGS EX-SHIELD &#8211; FITS ALL MATRIX CROSSBOWS\"}]},{\"@type\":\"WebSite\",\"@id\":\"https:\\\/\\\/bogensportdiscount.ch\\\/#website\",\"url\":\"https:\\\/\\\/bogensportdiscount.ch\\\/\",\"name\":\"Bogensportdiscount\",\"description\":\"\",\"potentialAction\":[{\"@type\":\"SearchAction\",\"target\":{\"@type\":\"EntryPoint\",\"urlTemplate\":\"https:\\\/\\\/bogensportdiscount.ch\\\/?s={search_term_string}\"},\"query-input\":{\"@type\":\"PropertyValueSpecification\",\"valueRequired\":true,\"valueName\":\"search_term_string\"}}],\"inLanguage\":\"fr-FR\"}]}<\/script>\n<!-- \/ Yoast SEO plugin. -->","yoast_head_json":{"title":"EXCALIBUR ARMBRUST TASCHEN EX-SHIELD - PASST ALLE MATRIX ARMBR\u00dcSTE - Bogensportdiscount \u2013 B\u00f6gen, Pfeile, Targets &amp; Zubeh\u00f6r","description":"EXCALIBUR ARMBRUST TASCHEN EX-SHIELD - PASST ALLE MATRIX ARMBR\u00dcSTE g\u00fcnstig kaufen bei Bogensportdiscount \u2013 Top-Marken, schneller Versand aus der Schweiz.","robots":{"index":"index","follow":"follow","max-snippet":"max-snippet:-1","max-image-preview":"max-image-preview:large","max-video-preview":"max-video-preview:-1"},"canonical":"https:\/\/bogensportdiscount.ch\/fr\/produit\/excalibur-armbrusttragetasche-ex-shield-matrix\/","og_locale":"fr_FR","og_type":"article","og_title":"EXCALIBUR ARMBRUST TASCHEN EX-SHIELD - PASST ALLE MATRIX ARMBR\u00dcSTE - Bogensportdiscount \u2013 B\u00f6gen, Pfeile, Targets &amp; Zubeh\u00f6r","og_description":"EXCALIBUR ARMBRUST TASCHEN EX-SHIELD - PASST ALLE MATRIX ARMBR\u00dcSTE g\u00fcnstig kaufen bei Bogensportdiscount \u2013 Top-Marken, schneller Versand aus der Schweiz.","og_url":"https:\/\/bogensportdiscount.ch\/fr\/produit\/excalibur-armbrusttragetasche-ex-shield-matrix\/","og_site_name":"Bogensportdiscount \u2013 B\u00f6gen, Pfeile, Targets &amp; Zubeh\u00f6r","article_modified_time":"2026-05-14T05:13:35+00:00","og_image":[{"width":1200,"height":800,"url":"https:\/\/bogensportdiscount.ch\/wp-content\/uploads\/bsm-images\/A024561_1.png","type":"image\/png"}],"twitter_card":"summary_large_image","twitter_misc":{"Dur\u00e9e de lecture estim\u00e9e":"1 minute"},"schema":{"@context":"https:\/\/schema.org","@graph":[{"@type":"WebPage","@id":"https:\/\/bogensportdiscount.ch\/produkt\/excalibur-armbrusttragetasche-ex-shield-matrix\/","url":"https:\/\/bogensportdiscount.ch\/produkt\/excalibur-armbrusttragetasche-ex-shield-matrix\/","name":"EXCALIBUR ARMBRUST TASCHEN EX-SHIELD - PASST ALLE MATRIX ARMBR\u00dcSTE - Bogensportdiscount \u2013 B\u00f6gen, Pfeile, Targets &amp; Zubeh\u00f6r","isPartOf":{"@id":"https:\/\/bogensportdiscount.ch\/#website"},"primaryImageOfPage":{"@id":"https:\/\/bogensportdiscount.ch\/produkt\/excalibur-armbrusttragetasche-ex-shield-matrix\/#primaryimage"},"image":{"@id":"https:\/\/bogensportdiscount.ch\/produkt\/excalibur-armbrusttragetasche-ex-shield-matrix\/#primaryimage"},"thumbnailUrl":"https:\/\/bogensportdiscount.ch\/wp-content\/uploads\/bsm-images\/A024561_1.png","datePublished":"2026-04-05T12:24:41+00:00","dateModified":"2026-05-14T05:13:35+00:00","description":"EXCALIBUR ARMBRUST TASCHEN EX-SHIELD - PASST ALLE MATRIX ARMBR\u00dcSTE g\u00fcnstig kaufen bei Bogensportdiscount \u2013 Top-Marken, schneller Versand aus der Schweiz.","breadcrumb":{"@id":"https:\/\/bogensportdiscount.ch\/produkt\/excalibur-armbrusttragetasche-ex-shield-matrix\/#breadcrumb"},"inLanguage":"fr-FR","potentialAction":[{"@type":"ReadAction","target":["https:\/\/bogensportdiscount.ch\/produkt\/excalibur-armbrusttragetasche-ex-shield-matrix\/"]}]},{"@type":"ImageObject","inLanguage":"fr-FR","@id":"https:\/\/bogensportdiscount.ch\/produkt\/excalibur-armbrusttragetasche-ex-shield-matrix\/#primaryimage","url":"https:\/\/bogensportdiscount.ch\/wp-content\/uploads\/bsm-images\/A024561_1.png","contentUrl":"https:\/\/bogensportdiscount.ch\/wp-content\/uploads\/bsm-images\/A024561_1.png","width":1200,"height":800},{"@type":"BreadcrumbList","@id":"https:\/\/bogensportdiscount.ch\/produkt\/excalibur-armbrusttragetasche-ex-shield-matrix\/#breadcrumb","itemListElement":[{"@type":"ListItem","position":1,"name":"Home","item":"https:\/\/bogensportdiscount.ch\/"},{"@type":"ListItem","position":2,"name":"Shop","item":"https:\/\/bogensportdiscount.ch\/shop\/"},{"@type":"ListItem","position":3,"name":"EXCALIBUR CROSSBOW BAGS EX-SHIELD &#8211; FITS ALL MATRIX CROSSBOWS"}]},{"@type":"WebSite","@id":"https:\/\/bogensportdiscount.ch\/#website","url":"https:\/\/bogensportdiscount.ch\/","name":"Bogensportdiscount","description":"","potentialAction":[{"@type":"SearchAction","target":{"@type":"EntryPoint","urlTemplate":"https:\/\/bogensportdiscount.ch\/?s={search_term_string}"},"query-input":{"@type":"PropertyValueSpecification","valueRequired":true,"valueName":"search_term_string"}}],"inLanguage":"fr-FR"}]}},"_links":{"self":[{"href":"https:\/\/bogensportdiscount.ch\/fr\/wp-json\/wp\/v2\/product\/392021","targetHints":{"allow":["GET"]}}],"collection":[{"href":"https:\/\/bogensportdiscount.ch\/fr\/wp-json\/wp\/v2\/product"}],"about":[{"href":"https:\/\/bogensportdiscount.ch\/fr\/wp-json\/wp\/v2\/types\/product"}],"replies":[{"embeddable":true,"href":"https:\/\/bogensportdiscount.ch\/fr\/wp-json\/wp\/v2\/comments?post=392021"}],"wp:featuredmedia":[{"embeddable":true,"href":"https:\/\/bogensportdiscount.ch\/fr\/wp-json\/wp\/v2\/media\/446843"}],"wp:attachment":[{"href":"https:\/\/bogensportdiscount.ch\/fr\/wp-json\/wp\/v2\/media?parent=392021"}],"wp:term":[{"taxonomy":"product_brand","embeddable":true,"href":"https:\/\/bogensportdiscount.ch\/fr\/wp-json\/wp\/v2\/product_brand?post=392021"},{"taxonomy":"product_cat","embeddable":true,"href":"https:\/\/bogensportdiscount.ch\/fr\/wp-json\/wp\/v2\/product_cat?post=392021"},{"taxonomy":"product_tag","embeddable":true,"href":"https:\/\/bogensportdiscount.ch\/fr\/wp-json\/wp\/v2\/product_tag?post=392021"}],"curies":[{"name":"wp","href":"https:\/\/api.w.org\/{rel}","templated":true}]}}