{"id":392014,"date":"2026-04-05T14:24:39","date_gmt":"2026-04-05T12:24:39","guid":{"rendered":"https:\/\/bogensportdiscount.ch\/produkt\/mybo-ten-zone-o-ring-scope-part\/"},"modified":"2026-04-15T12:13:41","modified_gmt":"2026-04-15T10:13:41","slug":"mybo-ten-zone-o-ring-scope-teil","status":"publish","type":"product","link":"https:\/\/bogensportdiscount.ch\/fr\/produit\/mybo-ten-zone-o-ring-scope-teil\/","title":{"rendered":"MYBO TEN ZONE - O-RING SCOPE PART"},"content":{"rendered":"<p>Dieses O-Ring Ersatzteil ist speziell f\u00fcr das MYBO Ten Zone Compound-Scope konzipiert. O-Ringe sorgen f\u00fcr die Abdichtung im Inneren des Scopes und sch\u00fctzen die Optik vor Staub und Feuchtigkeit.<\/p>\n<p>Mit dem richtigen Ersatzteil l\u00e4sst sich das Scope schnell und unkompliziert warten, ohne das gesamte Visier ersetzen zu m\u00fcssen.<\/p>\n<ul>\n<li>Ersatzteil f\u00fcr MYBO Ten Zone Compound-Scope<\/li>\n<li>Dichtungselement f\u00fcr Scope-Wartung<\/li>\n<li>Kleine, g\u00fcnstige Instandhaltungsl\u00f6sung<\/li>\n<\/ul>","protected":false},"excerpt":{"rendered":"<p><strong>Marque :<\/strong> Mybo<br \/><strong>GTIN:<\/strong> 702103<\/p>","protected":false},"featured_media":447983,"comment_status":"open","ping_status":"closed","template":"","meta":[],"product_brand":[430],"product_cat":[4249],"product_tag":[3546],"class_list":{"0":"post-392014","1":"product","2":"type-product","3":"status-publish","4":"has-post-thumbnail","6":"product_brand-mybo","7":"product_cat-zubehoer-compound-scope","8":"product_tag-neuheit","10":"first","11":"instock","12":"shipping-taxable","13":"purchasable","14":"product-type-simple"},"_links":{"self":[{"href":"https:\/\/bogensportdiscount.ch\/fr\/wp-json\/wp\/v2\/product\/392014","targetHints":{"allow":["GET"]}}],"collection":[{"href":"https:\/\/bogensportdiscount.ch\/fr\/wp-json\/wp\/v2\/product"}],"about":[{"href":"https:\/\/bogensportdiscount.ch\/fr\/wp-json\/wp\/v2\/types\/product"}],"replies":[{"embeddable":true,"href":"https:\/\/bogensportdiscount.ch\/fr\/wp-json\/wp\/v2\/comments?post=392014"}],"wp:featuredmedia":[{"embeddable":true,"href":"https:\/\/bogensportdiscount.ch\/fr\/wp-json\/wp\/v2\/media\/447983"}],"wp:attachment":[{"href":"https:\/\/bogensportdiscount.ch\/fr\/wp-json\/wp\/v2\/media?parent=392014"}],"wp:term":[{"taxonomy":"product_brand","embeddable":true,"href":"https:\/\/bogensportdiscount.ch\/fr\/wp-json\/wp\/v2\/product_brand?post=392014"},{"taxonomy":"product_cat","embeddable":true,"href":"https:\/\/bogensportdiscount.ch\/fr\/wp-json\/wp\/v2\/product_cat?post=392014"},{"taxonomy":"product_tag","embeddable":true,"href":"https:\/\/bogensportdiscount.ch\/fr\/wp-json\/wp\/v2\/product_tag?post=392014"}],"curies":[{"name":"wp","href":"https:\/\/api.w.org\/{rel}","templated":true}]}}