{"id":392013,"date":"2026-04-05T14:24:39","date_gmt":"2026-04-05T12:24:39","guid":{"rendered":"https:\/\/bogensportdiscount.ch\/produkt\/mybo-ten-zone-thread-nut-10x32-x-70mm-scope-part\/"},"modified":"2026-04-15T12:13:41","modified_gmt":"2026-04-15T10:13:41","slug":"mybo-ten-zone-gewindestift-mutter-10x32-x-70mm-scope-ersatzteil","status":"publish","type":"product","link":"https:\/\/bogensportdiscount.ch\/fr\/produit\/mybo-ten-zone-gewindestift-mutter-10x32-x-70mm-scope-ersatzteil\/","title":{"rendered":"MYBO TEN ZONE - THREAD + NUT - 10X32 X 70MM SCOPE PART"},"content":{"rendered":"<p>Dieses Ersatzteil-Set bestehend aus Gewindestift und Mutter (10&#215;32 x 70mm) ist speziell f\u00fcr das MYBO Ten Zone Compound-Scope konzipiert. Es wird zur Befestigung und Einstellung des Scopes an der Visierkonstruktion eingesetzt.<\/p>\n<p>Das Teil ist als direktes Ersatz- oder Zusatzteil f\u00fcr das Ten Zone System ausgelegt und gew\u00e4hrleistet eine zuverl\u00e4ssige und spielfreie Verbindung der Scope-Komponenten.<\/p>\n<ul>\n<li>Passend f\u00fcr MYBO Ten Zone Compound-Scope<\/li>\n<li>Gewindegr\u00f6sse: 10&#215;32<\/li>\n<li>L\u00e4nge: 70mm<\/li>\n<li>Gewindestift und Mutter im Set<\/li>\n<\/ul>","protected":false},"excerpt":{"rendered":"<p><strong>Marque :<\/strong> Mybo<br \/><strong>GTIN:<\/strong> 702099<\/p>","protected":false},"featured_media":447982,"comment_status":"open","ping_status":"closed","template":"","meta":[],"product_brand":[430],"product_cat":[4249],"product_tag":[3546],"class_list":{"0":"post-392013","1":"product","2":"type-product","3":"status-publish","4":"has-post-thumbnail","6":"product_brand-mybo","7":"product_cat-zubehoer-compound-scope","8":"product_tag-neuheit","10":"first","11":"instock","12":"shipping-taxable","13":"purchasable","14":"product-type-simple"},"_links":{"self":[{"href":"https:\/\/bogensportdiscount.ch\/fr\/wp-json\/wp\/v2\/product\/392013","targetHints":{"allow":["GET"]}}],"collection":[{"href":"https:\/\/bogensportdiscount.ch\/fr\/wp-json\/wp\/v2\/product"}],"about":[{"href":"https:\/\/bogensportdiscount.ch\/fr\/wp-json\/wp\/v2\/types\/product"}],"replies":[{"embeddable":true,"href":"https:\/\/bogensportdiscount.ch\/fr\/wp-json\/wp\/v2\/comments?post=392013"}],"wp:featuredmedia":[{"embeddable":true,"href":"https:\/\/bogensportdiscount.ch\/fr\/wp-json\/wp\/v2\/media\/447982"}],"wp:attachment":[{"href":"https:\/\/bogensportdiscount.ch\/fr\/wp-json\/wp\/v2\/media?parent=392013"}],"wp:term":[{"taxonomy":"product_brand","embeddable":true,"href":"https:\/\/bogensportdiscount.ch\/fr\/wp-json\/wp\/v2\/product_brand?post=392013"},{"taxonomy":"product_cat","embeddable":true,"href":"https:\/\/bogensportdiscount.ch\/fr\/wp-json\/wp\/v2\/product_cat?post=392013"},{"taxonomy":"product_tag","embeddable":true,"href":"https:\/\/bogensportdiscount.ch\/fr\/wp-json\/wp\/v2\/product_tag?post=392013"}],"curies":[{"name":"wp","href":"https:\/\/api.w.org\/{rel}","templated":true}]}}