{"id":392012,"date":"2026-04-05T14:24:39","date_gmt":"2026-04-05T12:24:39","guid":{"rendered":"https:\/\/bogensportdiscount.ch\/produkt\/mybo-ten-zone-lens-decals-1x-orange-1x-black-scope-part\/"},"modified":"2026-04-15T12:13:41","modified_gmt":"2026-04-15T10:13:41","slug":"mybo-ten-zone-linsen-aufkleber-orange-schwarz-scope-teil","status":"publish","type":"product","link":"https:\/\/bogensportdiscount.ch\/fr\/produit\/mybo-ten-zone-linsen-aufkleber-orange-schwarz-scope-teil\/","title":{"rendered":"MYBO TEN ZONE - LENS DECALS - 1X ORANGE\/ 1X BLACK SCOPE PART"},"content":{"rendered":"<p>Dieses Set enth\u00e4lt zwei Linsen-Aufkleber (Lens Decals) f\u00fcr das MYBO Ten Zone Compound-Scope: einen in Orange und einen in Schwarz. Die Aufkleber werden direkt auf die Scope-Linse aufgebracht und dienen zur individuellen Markierung oder Kennzeichnung des Zielbereichs.<\/p>\n<p>Als originales Ersatzteil von MYBO ist der Aufkleber auf die Abmessungen des Ten Zone Scopes abgestimmt. Das Set eignet sich f\u00fcr Bogensch\u00fctzen, die ihren bestehenden Ten Zone Scope mit frischen Decals ausstatten m\u00f6chten.<\/p>\n<ul>\n<li>1x Linsen-Aufkleber Orange<\/li>\n<li>1x Linsen-Aufkleber Schwarz<\/li>\n<li>Passend f\u00fcr MYBO Ten Zone Compound-Scope<\/li>\n<li>Originales MYBO Zubeh\u00f6rteil<\/li>\n<\/ul>","protected":false},"excerpt":{"rendered":"<p><strong>Marque :<\/strong> Mybo<br \/><strong>GTIN:<\/strong> 701969<\/p>","protected":false},"featured_media":447986,"comment_status":"open","ping_status":"closed","template":"","meta":[],"product_brand":[430],"product_cat":[4249],"product_tag":[3546],"class_list":{"0":"post-392012","1":"product","2":"type-product","3":"status-publish","4":"has-post-thumbnail","6":"product_brand-mybo","7":"product_cat-zubehoer-compound-scope","8":"product_tag-neuheit","10":"first","11":"instock","12":"shipping-taxable","13":"purchasable","14":"product-type-simple"},"_links":{"self":[{"href":"https:\/\/bogensportdiscount.ch\/fr\/wp-json\/wp\/v2\/product\/392012","targetHints":{"allow":["GET"]}}],"collection":[{"href":"https:\/\/bogensportdiscount.ch\/fr\/wp-json\/wp\/v2\/product"}],"about":[{"href":"https:\/\/bogensportdiscount.ch\/fr\/wp-json\/wp\/v2\/types\/product"}],"replies":[{"embeddable":true,"href":"https:\/\/bogensportdiscount.ch\/fr\/wp-json\/wp\/v2\/comments?post=392012"}],"wp:featuredmedia":[{"embeddable":true,"href":"https:\/\/bogensportdiscount.ch\/fr\/wp-json\/wp\/v2\/media\/447986"}],"wp:attachment":[{"href":"https:\/\/bogensportdiscount.ch\/fr\/wp-json\/wp\/v2\/media?parent=392012"}],"wp:term":[{"taxonomy":"product_brand","embeddable":true,"href":"https:\/\/bogensportdiscount.ch\/fr\/wp-json\/wp\/v2\/product_brand?post=392012"},{"taxonomy":"product_cat","embeddable":true,"href":"https:\/\/bogensportdiscount.ch\/fr\/wp-json\/wp\/v2\/product_cat?post=392012"},{"taxonomy":"product_tag","embeddable":true,"href":"https:\/\/bogensportdiscount.ch\/fr\/wp-json\/wp\/v2\/product_tag?post=392012"}],"curies":[{"name":"wp","href":"https:\/\/api.w.org\/{rel}","templated":true}]}}