{"id":392007,"date":"2026-04-05T14:24:38","date_gmt":"2026-04-05T12:24:38","guid":{"rendered":"https:\/\/bogensportdiscount.ch\/produkt\/axcel-x-31-hooded-lens-retainer-scope-part\/"},"modified":"2026-04-16T12:28:22","modified_gmt":"2026-04-16T10:28:22","slug":"axcel-x-31-hooded-lens-retainer-scope-teil","status":"publish","type":"product","link":"https:\/\/bogensportdiscount.ch\/fr\/produit\/axcel-x-31-hooded-lens-retainer-scope-teil\/","title":{"rendered":"AXCEL X-31 HOODED LENS RETAINER SCOPE PART"},"content":{"rendered":"<p>Der AXCEL X-31 Hooded Lens Retainer ist ein Originalteil f\u00fcr Compound-Scopes aus der AXCEL X-31-Linie. Er dient dazu, die eingesetzte Vergr\u00f6sserungslinse sicher im Scope zu fixieren und bietet durch die Haube gleichzeitig Schutz vor seitlichem Streulicht.<\/p>\n<p>Dieses Teil richtet sich an Compound-Bogensch\u00fctzen, die ihr bestehendes AXCEL X-31 Scope warten, reparieren oder mit einer neuen Linse ausstatten m\u00f6chten. Als Originalzubeh\u00f6r stellt es eine passgenaue Kompatibilit\u00e4t mit dem X-31 Scope-System sicher.<\/p>\n<ul>\n<li>Originalteil f\u00fcr AXCEL X-31 Compound-Scopes<\/li>\n<li>Fixiert die Linse sicher im Scope-Geh\u00e4use<\/li>\n<li>Haube reduziert st\u00f6rendes Streulicht<\/li>\n<li>Geeignet f\u00fcr Wartung und Ersatz<\/li>\n<\/ul>","protected":false},"excerpt":{"rendered":"<p><strong>Marque :<\/strong> Axcel<br \/><strong>GTIN:<\/strong> 611254100301<\/p>","protected":false},"featured_media":442772,"comment_status":"open","ping_status":"closed","template":"","meta":[],"product_brand":[467],"product_cat":[4249],"product_tag":[3546],"class_list":{"0":"post-392007","1":"product","2":"type-product","3":"status-publish","4":"has-post-thumbnail","6":"product_brand-axcel","7":"product_cat-zubehoer-compound-scope","8":"product_tag-neuheit","10":"first","11":"instock","12":"shipping-taxable","13":"purchasable","14":"product-type-simple"},"_links":{"self":[{"href":"https:\/\/bogensportdiscount.ch\/fr\/wp-json\/wp\/v2\/product\/392007","targetHints":{"allow":["GET"]}}],"collection":[{"href":"https:\/\/bogensportdiscount.ch\/fr\/wp-json\/wp\/v2\/product"}],"about":[{"href":"https:\/\/bogensportdiscount.ch\/fr\/wp-json\/wp\/v2\/types\/product"}],"replies":[{"embeddable":true,"href":"https:\/\/bogensportdiscount.ch\/fr\/wp-json\/wp\/v2\/comments?post=392007"}],"wp:featuredmedia":[{"embeddable":true,"href":"https:\/\/bogensportdiscount.ch\/fr\/wp-json\/wp\/v2\/media\/442772"}],"wp:attachment":[{"href":"https:\/\/bogensportdiscount.ch\/fr\/wp-json\/wp\/v2\/media?parent=392007"}],"wp:term":[{"taxonomy":"product_brand","embeddable":true,"href":"https:\/\/bogensportdiscount.ch\/fr\/wp-json\/wp\/v2\/product_brand?post=392007"},{"taxonomy":"product_cat","embeddable":true,"href":"https:\/\/bogensportdiscount.ch\/fr\/wp-json\/wp\/v2\/product_cat?post=392007"},{"taxonomy":"product_tag","embeddable":true,"href":"https:\/\/bogensportdiscount.ch\/fr\/wp-json\/wp\/v2\/product_tag?post=392007"}],"curies":[{"name":"wp","href":"https:\/\/api.w.org\/{rel}","templated":true}]}}