{"id":392002,"date":"2026-04-05T14:24:37","date_gmt":"2026-04-05T12:24:37","guid":{"rendered":"https:\/\/bogensportdiscount.ch\/produkt\/beiter-part-support-for-small-level\/"},"modified":"2026-04-15T12:13:40","modified_gmt":"2026-04-15T10:13:40","slug":"beiter-halterung-fuer-kleine-libelle","status":"publish","type":"product","link":"https:\/\/bogensportdiscount.ch\/fr\/produit\/beiter-halterung-fuer-kleine-libelle\/","title":{"rendered":"BEITER PART SUPPORT FOR SMALL LEVEL"},"content":{"rendered":"<p>Die BEITER Halterung f\u00fcr kleine Libelle ist ein Einzelteil aus dem BEITER Zubeh\u00f6rprogramm f\u00fcr Compound-Visiere. Sie ist speziell f\u00fcr die Aufnahme einer kleinen Libelle konzipiert und erg\u00e4nzt bestehende BEITER Scope-Systeme.<\/p>\n<p>Das Teil erm\u00f6glicht die korrekte Montage und Ausrichtung der Libelle am Visier, was eine stabile und wiederholbare Schussposition unterst\u00fctzt. Als Original-Ersatzteil von BEITER ist es auf die Masse und Anforderungen der BEITER Scope-Komponenten abgestimmt.<\/p>\n<ul>\n<li>Halterung f\u00fcr kleine Libelle<\/li>\n<li>Passend f\u00fcr BEITER Compound-Scope-Systeme<\/li>\n<li>Pr\u00e4zise Fertigung als Original-Beiter-Teil<\/li>\n<li>Einfacher Austausch bei Verschleiss oder Verlust<\/li>\n<\/ul>","protected":false},"excerpt":{"rendered":"<p><strong>Marque :<\/strong> Beiter<\/p>","protected":false},"featured_media":442776,"comment_status":"open","ping_status":"closed","template":"","meta":[],"product_brand":[419],"product_cat":[4249],"product_tag":[3546],"class_list":{"0":"post-392002","1":"product","2":"type-product","3":"status-publish","4":"has-post-thumbnail","6":"product_brand-beiter","7":"product_cat-zubehoer-compound-scope","8":"product_tag-neuheit","10":"first","11":"instock","12":"shipping-taxable","13":"purchasable","14":"product-type-simple"},"_links":{"self":[{"href":"https:\/\/bogensportdiscount.ch\/fr\/wp-json\/wp\/v2\/product\/392002","targetHints":{"allow":["GET"]}}],"collection":[{"href":"https:\/\/bogensportdiscount.ch\/fr\/wp-json\/wp\/v2\/product"}],"about":[{"href":"https:\/\/bogensportdiscount.ch\/fr\/wp-json\/wp\/v2\/types\/product"}],"replies":[{"embeddable":true,"href":"https:\/\/bogensportdiscount.ch\/fr\/wp-json\/wp\/v2\/comments?post=392002"}],"wp:featuredmedia":[{"embeddable":true,"href":"https:\/\/bogensportdiscount.ch\/fr\/wp-json\/wp\/v2\/media\/442776"}],"wp:attachment":[{"href":"https:\/\/bogensportdiscount.ch\/fr\/wp-json\/wp\/v2\/media?parent=392002"}],"wp:term":[{"taxonomy":"product_brand","embeddable":true,"href":"https:\/\/bogensportdiscount.ch\/fr\/wp-json\/wp\/v2\/product_brand?post=392002"},{"taxonomy":"product_cat","embeddable":true,"href":"https:\/\/bogensportdiscount.ch\/fr\/wp-json\/wp\/v2\/product_cat?post=392002"},{"taxonomy":"product_tag","embeddable":true,"href":"https:\/\/bogensportdiscount.ch\/fr\/wp-json\/wp\/v2\/product_tag?post=392002"}],"curies":[{"name":"wp","href":"https:\/\/api.w.org\/{rel}","templated":true}]}}