{"id":391999,"date":"2026-04-05T14:24:36","date_gmt":"2026-04-05T12:24:36","guid":{"rendered":"https:\/\/bogensportdiscount.ch\/produkt\/viper-part-sun-shade-for-1-3-4-housing-black\/"},"modified":"2026-04-15T12:13:40","modified_gmt":"2026-04-15T10:13:40","slug":"viper-sonnenblende-1-3-4-zoll-gehaeuse-schwarz","status":"publish","type":"product","link":"https:\/\/bogensportdiscount.ch\/fr\/produit\/viper-sonnenblende-1-3-4-zoll-gehaeuse-schwarz\/","title":{"rendered":"VIPER PART SUN SHADE FOR 1 3\/4\u2033 HOUSING BLACK"},"content":{"rendered":"<p>Die VIPER Sonnenblende ist ein Ersatz- und Zubeh\u00f6rteil speziell f\u00fcr Compound-Scope-Geh\u00e4use mit einem Durchmesser von 1 3\/4 Zoll. Sie wird vor dem Scope-Geh\u00e4use montiert und schirmt das Zielfernrohr vor seitlichem und direktem Lichteinfall ab.<\/p>\n<p>Durch die reduzierte Blendwirkung l\u00e4sst sich das Ziel auch bei starker Sonneneinstrahlung klarer erkennen. Die Sonnenblende ist in Schwarz gehalten und f\u00fcgt sich unauff\u00e4llig in g\u00e4ngige Compound-Scope-Setups ein.<\/p>\n<ul>\n<li>Passend f\u00fcr Geh\u00e4use mit 1 3\/4&#8243; Durchmesser<\/li>\n<li>Reduziert Blendung und verbessert die Sichtklarheit<\/li>\n<li>Farbe: Schwarz<\/li>\n<li>Fabriqu\u00e9 aux \u00c9tats-Unis<\/li>\n<\/ul>","protected":false},"excerpt":{"rendered":"<p>Sonnenblende von VIPER als Ersatzteil f\u00fcr Compound-Scope-Geh\u00e4use mit 1 3\/4&#8243; Durchmesser. Reduziert st\u00f6rende Lichteinstrahlung und verbessert die Sichtklarheit beim Zielen. Farbe: Schwarz.<\/p>","protected":false},"featured_media":442783,"comment_status":"open","ping_status":"closed","template":"","meta":[],"product_brand":[566],"product_cat":[4249],"product_tag":[3546],"class_list":{"0":"post-391999","1":"product","2":"type-product","3":"status-publish","4":"has-post-thumbnail","6":"product_brand-viper","7":"product_cat-zubehoer-compound-scope","8":"product_tag-neuheit","10":"first","11":"instock","12":"shipping-taxable","13":"purchasable","14":"product-type-simple"},"_links":{"self":[{"href":"https:\/\/bogensportdiscount.ch\/fr\/wp-json\/wp\/v2\/product\/391999","targetHints":{"allow":["GET"]}}],"collection":[{"href":"https:\/\/bogensportdiscount.ch\/fr\/wp-json\/wp\/v2\/product"}],"about":[{"href":"https:\/\/bogensportdiscount.ch\/fr\/wp-json\/wp\/v2\/types\/product"}],"replies":[{"embeddable":true,"href":"https:\/\/bogensportdiscount.ch\/fr\/wp-json\/wp\/v2\/comments?post=391999"}],"wp:featuredmedia":[{"embeddable":true,"href":"https:\/\/bogensportdiscount.ch\/fr\/wp-json\/wp\/v2\/media\/442783"}],"wp:attachment":[{"href":"https:\/\/bogensportdiscount.ch\/fr\/wp-json\/wp\/v2\/media?parent=391999"}],"wp:term":[{"taxonomy":"product_brand","embeddable":true,"href":"https:\/\/bogensportdiscount.ch\/fr\/wp-json\/wp\/v2\/product_brand?post=391999"},{"taxonomy":"product_cat","embeddable":true,"href":"https:\/\/bogensportdiscount.ch\/fr\/wp-json\/wp\/v2\/product_cat?post=391999"},{"taxonomy":"product_tag","embeddable":true,"href":"https:\/\/bogensportdiscount.ch\/fr\/wp-json\/wp\/v2\/product_tag?post=391999"}],"curies":[{"name":"wp","href":"https:\/\/api.w.org\/{rel}","templated":true}]}}