{"id":391986,"date":"2026-04-05T14:24:34","date_gmt":"2026-04-05T12:24:34","guid":{"rendered":"https:\/\/bogensportdiscount.ch\/produkt\/bcy-powergrip-025-1lbs-black-serving-material\/"},"modified":"2026-04-16T12:59:33","modified_gmt":"2026-04-16T10:59:33","slug":"bcy-mittenwicklungsmaterial-powergrip-025-1lbs-schwarz","status":"publish","type":"product","link":"https:\/\/bogensportdiscount.ch\/fr\/produit\/bcy-mittenwicklungsmaterial-powergrip-025-1lbs-schwarz\/","title":{"rendered":"BCY POWERGRIP 025 - 1LBS NOIR MAT\u00c9RIEL DE SERVICE"},"content":{"rendered":"<p>Das BCY Powergrip .025 Mittenwicklungsmaterial ist speziell f\u00fcr den Einsatz beim Sehnenbau konzipiert. Die St\u00e4rke von .025 Zoll sorgt f\u00fcr eine zuverl\u00e4ssige und gleichm\u00e4ssige Wicklung in der Sehnenmitte, was die Griffigkeit und den Schutz der Sehne erh\u00f6ht.<\/p>\n<p>Die grosse 1-Pfund-Spule bietet eine hohe Materialmenge und ist damit besonders wirtschaftlich f\u00fcr Bogner, die regelm\u00e4ssig Sehnen bauen oder mehrere B\u00f6gen ausr\u00fcsten. Die schwarze Farbe ergibt eine neutrale, unauff\u00e4llige Optik.<\/p>\n<ul>\n<li>St\u00e4rke: .025 Zoll<\/li>\n<li>Menge: 1 Pfund (1 lbs)<\/li>\n<li>Farbe: Schwarz<\/li>\n<li>Geeignet f\u00fcr professionellen Sehnenbau<\/li>\n<\/ul>","protected":false},"excerpt":{"rendered":"<p><strong>Marque :<\/strong> BCY<br \/><strong>Farbe:<\/strong> Schwarz<br \/><strong>Diameter (inch):<\/strong> ,025<br \/><strong>Spool size:<\/strong> 1lbs<\/p>","protected":false},"featured_media":442789,"comment_status":"open","ping_status":"closed","template":"","meta":[],"product_brand":[425],"product_cat":[4167],"product_tag":[3546],"class_list":{"0":"post-391986","1":"product","2":"type-product","3":"status-publish","4":"has-post-thumbnail","6":"product_brand-bcy","7":"product_cat-serving-material-sehnen-herstellung","8":"product_tag-neuheit","10":"first","11":"onbackorder","12":"shipping-taxable","13":"purchasable","14":"product-type-simple"},"_links":{"self":[{"href":"https:\/\/bogensportdiscount.ch\/fr\/wp-json\/wp\/v2\/product\/391986","targetHints":{"allow":["GET"]}}],"collection":[{"href":"https:\/\/bogensportdiscount.ch\/fr\/wp-json\/wp\/v2\/product"}],"about":[{"href":"https:\/\/bogensportdiscount.ch\/fr\/wp-json\/wp\/v2\/types\/product"}],"replies":[{"embeddable":true,"href":"https:\/\/bogensportdiscount.ch\/fr\/wp-json\/wp\/v2\/comments?post=391986"}],"wp:featuredmedia":[{"embeddable":true,"href":"https:\/\/bogensportdiscount.ch\/fr\/wp-json\/wp\/v2\/media\/442789"}],"wp:attachment":[{"href":"https:\/\/bogensportdiscount.ch\/fr\/wp-json\/wp\/v2\/media?parent=391986"}],"wp:term":[{"taxonomy":"product_brand","embeddable":true,"href":"https:\/\/bogensportdiscount.ch\/fr\/wp-json\/wp\/v2\/product_brand?post=391986"},{"taxonomy":"product_cat","embeddable":true,"href":"https:\/\/bogensportdiscount.ch\/fr\/wp-json\/wp\/v2\/product_cat?post=391986"},{"taxonomy":"product_tag","embeddable":true,"href":"https:\/\/bogensportdiscount.ch\/fr\/wp-json\/wp\/v2\/product_tag?post=391986"}],"curies":[{"name":"wp","href":"https:\/\/api.w.org\/{rel}","templated":true}]}}