{"id":391966,"date":"2026-04-05T14:24:30","date_gmt":"2026-04-05T12:24:30","guid":{"rendered":"https:\/\/bogensportdiscount.ch\/produkt\/maximal-allen-wrenches-torx-sets-large-grip-fold-up-u-s-5-64-1-4\/"},"modified":"2026-04-19T11:42:10","modified_gmt":"2026-04-19T09:42:10","slug":"maximal-inbus-torx-schluessel-set-large-grip-fold-up-us-5-64-1-4","status":"publish","type":"product","link":"https:\/\/bogensportdiscount.ch\/fr\/produit\/maximal-inbus-torx-schluessel-set-large-grip-fold-up-us-5-64-1-4\/","title":{"rendered":"MAXIMAL - Jeu de cl\u00e9s Allen et Torx \u00ab Large Grip \u00bb pliables, U.S. 5\/64\u2033 &gt; 1\/4"},"content":{"rendered":"<p>Le set de cl\u00e9s Allen et Torx MAXIMAL au design Fold-Up r\u00e9unit plusieurs tailles de cl\u00e9s au format am\u00e9ricain en pouces (5\/64&#8243; \u00e0 1\/4&#8243;) dans un support pliant compact. La grande poign\u00e9e permet une manipulation s\u00fbre m\u00eame dans les espaces restreints.<\/p>\n<p>Le set est adapt\u00e9 aux vis et \u00e9l\u00e9ments de fixation typiques de l'arc \u00e0 poulies et convient aux r\u00e9glages des viseurs, stabilisateurs, rests et autres accessoires.<\/p>\n<ul>\n<li>Plusieurs tailles de 5\/64&#8243; \u00e0 1\/4&#8243; au format am\u00e9ricain en pouces<\/li>\n<li>Design pliant pour un rangement compact<\/li>\n<li>Grande poign\u00e9e pour une prise en main s\u00fbre<\/li>\n<li>Cl\u00e9s Allen et Torx combin\u00e9es<\/li>\n<\/ul>","protected":false},"excerpt":{"rendered":"<p><strong>Marque :<\/strong> Maximal<br \/><strong>Type :<\/strong> Imperial<br \/><strong>GTIN:<\/strong> 9227000000873<\/p>","protected":false},"featured_media":442806,"comment_status":"open","ping_status":"closed","template":"","meta":[],"product_brand":[780],"product_cat":[4243],"product_tag":[3546],"class_list":{"0":"post-391966","1":"product","2":"type-product","3":"status-publish","4":"has-post-thumbnail","6":"product_brand-maximal","7":"product_cat-allen-wrenches-torx-sets","8":"product_tag-neuheit","10":"first","11":"instock","12":"shipping-taxable","13":"purchasable","14":"product-type-simple"},"yoast_head":"<!-- This site is optimized with the Yoast SEO plugin v27.4 - https:\/\/yoast.com\/product\/yoast-seo-wordpress\/ -->\n<title>MAXIMAL ALLEN WRENCHES &amp; TORX SETS LARGE GRIP FOLD UP U.S. 5\/64&quot; &gt; 1\/4 - Bogensportdiscount \u2013 B\u00f6gen, Pfeile, Targets &amp; Zubeh\u00f6r<\/title>\n<meta name=\"robots\" content=\"noindex, follow, max-snippet:-1, max-image-preview:large, max-video-preview:-1\" \/>\n<meta property=\"og:locale\" content=\"fr_FR\" \/>\n<meta property=\"og:type\" content=\"article\" \/>\n<meta property=\"og:title\" content=\"MAXIMAL ALLEN WRENCHES &amp; TORX SETS LARGE GRIP FOLD UP U.S. 5\/64&quot; &gt; 1\/4 - Bogensportdiscount \u2013 B\u00f6gen, Pfeile, Targets &amp; Zubeh\u00f6r\" \/>\n<meta property=\"og:description\" content=\"Marke: MaximalTyp: ImperialGTIN: 9227000000873\" \/>\n<meta property=\"og:url\" content=\"https:\/\/bogensportdiscount.ch\/fr\/produit\/maximal-inbus-torx-schluessel-set-large-grip-fold-up-us-5-64-1-4\/\" \/>\n<meta property=\"og:site_name\" content=\"Bogensportdiscount \u2013 B\u00f6gen, Pfeile, Targets &amp; Zubeh\u00f6r\" \/>\n<meta property=\"article:modified_time\" content=\"2026-04-19T09:42:10+00:00\" \/>\n<meta property=\"og:image\" content=\"https:\/\/bogensportdiscount.ch\/wp-content\/uploads\/bsm-images\/A021893_1.png\" \/>\n\t<meta property=\"og:image:width\" content=\"886\" \/>\n\t<meta property=\"og:image:height\" content=\"1015\" \/>\n\t<meta property=\"og:image:type\" content=\"image\/png\" \/>\n<meta name=\"twitter:card\" content=\"summary_large_image\" \/>\n<script type=\"application\/ld+json\" class=\"yoast-schema-graph\">{\"@context\":\"https:\\\/\\\/schema.org\",\"@graph\":[{\"@type\":\"WebPage\",\"@id\":\"https:\\\/\\\/bogensportdiscount.ch\\\/fr\\\/produit\\\/maximal-inbus-torx-schluessel-set-large-grip-fold-up-us-5-64-1-4\\\/\",\"url\":\"https:\\\/\\\/bogensportdiscount.ch\\\/fr\\\/produit\\\/maximal-inbus-torx-schluessel-set-large-grip-fold-up-us-5-64-1-4\\\/\",\"name\":\"MAXIMAL ALLEN WRENCHES &amp; TORX SETS LARGE GRIP FOLD UP U.S. 5\\\/64\\\" &gt; 1\\\/4 - Bogensportdiscount \u2013 B\u00f6gen, Pfeile, Targets &amp; Zubeh\u00f6r\",\"isPartOf\":{\"@id\":\"https:\\\/\\\/bogensportdiscount.ch\\\/#website\"},\"primaryImageOfPage\":{\"@id\":\"https:\\\/\\\/bogensportdiscount.ch\\\/fr\\\/produit\\\/maximal-inbus-torx-schluessel-set-large-grip-fold-up-us-5-64-1-4\\\/#primaryimage\"},\"image\":{\"@id\":\"https:\\\/\\\/bogensportdiscount.ch\\\/fr\\\/produit\\\/maximal-inbus-torx-schluessel-set-large-grip-fold-up-us-5-64-1-4\\\/#primaryimage\"},\"thumbnailUrl\":\"https:\\\/\\\/bogensportdiscount.ch\\\/wp-content\\\/uploads\\\/bsm-images\\\/A021893_1.png\",\"datePublished\":\"2026-04-05T12:24:30+00:00\",\"dateModified\":\"2026-04-19T09:42:10+00:00\",\"breadcrumb\":{\"@id\":\"https:\\\/\\\/bogensportdiscount.ch\\\/fr\\\/produit\\\/maximal-inbus-torx-schluessel-set-large-grip-fold-up-us-5-64-1-4\\\/#breadcrumb\"},\"inLanguage\":\"fr-FR\",\"potentialAction\":[{\"@type\":\"ReadAction\",\"target\":[\"https:\\\/\\\/bogensportdiscount.ch\\\/fr\\\/produit\\\/maximal-inbus-torx-schluessel-set-large-grip-fold-up-us-5-64-1-4\\\/\"]}]},{\"@type\":\"ImageObject\",\"inLanguage\":\"fr-FR\",\"@id\":\"https:\\\/\\\/bogensportdiscount.ch\\\/fr\\\/produit\\\/maximal-inbus-torx-schluessel-set-large-grip-fold-up-us-5-64-1-4\\\/#primaryimage\",\"url\":\"https:\\\/\\\/bogensportdiscount.ch\\\/wp-content\\\/uploads\\\/bsm-images\\\/A021893_1.png\",\"contentUrl\":\"https:\\\/\\\/bogensportdiscount.ch\\\/wp-content\\\/uploads\\\/bsm-images\\\/A021893_1.png\",\"width\":886,\"height\":1015},{\"@type\":\"BreadcrumbList\",\"@id\":\"https:\\\/\\\/bogensportdiscount.ch\\\/fr\\\/produit\\\/maximal-inbus-torx-schluessel-set-large-grip-fold-up-us-5-64-1-4\\\/#breadcrumb\",\"itemListElement\":[{\"@type\":\"ListItem\",\"position\":1,\"name\":\"Home\",\"item\":\"https:\\\/\\\/bogensportdiscount.ch\\\/\"},{\"@type\":\"ListItem\",\"position\":2,\"name\":\"Shop\",\"item\":\"https:\\\/\\\/bogensportdiscount.ch\\\/shop\\\/\"},{\"@type\":\"ListItem\",\"position\":3,\"name\":\"MAXIMAL ALLEN WRENCHES &amp; TORX SETS LARGE GRIP FOLD UP U.S. 5\\\/64&#8243; &gt; 1\\\/4\"}]},{\"@type\":\"WebSite\",\"@id\":\"https:\\\/\\\/bogensportdiscount.ch\\\/#website\",\"url\":\"https:\\\/\\\/bogensportdiscount.ch\\\/\",\"name\":\"Bogensportdiscount\",\"description\":\"\",\"potentialAction\":[{\"@type\":\"SearchAction\",\"target\":{\"@type\":\"EntryPoint\",\"urlTemplate\":\"https:\\\/\\\/bogensportdiscount.ch\\\/?s={search_term_string}\"},\"query-input\":{\"@type\":\"PropertyValueSpecification\",\"valueRequired\":true,\"valueName\":\"search_term_string\"}}],\"inLanguage\":\"fr-FR\"}]}<\/script>\n<!-- \/ Yoast SEO plugin. -->","yoast_head_json":{"title":"MAXIMAL ALLEN WRENCHES &amp; TORX SETS LARGE GRIP FOLD UP U.S. 5\/64\" &gt; 1\/4 - Bogensportdiscount \u2013 B\u00f6gen, Pfeile, Targets &amp; Zubeh\u00f6r","robots":{"index":"noindex","follow":"follow","max-snippet":"max-snippet:-1","max-image-preview":"max-image-preview:large","max-video-preview":"max-video-preview:-1"},"og_locale":"fr_FR","og_type":"article","og_title":"MAXIMAL ALLEN WRENCHES &amp; TORX SETS LARGE GRIP FOLD UP U.S. 5\/64\" &gt; 1\/4 - Bogensportdiscount \u2013 B\u00f6gen, Pfeile, Targets &amp; Zubeh\u00f6r","og_description":"Marke: MaximalTyp: ImperialGTIN: 9227000000873","og_url":"https:\/\/bogensportdiscount.ch\/fr\/produit\/maximal-inbus-torx-schluessel-set-large-grip-fold-up-us-5-64-1-4\/","og_site_name":"Bogensportdiscount \u2013 B\u00f6gen, Pfeile, Targets &amp; Zubeh\u00f6r","article_modified_time":"2026-04-19T09:42:10+00:00","og_image":[{"width":886,"height":1015,"url":"https:\/\/bogensportdiscount.ch\/wp-content\/uploads\/bsm-images\/A021893_1.png","type":"image\/png"}],"twitter_card":"summary_large_image","schema":{"@context":"https:\/\/schema.org","@graph":[{"@type":"WebPage","@id":"https:\/\/bogensportdiscount.ch\/fr\/produit\/maximal-inbus-torx-schluessel-set-large-grip-fold-up-us-5-64-1-4\/","url":"https:\/\/bogensportdiscount.ch\/fr\/produit\/maximal-inbus-torx-schluessel-set-large-grip-fold-up-us-5-64-1-4\/","name":"MAXIMAL ALLEN WRENCHES &amp; TORX SETS LARGE GRIP FOLD UP U.S. 5\/64\" &gt; 1\/4 - Bogensportdiscount \u2013 B\u00f6gen, Pfeile, Targets &amp; Zubeh\u00f6r","isPartOf":{"@id":"https:\/\/bogensportdiscount.ch\/#website"},"primaryImageOfPage":{"@id":"https:\/\/bogensportdiscount.ch\/fr\/produit\/maximal-inbus-torx-schluessel-set-large-grip-fold-up-us-5-64-1-4\/#primaryimage"},"image":{"@id":"https:\/\/bogensportdiscount.ch\/fr\/produit\/maximal-inbus-torx-schluessel-set-large-grip-fold-up-us-5-64-1-4\/#primaryimage"},"thumbnailUrl":"https:\/\/bogensportdiscount.ch\/wp-content\/uploads\/bsm-images\/A021893_1.png","datePublished":"2026-04-05T12:24:30+00:00","dateModified":"2026-04-19T09:42:10+00:00","breadcrumb":{"@id":"https:\/\/bogensportdiscount.ch\/fr\/produit\/maximal-inbus-torx-schluessel-set-large-grip-fold-up-us-5-64-1-4\/#breadcrumb"},"inLanguage":"fr-FR","potentialAction":[{"@type":"ReadAction","target":["https:\/\/bogensportdiscount.ch\/fr\/produit\/maximal-inbus-torx-schluessel-set-large-grip-fold-up-us-5-64-1-4\/"]}]},{"@type":"ImageObject","inLanguage":"fr-FR","@id":"https:\/\/bogensportdiscount.ch\/fr\/produit\/maximal-inbus-torx-schluessel-set-large-grip-fold-up-us-5-64-1-4\/#primaryimage","url":"https:\/\/bogensportdiscount.ch\/wp-content\/uploads\/bsm-images\/A021893_1.png","contentUrl":"https:\/\/bogensportdiscount.ch\/wp-content\/uploads\/bsm-images\/A021893_1.png","width":886,"height":1015},{"@type":"BreadcrumbList","@id":"https:\/\/bogensportdiscount.ch\/fr\/produit\/maximal-inbus-torx-schluessel-set-large-grip-fold-up-us-5-64-1-4\/#breadcrumb","itemListElement":[{"@type":"ListItem","position":1,"name":"Home","item":"https:\/\/bogensportdiscount.ch\/"},{"@type":"ListItem","position":2,"name":"Shop","item":"https:\/\/bogensportdiscount.ch\/shop\/"},{"@type":"ListItem","position":3,"name":"MAXIMAL ALLEN WRENCHES &amp; TORX SETS LARGE GRIP FOLD UP U.S. 5\/64&#8243; &gt; 1\/4"}]},{"@type":"WebSite","@id":"https:\/\/bogensportdiscount.ch\/#website","url":"https:\/\/bogensportdiscount.ch\/","name":"Bogensportdiscount","description":"","potentialAction":[{"@type":"SearchAction","target":{"@type":"EntryPoint","urlTemplate":"https:\/\/bogensportdiscount.ch\/?s={search_term_string}"},"query-input":{"@type":"PropertyValueSpecification","valueRequired":true,"valueName":"search_term_string"}}],"inLanguage":"fr-FR"}]}},"_links":{"self":[{"href":"https:\/\/bogensportdiscount.ch\/fr\/wp-json\/wp\/v2\/product\/391966","targetHints":{"allow":["GET"]}}],"collection":[{"href":"https:\/\/bogensportdiscount.ch\/fr\/wp-json\/wp\/v2\/product"}],"about":[{"href":"https:\/\/bogensportdiscount.ch\/fr\/wp-json\/wp\/v2\/types\/product"}],"replies":[{"embeddable":true,"href":"https:\/\/bogensportdiscount.ch\/fr\/wp-json\/wp\/v2\/comments?post=391966"}],"wp:featuredmedia":[{"embeddable":true,"href":"https:\/\/bogensportdiscount.ch\/fr\/wp-json\/wp\/v2\/media\/442806"}],"wp:attachment":[{"href":"https:\/\/bogensportdiscount.ch\/fr\/wp-json\/wp\/v2\/media?parent=391966"}],"wp:term":[{"taxonomy":"product_brand","embeddable":true,"href":"https:\/\/bogensportdiscount.ch\/fr\/wp-json\/wp\/v2\/product_brand?post=391966"},{"taxonomy":"product_cat","embeddable":true,"href":"https:\/\/bogensportdiscount.ch\/fr\/wp-json\/wp\/v2\/product_cat?post=391966"},{"taxonomy":"product_tag","embeddable":true,"href":"https:\/\/bogensportdiscount.ch\/fr\/wp-json\/wp\/v2\/product_tag?post=391966"}],"curies":[{"name":"wp","href":"https:\/\/api.w.org\/{rel}","templated":true}]}}