{"id":391965,"date":"2026-04-05T14:24:29","date_gmt":"2026-04-05T12:24:29","guid":{"rendered":"https:\/\/bogensportdiscount.ch\/produkt\/bondhus-t-handles-inch-u-s-3-32-3-8-with-stand\/"},"modified":"2026-04-19T11:42:10","modified_gmt":"2026-04-19T09:42:10","slug":"bondhus-t-griff-inbusschluessel-zoll-3-32-3-8-mit-staender","status":"publish","type":"product","link":"https:\/\/bogensportdiscount.ch\/fr\/produit\/bondhus-t-griff-inbusschluessel-zoll-3-32-3-8-mit-staender\/","title":{"rendered":"BONDHUS T-GRIFFE INCH U.S. 3\/32&#8243; &gt; 3\/8&#8243; MIT STAENDER"},"content":{"rendered":"<p>Le kit de cl\u00e9s Allen \u00e0 poign\u00e9e en T BONDHUS comprend des cl\u00e9s Allen en pouces allant de 3\/32\u2033 \u00e0 3\/8\u2033 et est id\u00e9al pour les r\u00e9glages de pr\u00e9cision sur les arcs, les viseurs et les accessoires. La forme en T de la poign\u00e9e permet une transmission confortable de la force et un travail en toute s\u00e9curit\u00e9, m\u00eame sur les vis difficiles d&#x27;acc\u00e8s.<\/p>\n<p>Le support fourni permet de ranger toutes les cl\u00e9s de mani\u00e8re ordonn\u00e9e et de les avoir \u00e0 port\u00e9e de main. BONDHUS est r\u00e9put\u00e9 pour la qualit\u00e9 robuste de ses outils, qui restent fiables m\u00eame en cas d&#x27;utilisation r\u00e9guli\u00e8re.<\/p>\n<ul>\n<li>Tailles en pouces de 3\/32\u2033 \u00e0 3\/8\u2033<\/li>\n<li>Poign\u00e9e en T pour une prise en main confortable<\/li>\n<li>Support inclus pour un rangement bien organis\u00e9<\/li>\n<li>Id\u00e9al pour l&#x27;entretien et la mise au point dans le domaine du tir \u00e0 l&#x27;arc<\/li>\n<\/ul>","protected":false},"excerpt":{"rendered":"<p><strong>Marque :<\/strong> Bondhus<br \/><strong>Type :<\/strong> Imperial<br \/><strong>GTIN:<\/strong> 037231131906<\/p>","protected":false},"featured_media":442819,"comment_status":"open","ping_status":"closed","template":"","meta":[],"product_brand":[822],"product_cat":[4243],"product_tag":[3546],"class_list":{"0":"post-391965","1":"product","2":"type-product","3":"status-publish","4":"has-post-thumbnail","6":"product_brand-bondhus","7":"product_cat-allen-wrenches-torx-sets","8":"product_tag-neuheit","10":"first","11":"instock","12":"shipping-taxable","13":"purchasable","14":"product-type-simple"},"yoast_head":"<!-- This site is optimized with the Yoast SEO plugin v27.4 - https:\/\/yoast.com\/product\/yoast-seo-wordpress\/ -->\n<title>BONDHUS T-GRIFFE INCH U.S. 3\/32&quot; &gt; 3\/8&quot; MIT STAENDER - Bogensportdiscount \u2013 B\u00f6gen, Pfeile, Targets &amp; Zubeh\u00f6r<\/title>\n<meta name=\"robots\" content=\"noindex, follow, max-snippet:-1, max-image-preview:large, max-video-preview:-1\" \/>\n<meta property=\"og:locale\" content=\"fr_FR\" \/>\n<meta property=\"og:type\" content=\"article\" \/>\n<meta property=\"og:title\" content=\"BONDHUS T-GRIFFE INCH U.S. 3\/32&quot; &gt; 3\/8&quot; MIT STAENDER - Bogensportdiscount \u2013 B\u00f6gen, Pfeile, Targets &amp; Zubeh\u00f6r\" \/>\n<meta property=\"og:description\" content=\"Marke: BondhusTyp: ImperialGTIN: 037231131906\" \/>\n<meta property=\"og:url\" content=\"https:\/\/bogensportdiscount.ch\/fr\/produit\/bondhus-t-griff-inbusschluessel-zoll-3-32-3-8-mit-staender\/\" \/>\n<meta property=\"og:site_name\" content=\"Bogensportdiscount \u2013 B\u00f6gen, Pfeile, Targets &amp; Zubeh\u00f6r\" \/>\n<meta property=\"article:modified_time\" content=\"2026-04-19T09:42:10+00:00\" \/>\n<meta property=\"og:image\" content=\"https:\/\/bogensportdiscount.ch\/wp-content\/uploads\/bsm-images\/A021889_1.jpg\" \/>\n\t<meta property=\"og:image:width\" content=\"1181\" \/>\n\t<meta property=\"og:image:height\" content=\"1157\" \/>\n\t<meta property=\"og:image:type\" content=\"image\/jpeg\" \/>\n<meta name=\"twitter:card\" content=\"summary_large_image\" \/>\n<script type=\"application\/ld+json\" class=\"yoast-schema-graph\">{\"@context\":\"https:\\\/\\\/schema.org\",\"@graph\":[{\"@type\":\"WebPage\",\"@id\":\"https:\\\/\\\/bogensportdiscount.ch\\\/fr\\\/produit\\\/bondhus-t-griff-inbusschluessel-zoll-3-32-3-8-mit-staender\\\/\",\"url\":\"https:\\\/\\\/bogensportdiscount.ch\\\/fr\\\/produit\\\/bondhus-t-griff-inbusschluessel-zoll-3-32-3-8-mit-staender\\\/\",\"name\":\"BONDHUS T-GRIFFE INCH U.S. 3\\\/32\\\" &gt; 3\\\/8\\\" MIT STAENDER - Bogensportdiscount \u2013 B\u00f6gen, Pfeile, Targets &amp; Zubeh\u00f6r\",\"isPartOf\":{\"@id\":\"https:\\\/\\\/bogensportdiscount.ch\\\/#website\"},\"primaryImageOfPage\":{\"@id\":\"https:\\\/\\\/bogensportdiscount.ch\\\/fr\\\/produit\\\/bondhus-t-griff-inbusschluessel-zoll-3-32-3-8-mit-staender\\\/#primaryimage\"},\"image\":{\"@id\":\"https:\\\/\\\/bogensportdiscount.ch\\\/fr\\\/produit\\\/bondhus-t-griff-inbusschluessel-zoll-3-32-3-8-mit-staender\\\/#primaryimage\"},\"thumbnailUrl\":\"https:\\\/\\\/bogensportdiscount.ch\\\/wp-content\\\/uploads\\\/bsm-images\\\/A021889_1.jpg\",\"datePublished\":\"2026-04-05T12:24:29+00:00\",\"dateModified\":\"2026-04-19T09:42:10+00:00\",\"breadcrumb\":{\"@id\":\"https:\\\/\\\/bogensportdiscount.ch\\\/fr\\\/produit\\\/bondhus-t-griff-inbusschluessel-zoll-3-32-3-8-mit-staender\\\/#breadcrumb\"},\"inLanguage\":\"fr-FR\",\"potentialAction\":[{\"@type\":\"ReadAction\",\"target\":[\"https:\\\/\\\/bogensportdiscount.ch\\\/fr\\\/produit\\\/bondhus-t-griff-inbusschluessel-zoll-3-32-3-8-mit-staender\\\/\"]}]},{\"@type\":\"ImageObject\",\"inLanguage\":\"fr-FR\",\"@id\":\"https:\\\/\\\/bogensportdiscount.ch\\\/fr\\\/produit\\\/bondhus-t-griff-inbusschluessel-zoll-3-32-3-8-mit-staender\\\/#primaryimage\",\"url\":\"https:\\\/\\\/bogensportdiscount.ch\\\/wp-content\\\/uploads\\\/bsm-images\\\/A021889_1.jpg\",\"contentUrl\":\"https:\\\/\\\/bogensportdiscount.ch\\\/wp-content\\\/uploads\\\/bsm-images\\\/A021889_1.jpg\",\"width\":1181,\"height\":1157},{\"@type\":\"BreadcrumbList\",\"@id\":\"https:\\\/\\\/bogensportdiscount.ch\\\/fr\\\/produit\\\/bondhus-t-griff-inbusschluessel-zoll-3-32-3-8-mit-staender\\\/#breadcrumb\",\"itemListElement\":[{\"@type\":\"ListItem\",\"position\":1,\"name\":\"Home\",\"item\":\"https:\\\/\\\/bogensportdiscount.ch\\\/\"},{\"@type\":\"ListItem\",\"position\":2,\"name\":\"Shop\",\"item\":\"https:\\\/\\\/bogensportdiscount.ch\\\/shop\\\/\"},{\"@type\":\"ListItem\",\"position\":3,\"name\":\"BONDHUS T-GRIFFE INCH U.S. 3\\\/32&#8243; &gt; 3\\\/8&#8243; MIT STAENDER\"}]},{\"@type\":\"WebSite\",\"@id\":\"https:\\\/\\\/bogensportdiscount.ch\\\/#website\",\"url\":\"https:\\\/\\\/bogensportdiscount.ch\\\/\",\"name\":\"Bogensportdiscount\",\"description\":\"\",\"potentialAction\":[{\"@type\":\"SearchAction\",\"target\":{\"@type\":\"EntryPoint\",\"urlTemplate\":\"https:\\\/\\\/bogensportdiscount.ch\\\/?s={search_term_string}\"},\"query-input\":{\"@type\":\"PropertyValueSpecification\",\"valueRequired\":true,\"valueName\":\"search_term_string\"}}],\"inLanguage\":\"fr-FR\"}]}<\/script>\n<!-- \/ Yoast SEO plugin. -->","yoast_head_json":{"title":"BONDHUS T-GRIFFE INCH U.S. 3\/32\" &gt; 3\/8\" MIT STAENDER - Bogensportdiscount \u2013 B\u00f6gen, Pfeile, Targets &amp; Zubeh\u00f6r","robots":{"index":"noindex","follow":"follow","max-snippet":"max-snippet:-1","max-image-preview":"max-image-preview:large","max-video-preview":"max-video-preview:-1"},"og_locale":"fr_FR","og_type":"article","og_title":"BONDHUS T-GRIFFE INCH U.S. 3\/32\" &gt; 3\/8\" MIT STAENDER - Bogensportdiscount \u2013 B\u00f6gen, Pfeile, Targets &amp; Zubeh\u00f6r","og_description":"Marke: BondhusTyp: ImperialGTIN: 037231131906","og_url":"https:\/\/bogensportdiscount.ch\/fr\/produit\/bondhus-t-griff-inbusschluessel-zoll-3-32-3-8-mit-staender\/","og_site_name":"Bogensportdiscount \u2013 B\u00f6gen, Pfeile, Targets &amp; Zubeh\u00f6r","article_modified_time":"2026-04-19T09:42:10+00:00","og_image":[{"width":1181,"height":1157,"url":"https:\/\/bogensportdiscount.ch\/wp-content\/uploads\/bsm-images\/A021889_1.jpg","type":"image\/jpeg"}],"twitter_card":"summary_large_image","schema":{"@context":"https:\/\/schema.org","@graph":[{"@type":"WebPage","@id":"https:\/\/bogensportdiscount.ch\/fr\/produit\/bondhus-t-griff-inbusschluessel-zoll-3-32-3-8-mit-staender\/","url":"https:\/\/bogensportdiscount.ch\/fr\/produit\/bondhus-t-griff-inbusschluessel-zoll-3-32-3-8-mit-staender\/","name":"BONDHUS T-GRIFFE INCH U.S. 3\/32\" &gt; 3\/8\" MIT STAENDER - Bogensportdiscount \u2013 B\u00f6gen, Pfeile, Targets &amp; Zubeh\u00f6r","isPartOf":{"@id":"https:\/\/bogensportdiscount.ch\/#website"},"primaryImageOfPage":{"@id":"https:\/\/bogensportdiscount.ch\/fr\/produit\/bondhus-t-griff-inbusschluessel-zoll-3-32-3-8-mit-staender\/#primaryimage"},"image":{"@id":"https:\/\/bogensportdiscount.ch\/fr\/produit\/bondhus-t-griff-inbusschluessel-zoll-3-32-3-8-mit-staender\/#primaryimage"},"thumbnailUrl":"https:\/\/bogensportdiscount.ch\/wp-content\/uploads\/bsm-images\/A021889_1.jpg","datePublished":"2026-04-05T12:24:29+00:00","dateModified":"2026-04-19T09:42:10+00:00","breadcrumb":{"@id":"https:\/\/bogensportdiscount.ch\/fr\/produit\/bondhus-t-griff-inbusschluessel-zoll-3-32-3-8-mit-staender\/#breadcrumb"},"inLanguage":"fr-FR","potentialAction":[{"@type":"ReadAction","target":["https:\/\/bogensportdiscount.ch\/fr\/produit\/bondhus-t-griff-inbusschluessel-zoll-3-32-3-8-mit-staender\/"]}]},{"@type":"ImageObject","inLanguage":"fr-FR","@id":"https:\/\/bogensportdiscount.ch\/fr\/produit\/bondhus-t-griff-inbusschluessel-zoll-3-32-3-8-mit-staender\/#primaryimage","url":"https:\/\/bogensportdiscount.ch\/wp-content\/uploads\/bsm-images\/A021889_1.jpg","contentUrl":"https:\/\/bogensportdiscount.ch\/wp-content\/uploads\/bsm-images\/A021889_1.jpg","width":1181,"height":1157},{"@type":"BreadcrumbList","@id":"https:\/\/bogensportdiscount.ch\/fr\/produit\/bondhus-t-griff-inbusschluessel-zoll-3-32-3-8-mit-staender\/#breadcrumb","itemListElement":[{"@type":"ListItem","position":1,"name":"Home","item":"https:\/\/bogensportdiscount.ch\/"},{"@type":"ListItem","position":2,"name":"Shop","item":"https:\/\/bogensportdiscount.ch\/shop\/"},{"@type":"ListItem","position":3,"name":"BONDHUS T-GRIFFE INCH U.S. 3\/32&#8243; &gt; 3\/8&#8243; MIT STAENDER"}]},{"@type":"WebSite","@id":"https:\/\/bogensportdiscount.ch\/#website","url":"https:\/\/bogensportdiscount.ch\/","name":"Bogensportdiscount","description":"","potentialAction":[{"@type":"SearchAction","target":{"@type":"EntryPoint","urlTemplate":"https:\/\/bogensportdiscount.ch\/?s={search_term_string}"},"query-input":{"@type":"PropertyValueSpecification","valueRequired":true,"valueName":"search_term_string"}}],"inLanguage":"fr-FR"}]}},"_links":{"self":[{"href":"https:\/\/bogensportdiscount.ch\/fr\/wp-json\/wp\/v2\/product\/391965","targetHints":{"allow":["GET"]}}],"collection":[{"href":"https:\/\/bogensportdiscount.ch\/fr\/wp-json\/wp\/v2\/product"}],"about":[{"href":"https:\/\/bogensportdiscount.ch\/fr\/wp-json\/wp\/v2\/types\/product"}],"replies":[{"embeddable":true,"href":"https:\/\/bogensportdiscount.ch\/fr\/wp-json\/wp\/v2\/comments?post=391965"}],"wp:featuredmedia":[{"embeddable":true,"href":"https:\/\/bogensportdiscount.ch\/fr\/wp-json\/wp\/v2\/media\/442819"}],"wp:attachment":[{"href":"https:\/\/bogensportdiscount.ch\/fr\/wp-json\/wp\/v2\/media?parent=391965"}],"wp:term":[{"taxonomy":"product_brand","embeddable":true,"href":"https:\/\/bogensportdiscount.ch\/fr\/wp-json\/wp\/v2\/product_brand?post=391965"},{"taxonomy":"product_cat","embeddable":true,"href":"https:\/\/bogensportdiscount.ch\/fr\/wp-json\/wp\/v2\/product_cat?post=391965"},{"taxonomy":"product_tag","embeddable":true,"href":"https:\/\/bogensportdiscount.ch\/fr\/wp-json\/wp\/v2\/product_tag?post=391965"}],"curies":[{"name":"wp","href":"https:\/\/api.w.org\/{rel}","templated":true}]}}