{"id":391963,"date":"2026-04-05T14:24:29","date_gmt":"2026-04-05T12:24:29","guid":{"rendered":"https:\/\/bogensportdiscount.ch\/produkt\/kap-bowstringers-winstorm-520-top-and-limb-plastic-gripper\/"},"modified":"2026-04-20T12:47:15","modified_gmt":"2026-04-20T10:47:15","slug":"kap-sehnenspanner-winstorm-520-top-limb-plastic-gripper","status":"publish","type":"product","link":"https:\/\/bogensportdiscount.ch\/fr\/produit\/kap-sehnenspanner-winstorm-520-top-limb-plastic-gripper\/","title":{"rendered":"KAP BOWSTRINGERS WINSTORM 520 TOP UND LIMB KUNSTSTOFF GRIPPER"},"content":{"rendered":"<p>Der KAP Winstorm 520 Sehnenspanner ist mit Kunststoff-Greifern (Plastic Gripper) ausgestattet, die am oberen Wurfarmende sowie am Limb angesetzt werden. Diese Konstruktion erm\u00f6glicht ein gleichm\u00e4ssiges und kontrolliertes Aufspannen der Bogensehne.<\/p>\n<p>Die Verwendung eines Sehnenspanners sch\u00fctzt die Wurfarme vor Verwindung und verl\u00e4ngert die Lebensdauer von Bogen und Sehne. Der Winstorm 520 von KAP ist eine kompakte und preiswerte L\u00f6sung f\u00fcr Einsteiger und fortgeschrittene Bogensch\u00fctzen gleichermassen.<\/p>\n<ul>\n<li>Kunststoff-Greifer f\u00fcr schonenden Kontakt mit den Limbs<\/li>\n<li>Compatible avec les arcs recurves<\/li>\n<li>Kompakte Bauform, einfach zu handhaben<\/li>\n<li>Von der etablierten Bogensportmarke KAP<\/li>\n<\/ul>","protected":false},"excerpt":{"rendered":"<p><strong>Marque :<\/strong> KAP<\/p>","protected":false},"featured_media":442817,"comment_status":"open","ping_status":"closed","template":"","meta":[],"product_brand":[781],"product_cat":[4241],"product_tag":[3546],"class_list":{"0":"post-391963","1":"product","2":"type-product","3":"status-publish","4":"has-post-thumbnail","6":"product_brand-kap","7":"product_cat-spannschnuere","8":"product_tag-neuheit","10":"first","11":"instock","12":"shipping-taxable","13":"purchasable","14":"product-type-simple"},"yoast_head":"<!-- This site is optimized with the Yoast SEO plugin v27.4 - https:\/\/yoast.com\/product\/yoast-seo-wordpress\/ -->\n<title>KAP BOWSTRINGERS WINSTORM 520 TOP UND LIMB KUNSTSTOFF GRIPPER - Bogensportdiscount \u2013 B\u00f6gen, Pfeile, Targets &amp; Zubeh\u00f6r<\/title>\n<meta name=\"robots\" content=\"noindex, follow, max-snippet:-1, max-image-preview:large, max-video-preview:-1\" \/>\n<meta property=\"og:locale\" content=\"fr_FR\" \/>\n<meta property=\"og:type\" content=\"article\" \/>\n<meta property=\"og:title\" content=\"KAP BOWSTRINGERS WINSTORM 520 TOP UND LIMB KUNSTSTOFF GRIPPER - Bogensportdiscount \u2013 B\u00f6gen, Pfeile, Targets &amp; Zubeh\u00f6r\" \/>\n<meta property=\"og:description\" content=\"Marke: KAP\" \/>\n<meta property=\"og:url\" content=\"https:\/\/bogensportdiscount.ch\/fr\/produit\/kap-sehnenspanner-winstorm-520-top-limb-plastic-gripper\/\" \/>\n<meta property=\"og:site_name\" content=\"Bogensportdiscount \u2013 B\u00f6gen, Pfeile, Targets &amp; Zubeh\u00f6r\" \/>\n<meta property=\"article:modified_time\" content=\"2026-04-20T10:47:15+00:00\" \/>\n<meta property=\"og:image\" content=\"https:\/\/bogensportdiscount.ch\/wp-content\/uploads\/bsm-images\/A021862_1.png\" \/>\n\t<meta property=\"og:image:width\" content=\"1076\" \/>\n\t<meta property=\"og:image:height\" content=\"1139\" \/>\n\t<meta property=\"og:image:type\" content=\"image\/png\" \/>\n<meta name=\"twitter:card\" content=\"summary_large_image\" \/>\n<script type=\"application\/ld+json\" class=\"yoast-schema-graph\">{\"@context\":\"https:\\\/\\\/schema.org\",\"@graph\":[{\"@type\":\"WebPage\",\"@id\":\"https:\\\/\\\/bogensportdiscount.ch\\\/fr\\\/produit\\\/kap-sehnenspanner-winstorm-520-top-limb-plastic-gripper\\\/\",\"url\":\"https:\\\/\\\/bogensportdiscount.ch\\\/fr\\\/produit\\\/kap-sehnenspanner-winstorm-520-top-limb-plastic-gripper\\\/\",\"name\":\"KAP BOWSTRINGERS WINSTORM 520 TOP UND LIMB KUNSTSTOFF GRIPPER - Bogensportdiscount \u2013 B\u00f6gen, Pfeile, Targets &amp; Zubeh\u00f6r\",\"isPartOf\":{\"@id\":\"https:\\\/\\\/bogensportdiscount.ch\\\/#website\"},\"primaryImageOfPage\":{\"@id\":\"https:\\\/\\\/bogensportdiscount.ch\\\/fr\\\/produit\\\/kap-sehnenspanner-winstorm-520-top-limb-plastic-gripper\\\/#primaryimage\"},\"image\":{\"@id\":\"https:\\\/\\\/bogensportdiscount.ch\\\/fr\\\/produit\\\/kap-sehnenspanner-winstorm-520-top-limb-plastic-gripper\\\/#primaryimage\"},\"thumbnailUrl\":\"https:\\\/\\\/bogensportdiscount.ch\\\/wp-content\\\/uploads\\\/bsm-images\\\/A021862_1.png\",\"datePublished\":\"2026-04-05T12:24:29+00:00\",\"dateModified\":\"2026-04-20T10:47:15+00:00\",\"breadcrumb\":{\"@id\":\"https:\\\/\\\/bogensportdiscount.ch\\\/fr\\\/produit\\\/kap-sehnenspanner-winstorm-520-top-limb-plastic-gripper\\\/#breadcrumb\"},\"inLanguage\":\"fr-FR\",\"potentialAction\":[{\"@type\":\"ReadAction\",\"target\":[\"https:\\\/\\\/bogensportdiscount.ch\\\/fr\\\/produit\\\/kap-sehnenspanner-winstorm-520-top-limb-plastic-gripper\\\/\"]}]},{\"@type\":\"ImageObject\",\"inLanguage\":\"fr-FR\",\"@id\":\"https:\\\/\\\/bogensportdiscount.ch\\\/fr\\\/produit\\\/kap-sehnenspanner-winstorm-520-top-limb-plastic-gripper\\\/#primaryimage\",\"url\":\"https:\\\/\\\/bogensportdiscount.ch\\\/wp-content\\\/uploads\\\/bsm-images\\\/A021862_1.png\",\"contentUrl\":\"https:\\\/\\\/bogensportdiscount.ch\\\/wp-content\\\/uploads\\\/bsm-images\\\/A021862_1.png\",\"width\":1076,\"height\":1139},{\"@type\":\"BreadcrumbList\",\"@id\":\"https:\\\/\\\/bogensportdiscount.ch\\\/fr\\\/produit\\\/kap-sehnenspanner-winstorm-520-top-limb-plastic-gripper\\\/#breadcrumb\",\"itemListElement\":[{\"@type\":\"ListItem\",\"position\":1,\"name\":\"Home\",\"item\":\"https:\\\/\\\/bogensportdiscount.ch\\\/\"},{\"@type\":\"ListItem\",\"position\":2,\"name\":\"Shop\",\"item\":\"https:\\\/\\\/bogensportdiscount.ch\\\/shop\\\/\"},{\"@type\":\"ListItem\",\"position\":3,\"name\":\"KAP BOWSTRINGERS WINSTORM 520 TOP UND LIMB KUNSTSTOFF GRIPPER\"}]},{\"@type\":\"WebSite\",\"@id\":\"https:\\\/\\\/bogensportdiscount.ch\\\/#website\",\"url\":\"https:\\\/\\\/bogensportdiscount.ch\\\/\",\"name\":\"Bogensportdiscount\",\"description\":\"\",\"potentialAction\":[{\"@type\":\"SearchAction\",\"target\":{\"@type\":\"EntryPoint\",\"urlTemplate\":\"https:\\\/\\\/bogensportdiscount.ch\\\/?s={search_term_string}\"},\"query-input\":{\"@type\":\"PropertyValueSpecification\",\"valueRequired\":true,\"valueName\":\"search_term_string\"}}],\"inLanguage\":\"fr-FR\"}]}<\/script>\n<!-- \/ Yoast SEO plugin. -->","yoast_head_json":{"title":"KAP BOWSTRINGERS WINSTORM 520 TOP UND LIMB KUNSTSTOFF GRIPPER - Bogensportdiscount \u2013 B\u00f6gen, Pfeile, Targets &amp; Zubeh\u00f6r","robots":{"index":"noindex","follow":"follow","max-snippet":"max-snippet:-1","max-image-preview":"max-image-preview:large","max-video-preview":"max-video-preview:-1"},"og_locale":"fr_FR","og_type":"article","og_title":"KAP BOWSTRINGERS WINSTORM 520 TOP UND LIMB KUNSTSTOFF GRIPPER - Bogensportdiscount \u2013 B\u00f6gen, Pfeile, Targets &amp; Zubeh\u00f6r","og_description":"Marke: KAP","og_url":"https:\/\/bogensportdiscount.ch\/fr\/produit\/kap-sehnenspanner-winstorm-520-top-limb-plastic-gripper\/","og_site_name":"Bogensportdiscount \u2013 B\u00f6gen, Pfeile, Targets &amp; Zubeh\u00f6r","article_modified_time":"2026-04-20T10:47:15+00:00","og_image":[{"width":1076,"height":1139,"url":"https:\/\/bogensportdiscount.ch\/wp-content\/uploads\/bsm-images\/A021862_1.png","type":"image\/png"}],"twitter_card":"summary_large_image","schema":{"@context":"https:\/\/schema.org","@graph":[{"@type":"WebPage","@id":"https:\/\/bogensportdiscount.ch\/fr\/produit\/kap-sehnenspanner-winstorm-520-top-limb-plastic-gripper\/","url":"https:\/\/bogensportdiscount.ch\/fr\/produit\/kap-sehnenspanner-winstorm-520-top-limb-plastic-gripper\/","name":"KAP BOWSTRINGERS WINSTORM 520 TOP UND LIMB KUNSTSTOFF GRIPPER - Bogensportdiscount \u2013 B\u00f6gen, Pfeile, Targets &amp; Zubeh\u00f6r","isPartOf":{"@id":"https:\/\/bogensportdiscount.ch\/#website"},"primaryImageOfPage":{"@id":"https:\/\/bogensportdiscount.ch\/fr\/produit\/kap-sehnenspanner-winstorm-520-top-limb-plastic-gripper\/#primaryimage"},"image":{"@id":"https:\/\/bogensportdiscount.ch\/fr\/produit\/kap-sehnenspanner-winstorm-520-top-limb-plastic-gripper\/#primaryimage"},"thumbnailUrl":"https:\/\/bogensportdiscount.ch\/wp-content\/uploads\/bsm-images\/A021862_1.png","datePublished":"2026-04-05T12:24:29+00:00","dateModified":"2026-04-20T10:47:15+00:00","breadcrumb":{"@id":"https:\/\/bogensportdiscount.ch\/fr\/produit\/kap-sehnenspanner-winstorm-520-top-limb-plastic-gripper\/#breadcrumb"},"inLanguage":"fr-FR","potentialAction":[{"@type":"ReadAction","target":["https:\/\/bogensportdiscount.ch\/fr\/produit\/kap-sehnenspanner-winstorm-520-top-limb-plastic-gripper\/"]}]},{"@type":"ImageObject","inLanguage":"fr-FR","@id":"https:\/\/bogensportdiscount.ch\/fr\/produit\/kap-sehnenspanner-winstorm-520-top-limb-plastic-gripper\/#primaryimage","url":"https:\/\/bogensportdiscount.ch\/wp-content\/uploads\/bsm-images\/A021862_1.png","contentUrl":"https:\/\/bogensportdiscount.ch\/wp-content\/uploads\/bsm-images\/A021862_1.png","width":1076,"height":1139},{"@type":"BreadcrumbList","@id":"https:\/\/bogensportdiscount.ch\/fr\/produit\/kap-sehnenspanner-winstorm-520-top-limb-plastic-gripper\/#breadcrumb","itemListElement":[{"@type":"ListItem","position":1,"name":"Home","item":"https:\/\/bogensportdiscount.ch\/"},{"@type":"ListItem","position":2,"name":"Shop","item":"https:\/\/bogensportdiscount.ch\/shop\/"},{"@type":"ListItem","position":3,"name":"KAP BOWSTRINGERS WINSTORM 520 TOP UND LIMB KUNSTSTOFF GRIPPER"}]},{"@type":"WebSite","@id":"https:\/\/bogensportdiscount.ch\/#website","url":"https:\/\/bogensportdiscount.ch\/","name":"Bogensportdiscount","description":"","potentialAction":[{"@type":"SearchAction","target":{"@type":"EntryPoint","urlTemplate":"https:\/\/bogensportdiscount.ch\/?s={search_term_string}"},"query-input":{"@type":"PropertyValueSpecification","valueRequired":true,"valueName":"search_term_string"}}],"inLanguage":"fr-FR"}]}},"_links":{"self":[{"href":"https:\/\/bogensportdiscount.ch\/fr\/wp-json\/wp\/v2\/product\/391963","targetHints":{"allow":["GET"]}}],"collection":[{"href":"https:\/\/bogensportdiscount.ch\/fr\/wp-json\/wp\/v2\/product"}],"about":[{"href":"https:\/\/bogensportdiscount.ch\/fr\/wp-json\/wp\/v2\/types\/product"}],"replies":[{"embeddable":true,"href":"https:\/\/bogensportdiscount.ch\/fr\/wp-json\/wp\/v2\/comments?post=391963"}],"wp:featuredmedia":[{"embeddable":true,"href":"https:\/\/bogensportdiscount.ch\/fr\/wp-json\/wp\/v2\/media\/442817"}],"wp:attachment":[{"href":"https:\/\/bogensportdiscount.ch\/fr\/wp-json\/wp\/v2\/media?parent=391963"}],"wp:term":[{"taxonomy":"product_brand","embeddable":true,"href":"https:\/\/bogensportdiscount.ch\/fr\/wp-json\/wp\/v2\/product_brand?post=391963"},{"taxonomy":"product_cat","embeddable":true,"href":"https:\/\/bogensportdiscount.ch\/fr\/wp-json\/wp\/v2\/product_cat?post=391963"},{"taxonomy":"product_tag","embeddable":true,"href":"https:\/\/bogensportdiscount.ch\/fr\/wp-json\/wp\/v2\/product_tag?post=391963"}],"curies":[{"name":"wp","href":"https:\/\/api.w.org\/{rel}","templated":true}]}}