{"id":391952,"date":"2026-04-05T14:24:27","date_gmt":"2026-04-05T12:24:27","guid":{"rendered":"https:\/\/bogensportdiscount.ch\/produkt\/beiter-twister-for-winder\/"},"modified":"2026-05-14T07:13:33","modified_gmt":"2026-05-14T05:13:33","slug":"beiter-twister-fuer-winder","status":"publish","type":"product","link":"https:\/\/bogensportdiscount.ch\/fr\/produit\/beiter-twister-fuer-winder\/","title":{"rendered":"BEITER TWISTER POUR ENROULEUR"},"content":{"rendered":"<p>Le BEITER Twister est un accessoire sp\u00e9cialement con\u00e7u pour \u00eatre utilis\u00e9 avec le BEITER Winder. Il facilite le torsadage des cordes d'arc et fait partie de la gamme \u00e9prouv\u00e9e de BEITER pour la fabrication professionnelle de cordes.<\/p>\n<p>En tant qu'outil compl\u00e9mentaire au BEITER Winder, le Twister permet un travail de torsadage contr\u00f4l\u00e9 et uniforme lors de la fabrication de cordes. Il convient aux archers qui fabriquent ou entretiennent eux-m\u00eames leurs cordes.<\/p>\n<ul>\n<li>Con\u00e7u pour \u00eatre utilis\u00e9 avec le BEITER Winder<\/li>\n<li>Outil auxiliaire pour la fabrication de cordes<\/li>\n<li>Issu de la gamme \u00e9prouv\u00e9e de BEITER<\/li>\n<li>Adapt\u00e9 \u00e0 l'entretien et au r\u00e9glage<\/li>\n<\/ul>","protected":false},"excerpt":{"rendered":"<table>\n<tr>\n<th>Propri\u00e9t\u00e9<\/th>\n<th>Valeur<\/th>\n<\/tr>\n<tr>\n<td>Marque<\/td>\n<td>Beiter<\/td>\n<\/tr>\n<tr>\n<td>Pays d'origine<\/td>\n<td>Belgique<\/td>\n<\/tr>\n<\/table>","protected":false},"featured_media":447670,"comment_status":"open","ping_status":"closed","template":"","meta":[],"product_brand":[419],"product_cat":[4121,4166,4368],"product_tag":[3546],"class_list":{"0":"post-391952","1":"product","2":"type-product","3":"status-publish","4":"has-post-thumbnail","6":"product_brand-beiter","7":"product_cat-werkzeuge-training","8":"product_cat-sehnen-herstellung","9":"product_cat-wickelwerkzeuge-einzelteile","10":"product_tag-neuheit","11":"product_shipping_class-bsd-standard","13":"first","14":"instock","15":"shipping-taxable","16":"purchasable","17":"product-type-simple"},"yoast_head":"<!-- This site is optimized with the Yoast SEO plugin v27.6 - https:\/\/yoast.com\/product\/yoast-seo-wordpress\/ -->\n<title>BEITER TWISTER F\u00dcR WICKLER - Bogensportdiscount \u2013 B\u00f6gen, Pfeile, Targets &amp; Zubeh\u00f6r<\/title>\n<meta name=\"description\" content=\"BEITER TWISTER F\u00dcR WICKLER g\u00fcnstig kaufen bei Bogensportdiscount \u2013 Top-Marken, schneller Versand aus der Schweiz.\" \/>\n<meta name=\"robots\" content=\"index, follow, max-snippet:-1, max-image-preview:large, max-video-preview:-1\" \/>\n<link rel=\"canonical\" href=\"https:\/\/bogensportdiscount.ch\/fr\/produit\/beiter-twister-fuer-winder\/\" \/>\n<meta property=\"og:locale\" content=\"fr_FR\" \/>\n<meta property=\"og:type\" content=\"article\" \/>\n<meta property=\"og:title\" content=\"BEITER TWISTER F\u00dcR WICKLER - Bogensportdiscount \u2013 B\u00f6gen, Pfeile, Targets &amp; Zubeh\u00f6r\" \/>\n<meta property=\"og:description\" content=\"BEITER TWISTER F\u00dcR WICKLER g\u00fcnstig kaufen bei Bogensportdiscount \u2013 Top-Marken, schneller Versand aus der Schweiz.\" \/>\n<meta property=\"og:url\" content=\"https:\/\/bogensportdiscount.ch\/fr\/produit\/beiter-twister-fuer-winder\/\" \/>\n<meta property=\"og:site_name\" content=\"Bogensportdiscount \u2013 B\u00f6gen, Pfeile, Targets &amp; Zubeh\u00f6r\" \/>\n<meta property=\"article:modified_time\" content=\"2026-05-14T05:13:33+00:00\" \/>\n<meta property=\"og:image\" content=\"https:\/\/bogensportdiscount.ch\/wp-content\/uploads\/bsm-images\/A021761_1.jpg\" \/>\n\t<meta property=\"og:image:width\" content=\"1024\" \/>\n\t<meta property=\"og:image:height\" content=\"768\" \/>\n\t<meta property=\"og:image:type\" content=\"image\/jpeg\" \/>\n<meta name=\"twitter:card\" content=\"summary_large_image\" \/>\n<script type=\"application\/ld+json\" class=\"yoast-schema-graph\">{\"@context\":\"https:\\\/\\\/schema.org\",\"@graph\":[{\"@type\":\"WebPage\",\"@id\":\"https:\\\/\\\/bogensportdiscount.ch\\\/produkt\\\/beiter-twister-fuer-winder\\\/\",\"url\":\"https:\\\/\\\/bogensportdiscount.ch\\\/produkt\\\/beiter-twister-fuer-winder\\\/\",\"name\":\"BEITER TWISTER F\u00dcR WICKLER - Bogensportdiscount \u2013 B\u00f6gen, Pfeile, Targets &amp; Zubeh\u00f6r\",\"isPartOf\":{\"@id\":\"https:\\\/\\\/bogensportdiscount.ch\\\/#website\"},\"primaryImageOfPage\":{\"@id\":\"https:\\\/\\\/bogensportdiscount.ch\\\/produkt\\\/beiter-twister-fuer-winder\\\/#primaryimage\"},\"image\":{\"@id\":\"https:\\\/\\\/bogensportdiscount.ch\\\/produkt\\\/beiter-twister-fuer-winder\\\/#primaryimage\"},\"thumbnailUrl\":\"https:\\\/\\\/bogensportdiscount.ch\\\/wp-content\\\/uploads\\\/bsm-images\\\/A021761_1.jpg\",\"datePublished\":\"2026-04-05T12:24:27+00:00\",\"dateModified\":\"2026-05-14T05:13:33+00:00\",\"description\":\"BEITER TWISTER F\u00dcR WICKLER g\u00fcnstig kaufen bei Bogensportdiscount \u2013 Top-Marken, schneller Versand aus der Schweiz.\",\"breadcrumb\":{\"@id\":\"https:\\\/\\\/bogensportdiscount.ch\\\/produkt\\\/beiter-twister-fuer-winder\\\/#breadcrumb\"},\"inLanguage\":\"fr-FR\",\"potentialAction\":[{\"@type\":\"ReadAction\",\"target\":[\"https:\\\/\\\/bogensportdiscount.ch\\\/produkt\\\/beiter-twister-fuer-winder\\\/\"]}]},{\"@type\":\"ImageObject\",\"inLanguage\":\"fr-FR\",\"@id\":\"https:\\\/\\\/bogensportdiscount.ch\\\/produkt\\\/beiter-twister-fuer-winder\\\/#primaryimage\",\"url\":\"https:\\\/\\\/bogensportdiscount.ch\\\/wp-content\\\/uploads\\\/bsm-images\\\/A021761_1.jpg\",\"contentUrl\":\"https:\\\/\\\/bogensportdiscount.ch\\\/wp-content\\\/uploads\\\/bsm-images\\\/A021761_1.jpg\",\"width\":1024,\"height\":768},{\"@type\":\"BreadcrumbList\",\"@id\":\"https:\\\/\\\/bogensportdiscount.ch\\\/produkt\\\/beiter-twister-fuer-winder\\\/#breadcrumb\",\"itemListElement\":[{\"@type\":\"ListItem\",\"position\":1,\"name\":\"Home\",\"item\":\"https:\\\/\\\/bogensportdiscount.ch\\\/\"},{\"@type\":\"ListItem\",\"position\":2,\"name\":\"Shop\",\"item\":\"https:\\\/\\\/bogensportdiscount.ch\\\/shop\\\/\"},{\"@type\":\"ListItem\",\"position\":3,\"name\":\"BEITER TWISTER FOR WINDER\"}]},{\"@type\":\"WebSite\",\"@id\":\"https:\\\/\\\/bogensportdiscount.ch\\\/#website\",\"url\":\"https:\\\/\\\/bogensportdiscount.ch\\\/\",\"name\":\"Bogensportdiscount\",\"description\":\"\",\"potentialAction\":[{\"@type\":\"SearchAction\",\"target\":{\"@type\":\"EntryPoint\",\"urlTemplate\":\"https:\\\/\\\/bogensportdiscount.ch\\\/?s={search_term_string}\"},\"query-input\":{\"@type\":\"PropertyValueSpecification\",\"valueRequired\":true,\"valueName\":\"search_term_string\"}}],\"inLanguage\":\"fr-FR\"}]}<\/script>\n<!-- \/ Yoast SEO plugin. -->","yoast_head_json":{"title":"BEITER TWISTER F\u00dcR WICKLER - Bogensportdiscount \u2013 B\u00f6gen, Pfeile, Targets &amp; Zubeh\u00f6r","description":"BEITER TWISTER F\u00dcR WICKLER g\u00fcnstig kaufen bei Bogensportdiscount \u2013 Top-Marken, schneller Versand aus der Schweiz.","robots":{"index":"index","follow":"follow","max-snippet":"max-snippet:-1","max-image-preview":"max-image-preview:large","max-video-preview":"max-video-preview:-1"},"canonical":"https:\/\/bogensportdiscount.ch\/fr\/produit\/beiter-twister-fuer-winder\/","og_locale":"fr_FR","og_type":"article","og_title":"BEITER TWISTER F\u00dcR WICKLER - Bogensportdiscount \u2013 B\u00f6gen, Pfeile, Targets &amp; Zubeh\u00f6r","og_description":"BEITER TWISTER F\u00dcR WICKLER g\u00fcnstig kaufen bei Bogensportdiscount \u2013 Top-Marken, schneller Versand aus der Schweiz.","og_url":"https:\/\/bogensportdiscount.ch\/fr\/produit\/beiter-twister-fuer-winder\/","og_site_name":"Bogensportdiscount \u2013 B\u00f6gen, Pfeile, Targets &amp; Zubeh\u00f6r","article_modified_time":"2026-05-14T05:13:33+00:00","og_image":[{"width":1024,"height":768,"url":"https:\/\/bogensportdiscount.ch\/wp-content\/uploads\/bsm-images\/A021761_1.jpg","type":"image\/jpeg"}],"twitter_card":"summary_large_image","schema":{"@context":"https:\/\/schema.org","@graph":[{"@type":"WebPage","@id":"https:\/\/bogensportdiscount.ch\/produkt\/beiter-twister-fuer-winder\/","url":"https:\/\/bogensportdiscount.ch\/produkt\/beiter-twister-fuer-winder\/","name":"BEITER TWISTER F\u00dcR WICKLER - Bogensportdiscount \u2013 B\u00f6gen, Pfeile, Targets &amp; Zubeh\u00f6r","isPartOf":{"@id":"https:\/\/bogensportdiscount.ch\/#website"},"primaryImageOfPage":{"@id":"https:\/\/bogensportdiscount.ch\/produkt\/beiter-twister-fuer-winder\/#primaryimage"},"image":{"@id":"https:\/\/bogensportdiscount.ch\/produkt\/beiter-twister-fuer-winder\/#primaryimage"},"thumbnailUrl":"https:\/\/bogensportdiscount.ch\/wp-content\/uploads\/bsm-images\/A021761_1.jpg","datePublished":"2026-04-05T12:24:27+00:00","dateModified":"2026-05-14T05:13:33+00:00","description":"BEITER TWISTER F\u00dcR WICKLER g\u00fcnstig kaufen bei Bogensportdiscount \u2013 Top-Marken, schneller Versand aus der Schweiz.","breadcrumb":{"@id":"https:\/\/bogensportdiscount.ch\/produkt\/beiter-twister-fuer-winder\/#breadcrumb"},"inLanguage":"fr-FR","potentialAction":[{"@type":"ReadAction","target":["https:\/\/bogensportdiscount.ch\/produkt\/beiter-twister-fuer-winder\/"]}]},{"@type":"ImageObject","inLanguage":"fr-FR","@id":"https:\/\/bogensportdiscount.ch\/produkt\/beiter-twister-fuer-winder\/#primaryimage","url":"https:\/\/bogensportdiscount.ch\/wp-content\/uploads\/bsm-images\/A021761_1.jpg","contentUrl":"https:\/\/bogensportdiscount.ch\/wp-content\/uploads\/bsm-images\/A021761_1.jpg","width":1024,"height":768},{"@type":"BreadcrumbList","@id":"https:\/\/bogensportdiscount.ch\/produkt\/beiter-twister-fuer-winder\/#breadcrumb","itemListElement":[{"@type":"ListItem","position":1,"name":"Home","item":"https:\/\/bogensportdiscount.ch\/"},{"@type":"ListItem","position":2,"name":"Shop","item":"https:\/\/bogensportdiscount.ch\/shop\/"},{"@type":"ListItem","position":3,"name":"BEITER TWISTER FOR WINDER"}]},{"@type":"WebSite","@id":"https:\/\/bogensportdiscount.ch\/#website","url":"https:\/\/bogensportdiscount.ch\/","name":"Bogensportdiscount","description":"","potentialAction":[{"@type":"SearchAction","target":{"@type":"EntryPoint","urlTemplate":"https:\/\/bogensportdiscount.ch\/?s={search_term_string}"},"query-input":{"@type":"PropertyValueSpecification","valueRequired":true,"valueName":"search_term_string"}}],"inLanguage":"fr-FR"}]}},"_links":{"self":[{"href":"https:\/\/bogensportdiscount.ch\/fr\/wp-json\/wp\/v2\/product\/391952","targetHints":{"allow":["GET"]}}],"collection":[{"href":"https:\/\/bogensportdiscount.ch\/fr\/wp-json\/wp\/v2\/product"}],"about":[{"href":"https:\/\/bogensportdiscount.ch\/fr\/wp-json\/wp\/v2\/types\/product"}],"replies":[{"embeddable":true,"href":"https:\/\/bogensportdiscount.ch\/fr\/wp-json\/wp\/v2\/comments?post=391952"}],"wp:featuredmedia":[{"embeddable":true,"href":"https:\/\/bogensportdiscount.ch\/fr\/wp-json\/wp\/v2\/media\/447670"}],"wp:attachment":[{"href":"https:\/\/bogensportdiscount.ch\/fr\/wp-json\/wp\/v2\/media?parent=391952"}],"wp:term":[{"taxonomy":"product_brand","embeddable":true,"href":"https:\/\/bogensportdiscount.ch\/fr\/wp-json\/wp\/v2\/product_brand?post=391952"},{"taxonomy":"product_cat","embeddable":true,"href":"https:\/\/bogensportdiscount.ch\/fr\/wp-json\/wp\/v2\/product_cat?post=391952"},{"taxonomy":"product_tag","embeddable":true,"href":"https:\/\/bogensportdiscount.ch\/fr\/wp-json\/wp\/v2\/product_tag?post=391952"}],"curies":[{"name":"wp","href":"https:\/\/api.w.org\/{rel}","templated":true}]}}