{"id":391933,"date":"2026-04-05T14:24:23","date_gmt":"2026-04-05T12:24:23","guid":{"rendered":"https:\/\/bogensportdiscount.ch\/produkt\/kap-arrow-pullers-winstorm-530-gripper-black\/"},"modified":"2026-04-15T12:13:36","modified_gmt":"2026-04-15T10:13:36","slug":"kap-pfeilzieher-winstorm-530-gripper-schwarz","status":"publish","type":"product","link":"https:\/\/bogensportdiscount.ch\/fr\/produit\/kap-pfeilzieher-winstorm-530-gripper-schwarz\/","title":{"rendered":"KAP ARROW PULLERS WINSTORM 530 GRIPPER BLACK"},"content":{"rendered":"<p>Der KAP Winstorm 530 Gripper Pfeilzieher in Schwarz ist ein praktisches Hilfsmittel f\u00fcr Bogensch\u00fctzen. Er erleichtert das Herausziehen von Pfeilen aus der Zielscheibe und verhindert ein Abrutschen der Hand am Pfeilschaft.<\/p>\n<p>Dank der griffigen Oberfl\u00e4che lassen sich auch fest sitzende Pfeile sicher und kontrolliert ziehen, ohne den Pfeilschaft zu besch\u00e4digen. Ein n\u00fctzliches Zubeh\u00f6r f\u00fcr Training und Wettkampf.<\/p>\n<ul>\n<li>Marke: KAP<\/li>\n<li>Modell: Winstorm 530 Gripper<\/li>\n<li>Farbe: Schwarz<\/li>\n<li>Kategorie: Pfeilwerkzeuge<\/li>\n<\/ul>","protected":false},"excerpt":{"rendered":"<p><strong>Marque :<\/strong> PAC<br \/><strong>Farbe:<\/strong> Schwarz<\/p>","protected":false},"featured_media":446862,"comment_status":"open","ping_status":"closed","template":"","meta":[],"product_brand":[781],"product_cat":[4364],"product_tag":[3546],"class_list":{"0":"post-391933","1":"product","2":"type-product","3":"status-publish","4":"has-post-thumbnail","6":"product_brand-kap","7":"product_cat-arrow-pullers","8":"product_tag-neuheit","10":"first","11":"instock","12":"shipping-taxable","13":"purchasable","14":"product-type-simple"},"_links":{"self":[{"href":"https:\/\/bogensportdiscount.ch\/fr\/wp-json\/wp\/v2\/product\/391933","targetHints":{"allow":["GET"]}}],"collection":[{"href":"https:\/\/bogensportdiscount.ch\/fr\/wp-json\/wp\/v2\/product"}],"about":[{"href":"https:\/\/bogensportdiscount.ch\/fr\/wp-json\/wp\/v2\/types\/product"}],"replies":[{"embeddable":true,"href":"https:\/\/bogensportdiscount.ch\/fr\/wp-json\/wp\/v2\/comments?post=391933"}],"wp:featuredmedia":[{"embeddable":true,"href":"https:\/\/bogensportdiscount.ch\/fr\/wp-json\/wp\/v2\/media\/446862"}],"wp:attachment":[{"href":"https:\/\/bogensportdiscount.ch\/fr\/wp-json\/wp\/v2\/media?parent=391933"}],"wp:term":[{"taxonomy":"product_brand","embeddable":true,"href":"https:\/\/bogensportdiscount.ch\/fr\/wp-json\/wp\/v2\/product_brand?post=391933"},{"taxonomy":"product_cat","embeddable":true,"href":"https:\/\/bogensportdiscount.ch\/fr\/wp-json\/wp\/v2\/product_cat?post=391933"},{"taxonomy":"product_tag","embeddable":true,"href":"https:\/\/bogensportdiscount.ch\/fr\/wp-json\/wp\/v2\/product_tag?post=391933"}],"curies":[{"name":"wp","href":"https:\/\/api.w.org\/{rel}","templated":true}]}}