{"id":391926,"date":"2026-04-05T14:24:22","date_gmt":"2026-04-05T12:24:22","guid":{"rendered":"https:\/\/bogensportdiscount.ch\/produkt\/aae-arrow-pullers-gorilla-grip-elite-with-magnetic-clip-red\/"},"modified":"2026-04-16T12:03:54","modified_gmt":"2026-04-16T10:03:54","slug":"aae-pfeilzieher-gorilla-grip-elite-magnetclip-rot","status":"publish","type":"product","link":"https:\/\/bogensportdiscount.ch\/fr\/produit\/aae-pfeilzieher-gorilla-grip-elite-magnetclip-rot\/","title":{"rendered":"AAE ARROW PULLERS GORILLA GRIP ELITE WITH MAGNETIC CLIP RED"},"content":{"rendered":"<p>Der AAE Gorilla Grip Elite Pfeilzieher ist ein handliches Hilfsmittel f\u00fcr Bogensch\u00fctzen, das das Herausziehen von Pfeilen aus der Zielscheibe erleichtert. Die Gorilla Grip Oberfl\u00e4che sorgt f\u00fcr einen sicheren, griffigen Halt auch bei nassem oder schweissigem Untergrund.<\/p>\n<p>Der integrierte Magnetclip erm\u00f6glicht es, den Pfeilzieher bequem am K\u00f6cher, G\u00fcrtel oder anderen Metallteilen zu befestigen, sodass er stets griffbereit ist. Die rote Farbgebung macht ihn leicht auffindbar.<\/p>\n<ul>\n<li>Rutschfeste Gorilla Grip Oberfl\u00e4che<\/li>\n<li>Integrierter Magnetclip zur Befestigung<\/li>\n<li>Kompakte, handliche Gr\u00f6sse<\/li>\n<li>Farbe: Rot<\/li>\n<\/ul>","protected":false},"excerpt":{"rendered":"<p><strong>Marque :<\/strong> AAE<br \/><strong>Farbe:<\/strong> Rot<\/p>","protected":false},"featured_media":446867,"comment_status":"open","ping_status":"closed","template":"","meta":[],"product_brand":[517],"product_cat":[4364],"product_tag":[3546],"class_list":{"0":"post-391926","1":"product","2":"type-product","3":"status-publish","4":"has-post-thumbnail","6":"product_brand-aae","7":"product_cat-arrow-pullers","8":"product_tag-neuheit","10":"first","11":"instock","12":"shipping-taxable","13":"purchasable","14":"product-type-simple"},"_links":{"self":[{"href":"https:\/\/bogensportdiscount.ch\/fr\/wp-json\/wp\/v2\/product\/391926","targetHints":{"allow":["GET"]}}],"collection":[{"href":"https:\/\/bogensportdiscount.ch\/fr\/wp-json\/wp\/v2\/product"}],"about":[{"href":"https:\/\/bogensportdiscount.ch\/fr\/wp-json\/wp\/v2\/types\/product"}],"replies":[{"embeddable":true,"href":"https:\/\/bogensportdiscount.ch\/fr\/wp-json\/wp\/v2\/comments?post=391926"}],"wp:featuredmedia":[{"embeddable":true,"href":"https:\/\/bogensportdiscount.ch\/fr\/wp-json\/wp\/v2\/media\/446867"}],"wp:attachment":[{"href":"https:\/\/bogensportdiscount.ch\/fr\/wp-json\/wp\/v2\/media?parent=391926"}],"wp:term":[{"taxonomy":"product_brand","embeddable":true,"href":"https:\/\/bogensportdiscount.ch\/fr\/wp-json\/wp\/v2\/product_brand?post=391926"},{"taxonomy":"product_cat","embeddable":true,"href":"https:\/\/bogensportdiscount.ch\/fr\/wp-json\/wp\/v2\/product_cat?post=391926"},{"taxonomy":"product_tag","embeddable":true,"href":"https:\/\/bogensportdiscount.ch\/fr\/wp-json\/wp\/v2\/product_tag?post=391926"}],"curies":[{"name":"wp","href":"https:\/\/api.w.org\/{rel}","templated":true}]}}