{"id":391922,"date":"2026-04-05T14:24:21","date_gmt":"2026-04-05T12:24:21","guid":{"rendered":"https:\/\/bogensportdiscount.ch\/produkt\/decut-suntec-rh-black-compound-blade-rest\/"},"modified":"2026-04-17T13:25:59","modified_gmt":"2026-04-17T11:25:59","slug":"decut-compound-pfeilauflage-suntec-rh-schwarz","status":"publish","type":"product","link":"https:\/\/bogensportdiscount.ch\/fr\/produit\/decut-compound-pfeilauflage-suntec-rh-schwarz\/","title":{"rendered":"DECUT SUNTEC RH BLACK COMPOUND BLADE REST"},"content":{"rendered":"<p>Die DECUT Suntec Blade Rest ist eine Pfeilauflage f\u00fcr Compound-Bogen und richtet sich an Rechtssch\u00fctzen (RH). Die Ausf\u00fchrung in Schwarz f\u00fcgt sich unauff\u00e4llig in die meisten Bogen-Setups ein.<\/p>\n<p>Blade-Auflagen halten den Pfeil \u00fcber eine flexible Metallklinge in Position und erm\u00f6glichen einen sauberen Pfeilabgang. Sie sind eine g\u00e4ngige Wahl f\u00fcr den Einstieg in den Compound-Bogensport sowie f\u00fcr den Trainingsalltag.<\/p>\n<ul>\n<li>Blade-Konstruktion f\u00fcr stabilen Pfeilsitz<\/li>\n<li>F\u00fcr Rechtssch\u00fctzen (RH)<\/li>\n<li>Farbe: Schwarz<\/li>\n<li>Geeignet f\u00fcr Compound-Bogen<\/li>\n<\/ul>","protected":false},"excerpt":{"rendered":"<p><strong>Marque :<\/strong> Decut<br \/><strong>LH\/RH:<\/strong> RH<br \/><strong>Farbe:<\/strong> Schwarz<\/p>","protected":false},"featured_media":442826,"comment_status":"open","ping_status":"closed","template":"","meta":[],"product_brand":[817],"product_cat":[4363],"product_tag":[3546],"class_list":{"0":"post-391922","1":"product","2":"type-product","3":"status-publish","4":"has-post-thumbnail","6":"product_brand-decut","7":"product_cat-compound-blade-pfeilauflage","8":"product_tag-neuheit","10":"first","11":"instock","12":"shipping-taxable","13":"purchasable","14":"product-type-simple"},"_links":{"self":[{"href":"https:\/\/bogensportdiscount.ch\/fr\/wp-json\/wp\/v2\/product\/391922","targetHints":{"allow":["GET"]}}],"collection":[{"href":"https:\/\/bogensportdiscount.ch\/fr\/wp-json\/wp\/v2\/product"}],"about":[{"href":"https:\/\/bogensportdiscount.ch\/fr\/wp-json\/wp\/v2\/types\/product"}],"replies":[{"embeddable":true,"href":"https:\/\/bogensportdiscount.ch\/fr\/wp-json\/wp\/v2\/comments?post=391922"}],"wp:featuredmedia":[{"embeddable":true,"href":"https:\/\/bogensportdiscount.ch\/fr\/wp-json\/wp\/v2\/media\/442826"}],"wp:attachment":[{"href":"https:\/\/bogensportdiscount.ch\/fr\/wp-json\/wp\/v2\/media?parent=391922"}],"wp:term":[{"taxonomy":"product_brand","embeddable":true,"href":"https:\/\/bogensportdiscount.ch\/fr\/wp-json\/wp\/v2\/product_brand?post=391922"},{"taxonomy":"product_cat","embeddable":true,"href":"https:\/\/bogensportdiscount.ch\/fr\/wp-json\/wp\/v2\/product_cat?post=391922"},{"taxonomy":"product_tag","embeddable":true,"href":"https:\/\/bogensportdiscount.ch\/fr\/wp-json\/wp\/v2\/product_tag?post=391922"}],"curies":[{"name":"wp","href":"https:\/\/api.w.org\/{rel}","templated":true}]}}