{"id":391915,"date":"2026-04-05T14:24:20","date_gmt":"2026-04-05T12:24:20","guid":{"rendered":"https:\/\/bogensportdiscount.ch\/produkt\/maximal-replacement-biscuit-only-black-arrow-rest-part\/"},"modified":"2026-04-15T12:13:35","modified_gmt":"2026-04-15T10:13:35","slug":"maximal-ersatz-biscuit-schwarz-pfeilauflage-ersatzteil","status":"publish","type":"product","link":"https:\/\/bogensportdiscount.ch\/fr\/produit\/maximal-ersatz-biscuit-schwarz-pfeilauflage-ersatzteil\/","title":{"rendered":"MAXIMUM REPLACEMENT BISCUIT ONLY BLACK ARROW REST PART"},"content":{"rendered":"<p>Der Maximal Ersatz-Biscuit in Schwarz ist ein Ersatzteil f\u00fcr Compound-Pfeilauflagen und erm\u00f6glicht die einfache Wiederherstellung der vollen Funktionsf\u00e4higkeit einer genutzten Pfeilauflage ohne den kompletten Austausch des Systems.<\/p>\n<p>Biscuits sind einem nat\u00fcrlichen Verschleiss ausgesetzt, da der Pfeil beim Abschuss durch die Borsten gef\u00fchrt wird. Mit diesem Ersatzteil l\u00e4sst sich die Auflage kosteng\u00fcnstig erneuern und weiter verwenden.<\/p>\n<ul>\n<li>Ersatz-Biscuit f\u00fcr Maximal Arrow Rest Pfeilauflagen<\/li>\n<li>Farbe: Schwarz<\/li>\n<li>F\u00fcr Compound-Pfeilauflagen geeignet<\/li>\n<li>Einfacher Austausch des verschlissenen Biscuits<\/li>\n<\/ul>","protected":false},"excerpt":{"rendered":"<p><strong>Marque :<\/strong> Maximal<\/p>","protected":false},"featured_media":442830,"comment_status":"open","ping_status":"closed","template":"","meta":[],"product_brand":[780],"product_cat":[4130],"product_tag":[3546],"class_list":{"0":"post-391915","1":"product","2":"type-product","3":"status-publish","4":"has-post-thumbnail","6":"product_brand-maximal","7":"product_cat-einzelteile-fuer-compound-pfeilauflage","8":"product_tag-neuheit","10":"first","11":"instock","12":"shipping-taxable","13":"purchasable","14":"product-type-simple"},"_links":{"self":[{"href":"https:\/\/bogensportdiscount.ch\/fr\/wp-json\/wp\/v2\/product\/391915","targetHints":{"allow":["GET"]}}],"collection":[{"href":"https:\/\/bogensportdiscount.ch\/fr\/wp-json\/wp\/v2\/product"}],"about":[{"href":"https:\/\/bogensportdiscount.ch\/fr\/wp-json\/wp\/v2\/types\/product"}],"replies":[{"embeddable":true,"href":"https:\/\/bogensportdiscount.ch\/fr\/wp-json\/wp\/v2\/comments?post=391915"}],"wp:featuredmedia":[{"embeddable":true,"href":"https:\/\/bogensportdiscount.ch\/fr\/wp-json\/wp\/v2\/media\/442830"}],"wp:attachment":[{"href":"https:\/\/bogensportdiscount.ch\/fr\/wp-json\/wp\/v2\/media?parent=391915"}],"wp:term":[{"taxonomy":"product_brand","embeddable":true,"href":"https:\/\/bogensportdiscount.ch\/fr\/wp-json\/wp\/v2\/product_brand?post=391915"},{"taxonomy":"product_cat","embeddable":true,"href":"https:\/\/bogensportdiscount.ch\/fr\/wp-json\/wp\/v2\/product_cat?post=391915"},{"taxonomy":"product_tag","embeddable":true,"href":"https:\/\/bogensportdiscount.ch\/fr\/wp-json\/wp\/v2\/product_tag?post=391915"}],"curies":[{"name":"wp","href":"https:\/\/api.w.org\/{rel}","templated":true}]}}