{"id":391913,"date":"2026-04-05T14:24:20","date_gmt":"2026-04-05T12:24:20","guid":{"rendered":"https:\/\/bogensportdiscount.ch\/produkt\/aae-avalanche-arrow-holder-arrow-rest\/"},"modified":"2026-04-16T12:03:54","modified_gmt":"2026-04-16T10:03:54","slug":"aae-avalanche-pfeilhalter-pfeilauflage","status":"publish","type":"product","link":"https:\/\/bogensportdiscount.ch\/fr\/produit\/aae-avalanche-pfeilhalter-pfeilauflage\/","title":{"rendered":"AAE AVALANCHE ARROW HOLDER ARROW REST"},"content":{"rendered":"<p>Der AAE Avalanche Pfeilhalter ist ein Zubeh\u00f6rteil f\u00fcr die AAE Avalanche Pfeilauflage und geh\u00f6rt zur Kategorie der Compound-Auflagen-Teile. Er dient dazu, den Pfeil w\u00e4hrend des Auszugs stabil zu halten und sorgt so f\u00fcr eine gleichm\u00e4ssige Pfeilf\u00fchrung.<\/p>\n<p>Als Ersatzteil oder zus\u00e4tzliche Komponente ist er kompatibel mit der AAE Avalanche Pfeilauflage und richtet sich an Compound-Bogensch\u00fctzen, die ihre Ausr\u00fcstung warten oder erg\u00e4nzen m\u00f6chten.<\/p>\n<ul>\n<li>Passend f\u00fcr die AAE Avalanche Pfeilauflage<\/li>\n<li>H\u00e4lt den Pfeil sicher w\u00e4hrend des Auszugs<\/li>\n<li>Geeignet f\u00fcr Compound-B\u00f6gen<\/li>\n<li>Einfacher Austausch als Ersatzteil<\/li>\n<\/ul>","protected":false},"excerpt":{"rendered":"<p><strong>Marque :<\/strong> AAE<\/p>","protected":false},"featured_media":442828,"comment_status":"open","ping_status":"closed","template":"","meta":[],"product_brand":[517],"product_cat":[4130],"product_tag":[3546],"class_list":{"0":"post-391913","1":"product","2":"type-product","3":"status-publish","4":"has-post-thumbnail","6":"product_brand-aae","7":"product_cat-einzelteile-fuer-compound-pfeilauflage","8":"product_tag-neuheit","10":"first","11":"instock","12":"shipping-taxable","13":"purchasable","14":"product-type-simple"},"_links":{"self":[{"href":"https:\/\/bogensportdiscount.ch\/fr\/wp-json\/wp\/v2\/product\/391913","targetHints":{"allow":["GET"]}}],"collection":[{"href":"https:\/\/bogensportdiscount.ch\/fr\/wp-json\/wp\/v2\/product"}],"about":[{"href":"https:\/\/bogensportdiscount.ch\/fr\/wp-json\/wp\/v2\/types\/product"}],"replies":[{"embeddable":true,"href":"https:\/\/bogensportdiscount.ch\/fr\/wp-json\/wp\/v2\/comments?post=391913"}],"wp:featuredmedia":[{"embeddable":true,"href":"https:\/\/bogensportdiscount.ch\/fr\/wp-json\/wp\/v2\/media\/442828"}],"wp:attachment":[{"href":"https:\/\/bogensportdiscount.ch\/fr\/wp-json\/wp\/v2\/media?parent=391913"}],"wp:term":[{"taxonomy":"product_brand","embeddable":true,"href":"https:\/\/bogensportdiscount.ch\/fr\/wp-json\/wp\/v2\/product_brand?post=391913"},{"taxonomy":"product_cat","embeddable":true,"href":"https:\/\/bogensportdiscount.ch\/fr\/wp-json\/wp\/v2\/product_cat?post=391913"},{"taxonomy":"product_tag","embeddable":true,"href":"https:\/\/bogensportdiscount.ch\/fr\/wp-json\/wp\/v2\/product_tag?post=391913"}],"curies":[{"name":"wp","href":"https:\/\/api.w.org\/{rel}","templated":true}]}}