{"id":391911,"date":"2026-04-05T14:24:19","date_gmt":"2026-04-05T12:24:19","guid":{"rendered":"https:\/\/bogensportdiscount.ch\/produkt\/ss-archery-griprest-heavy-support-arms-for-popinjay-arrow-rest\/"},"modified":"2026-04-15T12:13:35","modified_gmt":"2026-04-15T10:13:35","slug":"ssarchery-griprest-heavy-support-arms-popinjay-pfeilauflage","status":"publish","type":"product","link":"https:\/\/bogensportdiscount.ch\/fr\/produit\/ssarchery-griprest-heavy-support-arms-popinjay-pfeilauflage\/","title":{"rendered":"SS ARCHERY GRIPREST HEAVY SUPPORT ARMS FOR POPINJAY ARROW REST"},"content":{"rendered":"<p>Die SSARCHERY Griprest Heavy Support Arms sind St\u00fctzarme f\u00fcr die Popinjay-Pfeilauflage aus dem Hause SSARCHERY. Sie sind als Zubeh\u00f6r oder Ersatzteil f\u00fcr die Griprest-Pfeilauflage konzipiert und eignen sich speziell f\u00fcr den Einsatz beim Popinjay-Bogensport.<\/p>\n<p>Die schwere Bauweise der St\u00fctzarme gew\u00e4hrleistet eine zuverl\u00e4ssige Unterst\u00fctzung des Pfeils w\u00e4hrend des Schusses. Als Recurve-Klebeauflage ist das System f\u00fcr den Einsatz am Recurve-Bogen ausgelegt.<\/p>\n<ul>\n<li>St\u00fctzarme f\u00fcr SSARCHERY Griprest Popinjay-Pfeilauflage<\/li>\n<li>Schwere Ausf\u00fchrung f\u00fcr stabile Pfeilf\u00fchrung<\/li>\n<li>Geeignet f\u00fcr den Popinjay-Bogensport<\/li>\n<li>Passend f\u00fcr Recurve-B\u00f6gen<\/li>\n<\/ul>","protected":false},"excerpt":{"rendered":"<p><strong>Marque :<\/strong> SS Archery<br \/><strong>LH\/RH:<\/strong> Beidh\u00e4ndig<br \/><strong>Farbe:<\/strong> Schwarz<br \/><strong>GTIN:<\/strong> 9227000000767<\/p>","protected":false},"featured_media":446875,"comment_status":"open","ping_status":"closed","template":"","meta":[],"product_brand":[604],"product_cat":[4229],"product_tag":[3546],"class_list":{"0":"post-391911","1":"product","2":"type-product","3":"status-publish","4":"has-post-thumbnail","6":"product_brand-ssarchery","7":"product_cat-aufklebe-recurve-pfeilauflage","8":"product_tag-neuheit","10":"first","11":"instock","12":"shipping-taxable","13":"purchasable","14":"product-type-simple"},"_links":{"self":[{"href":"https:\/\/bogensportdiscount.ch\/fr\/wp-json\/wp\/v2\/product\/391911","targetHints":{"allow":["GET"]}}],"collection":[{"href":"https:\/\/bogensportdiscount.ch\/fr\/wp-json\/wp\/v2\/product"}],"about":[{"href":"https:\/\/bogensportdiscount.ch\/fr\/wp-json\/wp\/v2\/types\/product"}],"replies":[{"embeddable":true,"href":"https:\/\/bogensportdiscount.ch\/fr\/wp-json\/wp\/v2\/comments?post=391911"}],"wp:featuredmedia":[{"embeddable":true,"href":"https:\/\/bogensportdiscount.ch\/fr\/wp-json\/wp\/v2\/media\/446875"}],"wp:attachment":[{"href":"https:\/\/bogensportdiscount.ch\/fr\/wp-json\/wp\/v2\/media?parent=391911"}],"wp:term":[{"taxonomy":"product_brand","embeddable":true,"href":"https:\/\/bogensportdiscount.ch\/fr\/wp-json\/wp\/v2\/product_brand?post=391911"},{"taxonomy":"product_cat","embeddable":true,"href":"https:\/\/bogensportdiscount.ch\/fr\/wp-json\/wp\/v2\/product_cat?post=391911"},{"taxonomy":"product_tag","embeddable":true,"href":"https:\/\/bogensportdiscount.ch\/fr\/wp-json\/wp\/v2\/product_tag?post=391911"}],"curies":[{"name":"wp","href":"https:\/\/api.w.org\/{rel}","templated":true}]}}