{"id":391910,"date":"2026-04-05T14:24:19","date_gmt":"2026-04-05T12:24:19","guid":{"rendered":"https:\/\/bogensportdiscount.ch\/produkt\/decut-shoex-magnetic-lh-silver-arrow-rest\/"},"modified":"2026-04-19T11:42:09","modified_gmt":"2026-04-19T09:42:09","slug":"decut-pfeilauflage-shoex-magnetic-lh-silber","status":"publish","type":"product","link":"https:\/\/bogensportdiscount.ch\/fr\/produit\/decut-pfeilauflage-shoex-magnetic-lh-silber\/","title":{"rendered":"DECUT SHOEX MAGNETIC LH SILBER PFEILAUFLAGE"},"content":{"rendered":"<p>Le DECUT Shoex Magnetic LH est un repose-fl\u00e8che magn\u00e9tique pour arcs recurves. Il se colle directement sur la fen\u00eatre de l'arc et maintient la fl\u00e8che en position s\u00e9curis\u00e9e avant le tir. La version main gauche (LH) est sp\u00e9cialement con\u00e7ue pour les archers tirant de la main gauche.<\/p>\n<p>La fixation magn\u00e9tique garantit que la fl\u00e8che repose de mani\u00e8re contr\u00f4l\u00e9e et ne glisse pas lors de la vis\u00e9e. Le repose-fl\u00e8che est en coloris argent et s'int\u00e8gre discr\u00e8tement dans la fen\u00eatre de l'arc.<\/p>\n<ul>\n<li>Repose-fl\u00e8che magn\u00e9tique pour arcs recurves<\/li>\n<li>Version gaucher (LH)<\/li>\n<li>Couleur : Argent<\/li>\n<li>Fixation par collage sur la fen\u00eatre de l'arc<\/li>\n<\/ul>","protected":false},"excerpt":{"rendered":"<p><strong>Marque :<\/strong> D\u00e9couper<br \/><strong>LH\/RH:<\/strong> LH<br \/><strong>Couleur:<\/strong> Silbe<br \/><strong>GTIN:<\/strong> 6426039535575<\/p>","protected":false},"featured_media":446874,"comment_status":"open","ping_status":"closed","template":"","meta":[],"product_brand":[817],"product_cat":[4229],"product_tag":[3546],"class_list":{"0":"post-391910","1":"product","2":"type-product","3":"status-publish","4":"has-post-thumbnail","6":"product_brand-decut","7":"product_cat-aufklebe-recurve-pfeilauflage","8":"product_tag-neuheit","10":"first","11":"instock","12":"shipping-taxable","13":"purchasable","14":"product-type-simple"},"yoast_head":"<!-- This site is optimized with the Yoast SEO plugin v27.4 - https:\/\/yoast.com\/product\/yoast-seo-wordpress\/ -->\n<title>DECUT SHOEX MAGNETIC LH SILBER PFEILAUFLAGE - Bogensportdiscount \u2013 B\u00f6gen, Pfeile, Targets &amp; Zubeh\u00f6r<\/title>\n<meta name=\"robots\" content=\"noindex, follow, max-snippet:-1, max-image-preview:large, max-video-preview:-1\" \/>\n<meta property=\"og:locale\" content=\"fr_FR\" \/>\n<meta property=\"og:type\" content=\"article\" \/>\n<meta property=\"og:title\" content=\"DECUT SHOEX MAGNETIC LH SILBER PFEILAUFLAGE - Bogensportdiscount \u2013 B\u00f6gen, Pfeile, Targets &amp; Zubeh\u00f6r\" \/>\n<meta property=\"og:description\" content=\"Marke: DecutLH\/RH: LHFarbe: SilbeGTIN: 6426039535575\" \/>\n<meta property=\"og:url\" content=\"https:\/\/bogensportdiscount.ch\/fr\/produit\/decut-pfeilauflage-shoex-magnetic-lh-silber\/\" \/>\n<meta property=\"og:site_name\" content=\"Bogensportdiscount \u2013 B\u00f6gen, Pfeile, Targets &amp; Zubeh\u00f6r\" \/>\n<meta property=\"article:modified_time\" content=\"2026-04-19T09:42:09+00:00\" \/>\n<meta property=\"og:image\" content=\"https:\/\/bogensportdiscount.ch\/wp-content\/uploads\/bsm-images\/A018717_1.png\" \/>\n\t<meta property=\"og:image:width\" content=\"3888\" \/>\n\t<meta property=\"og:image:height\" content=\"2592\" \/>\n\t<meta property=\"og:image:type\" content=\"image\/png\" \/>\n<meta name=\"twitter:card\" content=\"summary_large_image\" \/>\n<script type=\"application\/ld+json\" class=\"yoast-schema-graph\">{\"@context\":\"https:\\\/\\\/schema.org\",\"@graph\":[{\"@type\":\"WebPage\",\"@id\":\"https:\\\/\\\/bogensportdiscount.ch\\\/fr\\\/produit\\\/decut-pfeilauflage-shoex-magnetic-lh-silber\\\/\",\"url\":\"https:\\\/\\\/bogensportdiscount.ch\\\/fr\\\/produit\\\/decut-pfeilauflage-shoex-magnetic-lh-silber\\\/\",\"name\":\"DECUT SHOEX MAGNETIC LH SILBER PFEILAUFLAGE - Bogensportdiscount \u2013 B\u00f6gen, Pfeile, Targets &amp; Zubeh\u00f6r\",\"isPartOf\":{\"@id\":\"https:\\\/\\\/bogensportdiscount.ch\\\/#website\"},\"primaryImageOfPage\":{\"@id\":\"https:\\\/\\\/bogensportdiscount.ch\\\/fr\\\/produit\\\/decut-pfeilauflage-shoex-magnetic-lh-silber\\\/#primaryimage\"},\"image\":{\"@id\":\"https:\\\/\\\/bogensportdiscount.ch\\\/fr\\\/produit\\\/decut-pfeilauflage-shoex-magnetic-lh-silber\\\/#primaryimage\"},\"thumbnailUrl\":\"https:\\\/\\\/bogensportdiscount.ch\\\/wp-content\\\/uploads\\\/bsm-images\\\/A018717_1.png\",\"datePublished\":\"2026-04-05T12:24:19+00:00\",\"dateModified\":\"2026-04-19T09:42:09+00:00\",\"breadcrumb\":{\"@id\":\"https:\\\/\\\/bogensportdiscount.ch\\\/fr\\\/produit\\\/decut-pfeilauflage-shoex-magnetic-lh-silber\\\/#breadcrumb\"},\"inLanguage\":\"fr-FR\",\"potentialAction\":[{\"@type\":\"ReadAction\",\"target\":[\"https:\\\/\\\/bogensportdiscount.ch\\\/fr\\\/produit\\\/decut-pfeilauflage-shoex-magnetic-lh-silber\\\/\"]}]},{\"@type\":\"ImageObject\",\"inLanguage\":\"fr-FR\",\"@id\":\"https:\\\/\\\/bogensportdiscount.ch\\\/fr\\\/produit\\\/decut-pfeilauflage-shoex-magnetic-lh-silber\\\/#primaryimage\",\"url\":\"https:\\\/\\\/bogensportdiscount.ch\\\/wp-content\\\/uploads\\\/bsm-images\\\/A018717_1.png\",\"contentUrl\":\"https:\\\/\\\/bogensportdiscount.ch\\\/wp-content\\\/uploads\\\/bsm-images\\\/A018717_1.png\",\"width\":3888,\"height\":2592},{\"@type\":\"BreadcrumbList\",\"@id\":\"https:\\\/\\\/bogensportdiscount.ch\\\/fr\\\/produit\\\/decut-pfeilauflage-shoex-magnetic-lh-silber\\\/#breadcrumb\",\"itemListElement\":[{\"@type\":\"ListItem\",\"position\":1,\"name\":\"Home\",\"item\":\"https:\\\/\\\/bogensportdiscount.ch\\\/\"},{\"@type\":\"ListItem\",\"position\":2,\"name\":\"Shop\",\"item\":\"https:\\\/\\\/bogensportdiscount.ch\\\/shop\\\/\"},{\"@type\":\"ListItem\",\"position\":3,\"name\":\"DECUT SHOEX MAGNETIC LH SILBER PFEILAUFLAGE\"}]},{\"@type\":\"WebSite\",\"@id\":\"https:\\\/\\\/bogensportdiscount.ch\\\/#website\",\"url\":\"https:\\\/\\\/bogensportdiscount.ch\\\/\",\"name\":\"Bogensportdiscount\",\"description\":\"\",\"potentialAction\":[{\"@type\":\"SearchAction\",\"target\":{\"@type\":\"EntryPoint\",\"urlTemplate\":\"https:\\\/\\\/bogensportdiscount.ch\\\/?s={search_term_string}\"},\"query-input\":{\"@type\":\"PropertyValueSpecification\",\"valueRequired\":true,\"valueName\":\"search_term_string\"}}],\"inLanguage\":\"fr-FR\"}]}<\/script>\n<!-- \/ Yoast SEO plugin. -->","yoast_head_json":{"title":"DECUT SHOEX MAGNETIC LH SILBER PFEILAUFLAGE - Bogensportdiscount \u2013 B\u00f6gen, Pfeile, Targets &amp; Zubeh\u00f6r","robots":{"index":"noindex","follow":"follow","max-snippet":"max-snippet:-1","max-image-preview":"max-image-preview:large","max-video-preview":"max-video-preview:-1"},"og_locale":"fr_FR","og_type":"article","og_title":"DECUT SHOEX MAGNETIC LH SILBER PFEILAUFLAGE - Bogensportdiscount \u2013 B\u00f6gen, Pfeile, Targets &amp; Zubeh\u00f6r","og_description":"Marke: DecutLH\/RH: LHFarbe: SilbeGTIN: 6426039535575","og_url":"https:\/\/bogensportdiscount.ch\/fr\/produit\/decut-pfeilauflage-shoex-magnetic-lh-silber\/","og_site_name":"Bogensportdiscount \u2013 B\u00f6gen, Pfeile, Targets &amp; Zubeh\u00f6r","article_modified_time":"2026-04-19T09:42:09+00:00","og_image":[{"url":"https:\/\/bogensportdiscount.ch\/wp-content\/uploads\/bsm-images\/A018717_1.png","width":3888,"height":2592,"type":"image\/png"}],"twitter_card":"summary_large_image","schema":{"@context":"https:\/\/schema.org","@graph":[{"@type":"WebPage","@id":"https:\/\/bogensportdiscount.ch\/fr\/produit\/decut-pfeilauflage-shoex-magnetic-lh-silber\/","url":"https:\/\/bogensportdiscount.ch\/fr\/produit\/decut-pfeilauflage-shoex-magnetic-lh-silber\/","name":"DECUT SHOEX MAGNETIC LH SILBER PFEILAUFLAGE - Bogensportdiscount \u2013 B\u00f6gen, Pfeile, Targets &amp; Zubeh\u00f6r","isPartOf":{"@id":"https:\/\/bogensportdiscount.ch\/#website"},"primaryImageOfPage":{"@id":"https:\/\/bogensportdiscount.ch\/fr\/produit\/decut-pfeilauflage-shoex-magnetic-lh-silber\/#primaryimage"},"image":{"@id":"https:\/\/bogensportdiscount.ch\/fr\/produit\/decut-pfeilauflage-shoex-magnetic-lh-silber\/#primaryimage"},"thumbnailUrl":"https:\/\/bogensportdiscount.ch\/wp-content\/uploads\/bsm-images\/A018717_1.png","datePublished":"2026-04-05T12:24:19+00:00","dateModified":"2026-04-19T09:42:09+00:00","breadcrumb":{"@id":"https:\/\/bogensportdiscount.ch\/fr\/produit\/decut-pfeilauflage-shoex-magnetic-lh-silber\/#breadcrumb"},"inLanguage":"fr-FR","potentialAction":[{"@type":"ReadAction","target":["https:\/\/bogensportdiscount.ch\/fr\/produit\/decut-pfeilauflage-shoex-magnetic-lh-silber\/"]}]},{"@type":"ImageObject","inLanguage":"fr-FR","@id":"https:\/\/bogensportdiscount.ch\/fr\/produit\/decut-pfeilauflage-shoex-magnetic-lh-silber\/#primaryimage","url":"https:\/\/bogensportdiscount.ch\/wp-content\/uploads\/bsm-images\/A018717_1.png","contentUrl":"https:\/\/bogensportdiscount.ch\/wp-content\/uploads\/bsm-images\/A018717_1.png","width":3888,"height":2592},{"@type":"BreadcrumbList","@id":"https:\/\/bogensportdiscount.ch\/fr\/produit\/decut-pfeilauflage-shoex-magnetic-lh-silber\/#breadcrumb","itemListElement":[{"@type":"ListItem","position":1,"name":"Home","item":"https:\/\/bogensportdiscount.ch\/"},{"@type":"ListItem","position":2,"name":"Shop","item":"https:\/\/bogensportdiscount.ch\/shop\/"},{"@type":"ListItem","position":3,"name":"DECUT SHOEX MAGNETIC LH SILBER PFEILAUFLAGE"}]},{"@type":"WebSite","@id":"https:\/\/bogensportdiscount.ch\/#website","url":"https:\/\/bogensportdiscount.ch\/","name":"Bogensportdiscount","description":"","potentialAction":[{"@type":"SearchAction","target":{"@type":"EntryPoint","urlTemplate":"https:\/\/bogensportdiscount.ch\/?s={search_term_string}"},"query-input":{"@type":"PropertyValueSpecification","valueRequired":true,"valueName":"search_term_string"}}],"inLanguage":"fr-FR"}]}},"_links":{"self":[{"href":"https:\/\/bogensportdiscount.ch\/fr\/wp-json\/wp\/v2\/product\/391910","targetHints":{"allow":["GET"]}}],"collection":[{"href":"https:\/\/bogensportdiscount.ch\/fr\/wp-json\/wp\/v2\/product"}],"about":[{"href":"https:\/\/bogensportdiscount.ch\/fr\/wp-json\/wp\/v2\/types\/product"}],"replies":[{"embeddable":true,"href":"https:\/\/bogensportdiscount.ch\/fr\/wp-json\/wp\/v2\/comments?post=391910"}],"wp:featuredmedia":[{"embeddable":true,"href":"https:\/\/bogensportdiscount.ch\/fr\/wp-json\/wp\/v2\/media\/446874"}],"wp:attachment":[{"href":"https:\/\/bogensportdiscount.ch\/fr\/wp-json\/wp\/v2\/media?parent=391910"}],"wp:term":[{"taxonomy":"product_brand","embeddable":true,"href":"https:\/\/bogensportdiscount.ch\/fr\/wp-json\/wp\/v2\/product_brand?post=391910"},{"taxonomy":"product_cat","embeddable":true,"href":"https:\/\/bogensportdiscount.ch\/fr\/wp-json\/wp\/v2\/product_cat?post=391910"},{"taxonomy":"product_tag","embeddable":true,"href":"https:\/\/bogensportdiscount.ch\/fr\/wp-json\/wp\/v2\/product_tag?post=391910"}],"curies":[{"name":"wp","href":"https:\/\/api.w.org\/{rel}","templated":true}]}}