{"id":391909,"date":"2026-04-05T14:24:19","date_gmt":"2026-04-05T12:24:19","guid":{"rendered":"https:\/\/bogensportdiscount.ch\/produkt\/saunders-express-rest-24pck-arrow-rest\/"},"modified":"2026-04-15T12:13:35","modified_gmt":"2026-04-15T10:13:35","slug":"saunders-pfeilauflage-express-rest-24er-pack","status":"publish","type":"product","link":"https:\/\/bogensportdiscount.ch\/fr\/produit\/saunders-pfeilauflage-express-rest-24er-pack\/","title":{"rendered":"SAUNDERS EXPRESS REST 24PCK ARROW REST"},"content":{"rendered":"<p>Das Saunders Express Rest ist eine bew\u00e4hrte Klebeauflage f\u00fcr Recurveb\u00f6gen. Die Pfeilauflagen werden direkt auf das Bogenfenster aufgeklebt und sorgen f\u00fcr eine stabile Auflage des Pfeils beim Schiessen.<\/p>\n<p>Das Set enth\u00e4lt 24 Auflagen, sodass ein regelm\u00e4ssiger Austausch problemlos m\u00f6glich ist. Klebeauflagen dieser Art sind im Trainings- und Wettkampfbetrieb weit verbreitet und einfach zu montieren.<\/p>\n<ul>\n<li>24 St\u00fcck pro Packung<\/li>\n<li>F\u00fcr Recurveb\u00f6gen geeignet<\/li>\n<li>Selbstklebende Befestigung<\/li>\n<li>Einfacher Austausch<\/li>\n<\/ul>","protected":false},"excerpt":{"rendered":"<p><strong>Marque :<\/strong> Saunders<br \/><strong>LH\/RH:<\/strong> Beidh\u00e4ndig<br \/><strong>Farbe:<\/strong> Schwarz<br \/><strong>GTIN:<\/strong> 46961703192<\/p>","protected":false},"featured_media":446873,"comment_status":"open","ping_status":"closed","template":"","meta":[],"product_brand":[779],"product_cat":[4229],"product_tag":[3546],"class_list":{"0":"post-391909","1":"product","2":"type-product","3":"status-publish","4":"has-post-thumbnail","6":"product_brand-saunders","7":"product_cat-aufklebe-recurve-pfeilauflage","8":"product_tag-neuheit","10":"first","11":"instock","12":"shipping-taxable","13":"purchasable","14":"product-type-simple"},"_links":{"self":[{"href":"https:\/\/bogensportdiscount.ch\/fr\/wp-json\/wp\/v2\/product\/391909","targetHints":{"allow":["GET"]}}],"collection":[{"href":"https:\/\/bogensportdiscount.ch\/fr\/wp-json\/wp\/v2\/product"}],"about":[{"href":"https:\/\/bogensportdiscount.ch\/fr\/wp-json\/wp\/v2\/types\/product"}],"replies":[{"embeddable":true,"href":"https:\/\/bogensportdiscount.ch\/fr\/wp-json\/wp\/v2\/comments?post=391909"}],"wp:featuredmedia":[{"embeddable":true,"href":"https:\/\/bogensportdiscount.ch\/fr\/wp-json\/wp\/v2\/media\/446873"}],"wp:attachment":[{"href":"https:\/\/bogensportdiscount.ch\/fr\/wp-json\/wp\/v2\/media?parent=391909"}],"wp:term":[{"taxonomy":"product_brand","embeddable":true,"href":"https:\/\/bogensportdiscount.ch\/fr\/wp-json\/wp\/v2\/product_brand?post=391909"},{"taxonomy":"product_cat","embeddable":true,"href":"https:\/\/bogensportdiscount.ch\/fr\/wp-json\/wp\/v2\/product_cat?post=391909"},{"taxonomy":"product_tag","embeddable":true,"href":"https:\/\/bogensportdiscount.ch\/fr\/wp-json\/wp\/v2\/product_tag?post=391909"}],"curies":[{"name":"wp","href":"https:\/\/api.w.org\/{rel}","templated":true}]}}