{"id":391900,"date":"2026-04-05T14:24:17","date_gmt":"2026-04-05T12:24:17","guid":{"rendered":"https:\/\/bogensportdiscount.ch\/produkt\/saunders-combo-21-64-85-grains-1000-pk-screw-in-points\/"},"modified":"2026-04-15T12:13:35","modified_gmt":"2026-04-15T10:13:35","slug":"saunders-combo-schraubspitzen-21-64-85-grain-1000er-pack","status":"publish","type":"product","link":"https:\/\/bogensportdiscount.ch\/fr\/produit\/saunders-combo-schraubspitzen-21-64-85-grain-1000er-pack\/","title":{"rendered":"SAUNDERS COMBO 21\/64 85 GRAINS 1000\/PK SCREW-IN POINTS"},"content":{"rendered":"<p>Die Saunders Combo Schraubspitzen im Format 21\/64 Zoll und 85 Grain sind als Ersatz- oder Vorratspackung f\u00fcr Carbonpfeil-Sch\u00e4fte konzipiert. Das Combo-Design erm\u00f6glicht die Verwendung sowohl f\u00fcr Field- als auch f\u00fcr Targetpfeile.<\/p>\n<p>Mit 1000 Spitzen pro Packung eignet sich dieses Angebot besonders f\u00fcr Vereine, Trainer oder ambitionierte Sch\u00fctzen, die regelm\u00e4ssig Spitzen ersetzen oder auf Vorrat kaufen m\u00f6chten.<\/p>\n<ul>\n<li>Gr\u00f6sse: 21\/64 Zoll<\/li>\n<li>Gewicht: 85 Grain<\/li>\n<li>Packungsinhalt: 1000 St\u00fcck<\/li>\n<li>Ausf\u00fchrung: Combo Schraubspitze<\/li>\n<\/ul>","protected":false},"excerpt":{"rendered":"<p><strong>Marque :<\/strong> Saunders<br \/><strong>Gr\u00f6\u00dfen:<\/strong> 21\/64<br \/><strong>Packaging:<\/strong> 1000\/Pk<br \/><strong>Form:<\/strong> Combo<br \/><strong>Gewicht:<\/strong> 85<br \/><strong>GTIN:<\/strong> 046961966030<\/p>","protected":false},"featured_media":452375,"comment_status":"open","ping_status":"closed","template":"","meta":[],"product_brand":[779],"product_cat":[4545],"product_tag":[3546],"class_list":{"0":"post-391900","1":"product","2":"type-product","3":"status-publish","4":"has-post-thumbnail","6":"product_brand-saunders","7":"product_cat-einschraube-spitzen-pfeil-komponenten","8":"product_tag-neuheit","10":"first","11":"instock","12":"shipping-taxable","13":"purchasable","14":"product-type-simple"},"_links":{"self":[{"href":"https:\/\/bogensportdiscount.ch\/fr\/wp-json\/wp\/v2\/product\/391900","targetHints":{"allow":["GET"]}}],"collection":[{"href":"https:\/\/bogensportdiscount.ch\/fr\/wp-json\/wp\/v2\/product"}],"about":[{"href":"https:\/\/bogensportdiscount.ch\/fr\/wp-json\/wp\/v2\/types\/product"}],"replies":[{"embeddable":true,"href":"https:\/\/bogensportdiscount.ch\/fr\/wp-json\/wp\/v2\/comments?post=391900"}],"wp:featuredmedia":[{"embeddable":true,"href":"https:\/\/bogensportdiscount.ch\/fr\/wp-json\/wp\/v2\/media\/452375"}],"wp:attachment":[{"href":"https:\/\/bogensportdiscount.ch\/fr\/wp-json\/wp\/v2\/media?parent=391900"}],"wp:term":[{"taxonomy":"product_brand","embeddable":true,"href":"https:\/\/bogensportdiscount.ch\/fr\/wp-json\/wp\/v2\/product_brand?post=391900"},{"taxonomy":"product_cat","embeddable":true,"href":"https:\/\/bogensportdiscount.ch\/fr\/wp-json\/wp\/v2\/product_cat?post=391900"},{"taxonomy":"product_tag","embeddable":true,"href":"https:\/\/bogensportdiscount.ch\/fr\/wp-json\/wp\/v2\/product_tag?post=391900"}],"curies":[{"name":"wp","href":"https:\/\/api.w.org\/{rel}","templated":true}]}}