{"id":391895,"date":"2026-04-05T14:24:16","date_gmt":"2026-04-05T12:24:16","guid":{"rendered":"https:\/\/bogensportdiscount.ch\/produkt\/last-chance-bow-press-parts-draw-stop-finger\/"},"modified":"2026-05-14T07:13:33","modified_gmt":"2026-05-14T05:13:33","slug":"last-chance-bogenpresse-ersatzteil-draw-stop-finger","status":"publish","type":"product","link":"https:\/\/bogensportdiscount.ch\/fr\/produit\/last-chance-bogenpresse-ersatzteil-draw-stop-finger\/","title":{"rendered":"LAST CHANCE BOW PRESS PARTS DRAW STOP FINGER"},"content":{"rendered":"<p>Le Last Chance Draw Stop Finger est une pi\u00e8ce de rechange pour les presses \u00e0 arc Last Chance. Elle est n\u00e9cessaire lorsque le Draw Stop Finger d'origine est us\u00e9 ou endommag\u00e9 et doit \u00eatre remplac\u00e9.<\/p>\n<p>Le Draw Stop Finger est un composant fonctionnel de la presse \u00e0 arc qui joue un r\u00f4le important lors du serrage et du traitement corrects des arcs \u00e0 poulies. L'utilisation de pi\u00e8ces de rechange d'origine pr\u00e9serve le plein fonctionnement de la presse.<\/p>\n<ul>\n<li>Pi\u00e8ce de rechange d'origine Last Chance<\/li>\n<li>Pour les presses \u00e0 arc Last Chance<\/li>\n<li>Convient pour l'entretien et la r\u00e9paration<\/li>\n<li>Cat\u00e9gorie : Pi\u00e8ces de presse<\/li>\n<\/ul>","protected":false},"excerpt":{"rendered":"<table>\n<tr>\n<th>Propri\u00e9t\u00e9<\/th>\n<th>Valeur<\/th>\n<\/tr>\n<tr>\n<td>Marque<\/td>\n<td>Last Chance<\/td>\n<\/tr>\n<tr>\n<td>Pays d'origine<\/td>\n<td>USA<\/td>\n<\/tr>\n<tr>\n<td>GTIN<\/td>\n<td>853372005421<\/td>\n<\/tr>\n<\/table>","protected":false},"featured_media":522731,"comment_status":"open","ping_status":"closed","template":"","meta":[],"product_brand":[499],"product_cat":[4121,4564,27444],"product_tag":[3546],"class_list":{"0":"post-391895","1":"product","2":"type-product","3":"status-publish","4":"has-post-thumbnail","6":"product_brand-lastchance","7":"product_cat-werkzeuge-training","8":"product_cat-bogenpressen-einzelteile","9":"product_cat-bogenpresse-zubehoer-einzelteile","10":"product_tag-neuheit","11":"product_shipping_class-bsd-standard","13":"first","14":"instock","15":"shipping-taxable","16":"purchasable","17":"product-type-simple"},"yoast_head":"<!-- This site is optimized with the Yoast SEO plugin v27.6 - https:\/\/yoast.com\/product\/yoast-seo-wordpress\/ -->\n<title>DERNI\u00c8RE CHANCE : PI\u00c8CES POUR ARCS - DRAW STOP FINGER - Bogensportdiscount \u2013 Arcs, fl\u00e8ches, cibles et accessoires<\/title>\n<meta name=\"description\" content=\"DERNI\u00c8RE CHANCE : ACHETEZ LES PI\u00c8CES DE R\u00c9PARATION POUR PRESSES \u00c0 ARCOURE \u00c0 PRIX AVANTAGEUX CHEZ Bogensportdiscount \u2013 Grandes marques, livraison rapide depuis la Suisse.\" \/>\n<meta name=\"robots\" content=\"index, follow, max-snippet:-1, max-image-preview:large, max-video-preview:-1\" \/>\n<link rel=\"canonical\" href=\"https:\/\/bogensportdiscount.ch\/fr\/produit\/last-chance-bogenpresse-ersatzteil-draw-stop-finger\/\" \/>\n<meta property=\"og:locale\" content=\"fr_FR\" \/>\n<meta property=\"og:type\" content=\"article\" \/>\n<meta property=\"og:title\" content=\"DERNI\u00c8RE CHANCE : PI\u00c8CES POUR PRESSE \u00c0 ARCS - DRAW STOP FINGER - Bogensportdiscount \u2013 Arcs, fl\u00e8ches, cibles et accessoires\" \/>\n<meta property=\"og:description\" content=\"DERNI\u00c8RE CHANCE : ACHETEZ LES PI\u00c8CES DE R\u00c9PARATION POUR PRESSES \u00c0 ARCOURE \u00c0 PRIX AVANTAGEUX CHEZ Bogensportdiscount \u2013 Grandes marques, livraison rapide depuis la Suisse.\" \/>\n<meta property=\"og:url\" content=\"https:\/\/bogensportdiscount.ch\/fr\/produit\/last-chance-bogenpresse-ersatzteil-draw-stop-finger\/\" \/>\n<meta property=\"og:site_name\" content=\"Bogensportdiscount \u2013 B\u00f6gen, Pfeile, Targets &amp; Zubeh\u00f6r\" \/>\n<meta property=\"article:modified_time\" content=\"2026-05-14T05:13:33+00:00\" \/>\n<meta property=\"og:image\" content=\"https:\/\/bogensportdiscount.ch\/wp-content\/uploads\/2026\/04\/a018487_1.png\" \/>\n\t<meta property=\"og:image:width\" content=\"40\" \/>\n\t<meta property=\"og:image:height\" content=\"84\" \/>\n\t<meta property=\"og:image:type\" content=\"image\/png\" \/>\n<meta name=\"twitter:card\" content=\"summary_large_image\" \/>\n<script type=\"application\/ld+json\" class=\"yoast-schema-graph\">{\"@context\":\"https:\\\/\\\/schema.org\",\"@graph\":[{\"@type\":\"WebPage\",\"@id\":\"https:\\\/\\\/bogensportdiscount.ch\\\/produkt\\\/last-chance-bogenpresse-ersatzteil-draw-stop-finger\\\/\",\"url\":\"https:\\\/\\\/bogensportdiscount.ch\\\/produkt\\\/last-chance-bogenpresse-ersatzteil-draw-stop-finger\\\/\",\"name\":\"LAST CHANCE BOW PRESS PARTS DRAW STOP FINGER - Bogensportdiscount \u2013 B\u00f6gen, Pfeile, Targets &amp; Zubeh\u00f6r\",\"isPartOf\":{\"@id\":\"https:\\\/\\\/bogensportdiscount.ch\\\/#website\"},\"primaryImageOfPage\":{\"@id\":\"https:\\\/\\\/bogensportdiscount.ch\\\/produkt\\\/last-chance-bogenpresse-ersatzteil-draw-stop-finger\\\/#primaryimage\"},\"image\":{\"@id\":\"https:\\\/\\\/bogensportdiscount.ch\\\/produkt\\\/last-chance-bogenpresse-ersatzteil-draw-stop-finger\\\/#primaryimage\"},\"thumbnailUrl\":\"https:\\\/\\\/bogensportdiscount.ch\\\/wp-content\\\/uploads\\\/2026\\\/04\\\/a018487_1.png\",\"datePublished\":\"2026-04-05T12:24:16+00:00\",\"dateModified\":\"2026-05-14T05:13:33+00:00\",\"description\":\"LAST CHANCE BOW PRESS PARTS DRAW STOP FINGER g\u00fcnstig kaufen bei Bogensportdiscount \u2013 Top-Marken, schneller Versand aus der Schweiz.\",\"breadcrumb\":{\"@id\":\"https:\\\/\\\/bogensportdiscount.ch\\\/produkt\\\/last-chance-bogenpresse-ersatzteil-draw-stop-finger\\\/#breadcrumb\"},\"inLanguage\":\"fr-FR\",\"potentialAction\":[{\"@type\":\"ReadAction\",\"target\":[\"https:\\\/\\\/bogensportdiscount.ch\\\/produkt\\\/last-chance-bogenpresse-ersatzteil-draw-stop-finger\\\/\"]}]},{\"@type\":\"ImageObject\",\"inLanguage\":\"fr-FR\",\"@id\":\"https:\\\/\\\/bogensportdiscount.ch\\\/produkt\\\/last-chance-bogenpresse-ersatzteil-draw-stop-finger\\\/#primaryimage\",\"url\":\"https:\\\/\\\/bogensportdiscount.ch\\\/wp-content\\\/uploads\\\/2026\\\/04\\\/a018487_1.png\",\"contentUrl\":\"https:\\\/\\\/bogensportdiscount.ch\\\/wp-content\\\/uploads\\\/2026\\\/04\\\/a018487_1.png\",\"width\":40,\"height\":84},{\"@type\":\"BreadcrumbList\",\"@id\":\"https:\\\/\\\/bogensportdiscount.ch\\\/produkt\\\/last-chance-bogenpresse-ersatzteil-draw-stop-finger\\\/#breadcrumb\",\"itemListElement\":[{\"@type\":\"ListItem\",\"position\":1,\"name\":\"Home\",\"item\":\"https:\\\/\\\/bogensportdiscount.ch\\\/\"},{\"@type\":\"ListItem\",\"position\":2,\"name\":\"Shop\",\"item\":\"https:\\\/\\\/bogensportdiscount.ch\\\/shop\\\/\"},{\"@type\":\"ListItem\",\"position\":3,\"name\":\"LAST CHANCE BOW PRESS PARTS DRAW STOP FINGER\"}]},{\"@type\":\"WebSite\",\"@id\":\"https:\\\/\\\/bogensportdiscount.ch\\\/#website\",\"url\":\"https:\\\/\\\/bogensportdiscount.ch\\\/\",\"name\":\"Bogensportdiscount\",\"description\":\"\",\"potentialAction\":[{\"@type\":\"SearchAction\",\"target\":{\"@type\":\"EntryPoint\",\"urlTemplate\":\"https:\\\/\\\/bogensportdiscount.ch\\\/?s={search_term_string}\"},\"query-input\":{\"@type\":\"PropertyValueSpecification\",\"valueRequired\":true,\"valueName\":\"search_term_string\"}}],\"inLanguage\":\"fr-FR\"}]}<\/script>\n<!-- \/ Yoast SEO plugin. -->","yoast_head_json":{"title":"DERNI\u00c8RE CHANCE : PI\u00c8CES POUR ARCS - DRAW STOP FINGER - Bogensportdiscount \u2013 Arcs, fl\u00e8ches, cibles et accessoires","description":"DERNI\u00c8RE CHANCE : ACHETEZ LES PI\u00c8CES DE R\u00c9PARATION POUR PRESSES \u00c0 ARCOURE \u00c0 PRIX AVANTAGEUX CHEZ Bogensportdiscount \u2013 Grandes marques, livraison rapide depuis la Suisse.","robots":{"index":"index","follow":"follow","max-snippet":"max-snippet:-1","max-image-preview":"max-image-preview:large","max-video-preview":"max-video-preview:-1"},"canonical":"https:\/\/bogensportdiscount.ch\/fr\/produit\/last-chance-bogenpresse-ersatzteil-draw-stop-finger\/","og_locale":"fr_FR","og_type":"article","og_title":"DERNI\u00c8RE CHANCE : PI\u00c8CES POUR PRESSE \u00c0 ARCS - DRAW STOP FINGER - Bogensportdiscount \u2013 Arcs, fl\u00e8ches, cibles et accessoires","og_description":"DERNI\u00c8RE CHANCE : ACHETEZ LES PI\u00c8CES DE R\u00c9PARATION POUR PRESSES \u00c0 ARCOURE \u00c0 PRIX AVANTAGEUX CHEZ Bogensportdiscount \u2013 Grandes marques, livraison rapide depuis la Suisse.","og_url":"https:\/\/bogensportdiscount.ch\/fr\/produit\/last-chance-bogenpresse-ersatzteil-draw-stop-finger\/","og_site_name":"Bogensportdiscount \u2013 B\u00f6gen, Pfeile, Targets &amp; Zubeh\u00f6r","article_modified_time":"2026-05-14T05:13:33+00:00","og_image":[{"width":40,"height":84,"url":"https:\/\/bogensportdiscount.ch\/wp-content\/uploads\/2026\/04\/a018487_1.png","type":"image\/png"}],"twitter_card":"summary_large_image","schema":{"@context":"https:\/\/schema.org","@graph":[{"@type":"WebPage","@id":"https:\/\/bogensportdiscount.ch\/produkt\/last-chance-bogenpresse-ersatzteil-draw-stop-finger\/","url":"https:\/\/bogensportdiscount.ch\/produkt\/last-chance-bogenpresse-ersatzteil-draw-stop-finger\/","name":"DERNI\u00c8RE CHANCE : PI\u00c8CES POUR PRESSE \u00c0 ARCS - DRAW STOP FINGER - Bogensportdiscount \u2013 Arcs, fl\u00e8ches, cibles et accessoires","isPartOf":{"@id":"https:\/\/bogensportdiscount.ch\/#website"},"primaryImageOfPage":{"@id":"https:\/\/bogensportdiscount.ch\/produkt\/last-chance-bogenpresse-ersatzteil-draw-stop-finger\/#primaryimage"},"image":{"@id":"https:\/\/bogensportdiscount.ch\/produkt\/last-chance-bogenpresse-ersatzteil-draw-stop-finger\/#primaryimage"},"thumbnailUrl":"https:\/\/bogensportdiscount.ch\/wp-content\/uploads\/2026\/04\/a018487_1.png","datePublished":"2026-04-05T12:24:16+00:00","dateModified":"2026-05-14T05:13:33+00:00","description":"DERNI\u00c8RE CHANCE : ACHETEZ LES PI\u00c8CES DE R\u00c9PARATION POUR PRESSES \u00c0 ARCOURE \u00c0 PRIX AVANTAGEUX CHEZ Bogensportdiscount \u2013 Grandes marques, livraison rapide depuis la Suisse.","breadcrumb":{"@id":"https:\/\/bogensportdiscount.ch\/produkt\/last-chance-bogenpresse-ersatzteil-draw-stop-finger\/#breadcrumb"},"inLanguage":"fr-FR","potentialAction":[{"@type":"ReadAction","target":["https:\/\/bogensportdiscount.ch\/produkt\/last-chance-bogenpresse-ersatzteil-draw-stop-finger\/"]}]},{"@type":"ImageObject","inLanguage":"fr-FR","@id":"https:\/\/bogensportdiscount.ch\/produkt\/last-chance-bogenpresse-ersatzteil-draw-stop-finger\/#primaryimage","url":"https:\/\/bogensportdiscount.ch\/wp-content\/uploads\/2026\/04\/a018487_1.png","contentUrl":"https:\/\/bogensportdiscount.ch\/wp-content\/uploads\/2026\/04\/a018487_1.png","width":40,"height":84},{"@type":"BreadcrumbList","@id":"https:\/\/bogensportdiscount.ch\/produkt\/last-chance-bogenpresse-ersatzteil-draw-stop-finger\/#breadcrumb","itemListElement":[{"@type":"ListItem","position":1,"name":"Home","item":"https:\/\/bogensportdiscount.ch\/"},{"@type":"ListItem","position":2,"name":"Shop","item":"https:\/\/bogensportdiscount.ch\/shop\/"},{"@type":"ListItem","position":3,"name":"LAST CHANCE BOW PRESS PARTS DRAW STOP FINGER"}]},{"@type":"WebSite","@id":"https:\/\/bogensportdiscount.ch\/#website","url":"https:\/\/bogensportdiscount.ch\/","name":"Bogensportdiscount","description":"","potentialAction":[{"@type":"SearchAction","target":{"@type":"EntryPoint","urlTemplate":"https:\/\/bogensportdiscount.ch\/?s={search_term_string}"},"query-input":{"@type":"PropertyValueSpecification","valueRequired":true,"valueName":"search_term_string"}}],"inLanguage":"fr-FR"}]}},"_links":{"self":[{"href":"https:\/\/bogensportdiscount.ch\/fr\/wp-json\/wp\/v2\/product\/391895","targetHints":{"allow":["GET"]}}],"collection":[{"href":"https:\/\/bogensportdiscount.ch\/fr\/wp-json\/wp\/v2\/product"}],"about":[{"href":"https:\/\/bogensportdiscount.ch\/fr\/wp-json\/wp\/v2\/types\/product"}],"replies":[{"embeddable":true,"href":"https:\/\/bogensportdiscount.ch\/fr\/wp-json\/wp\/v2\/comments?post=391895"}],"wp:featuredmedia":[{"embeddable":true,"href":"https:\/\/bogensportdiscount.ch\/fr\/wp-json\/wp\/v2\/media\/522731"}],"wp:attachment":[{"href":"https:\/\/bogensportdiscount.ch\/fr\/wp-json\/wp\/v2\/media?parent=391895"}],"wp:term":[{"taxonomy":"product_brand","embeddable":true,"href":"https:\/\/bogensportdiscount.ch\/fr\/wp-json\/wp\/v2\/product_brand?post=391895"},{"taxonomy":"product_cat","embeddable":true,"href":"https:\/\/bogensportdiscount.ch\/fr\/wp-json\/wp\/v2\/product_cat?post=391895"},{"taxonomy":"product_tag","embeddable":true,"href":"https:\/\/bogensportdiscount.ch\/fr\/wp-json\/wp\/v2\/product_tag?post=391895"}],"curies":[{"name":"wp","href":"https:\/\/api.w.org\/{rel}","templated":true}]}}